{"id":5057,"date":"2025-12-03T12:14:52","date_gmt":"2025-12-03T11:14:52","guid":{"rendered":"http:\/\/santandrea.youelba.com\/una-storia-di-famiglia\/"},"modified":"2026-03-05T14:47:49","modified_gmt":"2026-03-05T13:47:49","slug":"une-histoire-de-famille","status":"publish","type":"page","link":"https:\/\/www.hotelsantandrea.com\/fr\/une-histoire-de-famille\/","title":{"rendered":"Une histoire de famille"},"content":{"rendered":"\t\t<div data-elementor-type=\"wp-page\" data-elementor-id=\"5057\" class=\"elementor elementor-5057 elementor-3535\">\n\t\t\t\t<div class=\"elementor-element elementor-element-14e42542 e-con-full e-flex e-con e-parent\" data-id=\"14e42542\" data-element_type=\"container\" data-e-type=\"container\" data-settings=\"{&quot;background_background&quot;:&quot;classic&quot;}\">\n\t\t\t\t<div class=\"elementor-element elementor-element-226f2218 elementor-widget elementor-widget-patara-banner-image\" data-id=\"226f2218\" data-element_type=\"widget\" data-e-type=\"widget\" data-widget_type=\"patara-banner-image.default\">\n\t\t\t\t<div class=\"elementor-widget-container\">\n\t\t\t\t\t\t\t\n\t<!-- Header Banner -->\n\t<header class=\"header\">\n\n\t\t\t\t<div class=\"banner-header full-height valign bg-img bg-fixed text-center\" data-overlay-dark=\"4\" data-background=\"https:\/\/www.hotelsantandrea.com\/wp-content\/uploads\/2025\/10\/esterni-drone-18-h-sant-andrea.jpg\">\n\t\t\t\t\t\n        <\/div>\t\t\t\n\t<\/header>\t\t\n\t\t\t\n    \t\t\t\t<\/div>\n\t\t\t\t<\/div>\n\t\t<div class=\"elementor-element elementor-element-548fb2dc e-flex e-con-boxed e-con e-child\" data-id=\"548fb2dc\" data-element_type=\"container\" data-e-type=\"container\" data-settings=\"{&quot;background_background&quot;:&quot;classic&quot;}\">\n\t\t\t\t\t<div class=\"e-con-inner\">\n\t\t<div class=\"elementor-element elementor-element-269adfed e-con-full e-flex e-con e-child\" data-id=\"269adfed\" data-element_type=\"container\" data-e-type=\"container\">\n\t\t\t\t<div class=\"elementor-element elementor-element-61f19355 elementor-widget elementor-widget-patara-title\" data-id=\"61f19355\" data-element_type=\"widget\" data-e-type=\"widget\" data-widget_type=\"patara-title.default\">\n\t\t\t\t<div class=\"elementor-widget-container\">\n\t\t\t\t\t\t\t\n\t\t\t\t\t\t\t\t<div class=\"sub-title border-bot-light\">\n\t\t\tQui sommes-nous<\/h4><\/div>\n\t\t\t\t\t\n\t\t\t\n        \t\t\t\t<\/div>\n\t\t\t\t<\/div>\n\t\t\t\t<\/div>\n\t\t<div class=\"elementor-element elementor-element-1f514046 e-con-full e-flex e-con e-child\" data-id=\"1f514046\" data-element_type=\"container\" data-e-type=\"container\">\n\t\t\t\t<div class=\"elementor-element elementor-element-7220decc elementor-widget elementor-widget-patara-title\" data-id=\"7220decc\" data-element_type=\"widget\" data-e-type=\"widget\" data-widget_type=\"patara-title.default\">\n\t\t\t\t<div class=\"elementor-widget-container\">\n\t\t\t\t\t\t\t\n\t\t\n\t\t\t\t\t\t\t\n\t\t\t<h4 class=\"section-title black text-left\">Une histoire de famille<\/h4>\t\t\t\t\n\t\t\t<div class=\"section-text text-left black\"><p><p>Notre h\u00f4tel est avant tout une histoire de famille, n\u00e9e du r\u00eave et du d\u00e9vouement de Sauro et Teresa, qui ont cr\u00e9\u00e9 avec amour ce coin d\u2019hospitalit\u00e9 \u00e0 Sant\u2019Andrea.<\/p><p>Teresa, cr\u00e9ative et attentive aux d\u00e9tails, a rendu chaque espace unique gr\u00e2ce \u00e0 sa passion pour la couture artisanale : de nombreux rideaux et \u00e9l\u00e9ments de d\u00e9coration pr\u00e9sents dans l\u2019h\u00f4tel sont r\u00e9alis\u00e9s \u00e0 la main par ses soins, avec sensibilit\u00e9, pr\u00e9cision et amour du fait main.<\/p><p>Sauro, Elban depuis plusieurs g\u00e9n\u00e9rations et chef cuisinier avec des d\u00e9cennies d\u2019exp\u00e9rience, dirige la cuisine avec savoir-faire et passion, en proposant des saveurs authentiques de la tradition locale. Avec la m\u00eame attention, il s\u2019occupe \u00e9galement du jardin et des coins les plus charmants de la structure, pens\u00e9s pour offrir des instants de calme et de beaut\u00e9 en pleine nature.<\/p><p>\u00c0 leurs c\u00f4t\u00e9s, la deuxi\u00e8me g\u00e9n\u00e9ration\u2026<\/p><p>Selena, l\u2019a\u00een\u00e9e des filles, est le sourire qui accueille les h\u00f4tes d\u00e8s leur arriv\u00e9e. Avec chaleur et bienveillance, elle s\u2019occupe de l\u2019accueil, de la r\u00e9ception et de la gestion des chambres, en veillant \u00e0 chaque d\u00e9tail pour assurer un s\u00e9jour paisible et confortable. \u00c0 ses c\u00f4t\u00e9s, son mari Gabriele et leurs deux enfants, Lorenzo et Federico, apportent chaque jour de la joie et de la vitalit\u00e9 \u00e0 la vie de l\u2019h\u00f4tel.<br \/>Lorenzo, en particulier, contribue \u00e0 la gestion des r\u00e9seaux sociaux de l\u2019h\u00f4tel, en apportant un regard jeune et dynamique, et en racontant notre histoire familiale avec fra\u00eecheur et enthousiasme.<\/p><p>Elisa, la cadette, travaille avec passion aux c\u00f4t\u00e9s de son p\u00e8re Sauro en cuisine, apportant fra\u00eecheur, soin et attention \u00e0 chaque plat. Toujours pr\u00e9sente et accueillante, elle aime \u00e9changer quelques mots avec les clients, partager des sourires et de petits moments de convivialit\u00e9. En attendant l\u2019arriv\u00e9e du plus jeune membre de la famille, elle continue d\u2019apporter sa touche de douceur et de naturel, rendant l\u2019atmosph\u00e8re de l\u2019h\u00f4tel encore plus authentique et chaleureuse.<br \/>Son mari, Alessio, est le barman de notre \"Bar Tramonto\", o\u00f9 il pr\u00e9pare chaque soir de d\u00e9licieux ap\u00e9ritifs face \u00e0 la mer et anime les soir\u00e9es avec enthousiasme. V\u00e9ritable amoureux de l\u2019\u00eele, il aime en raconter les histoires, les secrets et les traditions \u2014 toujours avec un sourire et un bon verre \u00e0 la main.<\/p><\/p><\/div>\n        \n\t\t\t\n        \t\t\t\t<\/div>\n\t\t\t\t<\/div>\n\t\t\t\t<\/div>\n\t\t\t\t\t<\/div>\n\t\t\t\t<\/div>\n\t\t<div class=\"elementor-element elementor-element-fa7d0d9 e-flex e-con-boxed e-con e-child\" data-id=\"fa7d0d9\" data-element_type=\"container\" data-e-type=\"container\" data-settings=\"{&quot;background_background&quot;:&quot;classic&quot;}\">\n\t\t\t\t\t<div class=\"e-con-inner\">\n\t\t\t\t<div class=\"elementor-element elementor-element-390dabe elementor-widget elementor-widget-spacer\" data-id=\"390dabe\" data-element_type=\"widget\" data-e-type=\"widget\" data-widget_type=\"spacer.default\">\n\t\t\t\t\t\t\t<div class=\"elementor-spacer\">\n\t\t\t<div class=\"elementor-spacer-inner\"><\/div>\n\t\t<\/div>\n\t\t\t\t\t\t<\/div>\n\t\t\t\t<div class=\"elementor-element elementor-element-43a2016 elementor-widget elementor-widget-image\" data-id=\"43a2016\" data-element_type=\"widget\" data-e-type=\"widget\" data-widget_type=\"image.default\">\n\t\t\t\t\t\t\t\t\t\t\t\t\t\t\t<img fetchpriority=\"high\" decoding=\"async\" width=\"1920\" height=\"1280\" src=\"https:\/\/www.hotelsantandrea.com\/wp-content\/uploads\/2026\/01\/chi-siamo.jpg\" class=\"attachment-full size-full wp-image-5096\" alt=\"\" srcset=\"https:\/\/www.hotelsantandrea.com\/wp-content\/uploads\/2026\/01\/chi-siamo.jpg 1920w, https:\/\/www.hotelsantandrea.com\/wp-content\/uploads\/2026\/01\/chi-siamo-300x200.jpg 300w, https:\/\/www.hotelsantandrea.com\/wp-content\/uploads\/2026\/01\/chi-siamo-1024x683.jpg 1024w, https:\/\/www.hotelsantandrea.com\/wp-content\/uploads\/2026\/01\/chi-siamo-768x512.jpg 768w, https:\/\/www.hotelsantandrea.com\/wp-content\/uploads\/2026\/01\/chi-siamo-1536x1024.jpg 1536w, https:\/\/www.hotelsantandrea.com\/wp-content\/uploads\/2026\/01\/chi-siamo-540x360.jpg 540w\" sizes=\"(max-width: 1920px) 100vw, 1920px\" \/>\t\t\t\t\t\t\t\t\t\t\t\t\t\t\t<\/div>\n\t\t\t\t<div class=\"elementor-element elementor-element-58ba9f9 elementor-widget elementor-widget-spacer\" data-id=\"58ba9f9\" data-element_type=\"widget\" data-e-type=\"widget\" data-widget_type=\"spacer.default\">\n\t\t\t\t\t\t\t<div class=\"elementor-spacer\">\n\t\t\t<div class=\"elementor-spacer-inner\"><\/div>\n\t\t<\/div>\n\t\t\t\t\t\t<\/div>\n\t\t\t\t<div class=\"elementor-element elementor-element-f9671e6 elementor-widget elementor-widget-patara-title\" data-id=\"f9671e6\" data-element_type=\"widget\" data-e-type=\"widget\" data-widget_type=\"patara-title.default\">\n\t\t\t\t<div class=\"elementor-widget-container\">\n\t\t\t\t\t\t\t\n\t\t\n\t\t\t\t\t\t\t\n\t\t\t\t\t\t\t\n\t\t\t<div class=\"section-text text-left black\"><p><p>Ensemble, nous faisons vivre chaque jour un projet bas\u00e9 sur la chaleur humaine, la simplicit\u00e9, l\u2019attention aux d\u00e9tails et l\u2019amour de notre \u00eele, en vous accueillant non pas comme de simples clients, mais comme des membres de notre grande famille.<\/p><\/p><\/div>\n        \n\t\t\t\n        \t\t\t\t<\/div>\n\t\t\t\t<\/div>\n\t\t\t\t\t<\/div>\n\t\t\t\t<\/div>\n\t\t\t\t<\/div>\n\t\t\t\t<\/div>\n\t\t","protected":false},"excerpt":{"rendered":"<p>Qui sommes-nous Une histoire de famille Notre h\u00f4tel est avant tout une histoire de famille, n\u00e9e du r\u00eave et du d\u00e9vouement de Sauro et Teresa, qui ont cr\u00e9\u00e9 avec amour ce coin d\u2019hospitalit\u00e9 \u00e0 Sant\u2019Andrea. Teresa, cr\u00e9ative et attentive aux d\u00e9tails, a rendu chaque espace unique gr\u00e2ce \u00e0 sa passion pour la couture artisanale : de nombreux rideaux et \u00e9l\u00e9ments<\/p>\n","protected":false},"author":2,"featured_media":0,"parent":0,"menu_order":0,"comment_status":"closed","ping_status":"closed","template":"","meta":{"footnotes":"","_links_to":"","_links_to_target":""},"class_list":["post-5057","page","type-page","status-publish","hentry"],"meta_box":[],"_links":{"self":[{"href":"https:\/\/www.hotelsantandrea.com\/fr\/wp-json\/wp\/v2\/pages\/5057","targetHints":{"allow":["GET"]}}],"collection":[{"href":"https:\/\/www.hotelsantandrea.com\/fr\/wp-json\/wp\/v2\/pages"}],"about":[{"href":"https:\/\/www.hotelsantandrea.com\/fr\/wp-json\/wp\/v2\/types\/page"}],"author":[{"embeddable":true,"href":"https:\/\/www.hotelsantandrea.com\/fr\/wp-json\/wp\/v2\/users\/2"}],"replies":[{"embeddable":true,"href":"https:\/\/www.hotelsantandrea.com\/fr\/wp-json\/wp\/v2\/comments?post=5057"}],"version-history":[{"count":5,"href":"https:\/\/www.hotelsantandrea.com\/fr\/wp-json\/wp\/v2\/pages\/5057\/revisions"}],"predecessor-version":[{"id":5777,"href":"https:\/\/www.hotelsantandrea.com\/fr\/wp-json\/wp\/v2\/pages\/5057\/revisions\/5777"}],"wp:attachment":[{"href":"https:\/\/www.hotelsantandrea.com\/fr\/wp-json\/wp\/v2\/media?parent=5057"}],"curies":[{"name":"wp","href":"https:\/\/api.w.org\/{rel}","templated":true}]}}