{"id":5052,"date":"2025-10-07T11:57:34","date_gmt":"2025-10-07T09:57:34","guid":{"rendered":"http:\/\/santandrea.youelba.com\/traghetti-elba\/traghettilines\/"},"modified":"2026-03-06T08:55:10","modified_gmt":"2026-03-06T07:55:10","slug":"traghettilines","status":"publish","type":"page","link":"https:\/\/www.hotelsantandrea.com\/fr\/ferries-pour-lile-delbe\/traghettilines\/","title":{"rendered":"Traghettilines"},"content":{"rendered":"\t\t<div data-elementor-type=\"wp-page\" data-elementor-id=\"5052\" class=\"elementor elementor-5052 elementor-3140\">\n\t\t\t\t<div class=\"elementor-element elementor-element-3cf34c2 e-con-full e-flex e-con e-parent\" data-id=\"3cf34c2\" data-element_type=\"container\" data-e-type=\"container\" data-settings=\"{&quot;background_background&quot;:&quot;classic&quot;}\">\n\t\t\t\t<div class=\"elementor-element elementor-element-2de1387 elementor-widget elementor-widget-patara-banner-image\" data-id=\"2de1387\" data-element_type=\"widget\" data-e-type=\"widget\" data-widget_type=\"patara-banner-image.default\">\n\t\t\t\t<div class=\"elementor-widget-container\">\n\t\t\t\t\t\t\t\n\t<!-- Header Banner -->\n\t<header class=\"header\">\n\n\t\t\t\t<div class=\"banner-header full-height valign bg-img bg-fixed text-center\" data-overlay-dark=\"2\" data-background=\"https:\/\/www.hotelsantandrea.com\/wp-content\/uploads\/2025\/10\/o_isola-d-elba-2682.jpg\">\n\t\t\t\t\t\t\t\t\t\t\t\t<div class=\"container\">\n\t\t\t\t\t<div class=\"row\">\n\t\t\t\t\t\t<div class=\"col-md-12 offset-0\">\n\t\t\t\t\t\t\t<div class=\"caption\">\n\n\t\t\t\t\t\t\t\t\t\t\t\t\t\t\t\t\n\t\t\t\t\t\t\t\t\n\t\t\t\t\t\t\t\t\t\t\t\t\t\t\t\t<h4 class=\"pt-slider-title1-class\">Informations pour le voyage<\/h4>\n\t\t\t\t\t\t\t\t\t\t\t\t\t\t\t\t\t\t\t\t\t\t\t\t<h1 class=\"pt-slider-title2-class\">Ferries pour l\u2019Elbe<\/h1>\n\t\t\t\t\t\t\t\t\t\t\t\t\t\t\t\t\t\t\t\t\t\t\t<\/div>\t\t\t\t\t\t\n\t\t\t\t\t\t<\/div>\t\t\t\t\t\t\n\t\t\t\t\t<\/div>\n\t\t\t\t<\/div>\n\t\t\t\t\t\t\t\t<!-- button scroll -->\n\t\t\t\t<a href=\"#contact\" data-scroll-nav=\"1\" class=\"mouse smoothscroll\">\n\t\t\t\t\t<span class=\"mouse-icon\">\n\t\t\t\t\t\t<span class=\"mouse-wheel\"><\/span>\n\t\t\t\t\t<\/span>\n\t\t\t\t<\/a>\t\n\t\t\t\t\t\t\t\t\t\n\t\t\t\t\t\t\n        <\/div>\t\t\t\n\t<\/header>\t\t\n\t\t\t\n    \t\t\t\t<\/div>\n\t\t\t\t<\/div>\n\t\t\t\t<\/div>\n\t\t<div class=\"elementor-element elementor-element-ccbf184 e-flex e-con-boxed e-con e-parent\" data-id=\"ccbf184\" data-element_type=\"container\" data-e-type=\"container\" data-settings=\"{&quot;background_background&quot;:&quot;classic&quot;}\">\n\t\t\t\t\t<div class=\"e-con-inner\">\n\t\t<div class=\"elementor-element elementor-element-49c0dc0 e-con-full e-flex e-con e-child\" data-id=\"49c0dc0\" data-element_type=\"container\" data-e-type=\"container\">\n\t\t\t\t<div class=\"elementor-element elementor-element-c990524 elementor-widget elementor-widget-patara-title\" data-id=\"c990524\" data-element_type=\"widget\" data-e-type=\"widget\" data-widget_type=\"patara-title.default\">\n\t\t\t\t<div class=\"elementor-widget-container\">\n\t\t\t\t\t\t\t\n\t\t\n\t\t\t\t\t\t\t\n\t\t\t<h4 class=\"section-title black text-left\">Ferries : horaires et billets<\/h4>\t\t\t\t\n\t\t\t<div class=\"section-text text-left black\"><p><p>En r\u00e9servant votre s\u00e9jour dans notre h\u00f4tel, vous pourrez b\u00e9n\u00e9ficier d\u2019un code de r\u00e9duction que nous vous enverrons par e-mail et qui vous permettra d\u2019acheter en ligne sur notre site le billet de ferry Toremar ou Moby Lines \u00e0 des prix vraiment avantageux et sans payer de frais de r\u00e9servation, en plus des offres standard de Blu Navy. Offre valable uniquement pour les r\u00e9servations directes.<\/p><\/p><\/div>\n        \n\t\t\t\n        \t\t\t\t<\/div>\n\t\t\t\t<\/div>\n\t\t<div class=\"elementor-element elementor-element-3c693de e-con-full e-flex e-con e-child\" data-id=\"3c693de\" data-element_type=\"container\" data-e-type=\"container\">\n\t\t\t\t<div class=\"elementor-element elementor-element-cbb4e97 elementor-widget__width-inherit elementor-widget elementor-widget-html\" data-id=\"cbb4e97\" data-element_type=\"widget\" data-e-type=\"widget\" data-widget_type=\"html.default\">\n\t\t\t\t\t<div style=\"margin-left: auto; margin-right: auto; max-width: 820px\">\r\n\t<iframe id=\"tlines\" src=\"https:\/\/www.misterferry.fr\/fr\/ile-d-elbe-ferries.aspx?UAID=58716&bkcolor=0&txtcolor=2B2B2B&bkbtncolor=202020&txtbtncolor=FFFFFF&bktitolo=120A8F&txttitolo=FFFFFF&language=fr&iframe_booking=true&v2=true\" style=\"border:0px; width: 100%;\" class=\"tlines_frame\" scrolling=\"no\"><\/iframe>\r\n\t<p style=\"font-size:11px; margin: auto; font-family:Verdana;width: 100%;color:#666;margin-bottom: 12px;text-align: center;\">Service op\u00e9r\u00e9 par <a href=\"https:\/\/www.misterferry.fr\/fr\/ile-d-elbe-ferries.aspx?UAID=58716&bkcolor=0&txtcolor=2B2B2B&bkbtncolor=202020&txtbtncolor=FFFFFF&bktitolo=120A8F&txttitolo=FFFFFF\" target=\"_blank\" style=\"color:#666;text-decoration:none\">Misterferry.fr<\/a><\/p>\r\n\t<script type=\"text\/javascript\" src=\"https:\/\/www.misterferry.fr\/Ajax\/tlines_resp_v2.js\"><\/script>\r\n<\/div>\t\t\t\t<\/div>\n\t\t\t\t<\/div>\n\t\t\t\t<\/div>\n\t\t<div class=\"elementor-element elementor-element-eeebfbc e-con-full e-flex e-con e-child\" data-id=\"eeebfbc\" data-element_type=\"container\" data-e-type=\"container\">\n\t\t\t\t<div class=\"elementor-element elementor-element-06ca482 elementor-widget elementor-widget-patara-contact\" data-id=\"06ca482\" data-element_type=\"widget\" data-e-type=\"widget\" data-widget_type=\"patara-contact.default\">\n\t\t\t\t<div class=\"elementor-widget-container\">\n\t\t\t\t\t        \t\t\n\t\t\n\t\t<div class=\"sec-contact-info sec-reservations\">\n\t\t    \n\t\t\t\t\t\t\n\t\t\t\t\t\t\t\t\t                        <div class=\"reservations mb-15\">\t\n \t\t\t\t\t\t    <div class=\"icon\">\n\t\t\t\t\t\t\t\t\t\t\n\t\t\t\t\t\t\t\t\t<span class=\"flaticon-phone\"><\/span>\n\t\t\t\t\t\t\t\t\t\t\t\t\t\t\t\t\n\t\t\t\t\t\t\t<\/div>\n\t\t\t\t\t\t\t<div class=\"text\">\n\t\t\t\t\t\t        <p>T\u00e9l\u00e9phone<\/p> <a href=\"tel:+39 0565 908355\">+39 0565 908355<\/a>\n\t\t\t\t\t\t   <\/div>\n\t\t\t\t\t\t<\/div>\n\t\t\t\t\t\t \n\n\t\t\t\t\t\t\t\t\t                        <div class=\"reservations mb-15\">\t\n \t\t\t\t\t\t    <div class=\"icon\">\n\t\t\t\t\t\t\t\t\t\t\n\t\t\t\t\t\t\t\t\t<span class=\"flaticon-phone\"><\/span>\n\t\t\t\t\t\t\t\t\t\t\t\t\t\t\t\t\n\t\t\t\t\t\t\t<\/div>\n\t\t\t\t\t\t\t<div class=\"text\">\n\t\t\t\t\t\t        <p>T\u00e9l\u00e9phone<\/p> <a href=\"tel:+39 0565 908006\">+39 0565 908006<\/a>\n\t\t\t\t\t\t   <\/div>\n\t\t\t\t\t\t<\/div>\n\t\t\t\t\t\t \n\n\t\t\t\t\t\t\t\t\t\t\n                        <div class=\"reservations mb-15\">\t\n \t\t\t\t\t\t    <div class=\"icon\">\n\t\t\t\t\t\t\t\t\t\n\t\t\t\t\t\t\t\t\t<span class=\"flaticon-envelope\"><\/span>\n\t\t\t\t\t\t\t\t\t\t\t\t\t\t\t\t\n\t\t\t\t\t\t\t<\/div>\n\t\t\t\t\t\t\t<div class=\"text\">\n\t\t\t\t\t\t        <p>Email<\/p> <a href=\"mailto:info@hotelsantandrea.com\">info@hotelsantandrea.com<\/a>\n\t\t\t\t\t\t   <\/div>\n\t\t\t\t\t\t<\/div>\n\t\t\t\t\t\t \n\n\t\t\t\t\t\t\t\t\t                        <div class=\"reservations mb-15\">\t\n \t\t\t\t\t\t    <div class=\"icon\">\n\t\t\t\t\t\t\t\t\t\t\t\t\t\t\t\t\t<span class=\"flaticon-hotel\"><\/span>\n\t\t\t\t\t\t\t\t\t\t\t\t\t\t\t\t\n\t\t\t\t\t\t\t<\/div>\n\t\t\t\t\t\t\t<div class=\"text\">\n\t\t\t\t\t\t        <p>Conditions g\u00e9n\u00e9rales<\/p> Check-in \u00e0 partir de 15h00<br\/><a href=\"\/fr\/conditions-generales\/\"> Conditions de r\u00e9servation<\/a>\n\t\t\t\t\t\t   <\/div>\n\t\t\t\t\t\t<\/div>\t\t\t\t\t\n\t\t\t\t\t\t \n\n\t\t\t\t\t\t\t\t\n        <\/div>\t\t\n\n        \t\t\t\t<\/div>\n\t\t\t\t<\/div>\n\t\t\t\t<div class=\"elementor-element elementor-element-05a85e0 elementor-widget elementor-widget-sidebar\" data-id=\"05a85e0\" data-element_type=\"widget\" data-e-type=\"widget\" data-widget_type=\"sidebar.default\">\n\t\t\t\t\t<div class=\"col-md-12\"><div id=\"text-14\" class=\"widget widget-block widget_text\">\t\t\t<div class=\"textwidget\"><h2>Nos offres<\/h2>\n<p><a href=\"\/fr\/offres\/\"><img fetchpriority=\"high\" decoding=\"async\" fetchpriority=\"high\" class=\"alignnone wp-image-2385 size-medium\" src=\"\/wp-content\/uploads\/2025\/09\/esterni-terra-3-h-sant-andrea-300x200.jpg\" alt=\"\" width=\"300\" height=\"200\" srcset=\"https:\/\/www.hotelsantandrea.com\/wp-content\/uploads\/2025\/09\/esterni-terra-3-h-sant-andrea-300x200.jpg 300w, https:\/\/www.hotelsantandrea.com\/wp-content\/uploads\/2025\/09\/esterni-terra-3-h-sant-andrea-1024x683.jpg 1024w, https:\/\/www.hotelsantandrea.com\/wp-content\/uploads\/2025\/09\/esterni-terra-3-h-sant-andrea-768x512.jpg 768w, https:\/\/www.hotelsantandrea.com\/wp-content\/uploads\/2025\/09\/esterni-terra-3-h-sant-andrea-1536x1024.jpg 1536w, https:\/\/www.hotelsantandrea.com\/wp-content\/uploads\/2025\/09\/esterni-terra-3-h-sant-andrea-540x360.jpg 540w, https:\/\/www.hotelsantandrea.com\/wp-content\/uploads\/2025\/09\/esterni-terra-3-h-sant-andrea.jpg 1920w\" sizes=\"(max-width: 300px) 100vw, 300px\" \/><\/a><\/p>\n<p>D\u00e9couvrez les offres que nous avons pr\u00e9par\u00e9es pour vous afin de profiter pleinement de vos vacances sur l\u2019\u00eele d\u2019Elbe.<\/p>\n<p><a class=\"link-sottolineato\" href=\"\/fr\/offres\/\">Toutes les offres \u203a<\/a><\/p>\n<\/div>\n\t\t<\/div><\/div><div class=\"col-md-12\"><div id=\"text-15\" class=\"widget widget-block widget_text\">\t\t\t<div class=\"textwidget\"><h2>Bon \u00e0 savoir<\/h2>\n<p><a href=\"\/fr\/ferries-pour-lile-delbe\/\"><img loading=\"lazy\" decoding=\"async\" class=\"alignnone wp-image-2377 size-medium\" src=\"\/wp-content\/uploads\/2025\/09\/blunavy-2075-3-300x200.jpg\" alt=\"\" width=\"300\" height=\"200\" srcset=\"https:\/\/www.hotelsantandrea.com\/wp-content\/uploads\/2025\/09\/blunavy-2075-3-300x200.jpg 300w, https:\/\/www.hotelsantandrea.com\/wp-content\/uploads\/2025\/09\/blunavy-2075-3-1024x683.jpg 1024w, https:\/\/www.hotelsantandrea.com\/wp-content\/uploads\/2025\/09\/blunavy-2075-3-768x512.jpg 768w, https:\/\/www.hotelsantandrea.com\/wp-content\/uploads\/2025\/09\/blunavy-2075-3-1536x1024.jpg 1536w, https:\/\/www.hotelsantandrea.com\/wp-content\/uploads\/2025\/09\/blunavy-2075-3-540x360.jpg 540w, https:\/\/www.hotelsantandrea.com\/wp-content\/uploads\/2025\/09\/blunavy-2075-3.jpg 1920w\" sizes=\"(max-width: 300px) 100vw, 300px\" \/><\/a><\/p>\n<p><a class=\"link-sottolineato\" href=\"\/fr\/ferries-pour-lile-delbe\/\">Ferries \u00e0 tarif r\u00e9duit jusqu\u2019\u00e0 20% \u203a<\/a><\/p>\n<p><a href=\"\/fr\/mariages-ceremonies-et-evenements\/\"><img loading=\"lazy\" decoding=\"async\" class=\"alignnone wp-image-2386 size-medium\" src=\"\/wp-content\/uploads\/2025\/09\/ristorante-saletta-1-h-santandrea-300x200.jpg\" alt=\"\" width=\"300\" height=\"200\" srcset=\"https:\/\/www.hotelsantandrea.com\/wp-content\/uploads\/2025\/09\/ristorante-saletta-1-h-santandrea-300x200.jpg 300w, https:\/\/www.hotelsantandrea.com\/wp-content\/uploads\/2025\/09\/ristorante-saletta-1-h-santandrea-1024x683.jpg 1024w, https:\/\/www.hotelsantandrea.com\/wp-content\/uploads\/2025\/09\/ristorante-saletta-1-h-santandrea-768x512.jpg 768w, https:\/\/www.hotelsantandrea.com\/wp-content\/uploads\/2025\/09\/ristorante-saletta-1-h-santandrea-1536x1024.jpg 1536w, https:\/\/www.hotelsantandrea.com\/wp-content\/uploads\/2025\/09\/ristorante-saletta-1-h-santandrea-540x360.jpg 540w, https:\/\/www.hotelsantandrea.com\/wp-content\/uploads\/2025\/09\/ristorante-saletta-1-h-santandrea.jpg 1920w\" sizes=\"(max-width: 300px) 100vw, 300px\" \/><\/a><\/p>\n<p><a class=\"link-sottolineato\" href=\"\/fr\/mariages-ceremonies-et-evenements\/\">C\u00e9l\u00e9brez votre \u00e9v\u00e9nement chez nous \u203a<\/a><\/p>\n<\/div>\n\t\t<\/div><\/div>\t\t\t\t<\/div>\n\t\t\t\t<\/div>\n\t\t\t\t\t<\/div>\n\t\t\t\t<\/div>\n\t\t\t\t<\/div>\n\t\t","protected":false},"excerpt":{"rendered":"<p>Informations pour le voyage Ferries pour l\u2019Elbe Ferries : horaires et billets En r\u00e9servant votre s\u00e9jour dans notre h\u00f4tel, vous pourrez b\u00e9n\u00e9ficier d\u2019un code de r\u00e9duction que nous vous enverrons par e-mail et qui vous permettra d\u2019acheter en ligne sur notre site le billet de ferry Toremar ou Moby Lines \u00e0 des prix vraiment avantageux et sans payer de frais<\/p>\n","protected":false},"author":2,"featured_media":0,"parent":5045,"menu_order":0,"comment_status":"closed","ping_status":"closed","template":"","meta":{"footnotes":"","_links_to":"","_links_to_target":""},"class_list":["post-5052","page","type-page","status-publish","hentry"],"meta_box":[],"_links":{"self":[{"href":"https:\/\/www.hotelsantandrea.com\/fr\/wp-json\/wp\/v2\/pages\/5052","targetHints":{"allow":["GET"]}}],"collection":[{"href":"https:\/\/www.hotelsantandrea.com\/fr\/wp-json\/wp\/v2\/pages"}],"about":[{"href":"https:\/\/www.hotelsantandrea.com\/fr\/wp-json\/wp\/v2\/types\/page"}],"author":[{"embeddable":true,"href":"https:\/\/www.hotelsantandrea.com\/fr\/wp-json\/wp\/v2\/users\/2"}],"replies":[{"embeddable":true,"href":"https:\/\/www.hotelsantandrea.com\/fr\/wp-json\/wp\/v2\/comments?post=5052"}],"version-history":[{"count":5,"href":"https:\/\/www.hotelsantandrea.com\/fr\/wp-json\/wp\/v2\/pages\/5052\/revisions"}],"predecessor-version":[{"id":5986,"href":"https:\/\/www.hotelsantandrea.com\/fr\/wp-json\/wp\/v2\/pages\/5052\/revisions\/5986"}],"up":[{"embeddable":true,"href":"https:\/\/www.hotelsantandrea.com\/fr\/wp-json\/wp\/v2\/pages\/5045"}],"wp:attachment":[{"href":"https:\/\/www.hotelsantandrea.com\/fr\/wp-json\/wp\/v2\/media?parent=5052"}],"curies":[{"name":"wp","href":"https:\/\/api.w.org\/{rel}","templated":true}]}}