{"id":5045,"date":"2025-10-07T11:05:22","date_gmt":"2025-10-07T09:05:22","guid":{"rendered":"http:\/\/santandrea.youelba.com\/traghetti-elba\/"},"modified":"2026-03-05T16:49:45","modified_gmt":"2026-03-05T15:49:45","slug":"ferries-pour-lile-delbe","status":"publish","type":"page","link":"https:\/\/www.hotelsantandrea.com\/fr\/ferries-pour-lile-delbe\/","title":{"rendered":"Ferries pour l\u2019\u00eele d\u2019Elbe"},"content":{"rendered":"\t\t<div data-elementor-type=\"wp-page\" data-elementor-id=\"5045\" class=\"elementor elementor-5045 elementor-3085\">\n\t\t\t\t<div class=\"elementor-element elementor-element-3cf34c2 e-con-full e-flex e-con e-parent\" data-id=\"3cf34c2\" data-element_type=\"container\" data-e-type=\"container\" data-settings=\"{&quot;background_background&quot;:&quot;classic&quot;}\">\n\t\t\t\t<div class=\"elementor-element elementor-element-2de1387 elementor-widget elementor-widget-patara-banner-image\" data-id=\"2de1387\" data-element_type=\"widget\" data-e-type=\"widget\" data-widget_type=\"patara-banner-image.default\">\n\t\t\t\t<div class=\"elementor-widget-container\">\n\t\t\t\t\t\t\t\n\t<!-- Header Banner -->\n\t<header class=\"header\">\n\n\t\t\t\t<div class=\"banner-header full-height valign bg-img bg-fixed text-center\" data-overlay-dark=\"2\" data-background=\"https:\/\/www.hotelsantandrea.com\/wp-content\/uploads\/2025\/10\/esterni-terra-57-h-sant-andrea.jpg\">\n\t\t\t\t\t\t\t\t\t\t\t\t<div class=\"container\">\n\t\t\t\t\t<div class=\"row\">\n\t\t\t\t\t\t<div class=\"col-md-12 offset-0\">\n\t\t\t\t\t\t\t<div class=\"caption\">\n\n\t\t\t\t\t\t\t\t\t\t\t\t\t\t\t\t\n\t\t\t\t\t\t\t\t\n\t\t\t\t\t\t\t\t\t\t\t\t\t\t\t\t<h4 class=\"pt-slider-title1-class\">Informations pour le voyage<\/h4>\n\t\t\t\t\t\t\t\t\t\t\t\t\t\t\t\t\t\t\t\t\t\t\t\t<h1 class=\"pt-slider-title2-class\">Ferries pour l\u2019Elbe<\/h1>\n\t\t\t\t\t\t\t\t\t\t\t\t\t\t\t\t\t\t\t\t\t\t\t<\/div>\t\t\t\t\t\t\n\t\t\t\t\t\t<\/div>\t\t\t\t\t\t\n\t\t\t\t\t<\/div>\n\t\t\t\t<\/div>\n\t\t\t\t\t\t\t\t<!-- button scroll -->\n\t\t\t\t<a href=\"#contact\" data-scroll-nav=\"1\" class=\"mouse smoothscroll\">\n\t\t\t\t\t<span class=\"mouse-icon\">\n\t\t\t\t\t\t<span class=\"mouse-wheel\"><\/span>\n\t\t\t\t\t<\/span>\n\t\t\t\t<\/a>\t\n\t\t\t\t\t\t\t\t\t\n\t\t\t\t\t\t\n        <\/div>\t\t\t\n\t<\/header>\t\t\n\t\t\t\n    \t\t\t\t<\/div>\n\t\t\t\t<\/div>\n\t\t\t\t<\/div>\n\t\t<div class=\"elementor-element elementor-element-ccbf184 e-flex e-con-boxed e-con e-parent\" data-id=\"ccbf184\" data-element_type=\"container\" data-e-type=\"container\" data-settings=\"{&quot;background_background&quot;:&quot;classic&quot;}\">\n\t\t\t\t\t<div class=\"e-con-inner\">\n\t\t<div class=\"elementor-element elementor-element-49c0dc0 e-con-full e-flex e-con e-child\" data-id=\"49c0dc0\" data-element_type=\"container\" data-e-type=\"container\">\n\t\t\t\t<div class=\"elementor-element elementor-element-c990524 elementor-widget elementor-widget-patara-title\" data-id=\"c990524\" data-element_type=\"widget\" data-e-type=\"widget\" data-widget_type=\"patara-title.default\">\n\t\t\t\t<div class=\"elementor-widget-container\">\n\t\t\t\t\t\t\t\n\t\t\n\t\t\t\t\t\t\t\n\t\t\t<h4 class=\"section-title black text-left\">Ferries : horaires et billets en ligne<\/h4>\t\t\t\t\n\t\t\t<div class=\"section-text text-left black\"><p><p>L\u2019\u00eele est reli\u00e9e au continent par trois compagnies de navigation : Toremar, Blu Navy et Moby Lines, qui assurent des liaisons quotidiennes entre Piombino et Portoferraio (Toremar \u00e9galement vers Rio Marina, Moby Lines \u00e9galement vers Cavo).<\/p><p>La travers\u00e9e dure environ 60 minutes. Toremar effectue \u00e9galement certaines liaisons en hydropt\u00e8re (30 minutes).<\/p><p>En r\u00e9servant votre s\u00e9jour dans notre h\u00f4tel, vous pourrez b\u00e9n\u00e9ficier d\u2019un code de r\u00e9duction que nous vous enverrons par e-mail et qui vous permettra d\u2019acheter en ligne sur notre site le billet de ferry Toremar ou Moby Lines \u00e0 des prix vraiment avantageux et sans payer de frais de r\u00e9servation. Offre valable uniquement pour les r\u00e9servations directes.<\/p><p>De la m\u00eame mani\u00e8re, vous pourrez obtenir une r\u00e9duction sur les billets Blu Navy gr\u00e2ce \u00e0 un autre code que nous vous enverrons \u00e9galement par e-mail.<\/p><\/p><\/div>\n        \n\t\t\t\n        \t\t\t\t<\/div>\n\t\t\t\t<\/div>\n\t\t<div class=\"elementor-element elementor-element-3c693de e-con-full e-flex e-con e-child\" data-id=\"3c693de\" data-element_type=\"container\" data-e-type=\"container\">\n\t\t<div class=\"elementor-element elementor-element-b43d93a e-con-full e-flex e-con e-child\" data-id=\"b43d93a\" data-element_type=\"container\" data-e-type=\"container\">\n\t\t\t\t<div class=\"elementor-element elementor-element-21bd71b elementor-widget elementor-widget-patara-services-grid\" data-id=\"21bd71b\" data-element_type=\"widget\" data-e-type=\"widget\" data-widget_type=\"patara-services-grid.default\">\n\t\t\t\t<div class=\"elementor-widget-container\">\n\t\t\t\t\t\t\t\n\t\t\t\t\n\n\t\t\t<div class=\"sec-services\">\t\n\t\t\t\t\t\t\t\t<div class=\"rooms3\">\t\t\n\t\t\t\t\t<div class=\"room-img\"> <img decoding=\"async\" src=\"https:\/\/www.hotelsantandrea.com\/wp-content\/uploads\/2025\/10\/traghettilines.jpg\" alt=\"\" class=\"w-100\"\/><\/div>\n\t\t\t\t\t\t\t\t\t\t<div class=\"room-header\">\n\t\t\t\t\t\t<h4 class=\"room-label\">Traghettilines<\/h4>\n\t\t\t\t\t<\/div>\t\n\t\t\t\t\t\t\t\t\t\t\t\t\t\n\t\t\t\t\t<div class=\"room-wrap\">\n\t\t\t\t\t\t<div class=\"room-cont\">\n\t\t\t\t\t\t\t\t\t\t\t\t\t\t<h4 class=\"room-title\"><a href=\"\/fr\/ferries-pour-lile-delbe\/traghettilines\/\" target=\"_self\" rel=\"noopener noreferrer\">Traghettilines<\/a><\/h4>\n\t\t\t\t\t\t\t\t\n\t\t\t\t\t\t\t\t\t\t\t\t\t\t<div class=\"section-text room-text\">Horaires des ferries et r\u00e9ductions pour Toremar et Moby Lines avec un code d\u00e9di\u00e9, en plus des offres standard Blu Navy<\/div>\n\t\t\t\t\t\t\t\t\t\t\t    \n\t\t\t\t\t\t<\/div>\t\n\t\t\t\t\t\t\t\t\t\t\t\t<div class=\"room-actions\"><a href=\"\/fr\/ferries-pour-lile-delbe\/traghettilines\/\" target=\"_self\" rel=\"noopener noreferrer\" class=\"icon-btn\">\n\t\t\t\t\t\t\t\t\n\t\t\t\t\t\t\t\t<span class=\"ti-angle-right\"><\/span>\n\t\t\t\t\t\t\t\t\n\t\t\t\t\t\t<\/a><\/div>\n\t\t\t\t\t\t\t\t\t\t\t\t\t\n\t\t\t\t\t<\/div>\t\t\t\t\t\t\t\t\t\t\n\t\t\t\t<\/div>\t\t\t\t\t\n\t\t\t\t\t\t\t<\/div>\t\n\t\t\n\t\t\n\t\t\t\t\n        \t\t\t\t<\/div>\n\t\t\t\t<\/div>\n\t\t\t\t<\/div>\n\t\t<div class=\"elementor-element elementor-element-906e780 e-con-full e-flex e-con e-child\" data-id=\"906e780\" data-element_type=\"container\" data-e-type=\"container\">\n\t\t\t\t<div class=\"elementor-element elementor-element-03fcaf6 elementor-widget elementor-widget-patara-services-grid\" data-id=\"03fcaf6\" data-element_type=\"widget\" data-e-type=\"widget\" data-widget_type=\"patara-services-grid.default\">\n\t\t\t\t<div class=\"elementor-widget-container\">\n\t\t\t\t\t\t\t\n\t\t\t\t\n\n\t\t\t<div class=\"sec-services\">\t\n\t\t\t\t\t\t\t\t<div class=\"rooms3\">\t\t\n\t\t\t\t\t<div class=\"room-img\"> <img decoding=\"async\" src=\"https:\/\/www.hotelsantandrea.com\/wp-content\/uploads\/2025\/10\/blu-navy.jpg\" alt=\"\" class=\"w-100\"\/><\/div>\n\t\t\t\t\t\t\t\t\t\t<div class=\"room-header\">\n\t\t\t\t\t\t<h4 class=\"room-label\">Blu Navy<\/h4>\n\t\t\t\t\t<\/div>\t\n\t\t\t\t\t\t\t\t\t\t\t\t\t\n\t\t\t\t\t<div class=\"room-wrap\">\n\t\t\t\t\t\t<div class=\"room-cont\">\n\t\t\t\t\t\t\t\t\t\t\t\t\t\t<h4 class=\"room-title\"><a href=\"\/fr\/ferries-pour-lile-delbe\/blu-navy\/\" target=\"_self\" rel=\"noopener noreferrer\">Blu Navy<\/a><\/h4>\n\t\t\t\t\t\t\t\t\n\t\t\t\t\t\t\t\t\t\t\t\t\t\t<div class=\"section-text room-text\">Horaires des ferries et r\u00e9ductions pour Blu Navy avec lien direct et code d\u00e9di\u00e9<\/div>\n\t\t\t\t\t\t\t\t\t\t\t    \n\t\t\t\t\t\t<\/div>\t\n\t\t\t\t\t\t\t\t\t\t\t\t<div class=\"room-actions\"><a href=\"\/fr\/ferries-pour-lile-delbe\/blu-navy\/\" target=\"_self\" rel=\"noopener noreferrer\" class=\"icon-btn\">\n\t\t\t\t\t\t\t\t\n\t\t\t\t\t\t\t\t<span class=\"ti-angle-right\"><\/span>\n\t\t\t\t\t\t\t\t\n\t\t\t\t\t\t<\/a><\/div>\n\t\t\t\t\t\t\t\t\t\t\t\t\t\n\t\t\t\t\t<\/div>\t\t\t\t\t\t\t\t\t\t\n\t\t\t\t<\/div>\t\t\t\t\t\n\t\t\t\t\t\t\t<\/div>\t\n\t\t\n\t\t\n\t\t\t\t\n        \t\t\t\t<\/div>\n\t\t\t\t<\/div>\n\t\t\t\t<\/div>\n\t\t\t\t<\/div>\n\t\t\t\t<\/div>\n\t\t<div class=\"elementor-element elementor-element-eeebfbc e-con-full e-flex e-con e-child\" data-id=\"eeebfbc\" data-element_type=\"container\" data-e-type=\"container\">\n\t\t\t\t<div class=\"elementor-element elementor-element-16580ea elementor-widget elementor-widget-patara-contact\" data-id=\"16580ea\" data-element_type=\"widget\" data-e-type=\"widget\" data-widget_type=\"patara-contact.default\">\n\t\t\t\t<div class=\"elementor-widget-container\">\n\t\t\t\t\t        \t\t\n\t\t\n\t\t<div class=\"sec-contact-info sec-reservations\">\n\t\t    \n\t\t\t\t\t\t\n\t\t\t\t\t\t\t\t\t                        <div class=\"reservations mb-15\">\t\n \t\t\t\t\t\t    <div class=\"icon\">\n\t\t\t\t\t\t\t\t\t\t\n\t\t\t\t\t\t\t\t\t<span class=\"flaticon-phone\"><\/span>\n\t\t\t\t\t\t\t\t\t\t\t\t\t\t\t\t\n\t\t\t\t\t\t\t<\/div>\n\t\t\t\t\t\t\t<div class=\"text\">\n\t\t\t\t\t\t        <p>T\u00e9l\u00e9phone<\/p> <a href=\"tel:+39 0565 908355\">+39 0565 908355<\/a>\n\t\t\t\t\t\t   <\/div>\n\t\t\t\t\t\t<\/div>\n\t\t\t\t\t\t \n\n\t\t\t\t\t\t\t\t\t                        <div class=\"reservations mb-15\">\t\n \t\t\t\t\t\t    <div class=\"icon\">\n\t\t\t\t\t\t\t\t\t\t\n\t\t\t\t\t\t\t\t\t<span class=\"flaticon-phone\"><\/span>\n\t\t\t\t\t\t\t\t\t\t\t\t\t\t\t\t\n\t\t\t\t\t\t\t<\/div>\n\t\t\t\t\t\t\t<div class=\"text\">\n\t\t\t\t\t\t        <p>T\u00e9l\u00e9phone<\/p> <a href=\"tel:+39 0565 908006\">+39 0565 908006<\/a>\n\t\t\t\t\t\t   <\/div>\n\t\t\t\t\t\t<\/div>\n\t\t\t\t\t\t \n\n\t\t\t\t\t\t\t\t\t\t\n                        <div class=\"reservations mb-15\">\t\n \t\t\t\t\t\t    <div class=\"icon\">\n\t\t\t\t\t\t\t\t\t\n\t\t\t\t\t\t\t\t\t<span class=\"flaticon-envelope\"><\/span>\n\t\t\t\t\t\t\t\t\t\t\t\t\t\t\t\t\n\t\t\t\t\t\t\t<\/div>\n\t\t\t\t\t\t\t<div class=\"text\">\n\t\t\t\t\t\t        <p>Email<\/p> <a href=\"mailto:info@hotelsantandrea.com\">info@hotelsantandrea.com<\/a>\n\t\t\t\t\t\t   <\/div>\n\t\t\t\t\t\t<\/div>\n\t\t\t\t\t\t \n\n\t\t\t\t\t\t\t\t\t                        <div class=\"reservations mb-15\">\t\n \t\t\t\t\t\t    <div class=\"icon\">\n\t\t\t\t\t\t\t\t\t\t\t\t\t\t\t\t\t<span class=\"flaticon-hotel\"><\/span>\n\t\t\t\t\t\t\t\t\t\t\t\t\t\t\t\t\n\t\t\t\t\t\t\t<\/div>\n\t\t\t\t\t\t\t<div class=\"text\">\n\t\t\t\t\t\t        <p>Conditions g\u00e9n\u00e9rales<\/p> Check-in \u00e0 partir de 15h00<br\/><a href=\"\/fr\/conditions-generales\/\"> Conditions de r\u00e9servation<\/a>\n\t\t\t\t\t\t   <\/div>\n\t\t\t\t\t\t<\/div>\t\t\t\t\t\n\t\t\t\t\t\t \n\n\t\t\t\t\t\t\t\t\n        <\/div>\t\t\n\n        \t\t\t\t<\/div>\n\t\t\t\t<\/div>\n\t\t\t\t<div class=\"elementor-element elementor-element-7d775b2 elementor-widget elementor-widget-patara-title\" data-id=\"7d775b2\" data-element_type=\"widget\" data-e-type=\"widget\" data-widget_type=\"patara-title.default\">\n\t\t\t\t<div class=\"elementor-widget-container\">\n\t\t\t\t\t\t\t\n\t\t\t\t\t\t\t\t<div class=\"sub-title border-bot-light\">\n\t\t\tSuivez-nous sur nos r\u00e9seaux sociaux !<\/h4><\/div>\n\t\t\t\t\t\n\t\t\t\n        \t\t\t\t<\/div>\n\t\t\t\t<\/div>\n\t\t\t\t<div class=\"elementor-element elementor-element-166eba5 elementor-shape-circle elementor-grid-0 e-grid-align-center elementor-widget elementor-widget-social-icons\" data-id=\"166eba5\" data-element_type=\"widget\" data-e-type=\"widget\" data-widget_type=\"social-icons.default\">\n\t\t\t\t\t\t\t<div class=\"elementor-social-icons-wrapper elementor-grid\" role=\"list\">\n\t\t\t\t\t\t\t<span class=\"elementor-grid-item\" role=\"listitem\">\n\t\t\t\t\t<a class=\"elementor-icon elementor-social-icon elementor-social-icon-instagram elementor-repeater-item-9ec7f76\" href=\"https:\/\/www.instagram.com\/hotelsantandrea_elba\/\" target=\"_blank\">\n\t\t\t\t\t\t<span class=\"elementor-screen-only\">Instagram<\/span>\n\t\t\t\t\t\t<svg aria-hidden=\"true\" class=\"e-font-icon-svg e-fab-instagram\" viewBox=\"0 0 448 512\" xmlns=\"http:\/\/www.w3.org\/2000\/svg\"><path d=\"M224.1 141c-63.6 0-114.9 51.3-114.9 114.9s51.3 114.9 114.9 114.9S339 319.5 339 255.9 287.7 141 224.1 141zm0 189.6c-41.1 0-74.7-33.5-74.7-74.7s33.5-74.7 74.7-74.7 74.7 33.5 74.7 74.7-33.6 74.7-74.7 74.7zm146.4-194.3c0 14.9-12 26.8-26.8 26.8-14.9 0-26.8-12-26.8-26.8s12-26.8 26.8-26.8 26.8 12 26.8 26.8zm76.1 27.2c-1.7-35.9-9.9-67.7-36.2-93.9-26.2-26.2-58-34.4-93.9-36.2-37-2.1-147.9-2.1-184.9 0-35.8 1.7-67.6 9.9-93.9 36.1s-34.4 58-36.2 93.9c-2.1 37-2.1 147.9 0 184.9 1.7 35.9 9.9 67.7 36.2 93.9s58 34.4 93.9 36.2c37 2.1 147.9 2.1 184.9 0 35.9-1.7 67.7-9.9 93.9-36.2 26.2-26.2 34.4-58 36.2-93.9 2.1-37 2.1-147.8 0-184.8zM398.8 388c-7.8 19.6-22.9 34.7-42.6 42.6-29.5 11.7-99.5 9-132.1 9s-102.7 2.6-132.1-9c-19.6-7.8-34.7-22.9-42.6-42.6-11.7-29.5-9-99.5-9-132.1s-2.6-102.7 9-132.1c7.8-19.6 22.9-34.7 42.6-42.6 29.5-11.7 99.5-9 132.1-9s102.7-2.6 132.1 9c19.6 7.8 34.7 22.9 42.6 42.6 11.7 29.5 9 99.5 9 132.1s2.7 102.7-9 132.1z\"><\/path><\/svg>\t\t\t\t\t<\/a>\n\t\t\t\t<\/span>\n\t\t\t\t\t\t\t<span class=\"elementor-grid-item\" role=\"listitem\">\n\t\t\t\t\t<a class=\"elementor-icon elementor-social-icon elementor-social-icon-facebook elementor-repeater-item-3bb1e21\" href=\"https:\/\/www.facebook.com\/Hotel-SantAndrea-397380883625648\/\" target=\"_blank\">\n\t\t\t\t\t\t<span class=\"elementor-screen-only\">Facebook<\/span>\n\t\t\t\t\t\t<svg aria-hidden=\"true\" class=\"e-font-icon-svg e-fab-facebook\" viewBox=\"0 0 512 512\" xmlns=\"http:\/\/www.w3.org\/2000\/svg\"><path d=\"M504 256C504 119 393 8 256 8S8 119 8 256c0 123.78 90.69 226.38 209.25 245V327.69h-63V256h63v-54.64c0-62.15 37-96.48 93.67-96.48 27.14 0 55.52 4.84 55.52 4.84v61h-31.28c-30.8 0-40.41 19.12-40.41 38.73V256h68.78l-11 71.69h-57.78V501C413.31 482.38 504 379.78 504 256z\"><\/path><\/svg>\t\t\t\t\t<\/a>\n\t\t\t\t<\/span>\n\t\t\t\t\t<\/div>\n\t\t\t\t\t\t<\/div>\n\t\t\t\t<div class=\"elementor-element elementor-element-05a85e0 elementor-widget elementor-widget-sidebar\" data-id=\"05a85e0\" data-element_type=\"widget\" data-e-type=\"widget\" data-widget_type=\"sidebar.default\">\n\t\t\t\t\t<div class=\"col-md-12\"><div id=\"text-14\" class=\"widget widget-block widget_text\">\t\t\t<div class=\"textwidget\"><h2>Nos offres<\/h2>\n<p><a href=\"\/fr\/offres\/\"><img fetchpriority=\"high\" decoding=\"async\" fetchpriority=\"high\" class=\"alignnone wp-image-2385 size-medium\" src=\"\/wp-content\/uploads\/2025\/09\/esterni-terra-3-h-sant-andrea-300x200.jpg\" alt=\"\" width=\"300\" height=\"200\" srcset=\"https:\/\/www.hotelsantandrea.com\/wp-content\/uploads\/2025\/09\/esterni-terra-3-h-sant-andrea-300x200.jpg 300w, https:\/\/www.hotelsantandrea.com\/wp-content\/uploads\/2025\/09\/esterni-terra-3-h-sant-andrea-1024x683.jpg 1024w, https:\/\/www.hotelsantandrea.com\/wp-content\/uploads\/2025\/09\/esterni-terra-3-h-sant-andrea-768x512.jpg 768w, https:\/\/www.hotelsantandrea.com\/wp-content\/uploads\/2025\/09\/esterni-terra-3-h-sant-andrea-1536x1024.jpg 1536w, https:\/\/www.hotelsantandrea.com\/wp-content\/uploads\/2025\/09\/esterni-terra-3-h-sant-andrea-540x360.jpg 540w, https:\/\/www.hotelsantandrea.com\/wp-content\/uploads\/2025\/09\/esterni-terra-3-h-sant-andrea.jpg 1920w\" sizes=\"(max-width: 300px) 100vw, 300px\" \/><\/a><\/p>\n<p>D\u00e9couvrez les offres que nous avons pr\u00e9par\u00e9es pour vous afin de profiter pleinement de vos vacances sur l\u2019\u00eele d\u2019Elbe.<\/p>\n<p><a class=\"link-sottolineato\" href=\"\/fr\/offres\/\">Toutes les offres \u203a<\/a><\/p>\n<\/div>\n\t\t<\/div><\/div><div class=\"col-md-12\"><div id=\"text-15\" class=\"widget widget-block widget_text\">\t\t\t<div class=\"textwidget\"><h2>Bon \u00e0 savoir<\/h2>\n<p><a href=\"\/fr\/ferries-pour-lile-delbe\/\"><img loading=\"lazy\" decoding=\"async\" class=\"alignnone wp-image-2377 size-medium\" src=\"\/wp-content\/uploads\/2025\/09\/blunavy-2075-3-300x200.jpg\" alt=\"\" width=\"300\" height=\"200\" srcset=\"https:\/\/www.hotelsantandrea.com\/wp-content\/uploads\/2025\/09\/blunavy-2075-3-300x200.jpg 300w, https:\/\/www.hotelsantandrea.com\/wp-content\/uploads\/2025\/09\/blunavy-2075-3-1024x683.jpg 1024w, https:\/\/www.hotelsantandrea.com\/wp-content\/uploads\/2025\/09\/blunavy-2075-3-768x512.jpg 768w, https:\/\/www.hotelsantandrea.com\/wp-content\/uploads\/2025\/09\/blunavy-2075-3-1536x1024.jpg 1536w, https:\/\/www.hotelsantandrea.com\/wp-content\/uploads\/2025\/09\/blunavy-2075-3-540x360.jpg 540w, https:\/\/www.hotelsantandrea.com\/wp-content\/uploads\/2025\/09\/blunavy-2075-3.jpg 1920w\" sizes=\"(max-width: 300px) 100vw, 300px\" \/><\/a><\/p>\n<p><a class=\"link-sottolineato\" href=\"\/fr\/ferries-pour-lile-delbe\/\">Ferries \u00e0 tarif r\u00e9duit jusqu\u2019\u00e0 20% \u203a<\/a><\/p>\n<p><a href=\"\/fr\/mariages-ceremonies-et-evenements\/\"><img loading=\"lazy\" decoding=\"async\" class=\"alignnone wp-image-2386 size-medium\" src=\"\/wp-content\/uploads\/2025\/09\/ristorante-saletta-1-h-santandrea-300x200.jpg\" alt=\"\" width=\"300\" height=\"200\" srcset=\"https:\/\/www.hotelsantandrea.com\/wp-content\/uploads\/2025\/09\/ristorante-saletta-1-h-santandrea-300x200.jpg 300w, https:\/\/www.hotelsantandrea.com\/wp-content\/uploads\/2025\/09\/ristorante-saletta-1-h-santandrea-1024x683.jpg 1024w, https:\/\/www.hotelsantandrea.com\/wp-content\/uploads\/2025\/09\/ristorante-saletta-1-h-santandrea-768x512.jpg 768w, https:\/\/www.hotelsantandrea.com\/wp-content\/uploads\/2025\/09\/ristorante-saletta-1-h-santandrea-1536x1024.jpg 1536w, https:\/\/www.hotelsantandrea.com\/wp-content\/uploads\/2025\/09\/ristorante-saletta-1-h-santandrea-540x360.jpg 540w, https:\/\/www.hotelsantandrea.com\/wp-content\/uploads\/2025\/09\/ristorante-saletta-1-h-santandrea.jpg 1920w\" sizes=\"(max-width: 300px) 100vw, 300px\" \/><\/a><\/p>\n<p><a class=\"link-sottolineato\" href=\"\/fr\/mariages-ceremonies-et-evenements\/\">C\u00e9l\u00e9brez votre \u00e9v\u00e9nement chez nous \u203a<\/a><\/p>\n<\/div>\n\t\t<\/div><\/div>\t\t\t\t<\/div>\n\t\t\t\t<\/div>\n\t\t\t\t\t<\/div>\n\t\t\t\t<\/div>\n\t\t\t\t<\/div>\n\t\t","protected":false},"excerpt":{"rendered":"<p>Informations pour le voyage Ferries pour l\u2019Elbe Ferries : horaires et billets en ligne L\u2019\u00eele est reli\u00e9e au continent par trois compagnies de navigation : Toremar, Blu Navy et Moby Lines, qui assurent des liaisons quotidiennes entre Piombino et Portoferraio (Toremar \u00e9galement vers Rio Marina, Moby Lines \u00e9galement vers Cavo). La travers\u00e9e dure environ 60 minutes. Toremar effectue \u00e9galement certaines<\/p>\n","protected":false},"author":2,"featured_media":0,"parent":0,"menu_order":0,"comment_status":"closed","ping_status":"closed","template":"","meta":{"footnotes":"","_links_to":"","_links_to_target":""},"class_list":["post-5045","page","type-page","status-publish","hentry"],"meta_box":[],"_links":{"self":[{"href":"https:\/\/www.hotelsantandrea.com\/fr\/wp-json\/wp\/v2\/pages\/5045","targetHints":{"allow":["GET"]}}],"collection":[{"href":"https:\/\/www.hotelsantandrea.com\/fr\/wp-json\/wp\/v2\/pages"}],"about":[{"href":"https:\/\/www.hotelsantandrea.com\/fr\/wp-json\/wp\/v2\/types\/page"}],"author":[{"embeddable":true,"href":"https:\/\/www.hotelsantandrea.com\/fr\/wp-json\/wp\/v2\/users\/2"}],"replies":[{"embeddable":true,"href":"https:\/\/www.hotelsantandrea.com\/fr\/wp-json\/wp\/v2\/comments?post=5045"}],"version-history":[{"count":5,"href":"https:\/\/www.hotelsantandrea.com\/fr\/wp-json\/wp\/v2\/pages\/5045\/revisions"}],"predecessor-version":[{"id":5939,"href":"https:\/\/www.hotelsantandrea.com\/fr\/wp-json\/wp\/v2\/pages\/5045\/revisions\/5939"}],"wp:attachment":[{"href":"https:\/\/www.hotelsantandrea.com\/fr\/wp-json\/wp\/v2\/media?parent=5045"}],"curies":[{"name":"wp","href":"https:\/\/api.w.org\/{rel}","templated":true}]}}