{"id":4968,"date":"2025-12-02T09:27:10","date_gmt":"2025-12-02T08:27:10","guid":{"rendered":"http:\/\/santandrea.youelba.com\/ristorante-da-sauro\/"},"modified":"2026-03-06T12:26:27","modified_gmt":"2026-03-06T11:26:27","slug":"restaurant-da-sauro","status":"publish","type":"page","link":"https:\/\/www.hotelsantandrea.com\/fr\/restaurant-da-sauro\/","title":{"rendered":"Restaurant \u00ab Da Sauro \u00bb"},"content":{"rendered":"\t\t<div data-elementor-type=\"wp-page\" data-elementor-id=\"4968\" class=\"elementor elementor-4968 elementor-3206\">\n\t\t\t\t<div class=\"elementor-element elementor-element-db5600b e-con-full e-flex e-con e-parent\" data-id=\"db5600b\" data-element_type=\"container\" data-e-type=\"container\" data-settings=\"{&quot;background_background&quot;:&quot;classic&quot;}\">\n\t\t\t\t<div class=\"elementor-element elementor-element-82539b8 elementor-widget elementor-widget-patara-banner-image\" data-id=\"82539b8\" data-element_type=\"widget\" data-e-type=\"widget\" data-widget_type=\"patara-banner-image.default\">\n\t\t\t\t<div class=\"elementor-widget-container\">\n\t\t\t\t\t\t\t\n\t<!-- Header Banner -->\n\t<header class=\"header\">\n\n\t\t\t\t<div class=\"banner-header full-height valign bg-img bg-fixed text-center\" data-overlay-dark=\"3\" data-background=\"https:\/\/www.hotelsantandrea.com\/wp-content\/uploads\/2025\/12\/ristorante-da-sauro-saletta-4.jpg\">\n\t\t\t\t\t\t\t\t\t\t\t\t<div class=\"container\">\n\t\t\t\t\t<div class=\"row\">\n\t\t\t\t\t\t<div class=\"col-md-12 offset-0\">\n\t\t\t\t\t\t\t<div class=\"caption\">\n\n\t\t\t\t\t\t\t\t\t\t\t\t\t\t\t\t\n\t\t\t\t\t\t\t\t\n\t\t\t\t\t\t\t\t\t\t\t\t\t\t\t\t<h4 class=\"pt-slider-title1-class\">Restaurant<\/h4>\n\t\t\t\t\t\t\t\t\t\t\t\t\t\t\t\t\t\t\t\t\t\t\t\t<h1 class=\"pt-slider-title2-class\">Da Sauro<\/h1>\n\t\t\t\t\t\t\t\t\t\t\t\t\t\t\t\t\t\t\t\t\t\t\t<\/div>\t\t\t\t\t\t\n\t\t\t\t\t\t<\/div>\t\t\t\t\t\t\n\t\t\t\t\t<\/div>\n\t\t\t\t<\/div>\n\t\t\t\t\t\t\t\t<!-- button scroll -->\n\t\t\t\t<a href=\"#contact\" data-scroll-nav=\"1\" class=\"mouse smoothscroll\">\n\t\t\t\t\t<span class=\"mouse-icon\">\n\t\t\t\t\t\t<span class=\"mouse-wheel\"><\/span>\n\t\t\t\t\t<\/span>\n\t\t\t\t<\/a>\t\n\t\t\t\t\t\t\t\t\t\n\t\t\t\t\t\t\n        <\/div>\t\t\t\n\t<\/header>\t\t\n\t\t\t\n    \t\t\t\t<\/div>\n\t\t\t\t<\/div>\n\t\t\t\t<\/div>\n\t\t<div class=\"elementor-element elementor-element-899a3a2 e-flex e-con-boxed e-con e-parent\" data-id=\"899a3a2\" data-element_type=\"container\" data-e-type=\"container\" id=\"spa\" data-settings=\"{&quot;background_background&quot;:&quot;classic&quot;}\">\n\t\t\t\t\t<div class=\"e-con-inner\">\n\t\t<div class=\"elementor-element elementor-element-064a9ce e-con-full e-flex e-con e-child\" data-id=\"064a9ce\" data-element_type=\"container\" data-e-type=\"container\">\n\t\t\t\t<div class=\"elementor-element elementor-element-6e5a690 elementor-widget elementor-widget-patara-title\" data-id=\"6e5a690\" data-element_type=\"widget\" data-e-type=\"widget\" data-widget_type=\"patara-title.default\">\n\t\t\t\t<div class=\"elementor-widget-container\">\n\t\t\t\t\t\t\t\n\t\t\n\t\t\t\t\t\t\t\n\t\t\t<h4 class=\"section-title black text-left\">D\u00eener avec vue sur la mer et cuisine locale<\/h4>\t\t\t\t\n\t\t\t<div class=\"section-text text-left black\"><p><p>Dans notre jardin avec vue sur la mer, sous la pergola ext\u00e9rieure, chaque soir le restaurant \u00ab Da Sauro \u00bb vous accueille dans une atmosph\u00e8re calme et d\u00e9tendue, o\u00f9 vous pourrez savourer d\u2019excellents plats et vous sentir comme chez vous.<\/p><p>Le restaurant est ouvert \u00e9galement pour les clients ext\u00e9rieurs, et fonctionne sur r\u00e9servation.<\/p><p>En cuisine, Sauro \u2014 le propri\u00e9taire et chef \u2014 pr\u00e9pare chaque jour des plats de la tradition locale avec sa touche personnelle, en utilisant des ingr\u00e9dients frais et soigneusement s\u00e9lectionn\u00e9s par lui-m\u00eame. Le menu propose des sp\u00e9cialit\u00e9s de poisson, mais aussi des plats de viande, des options v\u00e9g\u00e9tariennes et v\u00e9ganes, et, sur demande, des plats sans gluten ou adapt\u00e9s \u00e0 diff\u00e9rentes intol\u00e9rances.<\/p><p>Un lieu o\u00f9 le go\u00fbt, la simplicit\u00e9 et l\u2019accueil se rencontrent pour vous offrir une soir\u00e9e vraiment sp\u00e9ciale.<\/p><\/p><\/div>\n        \n\t\t\t\n        \t\t\t\t<\/div>\n\t\t\t\t<\/div>\n\t\t<div class=\"elementor-element elementor-element-e78473a e-con-full e-flex e-con e-child\" data-id=\"e78473a\" data-element_type=\"container\" data-e-type=\"container\">\n\t\t<div class=\"elementor-element elementor-element-18582bc e-con-full e-flex e-con e-child\" data-id=\"18582bc\" data-element_type=\"container\" data-e-type=\"container\">\n\t\t\t\t<div class=\"elementor-element elementor-element-c9a7f74 elementor-widget elementor-widget-patara-contact\" data-id=\"c9a7f74\" data-element_type=\"widget\" data-e-type=\"widget\" data-widget_type=\"patara-contact.default\">\n\t\t\t\t<div class=\"elementor-widget-container\">\n\t\t\t\t\t        \t\t\n\t\t\n\t\t<div class=\"sec-contact-info sec-reservations\">\n\t\t    \n\t\t\t\t\t\t\n\t\t\t\t\t\t\t\t\t                        <div class=\"reservations mb-15\">\t\n \t\t\t\t\t\t    <div class=\"icon\">\n\t\t\t\t\t\t\t\t\t\t\t\t\t\t\t\t\t<span class=\"flaticon-clock\"><\/span>\n\t\t\t\t\t\t\t\t\t\t\t\t\t\t\t\t\n\t\t\t\t\t\t\t<\/div>\n\t\t\t\t\t\t\t<div class=\"text\">\n\t\t\t\t\t\t        <p>Horaires d\u2019ouverture<\/p> ouvert \u00e0 partir de 19h45, derni\u00e8re commande \u00e0 21h15\t\t\t\t\t\t   <\/div>\n\t\t\t\t\t\t<\/div>\t\t\t\t\t\n\t\t\t\t\t\t \n\n\t\t\t\t\t\t\t\t\n        <\/div>\t\t\n\n        \t\t\t\t<\/div>\n\t\t\t\t<\/div>\n\t\t\t\t<\/div>\n\t\t<div class=\"elementor-element elementor-element-f16d9aa e-con-full e-flex e-con e-child\" data-id=\"f16d9aa\" data-element_type=\"container\" data-e-type=\"container\">\n\t\t\t\t<div class=\"elementor-element elementor-element-84ed180 elementor-widget elementor-widget-patara-contact\" data-id=\"84ed180\" data-element_type=\"widget\" data-e-type=\"widget\" data-widget_type=\"patara-contact.default\">\n\t\t\t\t<div class=\"elementor-widget-container\">\n\t\t\t\t\t        \t\t\n\t\t\n\t\t<div class=\"sec-contact-info sec-reservations\">\n\t\t    \n\t\t\t\t\t\t\n\t\t\t\t\t\t\t\t\t                        <div class=\"reservations mb-15\">\t\n \t\t\t\t\t\t    <div class=\"icon\">\n\t\t\t\t\t\t\t\t\t\t\t\t\t\t\t\t\t<span class=\"flaticon-serving-dish\"><\/span>\n\t\t\t\t\t\t\t\t\t\t\t\t\t\t\t\t\n\t\t\t\t\t\t\t<\/div>\n\t\t\t\t\t\t\t<div class=\"text\">\n\t\t\t\t\t\t        <p>Ouvert \u00e9galement aux clients ext\u00e9rieurs<\/p> Sur r\u00e9servation\t\t\t\t\t\t   <\/div>\n\t\t\t\t\t\t<\/div>\t\t\t\t\t\n\t\t\t\t\t\t \n\n\t\t\t\t\t\t\t\t\n        <\/div>\t\t\n\n        \t\t\t\t<\/div>\n\t\t\t\t<\/div>\n\t\t\t\t<\/div>\n\t\t\t\t<\/div>\n\t\t\t\t<\/div>\n\t\t\t\t<div class=\"elementor-element elementor-element-b724c46 elementor-widget elementor-widget-spacer\" data-id=\"b724c46\" data-element_type=\"widget\" data-e-type=\"widget\" data-widget_type=\"spacer.default\">\n\t\t\t\t\t\t\t<div class=\"elementor-spacer\">\n\t\t\t<div class=\"elementor-spacer-inner\"><\/div>\n\t\t<\/div>\n\t\t\t\t\t\t<\/div>\n\t\t<div class=\"elementor-element elementor-element-a9a2619 e-con-full e-flex e-con e-child\" data-id=\"a9a2619\" data-element_type=\"container\" data-e-type=\"container\">\n\t\t\t\t<div class=\"elementor-element elementor-element-df39ac4 elementor-widget elementor-widget-patara-gallery\" data-id=\"df39ac4\" data-element_type=\"widget\" data-e-type=\"widget\" data-widget_type=\"patara-gallery.default\">\n\t\t\t\t<div class=\"elementor-widget-container\">\n\t\t\t\t\t\t\t\t\t<div class=\"sec-gallery\">\n\t\t\t<div class=\"container-after-gallery\">\n\t\t\t<div class=\"row patara-gallery-items isotope-items-wrap loadmore-wrapper-gallery\" data-load-item=\"10000000\" data-button-text=\"Load More\">\t\n\t\t\t\t\t\t\t\t\t\t\t\t\t\t\t\t\n\t\t\t\t\t<div class=\"col-md-4 patara-masonry-wrapper single-item isotope-item-gallery\">\t\n\t\t\t\t\t\t<div class=\"gallery-item\">\n\t\t\t\t\t\t\t<div class=\"img-card\">\n\t\t\t\t\t\t\t\t<a href=\"https:\/\/www.hotelsantandrea.com\/wp-content\/uploads\/2026\/01\/CIBO.jpg\"  class=\"img-zoom\">\n\t\t\t\t\t\t\t\t\t<div class=\"img-block\">\n\t\t\t\t\t\t\t\t\t\t<div class=\"wrapper-img\"> <img decoding=\"async\" src=\"https:\/\/www.hotelsantandrea.com\/wp-content\/uploads\/2026\/01\/CIBO.jpg\" alt=\"Zuppa di pesce e cozze in salsa di pomodoro, servita con crostini di pane\"  class=\"img-fluid mx-auto d-block\"> <\/div>\n\t\t\t\t\t\t\t\t\t\t\t\n\t\t\t\t\t\t\t\t\t<\/div>\t\t\t\t\t\t\t\t\t\n\t\t\t\t\t\t\t\t<\/a>\t\t\t\t\t\t\t\n\t\t\t\t\t\t\t<\/div>\n\t\t\t\t\t\t<\/div>\n\t\t\t\t\t<\/div>\n\t\t\t\t\t\n\t\t\t\t\t\t\t\t\t\t\t\t\t\t\t\t\n\t\t\t\t\t<div class=\"col-md-4 patara-masonry-wrapper single-item isotope-item-gallery\">\t\n\t\t\t\t\t\t<div class=\"gallery-item\">\n\t\t\t\t\t\t\t<div class=\"img-card\">\n\t\t\t\t\t\t\t\t<a href=\"https:\/\/www.hotelsantandrea.com\/wp-content\/uploads\/2026\/01\/CIBO4.jpg\"  class=\"img-zoom\">\n\t\t\t\t\t\t\t\t\t<div class=\"img-block\">\n\t\t\t\t\t\t\t\t\t\t<div class=\"wrapper-img\"> <img decoding=\"async\" src=\"https:\/\/www.hotelsantandrea.com\/wp-content\/uploads\/2026\/01\/CIBO4.jpg\" alt=\"Antipasto di pesce con acciughe, polpo, verdure e salse, presentato in modo elegante\"  class=\"img-fluid mx-auto d-block\"> <\/div>\n\t\t\t\t\t\t\t\t\t\t\t\n\t\t\t\t\t\t\t\t\t<\/div>\t\t\t\t\t\t\t\t\t\n\t\t\t\t\t\t\t\t<\/a>\t\t\t\t\t\t\t\n\t\t\t\t\t\t\t<\/div>\n\t\t\t\t\t\t<\/div>\n\t\t\t\t\t<\/div>\n\t\t\t\t\t\n\t\t\t\t\t\t\t\t\t\t\t\t\t\t\t\t\n\t\t\t\t\t<div class=\"col-md-4 patara-masonry-wrapper single-item isotope-item-gallery\">\t\n\t\t\t\t\t\t<div class=\"gallery-item\">\n\t\t\t\t\t\t\t<div class=\"img-card\">\n\t\t\t\t\t\t\t\t<a href=\"https:\/\/www.hotelsantandrea.com\/wp-content\/uploads\/2026\/01\/cibo2.jpg\"  class=\"img-zoom\">\n\t\t\t\t\t\t\t\t\t<div class=\"img-block\">\n\t\t\t\t\t\t\t\t\t\t<div class=\"wrapper-img\"> <img decoding=\"async\" src=\"https:\/\/www.hotelsantandrea.com\/wp-content\/uploads\/2026\/01\/cibo2.jpg\" alt=\"\"  class=\"img-fluid mx-auto d-block\"> <\/div>\n\t\t\t\t\t\t\t\t\t\t\t\n\t\t\t\t\t\t\t\t\t<\/div>\t\t\t\t\t\t\t\t\t\n\t\t\t\t\t\t\t\t<\/a>\t\t\t\t\t\t\t\n\t\t\t\t\t\t\t<\/div>\n\t\t\t\t\t\t<\/div>\n\t\t\t\t\t<\/div>\n\t\t\t\t\t\n\t\t\t\t\t\t\t\t\t\t\t\t\t\t\t\t\n\t\t\t\t\t<div class=\"col-md-3 patara-masonry-wrapper single-item isotope-item-gallery\">\t\n\t\t\t\t\t\t<div class=\"gallery-item\">\n\t\t\t\t\t\t\t<div class=\"img-card\">\n\t\t\t\t\t\t\t\t<a href=\"https:\/\/www.hotelsantandrea.com\/wp-content\/uploads\/2026\/01\/piatto.jpg\"  class=\"img-zoom\">\n\t\t\t\t\t\t\t\t\t<div class=\"img-block\">\n\t\t\t\t\t\t\t\t\t\t<div class=\"wrapper-img\"> <img decoding=\"async\" src=\"https:\/\/www.hotelsantandrea.com\/wp-content\/uploads\/2026\/01\/piatto.jpg\" alt=\"Antipasto di mare con polpo, calamaro e gamberi, accompagnato da verdure e crostini\"  class=\"img-fluid mx-auto d-block\"> <\/div>\n\t\t\t\t\t\t\t\t\t\t\t\n\t\t\t\t\t\t\t\t\t<\/div>\t\t\t\t\t\t\t\t\t\n\t\t\t\t\t\t\t\t<\/a>\t\t\t\t\t\t\t\n\t\t\t\t\t\t\t<\/div>\n\t\t\t\t\t\t<\/div>\n\t\t\t\t\t<\/div>\n\t\t\t\t\t\n\t\t\t\t\t\t\t\t\t\t\t\t\t\t\t\t\n\t\t\t\t\t<div class=\"col-md-3 patara-masonry-wrapper single-item isotope-item-gallery\">\t\n\t\t\t\t\t\t<div class=\"gallery-item\">\n\t\t\t\t\t\t\t<div class=\"img-card\">\n\t\t\t\t\t\t\t\t<a href=\"https:\/\/www.hotelsantandrea.com\/wp-content\/uploads\/2026\/01\/CIBO5.jpg\"  class=\"img-zoom\">\n\t\t\t\t\t\t\t\t\t<div class=\"img-block\">\n\t\t\t\t\t\t\t\t\t\t<div class=\"wrapper-img\"> <img decoding=\"async\" src=\"https:\/\/www.hotelsantandrea.com\/wp-content\/uploads\/2026\/01\/CIBO5.jpg\" alt=\"Dettaglio di verdure fresche tagliate artisticamente\"  class=\"img-fluid mx-auto d-block\"> <\/div>\n\t\t\t\t\t\t\t\t\t\t\t\n\t\t\t\t\t\t\t\t\t<\/div>\t\t\t\t\t\t\t\t\t\n\t\t\t\t\t\t\t\t<\/a>\t\t\t\t\t\t\t\n\t\t\t\t\t\t\t<\/div>\n\t\t\t\t\t\t<\/div>\n\t\t\t\t\t<\/div>\n\t\t\t\t\t\n\t\t\t\t\t\t\t\t\t\t\t\t\t\t\t\t\n\t\t\t\t\t<div class=\"col-md-3 patara-masonry-wrapper single-item isotope-item-gallery\">\t\n\t\t\t\t\t\t<div class=\"gallery-item\">\n\t\t\t\t\t\t\t<div class=\"img-card\">\n\t\t\t\t\t\t\t\t<a href=\"https:\/\/www.hotelsantandrea.com\/wp-content\/uploads\/2026\/01\/cibo3.jpg\"  class=\"img-zoom\">\n\t\t\t\t\t\t\t\t\t<div class=\"img-block\">\n\t\t\t\t\t\t\t\t\t\t<div class=\"wrapper-img\"> <img decoding=\"async\" src=\"https:\/\/www.hotelsantandrea.com\/wp-content\/uploads\/2026\/01\/cibo3.jpg\" alt=\"Impepata di cozze\"  class=\"img-fluid mx-auto d-block\"> <\/div>\n\t\t\t\t\t\t\t\t\t\t\t\n\t\t\t\t\t\t\t\t\t<\/div>\t\t\t\t\t\t\t\t\t\n\t\t\t\t\t\t\t\t<\/a>\t\t\t\t\t\t\t\n\t\t\t\t\t\t\t<\/div>\n\t\t\t\t\t\t<\/div>\n\t\t\t\t\t<\/div>\n\t\t\t\t\t\n\t\t\t\t\t\t\t\t\t\t\t\t\t\t\t\t\n\t\t\t\t\t<div class=\"col-md-3 patara-masonry-wrapper single-item isotope-item-gallery\">\t\n\t\t\t\t\t\t<div class=\"gallery-item\">\n\t\t\t\t\t\t\t<div class=\"img-card\">\n\t\t\t\t\t\t\t\t<a href=\"https:\/\/www.hotelsantandrea.com\/wp-content\/uploads\/2026\/01\/cibo1-1.jpg\"  class=\"img-zoom\">\n\t\t\t\t\t\t\t\t\t<div class=\"img-block\">\n\t\t\t\t\t\t\t\t\t\t<div class=\"wrapper-img\"> <img decoding=\"async\" src=\"https:\/\/www.hotelsantandrea.com\/wp-content\/uploads\/2026\/01\/cibo1-1.jpg\" alt=\"Calamari scottati in padella su crema, guarniti con rosmarino e olio extravergine\"  class=\"img-fluid mx-auto d-block\"> <\/div>\n\t\t\t\t\t\t\t\t\t\t\t\n\t\t\t\t\t\t\t\t\t<\/div>\t\t\t\t\t\t\t\t\t\n\t\t\t\t\t\t\t\t<\/a>\t\t\t\t\t\t\t\n\t\t\t\t\t\t\t<\/div>\n\t\t\t\t\t\t<\/div>\n\t\t\t\t\t<\/div>\n\t\t\t\t\t\n\t\t\t\t\t\t\t\t\t\t\t\t\t\t\t\t\n\t\t\t\t\t<div class=\"col-md-6 patara-masonry-wrapper single-item isotope-item-gallery\">\t\n\t\t\t\t\t\t<div class=\"gallery-item\">\n\t\t\t\t\t\t\t<div class=\"img-card\">\n\t\t\t\t\t\t\t\t<a href=\"https:\/\/www.hotelsantandrea.com\/wp-content\/uploads\/2025\/12\/ristorante-saletta-2-h-santandrea.jpg\"  class=\"img-zoom\">\n\t\t\t\t\t\t\t\t\t<div class=\"img-block\">\n\t\t\t\t\t\t\t\t\t\t<div class=\"wrapper-img\"> <img decoding=\"async\" src=\"https:\/\/www.hotelsantandrea.com\/wp-content\/uploads\/2025\/12\/ristorante-saletta-2-h-santandrea.jpg\" alt=\"\"  class=\"img-fluid mx-auto d-block\"> <\/div>\n\t\t\t\t\t\t\t\t\t\t\t\n\t\t\t\t\t\t\t\t\t<\/div>\t\t\t\t\t\t\t\t\t\n\t\t\t\t\t\t\t\t<\/a>\t\t\t\t\t\t\t\n\t\t\t\t\t\t\t<\/div>\n\t\t\t\t\t\t<\/div>\n\t\t\t\t\t<\/div>\n\t\t\t\t\t\n\t\t\t\t\t\t\t\t\t\t\t\t\t\t\t\t\n\t\t\t\t\t<div class=\"col-md-6 patara-masonry-wrapper single-item isotope-item-gallery\">\t\n\t\t\t\t\t\t<div class=\"gallery-item\">\n\t\t\t\t\t\t\t<div class=\"img-card\">\n\t\t\t\t\t\t\t\t<a href=\"https:\/\/www.hotelsantandrea.com\/wp-content\/uploads\/2025\/12\/ristorante-da-sauro-saletta-6.jpg\"  class=\"img-zoom\">\n\t\t\t\t\t\t\t\t\t<div class=\"img-block\">\n\t\t\t\t\t\t\t\t\t\t<div class=\"wrapper-img\"> <img decoding=\"async\" src=\"https:\/\/www.hotelsantandrea.com\/wp-content\/uploads\/2025\/12\/ristorante-da-sauro-saletta-6.jpg\" alt=\"Saletta del ristorante &quot;Da Sauro&quot; all&#039;interno dell&#039;Hotel Sant&#039;Andrea\"  class=\"img-fluid mx-auto d-block\"> <\/div>\n\t\t\t\t\t\t\t\t\t\t\t\n\t\t\t\t\t\t\t\t\t<\/div>\t\t\t\t\t\t\t\t\t\n\t\t\t\t\t\t\t\t<\/a>\t\t\t\t\t\t\t\n\t\t\t\t\t\t\t<\/div>\n\t\t\t\t\t\t<\/div>\n\t\t\t\t\t<\/div>\n\t\t\t\t\t\n\t\t\t\t\t\t\t\t\t\t\t\t\t\t\t\t\n\t\t\t\t\t<div class=\"col-md-4 patara-masonry-wrapper single-item isotope-item-gallery\">\t\n\t\t\t\t\t\t<div class=\"gallery-item\">\n\t\t\t\t\t\t\t<div class=\"img-card\">\n\t\t\t\t\t\t\t\t<a href=\"https:\/\/www.hotelsantandrea.com\/wp-content\/uploads\/2025\/12\/ristorante-da-sauro-saletta-9.jpg\"  class=\"img-zoom\">\n\t\t\t\t\t\t\t\t\t<div class=\"img-block\">\n\t\t\t\t\t\t\t\t\t\t<div class=\"wrapper-img\"> <img decoding=\"async\" src=\"https:\/\/www.hotelsantandrea.com\/wp-content\/uploads\/2025\/12\/ristorante-da-sauro-saletta-9.jpg\" alt=\"Saletta del ristorante &quot;Da Sauro&quot; all&#039;interno dell&#039;Hotel Sant&#039;Andrea\"  class=\"img-fluid mx-auto d-block\"> <\/div>\n\t\t\t\t\t\t\t\t\t\t\t\n\t\t\t\t\t\t\t\t\t<\/div>\t\t\t\t\t\t\t\t\t\n\t\t\t\t\t\t\t\t<\/a>\t\t\t\t\t\t\t\n\t\t\t\t\t\t\t<\/div>\n\t\t\t\t\t\t<\/div>\n\t\t\t\t\t<\/div>\n\t\t\t\t\t\n\t\t\t\t\t\t\t\t\t\t\t\t\t\t\t\t\n\t\t\t\t\t<div class=\"col-md-4 patara-masonry-wrapper single-item isotope-item-gallery\">\t\n\t\t\t\t\t\t<div class=\"gallery-item\">\n\t\t\t\t\t\t\t<div class=\"img-card\">\n\t\t\t\t\t\t\t\t<a href=\"https:\/\/www.hotelsantandrea.com\/wp-content\/uploads\/2025\/12\/ristorante-da-sauro-saletta-7.jpg\"  class=\"img-zoom\">\n\t\t\t\t\t\t\t\t\t<div class=\"img-block\">\n\t\t\t\t\t\t\t\t\t\t<div class=\"wrapper-img\"> <img decoding=\"async\" src=\"https:\/\/www.hotelsantandrea.com\/wp-content\/uploads\/2025\/12\/ristorante-da-sauro-saletta-7.jpg\" alt=\"Saletta del ristorante &quot;Da Sauro&quot; all&#039;interno dell&#039;Hotel Sant&#039;Andrea\"  class=\"img-fluid mx-auto d-block\"> <\/div>\n\t\t\t\t\t\t\t\t\t\t\t\n\t\t\t\t\t\t\t\t\t<\/div>\t\t\t\t\t\t\t\t\t\n\t\t\t\t\t\t\t\t<\/a>\t\t\t\t\t\t\t\n\t\t\t\t\t\t\t<\/div>\n\t\t\t\t\t\t<\/div>\n\t\t\t\t\t<\/div>\n\t\t\t\t\t\n\t\t\t\t\t\t\t\t\t\t\t\t\t\t\t\t\n\t\t\t\t\t<div class=\"col-md-4 patara-masonry-wrapper single-item isotope-item-gallery\">\t\n\t\t\t\t\t\t<div class=\"gallery-item\">\n\t\t\t\t\t\t\t<div class=\"img-card\">\n\t\t\t\t\t\t\t\t<a href=\"https:\/\/www.hotelsantandrea.com\/wp-content\/uploads\/2025\/12\/ristorante-da-sauro-saletta-8.jpg\"  class=\"img-zoom\">\n\t\t\t\t\t\t\t\t\t<div class=\"img-block\">\n\t\t\t\t\t\t\t\t\t\t<div class=\"wrapper-img\"> <img decoding=\"async\" src=\"https:\/\/www.hotelsantandrea.com\/wp-content\/uploads\/2025\/12\/ristorante-da-sauro-saletta-8.jpg\" alt=\"Saletta del ristorante &quot;Da Sauro&quot; all&#039;interno dell&#039;Hotel Sant&#039;Andrea\"  class=\"img-fluid mx-auto d-block\"> <\/div>\n\t\t\t\t\t\t\t\t\t\t\t\n\t\t\t\t\t\t\t\t\t<\/div>\t\t\t\t\t\t\t\t\t\n\t\t\t\t\t\t\t\t<\/a>\t\t\t\t\t\t\t\n\t\t\t\t\t\t\t<\/div>\n\t\t\t\t\t\t<\/div>\n\t\t\t\t\t<\/div>\n\t\t\t\t\t\n\t\t\t\t\t\n\t\t\t<\/div>\t\t\t\t\n\t\t\t<\/div>\t\t\t\t\n\t\t<\/div>\t\t\t\t\n\n        \t\t\t\t<\/div>\n\t\t\t\t<\/div>\n\t\t\t\t<\/div>\n\t\t\t\t\t<\/div>\n\t\t\t\t<\/div>\n\t\t\t\t<\/div>\n\t\t","protected":false},"excerpt":{"rendered":"<p>Restaurant Da Sauro D\u00eener avec vue sur la mer et cuisine locale Dans notre jardin avec vue sur la mer, sous la pergola ext\u00e9rieure, chaque soir le restaurant \u00ab Da Sauro \u00bb vous accueille dans une atmosph\u00e8re calme et d\u00e9tendue, o\u00f9 vous pourrez savourer d\u2019excellents plats et vous sentir comme chez vous. Le restaurant est ouvert \u00e9galement pour les clients<\/p>\n","protected":false},"author":2,"featured_media":0,"parent":0,"menu_order":0,"comment_status":"closed","ping_status":"closed","template":"","meta":{"footnotes":"","_links_to":"","_links_to_target":""},"class_list":["post-4968","page","type-page","status-publish","hentry"],"meta_box":[],"_links":{"self":[{"href":"https:\/\/www.hotelsantandrea.com\/fr\/wp-json\/wp\/v2\/pages\/4968","targetHints":{"allow":["GET"]}}],"collection":[{"href":"https:\/\/www.hotelsantandrea.com\/fr\/wp-json\/wp\/v2\/pages"}],"about":[{"href":"https:\/\/www.hotelsantandrea.com\/fr\/wp-json\/wp\/v2\/types\/page"}],"author":[{"embeddable":true,"href":"https:\/\/www.hotelsantandrea.com\/fr\/wp-json\/wp\/v2\/users\/2"}],"replies":[{"embeddable":true,"href":"https:\/\/www.hotelsantandrea.com\/fr\/wp-json\/wp\/v2\/comments?post=4968"}],"version-history":[{"count":4,"href":"https:\/\/www.hotelsantandrea.com\/fr\/wp-json\/wp\/v2\/pages\/4968\/revisions"}],"predecessor-version":[{"id":6301,"href":"https:\/\/www.hotelsantandrea.com\/fr\/wp-json\/wp\/v2\/pages\/4968\/revisions\/6301"}],"wp:attachment":[{"href":"https:\/\/www.hotelsantandrea.com\/fr\/wp-json\/wp\/v2\/media?parent=4968"}],"curies":[{"name":"wp","href":"https:\/\/api.w.org\/{rel}","templated":true}]}}