{"id":4692,"date":"2025-12-03T09:56:23","date_gmt":"2025-12-03T08:56:23","guid":{"rendered":"http:\/\/santandrea.youelba.com\/matrimoni-cerimonie-ed-eventi\/"},"modified":"2026-03-06T12:51:59","modified_gmt":"2026-03-06T11:51:59","slug":"mariages-ceremonies-et-evenements","status":"publish","type":"page","link":"https:\/\/www.hotelsantandrea.com\/fr\/mariages-ceremonies-et-evenements\/","title":{"rendered":"Mariages, c\u00e9r\u00e9monies et \u00e9v\u00e9nements"},"content":{"rendered":"\t\t<div data-elementor-type=\"wp-page\" data-elementor-id=\"4692\" class=\"elementor elementor-4692 elementor-3440\">\n\t\t\t\t<div class=\"elementor-element elementor-element-db5600b e-con-full e-flex e-con e-parent\" data-id=\"db5600b\" data-element_type=\"container\" data-e-type=\"container\" data-settings=\"{&quot;background_background&quot;:&quot;classic&quot;}\">\n\t\t\t\t<div class=\"elementor-element elementor-element-82539b8 elementor-widget elementor-widget-patara-banner-image\" data-id=\"82539b8\" data-element_type=\"widget\" data-e-type=\"widget\" data-widget_type=\"patara-banner-image.default\">\n\t\t\t\t<div class=\"elementor-widget-container\">\n\t\t\t\t\t\t\t\n\t<!-- Header Banner -->\n\t<header class=\"header\">\n\n\t\t\t\t<div class=\"banner-header full-height valign bg-img bg-fixed text-center\" data-overlay-dark=\"3\" data-background=\"https:\/\/www.hotelsantandrea.com\/wp-content\/uploads\/2026\/01\/allestimento-matrimonio.jpg\">\n\t\t\t\t\t\t\t\t\t\t\t\t<div class=\"container\">\n\t\t\t\t\t<div class=\"row\">\n\t\t\t\t\t\t<div class=\"col-md-12 offset-0\">\n\t\t\t\t\t\t\t<div class=\"caption\">\n\n\t\t\t\t\t\t\t\t\t\t\t\t\t\t\t\t\n\t\t\t\t\t\t\t\t\n\t\t\t\t\t\t\t\t\t\t\t\t\t\t\t\t<h4 class=\"pt-slider-title1-class\">O\u00f9 chaque \u00e9motion prend forme<\/h4>\n\t\t\t\t\t\t\t\t\t\t\t\t\t\t\t\t\t\t\t\t\t\t\t\t<h1 class=\"pt-slider-title2-class\">Mariages, C\u00e9r\u00e9monies et \u00c9v\u00e9nements<\/h1>\n\t\t\t\t\t\t\t\t\t\t\t\t\t\t\t\t\t\t\t\t\t\t\t<\/div>\t\t\t\t\t\t\n\t\t\t\t\t\t<\/div>\t\t\t\t\t\t\n\t\t\t\t\t<\/div>\n\t\t\t\t<\/div>\n\t\t\t\t\t\t\t\t<!-- button scroll -->\n\t\t\t\t<a href=\"#contact\" data-scroll-nav=\"1\" class=\"mouse smoothscroll\">\n\t\t\t\t\t<span class=\"mouse-icon\">\n\t\t\t\t\t\t<span class=\"mouse-wheel\"><\/span>\n\t\t\t\t\t<\/span>\n\t\t\t\t<\/a>\t\n\t\t\t\t\t\t\t\t\t\n\t\t\t\t\t\t\n        <\/div>\t\t\t\n\t<\/header>\t\t\n\t\t\t\n    \t\t\t\t<\/div>\n\t\t\t\t<\/div>\n\t\t\t\t<\/div>\n\t\t<div class=\"elementor-element elementor-element-899a3a2 e-flex e-con-boxed e-con e-parent\" data-id=\"899a3a2\" data-element_type=\"container\" data-e-type=\"container\" id=\"spa\" data-settings=\"{&quot;background_background&quot;:&quot;classic&quot;}\">\n\t\t\t\t\t<div class=\"e-con-inner\">\n\t\t<div class=\"elementor-element elementor-element-064a9ce e-con-full e-flex e-con e-child\" data-id=\"064a9ce\" data-element_type=\"container\" data-e-type=\"container\">\n\t\t\t\t<div class=\"elementor-element elementor-element-6e5a690 elementor-widget elementor-widget-patara-title\" data-id=\"6e5a690\" data-element_type=\"widget\" data-e-type=\"widget\" data-widget_type=\"patara-title.default\">\n\t\t\t\t<div class=\"elementor-widget-container\">\n\t\t\t\t\t\t\t\n\t\t\n\t\t\t\t\t\t\t\n\t\t\t<h4 class=\"section-title black text-left\">Se marier \u00e0 l\u2019\u00eele d\u2019Elbe<\/h4>\t\t\t\t\n\t\t\t<div class=\"section-text text-left black\"><p><p>La vie nous offre des moments uniques et magiques, qui restent \u00e0 jamais dans nos c\u0153urs. L\u2019\u00cele d\u2019Elbe est le cadre id\u00e9al pour rendre le jour le plus important de votre vie inoubliable.<\/p><p>Chaque mari\u00e9e a toujours r\u00eav\u00e9 de son jour de mariage : la robe, les fleurs, l\u2019atmosph\u00e8re sp\u00e9ciale qui accompagne ce moment pr\u00e9cieux. Dans notre \u00e9tablissement, nous allions passion, exp\u00e9rience et attention aux d\u00e9tails pour organiser avec soin et d\u00e9vouement chaque aspect de votre grand jour.<\/p><p>Notre service \u201cC\u00e9r\u00e9monie\u201d propose une assistance compl\u00e8te \u00e0 360\u00b0, personnalis\u00e9e selon vos besoins. Ensemble, nous planifierons chaque d\u00e9tail de votre journ\u00e9e, du menu gourmet, con\u00e7u pour satisfaire les go\u00fbts de vos invit\u00e9s, \u00e0 la d\u00e9coration des espaces, avec compositions florales, ballons et d\u00e9corations de tout type, r\u00e9alis\u00e9s selon vos souhaits.<\/p><p>Pour les mariages avec c\u00e9r\u00e9monie civile, nous offrons la possibilit\u00e9 de c\u00e9l\u00e9brer votre union de diff\u00e9rentes mani\u00e8res : directement dans notre \u00e9tablissement, sur le ponton au bord de la mer, ou dans la mairie de Marciana, garantissant ainsi une exp\u00e9rience exclusive et personnalis\u00e9e.<\/p><p>Nous sommes pr\u00eates \u00e0 rendre votre journ\u00e9e exceptionnelle \u2026 et vous ?<\/p><\/p><\/div>\n        \n\t\t\t\n        \t\t\t\t<\/div>\n\t\t\t\t<\/div>\n\t\t\t\t<\/div>\n\t\t\t\t<div class=\"elementor-element elementor-element-e0d3cf6 elementor-widget elementor-widget-patara-title\" data-id=\"e0d3cf6\" data-element_type=\"widget\" data-e-type=\"widget\" data-widget_type=\"patara-title.default\">\n\t\t\t\t<div class=\"elementor-widget-container\">\n\t\t\t\t\t\t\t\n\t\t\n\t\t\t\t\t\t\t\n\t\t\t\t\t\t\t\n\t\t\t<div class=\"section-text text-right black\"><p><p><em>Selena, Elisa et Teresa<\/em><\/p><\/p><\/div>\n        \n\t\t\t\n        \t\t\t\t<\/div>\n\t\t\t\t<\/div>\n\t\t\t\t\t<\/div>\n\t\t\t\t<\/div>\n\t\t<div class=\"elementor-element elementor-element-e6545e7 e-flex e-con-boxed e-con e-parent\" data-id=\"e6545e7\" data-element_type=\"container\" data-e-type=\"container\" data-settings=\"{&quot;background_background&quot;:&quot;classic&quot;}\">\n\t\t\t\t\t<div class=\"e-con-inner\">\n\t\t<div class=\"elementor-element elementor-element-75710bd e-con-full e-flex e-con e-child\" data-id=\"75710bd\" data-element_type=\"container\" data-e-type=\"container\">\n\t\t\t\t<div class=\"elementor-element elementor-element-452c31a elementor-widget elementor-widget-patara-services-grid\" data-id=\"452c31a\" data-element_type=\"widget\" data-e-type=\"widget\" data-widget_type=\"patara-services-grid.default\">\n\t\t\t\t<div class=\"elementor-widget-container\">\n\t\t\t\t\t\t\t\n\t\t\t\t\n        \n\t\t\t<div class=\"sec-services services2\">\t\n\t\t\t\t\t\t\t\t<div class=\"services2 left\">\t\n\t\t\t\t\t<figure> <img decoding=\"async\" src=\"https:\/\/www.hotelsantandrea.com\/wp-content\/uploads\/2026\/01\/allestimento-matrimonio-3.jpg\" alt=\"\" class=\"img-fluid\" \/> <\/figure>\t\t\t\t\t\n\t\t\t\t\t<div class=\"caption padding-left\">\n\t\t\t\t\t\t\t\t\t\t\t\t<h4>Occasions sp\u00e9ciales et anniversaires<\/h4>\n\t\t\t\t\t\t\t\n\t\t\t\t\t\t\t\t\t\t\t\t<div class=\"section-text\"><p>Notre \u00e9tablissement est \u00e9galement id\u00e9al pour organiser des d\u00e9jeuners et d\u00eeners pour des occasions sp\u00e9ciales, anniversaires, communions, confirmations ou mariages. Chaque \u00e9v\u00e9nement est soigneusement pr\u00e9par\u00e9, de la s\u00e9lection des menus avec notre \u00e9quipe de cuisine et de p\u00e2tisserie aux d\u00e9corations cr\u00e9atives r\u00e9alis\u00e9es par Teresa, notre experte en design.<\/p><p>Chaque d\u00e9tail est pens\u00e9 pour offrir une exp\u00e9rience unique, \u00e9l\u00e9gante et inoubliable pour vous et vos invit\u00e9s.<\/p><\/div>\n\t\t\t\t\t\t\t\n\t\t\t\t\t\t\n\t\t\t\t\t\t\t\t\t\t\t\t\t\t\t\t\t\t    \n\t\t\t\t\t<\/div>\t\t\t\t\t\n\t\t\t\t<\/div>\t\t\t\t\t\n\t\t\t\t\t\t\t<\/div>\t\n\n        \t\t\n        \t\t\t\t<\/div>\n\t\t\t\t<\/div>\n\t\t\t\t<\/div>\n\t\t<div class=\"elementor-element elementor-element-30dd56b e-con-full e-flex e-con e-child\" data-id=\"30dd56b\" data-element_type=\"container\" data-e-type=\"container\">\n\t\t\t\t<div class=\"elementor-element elementor-element-4a49d7c elementor-widget elementor-widget-patara-list-icon\" data-id=\"4a49d7c\" data-element_type=\"widget\" data-e-type=\"widget\" data-widget_type=\"patara-list-icon.default\">\n\t\t\t\t<div class=\"elementor-widget-container\">\n\t\t\t\t\t\t\t\n\t\t<div class=\"sec-list\">\n\t\t\t<ul class=\"list-unstyled page-list\">\n\t\t\t\t\t\t\t\t\t<li>\n\t                    \t\t\t\t\t\t\t<div class=\"page-list-icon\"> \n\t\t\t\t\t\t\t\t<span class=\"ti-arrow-circle-right\"><\/span>\t\t\t\t\t\t\t\n\t\t\t\t\t\t    <\/div>\n\t\t\t\t\t\t\t\t\t\t\t\t<div class=\"page-list-text\">\n\t\t\t\t\t\t\t<p>Menus soigneusement \u00e9labor\u00e9s<\/p>\n\t\t\t\t\t\t<\/div>\t\t\t\t\t\n\t\t\t\t\t<\/li>\n\t\t\t\t\t\t\t\t\t<li>\n\t                    \t\t\t\t\t\t\t<div class=\"page-list-icon\"> \n\t\t\t\t\t\t\t\t<span class=\"ti-arrow-circle-right\"><\/span>\t\t\t\t\t\t\t\n\t\t\t\t\t\t    <\/div>\n\t\t\t\t\t\t\t\t\t\t\t\t<div class=\"page-list-text\">\n\t\t\t\t\t\t\t<p>Coiffeur<\/p>\n\t\t\t\t\t\t<\/div>\t\t\t\t\t\n\t\t\t\t\t<\/li>\n\t\t\t\t\t\t\t\t\t<li>\n\t                    \t\t\t\t\t\t\t<div class=\"page-list-icon\"> \n\t\t\t\t\t\t\t\t<span class=\"ti-arrow-circle-right\"><\/span>\t\t\t\t\t\t\t\n\t\t\t\t\t\t    <\/div>\n\t\t\t\t\t\t\t\t\t\t\t\t<div class=\"page-list-text\">\n\t\t\t\t\t\t\t<p>Pi\u00e8ce mont\u00e9e<\/p>\n\t\t\t\t\t\t<\/div>\t\t\t\t\t\n\t\t\t\t\t<\/li>\n\t\t\t\t\t\t\n\t\t\t<\/ul>\t\t\t\t\t\n\t\t<\/div>\n\t\t\n\t\t\t\n        \t\t\t\t<\/div>\n\t\t\t\t<\/div>\n\t\t\t\t<\/div>\n\t\t<div class=\"elementor-element elementor-element-60bdbaa e-con-full e-flex e-con e-child\" data-id=\"60bdbaa\" data-element_type=\"container\" data-e-type=\"container\">\n\t\t\t\t<div class=\"elementor-element elementor-element-cce119a elementor-widget elementor-widget-patara-list-icon\" data-id=\"cce119a\" data-element_type=\"widget\" data-e-type=\"widget\" data-widget_type=\"patara-list-icon.default\">\n\t\t\t\t<div class=\"elementor-widget-container\">\n\t\t\t\t\t\t\t\n\t\t<div class=\"sec-list\">\n\t\t\t<ul class=\"list-unstyled page-list\">\n\t\t\t\t\t\t\t\t\t<li>\n\t                    \t\t\t\t\t\t\t<div class=\"page-list-icon\"> \n\t\t\t\t\t\t\t\t<span class=\"ti-arrow-circle-right\"><\/span>\t\t\t\t\t\t\t\n\t\t\t\t\t\t    <\/div>\n\t\t\t\t\t\t\t\t\t\t\t\t<div class=\"page-list-text\">\n\t\t\t\t\t\t\t<p>Service photographique<\/p>\n\t\t\t\t\t\t<\/div>\t\t\t\t\t\n\t\t\t\t\t<\/li>\n\t\t\t\t\t\t\t\t\t<li>\n\t                    \t\t\t\t\t\t\t<div class=\"page-list-icon\"> \n\t\t\t\t\t\t\t\t<span class=\"ti-arrow-circle-right\"><\/span>\t\t\t\t\t\t\t\n\t\t\t\t\t\t    <\/div>\n\t\t\t\t\t\t\t\t\t\t\t\t<div class=\"page-list-text\">\n\t\t\t\t\t\t\t<p>Suite offerte pour la premi\u00e8re nuit<\/p>\n\t\t\t\t\t\t<\/div>\t\t\t\t\t\n\t\t\t\t\t<\/li>\n\t\t\t\t\t\t\t\t\t<li>\n\t                    \t\t\t\t\t\t\t<div class=\"page-list-icon\"> \n\t\t\t\t\t\t\t\t<span class=\"ti-arrow-circle-right\"><\/span>\t\t\t\t\t\t\t\n\t\t\t\t\t\t    <\/div>\n\t\t\t\t\t\t\t\t\t\t\t\t<div class=\"page-list-text\">\n\t\t\t\t\t\t\t<p>D\u00e9coration de la salle<\/p>\n\t\t\t\t\t\t<\/div>\t\t\t\t\t\n\t\t\t\t\t<\/li>\n\t\t\t\t\t\t\n\t\t\t<\/ul>\t\t\t\t\t\n\t\t<\/div>\n\t\t\n\t\t\t\n        \t\t\t\t<\/div>\n\t\t\t\t<\/div>\n\t\t\t\t<\/div>\n\t\t<div class=\"elementor-element elementor-element-9adf06c e-con-full e-flex e-con e-child\" data-id=\"9adf06c\" data-element_type=\"container\" data-e-type=\"container\">\n\t\t\t\t<div class=\"elementor-element elementor-element-abb5ac0 elementor-widget elementor-widget-patara-list-icon\" data-id=\"abb5ac0\" data-element_type=\"widget\" data-e-type=\"widget\" data-widget_type=\"patara-list-icon.default\">\n\t\t\t\t<div class=\"elementor-widget-container\">\n\t\t\t\t\t\t\t\n\t\t<div class=\"sec-list\">\n\t\t\t<ul class=\"list-unstyled page-list\">\n\t\t\t\t\t\t\t\t\t<li>\n\t                    \t\t\t\t\t\t\t<div class=\"page-list-icon\"> \n\t\t\t\t\t\t\t\t<span class=\"ti-arrow-circle-right\"><\/span>\t\t\t\t\t\t\t\n\t\t\t\t\t\t    <\/div>\n\t\t\t\t\t\t\t\t\t\t\t\t<div class=\"page-list-text\">\n\t\t\t\t\t\t\t<p>C\u00e9r\u00e9monie du sable<\/p>\n\t\t\t\t\t\t<\/div>\t\t\t\t\t\n\t\t\t\t\t<\/li>\n\t\t\t\t\t\t\t\t\t<li>\n\t                    \t\t\t\t\t\t\t<div class=\"page-list-icon\"> \n\t\t\t\t\t\t\t\t<span class=\"ti-arrow-circle-right\"><\/span>\t\t\t\t\t\t\t\n\t\t\t\t\t\t    <\/div>\n\t\t\t\t\t\t\t\t\t\t\t\t<div class=\"page-list-text\">\n\t\t\t\t\t\t\t<p>Accompagnement musical<\/p>\n\t\t\t\t\t\t<\/div>\t\t\t\t\t\n\t\t\t\t\t<\/li>\n\t\t\t\t\t\t\t\t\t<li>\n\t                    \t\t\t\t\t\t\t<div class=\"page-list-icon\"> \n\t\t\t\t\t\t\t\t<span class=\"ti-arrow-circle-right\"><\/span>\t\t\t\t\t\t\t\n\t\t\t\t\t\t    <\/div>\n\t\t\t\t\t\t\t\t\t\t\t\t<div class=\"page-list-text\">\n\t\t\t\t\t\t\t<p>Communication directe avec la commune de Marciana<\/p>\n\t\t\t\t\t\t<\/div>\t\t\t\t\t\n\t\t\t\t\t<\/li>\n\t\t\t\t\t\t\n\t\t\t<\/ul>\t\t\t\t\t\n\t\t<\/div>\n\t\t\n\t\t\t\n        \t\t\t\t<\/div>\n\t\t\t\t<\/div>\n\t\t\t\t<\/div>\n\t\t<div class=\"elementor-element elementor-element-a220e17 e-con-full e-flex e-con e-child\" data-id=\"a220e17\" data-element_type=\"container\" data-e-type=\"container\">\n\t\t\t\t<div class=\"elementor-element elementor-element-f76fd1c elementor-widget elementor-widget-patara-list-icon\" data-id=\"f76fd1c\" data-element_type=\"widget\" data-e-type=\"widget\" data-widget_type=\"patara-list-icon.default\">\n\t\t\t\t<div class=\"elementor-widget-container\">\n\t\t\t\t\t\t\t\n\t\t<div class=\"sec-list\">\n\t\t\t<ul class=\"list-unstyled page-list\">\n\t\t\t\t\t\t\t\t\t<li>\n\t                    \t\t\t\t\t\t\t<div class=\"page-list-icon\"> \n\t\t\t\t\t\t\t\t<span class=\"ti-arrow-circle-right\"><\/span>\t\t\t\t\t\t\t\n\t\t\t\t\t\t    <\/div>\n\t\t\t\t\t\t\t\t\t\t\t\t<div class=\"page-list-text\">\n\t\t\t\t\t\t\t<p>C\u00e9r\u00e9monies civiles directement face \u00e0 la mer ou dans la forteresse pisane de Marciana<\/p>\n\t\t\t\t\t\t<\/div>\t\t\t\t\t\n\t\t\t\t\t<\/li>\n\t\t\t\t\t\t\t\t\t<li>\n\t                    \t\t\t\t\t\t\t<div class=\"page-list-icon\"> \n\t\t\t\t\t\t\t\t<span class=\"ti-arrow-circle-right\"><\/span>\t\t\t\t\t\t\t\n\t\t\t\t\t\t    <\/div>\n\t\t\t\t\t\t\t\t\t\t\t\t<div class=\"page-list-text\">\n\t\t\t\t\t\t\t<p>C\u00e9r\u00e9monie des bougies avec \u00e9change de promesses<\/p>\n\t\t\t\t\t\t<\/div>\t\t\t\t\t\n\t\t\t\t\t<\/li>\n\t\t\t\t\t\t\n\t\t\t<\/ul>\t\t\t\t\t\n\t\t<\/div>\n\t\t\n\t\t\t\n        \t\t\t\t<\/div>\n\t\t\t\t<\/div>\n\t\t\t\t<\/div>\n\t\t\t\t\t<\/div>\n\t\t\t\t<\/div>\n\t\t<div class=\"elementor-element elementor-element-d5a3291 e-flex e-con-boxed e-con e-child\" data-id=\"d5a3291\" data-element_type=\"container\" data-e-type=\"container\">\n\t\t\t\t\t<div class=\"e-con-inner\">\n\t\t\t\t<div class=\"elementor-element elementor-element-0a9ce10 elementor-widget elementor-widget-patara-gallery\" data-id=\"0a9ce10\" data-element_type=\"widget\" data-e-type=\"widget\" data-widget_type=\"patara-gallery.default\">\n\t\t\t\t<div class=\"elementor-widget-container\">\n\t\t\t\t\t\t\t\t\t<div class=\"sec-gallery\">\n\t\t\t<div class=\"container-after-gallery\">\n\t\t\t<div class=\"row patara-gallery-items isotope-items-wrap loadmore-wrapper-gallery\" data-load-item=\"10000000\" data-button-text=\"Load More\">\t\n\t\t\t\t\t\t\t\t\t\t\t\t\t\t\t\t\n\t\t\t\t\t<div class=\"col-md-4 patara-masonry-wrapper single-item isotope-item-gallery\">\t\n\t\t\t\t\t\t<div class=\"gallery-item\">\n\t\t\t\t\t\t\t<div class=\"img-card\">\n\t\t\t\t\t\t\t\t<a href=\"https:\/\/www.hotelsantandrea.com\/wp-content\/uploads\/2026\/01\/allestimento-matrimonio-2.jpg\"  class=\"img-zoom\">\n\t\t\t\t\t\t\t\t\t<div class=\"img-block\">\n\t\t\t\t\t\t\t\t\t\t<div class=\"wrapper-img\"> <img decoding=\"async\" src=\"https:\/\/www.hotelsantandrea.com\/wp-content\/uploads\/2026\/01\/allestimento-matrimonio-2.jpg\" alt=\"\"  class=\"img-fluid mx-auto d-block\"> <\/div>\n\t\t\t\t\t\t\t\t\t\t\t\n\t\t\t\t\t\t\t\t\t<\/div>\t\t\t\t\t\t\t\t\t\n\t\t\t\t\t\t\t\t<\/a>\t\t\t\t\t\t\t\n\t\t\t\t\t\t\t<\/div>\n\t\t\t\t\t\t<\/div>\n\t\t\t\t\t<\/div>\n\t\t\t\t\t\n\t\t\t\t\t\t\t\t\t\t\t\t\t\t\t\t\n\t\t\t\t\t<div class=\"col-md-4 patara-masonry-wrapper single-item isotope-item-gallery\">\t\n\t\t\t\t\t\t<div class=\"gallery-item\">\n\t\t\t\t\t\t\t<div class=\"img-card\">\n\t\t\t\t\t\t\t\t<a href=\"https:\/\/www.hotelsantandrea.com\/wp-content\/uploads\/2026\/01\/allestimento-matrimonio-4.jpg\"  class=\"img-zoom\">\n\t\t\t\t\t\t\t\t\t<div class=\"img-block\">\n\t\t\t\t\t\t\t\t\t\t<div class=\"wrapper-img\"> <img decoding=\"async\" src=\"https:\/\/www.hotelsantandrea.com\/wp-content\/uploads\/2026\/01\/allestimento-matrimonio-4.jpg\" alt=\"\"  class=\"img-fluid mx-auto d-block\"> <\/div>\n\t\t\t\t\t\t\t\t\t\t\t\n\t\t\t\t\t\t\t\t\t<\/div>\t\t\t\t\t\t\t\t\t\n\t\t\t\t\t\t\t\t<\/a>\t\t\t\t\t\t\t\n\t\t\t\t\t\t\t<\/div>\n\t\t\t\t\t\t<\/div>\n\t\t\t\t\t<\/div>\n\t\t\t\t\t\n\t\t\t\t\t\t\t\t\t\t\t\t\t\t\t\t\n\t\t\t\t\t<div class=\"col-md-4 patara-masonry-wrapper single-item isotope-item-gallery\">\t\n\t\t\t\t\t\t<div class=\"gallery-item\">\n\t\t\t\t\t\t\t<div class=\"img-card\">\n\t\t\t\t\t\t\t\t<a href=\"https:\/\/www.hotelsantandrea.com\/wp-content\/uploads\/2026\/01\/allestimento-matrimonio-5.jpg\"  class=\"img-zoom\">\n\t\t\t\t\t\t\t\t\t<div class=\"img-block\">\n\t\t\t\t\t\t\t\t\t\t<div class=\"wrapper-img\"> <img decoding=\"async\" src=\"https:\/\/www.hotelsantandrea.com\/wp-content\/uploads\/2026\/01\/allestimento-matrimonio-5.jpg\" alt=\"\"  class=\"img-fluid mx-auto d-block\"> <\/div>\n\t\t\t\t\t\t\t\t\t\t\t\n\t\t\t\t\t\t\t\t\t<\/div>\t\t\t\t\t\t\t\t\t\n\t\t\t\t\t\t\t\t<\/a>\t\t\t\t\t\t\t\n\t\t\t\t\t\t\t<\/div>\n\t\t\t\t\t\t<\/div>\n\t\t\t\t\t<\/div>\n\t\t\t\t\t\n\t\t\t\t\t\t\t\t\t\t\t\t\t\t\t\t\n\t\t\t\t\t<div class=\"col-md-3 patara-masonry-wrapper single-item isotope-item-gallery\">\t\n\t\t\t\t\t\t<div class=\"gallery-item\">\n\t\t\t\t\t\t\t<div class=\"img-card\">\n\t\t\t\t\t\t\t\t<a href=\"https:\/\/www.hotelsantandrea.com\/wp-content\/uploads\/2026\/01\/BATTESIMO2.jpg\"  class=\"img-zoom\">\n\t\t\t\t\t\t\t\t\t<div class=\"img-block\">\n\t\t\t\t\t\t\t\t\t\t<div class=\"wrapper-img\"> <img decoding=\"async\" src=\"https:\/\/www.hotelsantandrea.com\/wp-content\/uploads\/2026\/01\/BATTESIMO2.jpg\" alt=\"\"  class=\"img-fluid mx-auto d-block\"> <\/div>\n\t\t\t\t\t\t\t\t\t\t\t\n\t\t\t\t\t\t\t\t\t<\/div>\t\t\t\t\t\t\t\t\t\n\t\t\t\t\t\t\t\t<\/a>\t\t\t\t\t\t\t\n\t\t\t\t\t\t\t<\/div>\n\t\t\t\t\t\t<\/div>\n\t\t\t\t\t<\/div>\n\t\t\t\t\t\n\t\t\t\t\t\t\t\t\t\t\t\t\t\t\t\t\n\t\t\t\t\t<div class=\"col-md-3 patara-masonry-wrapper single-item isotope-item-gallery\">\t\n\t\t\t\t\t\t<div class=\"gallery-item\">\n\t\t\t\t\t\t\t<div class=\"img-card\">\n\t\t\t\t\t\t\t\t<a href=\"https:\/\/www.hotelsantandrea.com\/wp-content\/uploads\/2026\/01\/BATTESIMO3.jpg\"  class=\"img-zoom\">\n\t\t\t\t\t\t\t\t\t<div class=\"img-block\">\n\t\t\t\t\t\t\t\t\t\t<div class=\"wrapper-img\"> <img decoding=\"async\" src=\"https:\/\/www.hotelsantandrea.com\/wp-content\/uploads\/2026\/01\/BATTESIMO3.jpg\" alt=\"\"  class=\"img-fluid mx-auto d-block\"> <\/div>\n\t\t\t\t\t\t\t\t\t\t\t\n\t\t\t\t\t\t\t\t\t<\/div>\t\t\t\t\t\t\t\t\t\n\t\t\t\t\t\t\t\t<\/a>\t\t\t\t\t\t\t\n\t\t\t\t\t\t\t<\/div>\n\t\t\t\t\t\t<\/div>\n\t\t\t\t\t<\/div>\n\t\t\t\t\t\n\t\t\t\t\t\t\t\t\t\t\t\t\t\t\t\t\n\t\t\t\t\t<div class=\"col-md-3 patara-masonry-wrapper single-item isotope-item-gallery\">\t\n\t\t\t\t\t\t<div class=\"gallery-item\">\n\t\t\t\t\t\t\t<div class=\"img-card\">\n\t\t\t\t\t\t\t\t<a href=\"https:\/\/www.hotelsantandrea.com\/wp-content\/uploads\/2026\/01\/BATTESIMO.jpg\"  class=\"img-zoom\">\n\t\t\t\t\t\t\t\t\t<div class=\"img-block\">\n\t\t\t\t\t\t\t\t\t\t<div class=\"wrapper-img\"> <img decoding=\"async\" src=\"https:\/\/www.hotelsantandrea.com\/wp-content\/uploads\/2026\/01\/BATTESIMO.jpg\" alt=\"\"  class=\"img-fluid mx-auto d-block\"> <\/div>\n\t\t\t\t\t\t\t\t\t\t\t\n\t\t\t\t\t\t\t\t\t<\/div>\t\t\t\t\t\t\t\t\t\n\t\t\t\t\t\t\t\t<\/a>\t\t\t\t\t\t\t\n\t\t\t\t\t\t\t<\/div>\n\t\t\t\t\t\t<\/div>\n\t\t\t\t\t<\/div>\n\t\t\t\t\t\n\t\t\t\t\t\t\t\t\t\t\t\t\t\t\t\t\n\t\t\t\t\t<div class=\"col-md-3 patara-masonry-wrapper single-item isotope-item-gallery\">\t\n\t\t\t\t\t\t<div class=\"gallery-item\">\n\t\t\t\t\t\t\t<div class=\"img-card\">\n\t\t\t\t\t\t\t\t<a href=\"https:\/\/www.hotelsantandrea.com\/wp-content\/uploads\/2026\/01\/BATTESIMO-torta.jpg\"  class=\"img-zoom\">\n\t\t\t\t\t\t\t\t\t<div class=\"img-block\">\n\t\t\t\t\t\t\t\t\t\t<div class=\"wrapper-img\"> <img decoding=\"async\" src=\"https:\/\/www.hotelsantandrea.com\/wp-content\/uploads\/2026\/01\/BATTESIMO-torta.jpg\" alt=\"\"  class=\"img-fluid mx-auto d-block\"> <\/div>\n\t\t\t\t\t\t\t\t\t\t\t\n\t\t\t\t\t\t\t\t\t<\/div>\t\t\t\t\t\t\t\t\t\n\t\t\t\t\t\t\t\t<\/a>\t\t\t\t\t\t\t\n\t\t\t\t\t\t\t<\/div>\n\t\t\t\t\t\t<\/div>\n\t\t\t\t\t<\/div>\n\t\t\t\t\t\n\t\t\t\t\t\n\t\t\t<\/div>\t\t\t\t\n\t\t\t<\/div>\t\t\t\t\n\t\t<\/div>\t\t\t\t\n\n        \t\t\t\t<\/div>\n\t\t\t\t<\/div>\n\t\t\t\t\t<\/div>\n\t\t\t\t<\/div>\n\t\t\t\t<\/div>\n\t\t","protected":false},"excerpt":{"rendered":"<p>O\u00f9 chaque \u00e9motion prend forme Mariages, C\u00e9r\u00e9monies et \u00c9v\u00e9nements Se marier \u00e0 l\u2019\u00eele d\u2019Elbe La vie nous offre des moments uniques et magiques, qui restent \u00e0 jamais dans nos c\u0153urs. L\u2019\u00cele d\u2019Elbe est le cadre id\u00e9al pour rendre le jour le plus important de votre vie inoubliable. Chaque mari\u00e9e a toujours r\u00eav\u00e9 de son jour de mariage : la robe,<\/p>\n","protected":false},"author":2,"featured_media":0,"parent":0,"menu_order":0,"comment_status":"closed","ping_status":"closed","template":"","meta":{"footnotes":"","_links_to":"","_links_to_target":""},"class_list":["post-4692","page","type-page","status-publish","hentry"],"meta_box":[],"_links":{"self":[{"href":"https:\/\/www.hotelsantandrea.com\/fr\/wp-json\/wp\/v2\/pages\/4692","targetHints":{"allow":["GET"]}}],"collection":[{"href":"https:\/\/www.hotelsantandrea.com\/fr\/wp-json\/wp\/v2\/pages"}],"about":[{"href":"https:\/\/www.hotelsantandrea.com\/fr\/wp-json\/wp\/v2\/types\/page"}],"author":[{"embeddable":true,"href":"https:\/\/www.hotelsantandrea.com\/fr\/wp-json\/wp\/v2\/users\/2"}],"replies":[{"embeddable":true,"href":"https:\/\/www.hotelsantandrea.com\/fr\/wp-json\/wp\/v2\/comments?post=4692"}],"version-history":[{"count":5,"href":"https:\/\/www.hotelsantandrea.com\/fr\/wp-json\/wp\/v2\/pages\/4692\/revisions"}],"predecessor-version":[{"id":6349,"href":"https:\/\/www.hotelsantandrea.com\/fr\/wp-json\/wp\/v2\/pages\/4692\/revisions\/6349"}],"wp:attachment":[{"href":"https:\/\/www.hotelsantandrea.com\/fr\/wp-json\/wp\/v2\/media?parent=4692"}],"curies":[{"name":"wp","href":"https:\/\/api.w.org\/{rel}","templated":true}]}}