{"id":4682,"date":"2025-10-03T16:06:36","date_gmt":"2025-10-03T14:06:36","guid":{"rendered":"http:\/\/santandrea.youelba.com\/la-bottega-di-teresa\/"},"modified":"2026-03-06T12:37:01","modified_gmt":"2026-03-06T11:37:01","slug":"la-boutique-de-teresa","status":"publish","type":"page","link":"https:\/\/www.hotelsantandrea.com\/fr\/la-boutique-de-teresa\/","title":{"rendered":"La boutique de Teresa"},"content":{"rendered":"\t\t<div data-elementor-type=\"wp-page\" data-elementor-id=\"4682\" class=\"elementor elementor-4682 elementor-2994\">\n\t\t\t\t<div class=\"elementor-element elementor-element-db5600b e-con-full e-flex e-con e-parent\" data-id=\"db5600b\" data-element_type=\"container\" data-e-type=\"container\" data-settings=\"{&quot;background_background&quot;:&quot;classic&quot;}\">\n\t\t\t\t<div class=\"elementor-element elementor-element-82539b8 elementor-widget elementor-widget-patara-banner-image\" data-id=\"82539b8\" data-element_type=\"widget\" data-e-type=\"widget\" data-widget_type=\"patara-banner-image.default\">\n\t\t\t\t<div class=\"elementor-widget-container\">\n\t\t\t\t\t\t\t\n\t<!-- Header Banner -->\n\t<header class=\"header\">\n\n\t\t\t\t<div class=\"banner-header full-height valign bg-img bg-fixed text-center\" data-overlay-dark=\"3\" data-background=\"https:\/\/www.hotelsantandrea.com\/wp-content\/uploads\/2025\/10\/creazioni-teresa-shop-h-sant-andrea.jpg\">\n\t\t\t\t\t\t\t\t\t\t\t\t<div class=\"container\">\n\t\t\t\t\t<div class=\"row\">\n\t\t\t\t\t\t<div class=\"col-md-12 offset-0\">\n\t\t\t\t\t\t\t<div class=\"caption\">\n\n\t\t\t\t\t\t\t\t\t\t\t\t\t\t\t\t\n\t\t\t\t\t\t\t\t\n\t\t\t\t\t\t\t\t\t\t\t\t\t\t\t\t<h4 class=\"pt-slider-title1-class\">Coin boutique<\/h4>\n\t\t\t\t\t\t\t\t\t\t\t\t\t\t\t\t\t\t\t\t\t\t\t\t<h1 class=\"pt-slider-title2-class\">La Boutique de Teresa<\/h1>\n\t\t\t\t\t\t\t\t\t\t\t\t\t\t\t\t\t\t\t\t\t\t\t<\/div>\t\t\t\t\t\t\n\t\t\t\t\t\t<\/div>\t\t\t\t\t\t\n\t\t\t\t\t<\/div>\n\t\t\t\t<\/div>\n\t\t\t\t\t\t\t\t<!-- button scroll -->\n\t\t\t\t<a href=\"#contact\" data-scroll-nav=\"1\" class=\"mouse smoothscroll\">\n\t\t\t\t\t<span class=\"mouse-icon\">\n\t\t\t\t\t\t<span class=\"mouse-wheel\"><\/span>\n\t\t\t\t\t<\/span>\n\t\t\t\t<\/a>\t\n\t\t\t\t\t\t\t\t\t\n\t\t\t\t\t\t\n        <\/div>\t\t\t\n\t<\/header>\t\t\n\t\t\t\n    \t\t\t\t<\/div>\n\t\t\t\t<\/div>\n\t\t\t\t<\/div>\n\t\t<div class=\"elementor-element elementor-element-899a3a2 e-flex e-con-boxed e-con e-parent\" data-id=\"899a3a2\" data-element_type=\"container\" data-e-type=\"container\" id=\"spa\" data-settings=\"{&quot;background_background&quot;:&quot;classic&quot;}\">\n\t\t\t\t\t<div class=\"e-con-inner\">\n\t\t<div class=\"elementor-element elementor-element-064a9ce e-con-full e-flex e-con e-child\" data-id=\"064a9ce\" data-element_type=\"container\" data-e-type=\"container\">\n\t\t\t\t<div class=\"elementor-element elementor-element-6e5a690 elementor-widget elementor-widget-patara-title\" data-id=\"6e5a690\" data-element_type=\"widget\" data-e-type=\"widget\" data-widget_type=\"patara-title.default\">\n\t\t\t\t<div class=\"elementor-widget-container\">\n\t\t\t\t\t\t\t\n\t\t\n\t\t\t\t\t\t\t\n\t\t\t<h4 class=\"section-title black text-left\">Petits souvenirs \u00e0 emporter chez soi<\/h4>\t\t\t\t\n\t\t\t<div class=\"section-text text-left black\"><p><p>Situ\u00e9e au c\u0153ur de notre r\u00e9ception, La Bottega di Teresa est un charmant petit coin d\u00e9di\u00e9 \u00e0 l\u2019art, \u00e0 la cr\u00e9ativit\u00e9 et \u00e0 l\u2019esprit authentique de l\u2019\u00eele d\u2019Elbe.<\/p><p>Vous y trouverez des cr\u00e9ations enti\u00e8rement faites \u00e0 la main par la propri\u00e9taire elle-m\u00eame : sacs, accessoires et objets artisanaux uniques qui racontent des histoires de passion et de tradition.<\/p><p>En plus de ces pi\u00e8ces artisanales, la boutique propose une s\u00e9lection de marques d\u2019excellence de l\u2019\u00eele d\u2019Elbe, id\u00e9ales pour rapporter un souvenir de l\u2019\u00eele ou pour offrir un cadeau plein de sens.<\/p><p>Un lieu sp\u00e9cial o\u00f9 chaque objet est un petit tr\u00e9sor \u00e0 d\u00e9couvrir, et chaque visite une exp\u00e9rience sinc\u00e8re et authentique.<\/p><\/p><\/div>\n        \n\t\t\t\n        \t\t\t\t<\/div>\n\t\t\t\t<\/div>\n\t\t\t\t<\/div>\n\t\t\t\t<div class=\"elementor-element elementor-element-b724c46 elementor-widget elementor-widget-spacer\" data-id=\"b724c46\" data-element_type=\"widget\" data-e-type=\"widget\" data-widget_type=\"spacer.default\">\n\t\t\t\t\t\t\t<div class=\"elementor-spacer\">\n\t\t\t<div class=\"elementor-spacer-inner\"><\/div>\n\t\t<\/div>\n\t\t\t\t\t\t<\/div>\n\t\t<div class=\"elementor-element elementor-element-a9a2619 e-con-full e-flex e-con e-child\" data-id=\"a9a2619\" data-element_type=\"container\" data-e-type=\"container\">\n\t\t\t\t<div class=\"elementor-element elementor-element-df39ac4 elementor-widget elementor-widget-patara-gallery\" data-id=\"df39ac4\" data-element_type=\"widget\" data-e-type=\"widget\" data-widget_type=\"patara-gallery.default\">\n\t\t\t\t<div class=\"elementor-widget-container\">\n\t\t\t\t\t\t\t\t\t<div class=\"sec-gallery\">\n\t\t\t<div class=\"container-after-gallery\">\n\t\t\t<div class=\"row patara-gallery-items isotope-items-wrap loadmore-wrapper-gallery\" data-load-item=\"10000000\" data-button-text=\"Load More\">\t\n\t\t\t\t\t\t\t\t\t\t\t\t\t\t\t\t\n\t\t\t\t\t<div class=\"col-md-4 patara-masonry-wrapper single-item isotope-item-gallery\">\t\n\t\t\t\t\t\t<div class=\"gallery-item\">\n\t\t\t\t\t\t\t<div class=\"img-card\">\n\t\t\t\t\t\t\t\t<a href=\"https:\/\/www.hotelsantandrea.com\/wp-content\/uploads\/2025\/10\/creazioni-teresa-01.jpg\"  class=\"img-zoom\">\n\t\t\t\t\t\t\t\t\t<div class=\"img-block\">\n\t\t\t\t\t\t\t\t\t\t<div class=\"wrapper-img\"> <img decoding=\"async\" src=\"https:\/\/www.hotelsantandrea.com\/wp-content\/uploads\/2025\/10\/creazioni-teresa-01.jpg\" alt=\"Shop Creazioni Teresa interno all&#039;Hotel Sant&#039;Andrea\"  class=\"img-fluid mx-auto d-block\"> <\/div>\n\t\t\t\t\t\t\t\t\t\t\t\n\t\t\t\t\t\t\t\t\t<\/div>\t\t\t\t\t\t\t\t\t\n\t\t\t\t\t\t\t\t<\/a>\t\t\t\t\t\t\t\n\t\t\t\t\t\t\t<\/div>\n\t\t\t\t\t\t<\/div>\n\t\t\t\t\t<\/div>\n\t\t\t\t\t\n\t\t\t\t\t\t\t\t\t\t\t\t\t\t\t\t\n\t\t\t\t\t<div class=\"col-md-4 patara-masonry-wrapper single-item isotope-item-gallery\">\t\n\t\t\t\t\t\t<div class=\"gallery-item\">\n\t\t\t\t\t\t\t<div class=\"img-card\">\n\t\t\t\t\t\t\t\t<a href=\"https:\/\/www.hotelsantandrea.com\/wp-content\/uploads\/2025\/10\/creazioni-teresa-04.jpg\"  class=\"img-zoom\">\n\t\t\t\t\t\t\t\t\t<div class=\"img-block\">\n\t\t\t\t\t\t\t\t\t\t<div class=\"wrapper-img\"> <img decoding=\"async\" src=\"https:\/\/www.hotelsantandrea.com\/wp-content\/uploads\/2025\/10\/creazioni-teresa-04.jpg\" alt=\"Shop Creazioni Teresa interno all&#039;Hotel Sant&#039;Andrea\"  class=\"img-fluid mx-auto d-block\"> <\/div>\n\t\t\t\t\t\t\t\t\t\t\t\n\t\t\t\t\t\t\t\t\t<\/div>\t\t\t\t\t\t\t\t\t\n\t\t\t\t\t\t\t\t<\/a>\t\t\t\t\t\t\t\n\t\t\t\t\t\t\t<\/div>\n\t\t\t\t\t\t<\/div>\n\t\t\t\t\t<\/div>\n\t\t\t\t\t\n\t\t\t\t\t\t\t\t\t\t\t\t\t\t\t\t\n\t\t\t\t\t<div class=\"col-md-4 patara-masonry-wrapper single-item isotope-item-gallery\">\t\n\t\t\t\t\t\t<div class=\"gallery-item\">\n\t\t\t\t\t\t\t<div class=\"img-card\">\n\t\t\t\t\t\t\t\t<a href=\"https:\/\/www.hotelsantandrea.com\/wp-content\/uploads\/2025\/10\/creazioni-teresa-02.jpg\"  class=\"img-zoom\">\n\t\t\t\t\t\t\t\t\t<div class=\"img-block\">\n\t\t\t\t\t\t\t\t\t\t<div class=\"wrapper-img\"> <img decoding=\"async\" src=\"https:\/\/www.hotelsantandrea.com\/wp-content\/uploads\/2025\/10\/creazioni-teresa-02.jpg\" alt=\"Shop Creazioni Teresa interno all&#039;Hotel Sant&#039;Andrea\"  class=\"img-fluid mx-auto d-block\"> <\/div>\n\t\t\t\t\t\t\t\t\t\t\t\n\t\t\t\t\t\t\t\t\t<\/div>\t\t\t\t\t\t\t\t\t\n\t\t\t\t\t\t\t\t<\/a>\t\t\t\t\t\t\t\n\t\t\t\t\t\t\t<\/div>\n\t\t\t\t\t\t<\/div>\n\t\t\t\t\t<\/div>\n\t\t\t\t\t\n\t\t\t\t\t\t\t\t\t\t\t\t\t\t\t\t\n\t\t\t\t\t<div class=\"col-md-6 patara-masonry-wrapper single-item isotope-item-gallery\">\t\n\t\t\t\t\t\t<div class=\"gallery-item\">\n\t\t\t\t\t\t\t<div class=\"img-card\">\n\t\t\t\t\t\t\t\t<a href=\"https:\/\/www.hotelsantandrea.com\/wp-content\/uploads\/2025\/10\/creazioni-teresa-06.jpg\"  class=\"img-zoom\">\n\t\t\t\t\t\t\t\t\t<div class=\"img-block\">\n\t\t\t\t\t\t\t\t\t\t<div class=\"wrapper-img\"> <img decoding=\"async\" src=\"https:\/\/www.hotelsantandrea.com\/wp-content\/uploads\/2025\/10\/creazioni-teresa-06.jpg\" alt=\"Shop Creazioni Teresa interno all&#039;Hotel Sant&#039;Andrea\"  class=\"img-fluid mx-auto d-block\"> <\/div>\n\t\t\t\t\t\t\t\t\t\t\t\n\t\t\t\t\t\t\t\t\t<\/div>\t\t\t\t\t\t\t\t\t\n\t\t\t\t\t\t\t\t<\/a>\t\t\t\t\t\t\t\n\t\t\t\t\t\t\t<\/div>\n\t\t\t\t\t\t<\/div>\n\t\t\t\t\t<\/div>\n\t\t\t\t\t\n\t\t\t\t\t\t\t\t\t\t\t\t\t\t\t\t\n\t\t\t\t\t<div class=\"col-md-6 patara-masonry-wrapper single-item isotope-item-gallery\">\t\n\t\t\t\t\t\t<div class=\"gallery-item\">\n\t\t\t\t\t\t\t<div class=\"img-card\">\n\t\t\t\t\t\t\t\t<a href=\"https:\/\/www.hotelsantandrea.com\/wp-content\/uploads\/2025\/10\/creazioni-teresa-05.jpg\"  class=\"img-zoom\">\n\t\t\t\t\t\t\t\t\t<div class=\"img-block\">\n\t\t\t\t\t\t\t\t\t\t<div class=\"wrapper-img\"> <img decoding=\"async\" src=\"https:\/\/www.hotelsantandrea.com\/wp-content\/uploads\/2025\/10\/creazioni-teresa-05.jpg\" alt=\"Shop Creazioni Teresa interno all&#039;Hotel Sant&#039;Andrea\"  class=\"img-fluid mx-auto d-block\"> <\/div>\n\t\t\t\t\t\t\t\t\t\t\t\n\t\t\t\t\t\t\t\t\t<\/div>\t\t\t\t\t\t\t\t\t\n\t\t\t\t\t\t\t\t<\/a>\t\t\t\t\t\t\t\n\t\t\t\t\t\t\t<\/div>\n\t\t\t\t\t\t<\/div>\n\t\t\t\t\t<\/div>\n\t\t\t\t\t\n\t\t\t\t\t\n\t\t\t<\/div>\t\t\t\t\n\t\t\t<\/div>\t\t\t\t\n\t\t<\/div>\t\t\t\t\n\n        \t\t\t\t<\/div>\n\t\t\t\t<\/div>\n\t\t\t\t<\/div>\n\t\t\t\t\t<\/div>\n\t\t\t\t<\/div>\n\t\t\t\t<\/div>\n\t\t","protected":false},"excerpt":{"rendered":"<p>Coin boutique La Boutique de Teresa Petits souvenirs \u00e0 emporter chez soi Situ\u00e9e au c\u0153ur de notre r\u00e9ception, La Bottega di Teresa est un charmant petit coin d\u00e9di\u00e9 \u00e0 l\u2019art, \u00e0 la cr\u00e9ativit\u00e9 et \u00e0 l\u2019esprit authentique de l\u2019\u00eele d\u2019Elbe. Vous y trouverez des cr\u00e9ations enti\u00e8rement faites \u00e0 la main par la propri\u00e9taire elle-m\u00eame : sacs, accessoires et objets artisanaux<\/p>\n","protected":false},"author":2,"featured_media":0,"parent":0,"menu_order":0,"comment_status":"closed","ping_status":"closed","template":"","meta":{"footnotes":"","_links_to":"","_links_to_target":""},"class_list":["post-4682","page","type-page","status-publish","hentry"],"meta_box":[],"_links":{"self":[{"href":"https:\/\/www.hotelsantandrea.com\/fr\/wp-json\/wp\/v2\/pages\/4682","targetHints":{"allow":["GET"]}}],"collection":[{"href":"https:\/\/www.hotelsantandrea.com\/fr\/wp-json\/wp\/v2\/pages"}],"about":[{"href":"https:\/\/www.hotelsantandrea.com\/fr\/wp-json\/wp\/v2\/types\/page"}],"author":[{"embeddable":true,"href":"https:\/\/www.hotelsantandrea.com\/fr\/wp-json\/wp\/v2\/users\/2"}],"replies":[{"embeddable":true,"href":"https:\/\/www.hotelsantandrea.com\/fr\/wp-json\/wp\/v2\/comments?post=4682"}],"version-history":[{"count":5,"href":"https:\/\/www.hotelsantandrea.com\/fr\/wp-json\/wp\/v2\/pages\/4682\/revisions"}],"predecessor-version":[{"id":6325,"href":"https:\/\/www.hotelsantandrea.com\/fr\/wp-json\/wp\/v2\/pages\/4682\/revisions\/6325"}],"wp:attachment":[{"href":"https:\/\/www.hotelsantandrea.com\/fr\/wp-json\/wp\/v2\/media?parent=4682"}],"curies":[{"name":"wp","href":"https:\/\/api.w.org\/{rel}","templated":true}]}}