{"id":4677,"date":"2026-01-23T16:30:43","date_gmt":"2026-01-23T15:30:43","guid":{"rendered":"http:\/\/santandrea.youelba.com\/isola-delba\/"},"modified":"2026-03-05T15:30:03","modified_gmt":"2026-03-05T14:30:03","slug":"ile-delbe","status":"publish","type":"page","link":"https:\/\/www.hotelsantandrea.com\/fr\/ile-delbe\/","title":{"rendered":"\u00cele d\u2019Elbe"},"content":{"rendered":"\t\t<div data-elementor-type=\"wp-page\" data-elementor-id=\"4677\" class=\"elementor elementor-4677 elementor-4147\">\n\t\t\t\t<div class=\"elementor-element elementor-element-db5600b e-con-full e-flex e-con e-parent\" data-id=\"db5600b\" data-element_type=\"container\" data-e-type=\"container\" data-settings=\"{&quot;background_background&quot;:&quot;classic&quot;}\">\n\t\t\t\t<div class=\"elementor-element elementor-element-82539b8 elementor-widget elementor-widget-patara-banner-image\" data-id=\"82539b8\" data-element_type=\"widget\" data-e-type=\"widget\" data-widget_type=\"patara-banner-image.default\">\n\t\t\t\t<div class=\"elementor-widget-container\">\n\t\t\t\t\t\t\t\n\t<!-- Header Banner -->\n\t<header class=\"header\">\n\n\t\t\t\t<div class=\"banner-header full-height valign bg-img bg-fixed text-center\" data-overlay-dark=\"3\" data-background=\"https:\/\/www.hotelsantandrea.com\/wp-content\/uploads\/2026\/01\/cote-piane.jpg\">\n\t\t\t\t\t\t\t\t\t\t\t\t<div class=\"container\">\n\t\t\t\t\t<div class=\"row\">\n\t\t\t\t\t\t<div class=\"col-md-12 offset-0\">\n\t\t\t\t\t\t\t<div class=\"caption\">\n\n\t\t\t\t\t\t\t\t\t\t\t\t\t\t\t\t\n\t\t\t\t\t\t\t\t\n\t\t\t\t\t\t\t\t\t\t\t\t\t\t\t\t\t\t\t\t\t\t\t\t<h1 class=\"pt-slider-title2-class\">\u00cele d\u2019Elbe<\/h1>\n\t\t\t\t\t\t\t\t\t\t\t\t\t\t\t\t\t\t\t\t\t\t\t<\/div>\t\t\t\t\t\t\n\t\t\t\t\t\t<\/div>\t\t\t\t\t\t\n\t\t\t\t\t<\/div>\n\t\t\t\t<\/div>\n\t\t\t\t\t\t\t\t<!-- button scroll -->\n\t\t\t\t<a href=\"#contact\" data-scroll-nav=\"1\" class=\"mouse smoothscroll\">\n\t\t\t\t\t<span class=\"mouse-icon\">\n\t\t\t\t\t\t<span class=\"mouse-wheel\"><\/span>\n\t\t\t\t\t<\/span>\n\t\t\t\t<\/a>\t\n\t\t\t\t\t\t\t\t\t\n\t\t\t\t\t\t\n        <\/div>\t\t\t\n\t<\/header>\t\t\n\t\t\t\n    \t\t\t\t<\/div>\n\t\t\t\t<\/div>\n\t\t\t\t<\/div>\n\t\t<div class=\"elementor-element elementor-element-899a3a2 e-flex e-con-boxed e-con e-parent\" data-id=\"899a3a2\" data-element_type=\"container\" data-e-type=\"container\" id=\"spa\" data-settings=\"{&quot;background_background&quot;:&quot;classic&quot;}\">\n\t\t\t\t\t<div class=\"e-con-inner\">\n\t\t<div class=\"elementor-element elementor-element-064a9ce e-con-full e-flex e-con e-child\" data-id=\"064a9ce\" data-element_type=\"container\" data-e-type=\"container\">\n\t\t\t\t<div class=\"elementor-element elementor-element-6e5a690 elementor-widget elementor-widget-patara-title\" data-id=\"6e5a690\" data-element_type=\"widget\" data-e-type=\"widget\" data-widget_type=\"patara-title.default\">\n\t\t\t\t<div class=\"elementor-widget-container\">\n\t\t\t\t\t\t\t\n\t\t\n\t\t\t\t\t\t\t\n\t\t\t<h4 class=\"section-title black text-left\">Un fragment de paradis<\/h4>\t\t\t\t\n\t\t\t<div class=\"section-text text-left black\"><p><p>Selon la l\u00e9gende, l\u2019Archipel Toscan serait n\u00e9 d\u2019un bijou tomb\u00e9 du collier de V\u00e9nus. Un mythe qui refl\u00e8te la magie r\u00e9elle de ces \u00eeles : fonds marins cristallins, plages enchant\u00e9es, montagnes couvertes de for\u00eats s\u00e9culaires et villages suspendus dans le temps.<\/p><p>\u00c0 l\u2019Elbe, chaque vacances prend forme \u00e0 sa mani\u00e8re : aventure, d\u00e9tente, histoire, culture et saveurs authentiques se m\u00ealent dans une exp\u00e9rience inoubliable. Ici, chaque instant est une invitation \u00e0 vivre la beaut\u00e9 avec tous les sens.<\/p><\/p><\/div>\n        \n\t\t\t\n        \t\t\t\t<\/div>\n\t\t\t\t<\/div>\n\t\t\t\t<\/div>\n\t\t\t\t<div class=\"elementor-element elementor-element-b724c46 elementor-widget elementor-widget-spacer\" data-id=\"b724c46\" data-element_type=\"widget\" data-e-type=\"widget\" data-widget_type=\"spacer.default\">\n\t\t\t\t\t\t\t<div class=\"elementor-spacer\">\n\t\t\t<div class=\"elementor-spacer-inner\"><\/div>\n\t\t<\/div>\n\t\t\t\t\t\t<\/div>\n\t\t<div class=\"elementor-element elementor-element-a9a2619 e-con-full e-flex e-con e-child\" data-id=\"a9a2619\" data-element_type=\"container\" data-e-type=\"container\">\n\t\t<div class=\"elementor-element elementor-element-79db418 e-con-full e-flex e-con e-child\" data-id=\"79db418\" data-element_type=\"container\" data-e-type=\"container\">\n\t\t\t\t<div class=\"elementor-element elementor-element-9fc4574 elementor-widget elementor-widget-patara-image\" data-id=\"9fc4574\" data-element_type=\"widget\" data-e-type=\"widget\" data-widget_type=\"patara-image.default\">\n\t\t\t\t<div class=\"elementor-widget-container\">\n\t\t\t\t\t\t\t\n\t\t\t\t\n\n\t\t\t<div class=\"sec-img\">\n\t\t\t\t\t\t\t\t\t\n\t\t\t\t <img decoding=\"async\" src=\"https:\/\/www.hotelsantandrea.com\/wp-content\/uploads\/2026\/01\/sant-ilario.jpg\" class=\"img-fluid\" alt=\"\"> \n\t\t\t\t\t\n\t\t\t<\/div>\t\t\t\t\t\n\n\t    \t\t\t\n\t\t\n\t\t\t\n        \t\t\t\t<\/div>\n\t\t\t\t<\/div>\n\t\t\t\t<\/div>\n\t\t<div class=\"elementor-element elementor-element-804fb03 e-con-full e-flex e-con e-child\" data-id=\"804fb03\" data-element_type=\"container\" data-e-type=\"container\">\n\t\t\t\t<div class=\"elementor-element elementor-element-15ff748 elementor-widget elementor-widget-patara-image\" data-id=\"15ff748\" data-element_type=\"widget\" data-e-type=\"widget\" data-widget_type=\"patara-image.default\">\n\t\t\t\t<div class=\"elementor-widget-container\">\n\t\t\t\t\t\t\t\n\t\t\t\t\n\n\t\t\t<div class=\"sec-img\">\n\t\t\t\t\t\t\t\t\t\n\t\t\t\t <img decoding=\"async\" src=\"https:\/\/www.hotelsantandrea.com\/wp-content\/uploads\/2026\/01\/madonna-del-monte-1.jpg\" class=\"img-fluid\" alt=\"\"> \n\t\t\t\t\t\n\t\t\t<\/div>\t\t\t\t\t\n\n\t    \t\t\t\n\t\t\n\t\t\t\n        \t\t\t\t<\/div>\n\t\t\t\t<\/div>\n\t\t\t\t<\/div>\n\t\t<div class=\"elementor-element elementor-element-092fa71 e-con-full e-flex e-con e-child\" data-id=\"092fa71\" data-element_type=\"container\" data-e-type=\"container\">\n\t\t\t\t<div class=\"elementor-element elementor-element-ec7dc03 elementor-widget elementor-widget-patara-image\" data-id=\"ec7dc03\" data-element_type=\"widget\" data-e-type=\"widget\" data-widget_type=\"patara-image.default\">\n\t\t\t\t<div class=\"elementor-widget-container\">\n\t\t\t\t\t\t\t\n\t\t\t\t\n\n\t\t\t<div class=\"sec-img\">\n\t\t\t\t\t\t\t\t\t\n\t\t\t\t <img decoding=\"async\" src=\"https:\/\/www.hotelsantandrea.com\/wp-content\/uploads\/2026\/01\/capo-bianco-guida.jpg\" class=\"img-fluid\" alt=\"\"> \n\t\t\t\t\t\n\t\t\t<\/div>\t\t\t\t\t\n\n\t    \t\t\t\n\t\t\n\t\t\t\n        \t\t\t\t<\/div>\n\t\t\t\t<\/div>\n\t\t\t\t<\/div>\n\t\t\t\t<\/div>\n\t\t\t\t\t<\/div>\n\t\t\t\t<\/div>\n\t\t<div class=\"elementor-element elementor-element-63013db e-flex e-con-boxed e-con e-parent\" data-id=\"63013db\" data-element_type=\"container\" data-e-type=\"container\" data-settings=\"{&quot;background_background&quot;:&quot;classic&quot;}\">\n\t\t\t\t\t<div class=\"e-con-inner\">\n\t\t<div class=\"elementor-element elementor-element-9d0c706 e-con-full e-flex e-con e-child\" data-id=\"9d0c706\" data-element_type=\"container\" data-e-type=\"container\" data-settings=\"{&quot;background_background&quot;:&quot;classic&quot;}\">\n\t\t\t\t<div class=\"elementor-element elementor-element-8655862 elementor-widget elementor-widget-patara-title\" data-id=\"8655862\" data-element_type=\"widget\" data-e-type=\"widget\" data-widget_type=\"patara-title.default\">\n\t\t\t\t<div class=\"elementor-widget-container\">\n\t\t\t\t\t\t\t\n\t\t\n\t\t\t\t\t\t\t\n\t\t\t<h4 class=\"section-title black text-left\">Br\u00e8ves informations sur l\u2019\u00eele d\u2019Elbe<\/h4>\t\t\t\t\n\t\t\t<div class=\"section-text text-left black\"><p><p>\u00c0 seulement 10 km du continent et avec ses 224 km\u00b2, l\u2019\u00eele d\u2019Elbe est la plus grande de l\u2019Archipel Toscan et la troisi\u00e8me \u00eele d\u2019Italie par sa superficie. Elle fait partie du Parc National de l\u2019Archipel Toscan avec Pianosa, Capraia, Montecristo, Giglio et Giannutri.<\/p><p>Le climat est doux toute l\u2019ann\u00e9e, avec des temp\u00e9ratures moyennes comprises entre 15\u00b0 et 16\u00b0, et des eaux cristallines qui atteignent 27\u00b0 en \u00e9t\u00e9. Ses 147 km de c\u00f4tes offrent des plages magnifiques, des criques cach\u00e9es et des panoramas spectaculaires sur le Monte Capanne (1 019 m).<\/p><p>L\u2019\u00eele poss\u00e8de une histoire mill\u00e9naire : d\u00e9j\u00e0 habit\u00e9e \u00e0 l\u2019\u00e9poque pr\u00e9historique, elle a vu passer Ligures, Grecs, \u00c9trusques, Romains, Pisans, M\u00e9dicis, Espagnols et Napol\u00e9on, dont les traces sont encore visibles dans les forteresses, les villas et les villages historiques.<\/p><p>L\u2019Elbe est divis\u00e9e en 7 communes : Portoferraio, Campo nell\u2019Elba, Capoliveri, Marciana, Marciana Marina, Porto Azzurro et Rio.<\/p><p>Entre vins prestigieux, cuisine typique, mer cristalline et air pur, l\u2019\u00eele est une destination id\u00e9ale pour le tourisme, la d\u00e9tente et le bien-\u00eatre en toute saison.<\/p><\/p><\/div>\n        \n\t\t\t\n        \t\t\t\t<\/div>\n\t\t\t\t<\/div>\n\t\t\t\t<\/div>\n\t\t\t\t\t<\/div>\n\t\t\t\t<\/div>\n\t\t\t\t<\/div>\n\t\t","protected":false},"excerpt":{"rendered":"<p>\u00cele d\u2019Elbe Un fragment de paradis Selon la l\u00e9gende, l\u2019Archipel Toscan serait n\u00e9 d\u2019un bijou tomb\u00e9 du collier de V\u00e9nus. Un mythe qui refl\u00e8te la magie r\u00e9elle de ces \u00eeles : fonds marins cristallins, plages enchant\u00e9es, montagnes couvertes de for\u00eats s\u00e9culaires et villages suspendus dans le temps. \u00c0 l\u2019Elbe, chaque vacances prend forme \u00e0 sa mani\u00e8re : aventure, d\u00e9tente, histoire,<\/p>\n","protected":false},"author":2,"featured_media":0,"parent":0,"menu_order":0,"comment_status":"closed","ping_status":"closed","template":"","meta":{"footnotes":"","_links_to":"","_links_to_target":""},"class_list":["post-4677","page","type-page","status-publish","hentry"],"meta_box":[],"_links":{"self":[{"href":"https:\/\/www.hotelsantandrea.com\/fr\/wp-json\/wp\/v2\/pages\/4677","targetHints":{"allow":["GET"]}}],"collection":[{"href":"https:\/\/www.hotelsantandrea.com\/fr\/wp-json\/wp\/v2\/pages"}],"about":[{"href":"https:\/\/www.hotelsantandrea.com\/fr\/wp-json\/wp\/v2\/types\/page"}],"author":[{"embeddable":true,"href":"https:\/\/www.hotelsantandrea.com\/fr\/wp-json\/wp\/v2\/users\/2"}],"replies":[{"embeddable":true,"href":"https:\/\/www.hotelsantandrea.com\/fr\/wp-json\/wp\/v2\/comments?post=4677"}],"version-history":[{"count":4,"href":"https:\/\/www.hotelsantandrea.com\/fr\/wp-json\/wp\/v2\/pages\/4677\/revisions"}],"predecessor-version":[{"id":5838,"href":"https:\/\/www.hotelsantandrea.com\/fr\/wp-json\/wp\/v2\/pages\/4677\/revisions\/5838"}],"wp:attachment":[{"href":"https:\/\/www.hotelsantandrea.com\/fr\/wp-json\/wp\/v2\/media?parent=4677"}],"curies":[{"name":"wp","href":"https:\/\/api.w.org\/{rel}","templated":true}]}}