{"id":4655,"date":"2025-09-29T11:48:45","date_gmt":"2025-09-29T09:48:45","guid":{"rendered":"http:\/\/santandrea.youelba.com\/condizioni-generali\/"},"modified":"2026-03-04T14:36:56","modified_gmt":"2026-03-04T13:36:56","slug":"conditions-generales","status":"publish","type":"page","link":"https:\/\/www.hotelsantandrea.com\/fr\/conditions-generales\/","title":{"rendered":"Conditions g\u00e9n\u00e9rales"},"content":{"rendered":"\t\t<div data-elementor-type=\"wp-page\" data-elementor-id=\"4655\" class=\"elementor elementor-4655 elementor-2335\">\n\t\t\t\t<div class=\"elementor-element elementor-element-db669bf e-con-full e-flex e-con e-parent\" data-id=\"db669bf\" data-element_type=\"container\" data-e-type=\"container\" data-settings=\"{&quot;background_background&quot;:&quot;classic&quot;}\">\n\t\t\t\t<div class=\"elementor-element elementor-element-ef299e4 elementor-widget elementor-widget-patara-banner-image\" data-id=\"ef299e4\" data-element_type=\"widget\" data-e-type=\"widget\" data-widget_type=\"patara-banner-image.default\">\n\t\t\t\t<div class=\"elementor-widget-container\">\n\t\t\t\t\t\t\t\n\t<!-- Header Banner -->\n\t<header class=\"header\">\n\n\t\t\t\t<div class=\"banner-header full-height valign bg-img bg-fixed text-center\" data-overlay-dark=\"3\" data-background=\"https:\/\/www.hotelsantandrea.com\/wp-content\/uploads\/2025\/09\/camera-comfort-balcone-vista-mare-2-h-sant-andrea.jpg\">\n\t\t\t\t\t\t\t\t\t\t\t\t<div class=\"container\">\n\t\t\t\t\t<div class=\"row\">\n\t\t\t\t\t\t<div class=\"col-md-12 offset-0\">\n\t\t\t\t\t\t\t<div class=\"caption\">\n\n\t\t\t\t\t\t\t\t\t\t\t\t\t\t\t\t\n\t\t\t\t\t\t\t\t\n\t\t\t\t\t\t\t\t\t\t\t\t\t\t\t\t\t\t\t\t\t\t\t\t<h1 class=\"pt-slider-title2-class\">Conditions g\u00e9n\u00e9rales<\/h1>\n\t\t\t\t\t\t\t\t\t\t\t\t\t\t\t\t\t\t\t\t\t\t\t<\/div>\t\t\t\t\t\t\n\t\t\t\t\t\t<\/div>\t\t\t\t\t\t\n\t\t\t\t\t<\/div>\n\t\t\t\t<\/div>\n\t\t\t\t\t\t\t\t<!-- button scroll -->\n\t\t\t\t<a href=\"#about\" data-scroll-nav=\"1\" class=\"mouse smoothscroll\">\n\t\t\t\t\t<span class=\"mouse-icon\">\n\t\t\t\t\t\t<span class=\"mouse-wheel\"><\/span>\n\t\t\t\t\t<\/span>\n\t\t\t\t<\/a>\t\n\t\t\t\t\t\t\t\t\t\n\t\t\t\t\t\t\n        <\/div>\t\t\t\n\t<\/header>\t\t\n\t\t\t\n    \t\t\t\t<\/div>\n\t\t\t\t<\/div>\n\t\t\t\t<\/div>\n\t\t<div class=\"elementor-element elementor-element-880f33b e-flex e-con-boxed e-con e-parent\" data-id=\"880f33b\" data-element_type=\"container\" data-e-type=\"container\" data-settings=\"{&quot;background_background&quot;:&quot;classic&quot;}\">\n\t\t\t\t\t<div class=\"e-con-inner\">\n\t\t<div class=\"elementor-element elementor-element-03a8aa2 e-con-full e-flex e-con e-child\" data-id=\"03a8aa2\" data-element_type=\"container\" data-e-type=\"container\">\n\t\t\t\t<div class=\"elementor-element elementor-element-fb30d8e elementor-widget elementor-widget-patara-title\" data-id=\"fb30d8e\" data-element_type=\"widget\" data-e-type=\"widget\" data-widget_type=\"patara-title.default\">\n\t\t\t\t<div class=\"elementor-widget-container\">\n\t\t\t\t\t\t\t\n\t\t\t\t\t\t\t\t<div class=\"sub-title border-bot-light\">\n\t\t\tR\u00e8glement<\/h2><\/div>\n\t\t\t\t\t\n\t\t\t\n        \t\t\t\t<\/div>\n\t\t\t\t<\/div>\n\t\t\t\t<\/div>\n\t\t<div class=\"elementor-element elementor-element-75992f1 e-con-full e-flex e-con e-child\" data-id=\"75992f1\" data-element_type=\"container\" data-e-type=\"container\">\n\t\t<div class=\"elementor-element elementor-element-f6d29cf e-con-full e-flex e-con e-child\" data-id=\"f6d29cf\" data-element_type=\"container\" data-e-type=\"container\">\n\t\t\t\t<div class=\"elementor-element elementor-element-d1aff0a elementor-widget elementor-widget-patara-title\" data-id=\"d1aff0a\" data-element_type=\"widget\" data-e-type=\"widget\" data-widget_type=\"patara-title.default\">\n\t\t\t\t<div class=\"elementor-widget-container\">\n\t\t\t\t\t\t\t\n\t\t\n\t\t\t\t\t\t\t\n\t\t\t<h2 class=\"section-title black text-left\">Conditions de r\u00e9servation et d\u2019annulation<\/h2>\t\t\t\t\n\t\t\t\n        \n\t\t\t\n        \t\t\t\t<\/div>\n\t\t\t\t<\/div>\n\t\t\t\t<\/div>\n\t\t<div class=\"elementor-element elementor-element-7517d8a e-con-full e-flex e-con e-child\" data-id=\"7517d8a\" data-element_type=\"container\" data-e-type=\"container\">\n\t\t\t\t<div class=\"elementor-element elementor-element-2215870 elementor-widget elementor-widget-patara-text\" data-id=\"2215870\" data-element_type=\"widget\" data-e-type=\"widget\" data-widget_type=\"patara-text.default\">\n\t\t\t\t<div class=\"elementor-widget-container\">\n\t\t\t\t\t\t\t\n\t\t<div class=\"section-text text-left black\"><p>Chers invit\u00e9s,<br \/>Veuillez lire attentivement les conditions de r\u00e9servation et la politique d\u2019annulation de l\u2019H\u00f4tel Sant\u2019Andrea ci-dessous.<\/p><\/div>\n\t\t\n\t\t\t\n        \t\t\t\t<\/div>\n\t\t\t\t<\/div>\n\t\t\t\t<div class=\"elementor-element elementor-element-f9018b2 elementor-widget elementor-widget-patara-title\" data-id=\"f9018b2\" data-element_type=\"widget\" data-e-type=\"widget\" data-widget_type=\"patara-title.default\">\n\t\t\t\t<div class=\"elementor-widget-container\">\n\t\t\t\t\t\t\t\n\t\t\t\t\n\t\t\t<h2 class=\"sec-title section-padding text-left\">\n\t\t\t\tR\u00e9servation\t\t    <\/h2>\n\t\t\t\t\t\t\t\t\t\n\t\t\t\t\t\t\n\t\t\t\t\n        \n\t\t\t\n        \t\t\t\t<\/div>\n\t\t\t\t<\/div>\n\t\t\t\t<div class=\"elementor-element elementor-element-e673498 elementor-widget elementor-widget-patara-text\" data-id=\"e673498\" data-element_type=\"widget\" data-e-type=\"widget\" data-widget_type=\"patara-text.default\">\n\t\t\t\t<div class=\"elementor-widget-container\">\n\t\t\t\t\t\t\t\n\t\t<div class=\"section-text text-left black\"><p>Chaque r\u00e9servation, apr\u00e8s sa confirmation, a valeur de contrat selon la l\u00e9gislation italienne en vigueur, contraignant \u00e0 la fois pour le client et pour l\u2019h\u00f4telier.<\/p><p>Vous pouvez envoyer une demande de disponibilit\u00e9 et attendre notre r\u00e9ponse.<\/p><p>Vous pouvez \u00e9galement r\u00e9server en ligne en suivant les instructions disponibles sur notre site internet www.hotelsantandrea.com.<\/p><p>Suite \u00e0 votre demande, une offre (non contraignante) vous sera envoy\u00e9e avec les modalit\u00e9s de r\u00e9servation.<\/p><p>La r\u00e9servation est confirm\u00e9e seulement apr\u00e8s notre communication \u00e9crite indiquant le prix total du s\u00e9jour et apr\u00e8s le paiement de l\u2019acompte ou l\u2019envoi d\u2019une carte de cr\u00e9dit pour garantir la m\u00eame, d\u00e9p\u00f4t \u00e9ventuel \u00e0 effectuer dans les 3 jours de notre confirmation.<\/p><p>Si le paiement n\u2019est pas effectu\u00e9 dans les d\u00e9lais requis, la r\u00e9servation est consid\u00e9r\u00e9e comme nulle.<\/p><p>La r\u00e9servation devient contraignante pour l\u2019H\u00f4tel Sant\u2019Andrea seulement au moment de la r\u00e9ception d\u2019une copie du re\u00e7u de paiement de l\u2019acompte confirmatoire ou des donn\u00e9es de la carte de cr\u00e9dit sur laquelle effectuer le retrait autoris\u00e9.<\/p><p>Envoyer une copie du paiement par e-mail (info@hotelsantandrea.com )<br \/>L\u2019H\u00f4tel s\u2019engage \u00e0 envoyer au client un e-mail de confirmation ou un bon r\u00e9capitulatif \u00e0 pr\u00e9senter lors de l\u2019enregistrement.<br \/>La confirmation de votre r\u00e9servation implique l\u2019acceptation de nos conditions d\u2019annulation et de d\u00e9p\u00f4t.<\/p><p>Nous vous prions de v\u00e9rifier l\u2019exactitude des donn\u00e9es de la confirmation susmentionn\u00e9e et de nous informer le plus t\u00f4t possible de toute anomalie.<\/p><p>La communication doit \u00eatre re\u00e7ue dans un d\u00e9lai de 4 jours au plus \u00e0 compter de sa r\u00e9ception. Apr\u00e8s ce d\u00e9lai, nous d\u00e9clinons toute responsabilit\u00e9 pour les \u00e9ventuelles inexactitudes.<\/p><p>\u00c0 l\u2019arriv\u00e9e, il est obligatoire de pr\u00e9senter un document d\u2019identit\u00e9 pour chaque personne y compris les mineurs.<\/p><\/div>\n\t\t\n\t\t\t\n        \t\t\t\t<\/div>\n\t\t\t\t<\/div>\n\t\t\t\t<div class=\"elementor-element elementor-element-6caf07a elementor-widget elementor-widget-patara-title\" data-id=\"6caf07a\" data-element_type=\"widget\" data-e-type=\"widget\" data-widget_type=\"patara-title.default\">\n\t\t\t\t<div class=\"elementor-widget-container\">\n\t\t\t\t\t\t\t\n\t\t\t\t\n\t\t\t<h2 class=\"sec-title section-padding text-left\">\n\t\t\t\tModifier la r\u00e9servation\t\t    <\/h2>\n\t\t\t\t\t\t\t\t\t\n\t\t\t\t\t\t\n\t\t\t\t\n        \n\t\t\t\n        \t\t\t\t<\/div>\n\t\t\t\t<\/div>\n\t\t\t\t<div class=\"elementor-element elementor-element-b6cb51f elementor-widget elementor-widget-patara-text\" data-id=\"b6cb51f\" data-element_type=\"widget\" data-e-type=\"widget\" data-widget_type=\"patara-text.default\">\n\t\t\t\t<div class=\"elementor-widget-container\">\n\t\t\t\t\t\t\t\n\t\t<div class=\"section-text text-left black\"><p>Pour faire des modifications \u00e0 la r\u00e9servation, vous devez contacter le personnel de la r\u00e9ception qui fera tout son possible pour satisfaire votre demande.<br \/>Cependant, nous ne pouvons pas garantir que cette demande sera satisfaite.<\/p><p>En cas de changement de la r\u00e9servation vers une p\u00e9riode o\u00f9 le prix est plus \u00e9lev\u00e9 que le montant pay\u00e9, le client est tenu de payer la diff\u00e9rence.<\/p><\/div>\n\t\t\n\t\t\t\n        \t\t\t\t<\/div>\n\t\t\t\t<\/div>\n\t\t\t\t<div class=\"elementor-element elementor-element-19dbd30 elementor-widget elementor-widget-patara-title\" data-id=\"19dbd30\" data-element_type=\"widget\" data-e-type=\"widget\" data-widget_type=\"patara-title.default\">\n\t\t\t\t<div class=\"elementor-widget-container\">\n\t\t\t\t\t\t\t\n\t\t\t\t\n\t\t\t<h2 class=\"sec-title section-padding text-left\">\n\t\t\t\tPaiement\t\t    <\/h2>\n\t\t\t\t\t\t\t\t\t\n\t\t\t\t\t\t\n\t\t\t\t\n        \n\t\t\t\n        \t\t\t\t<\/div>\n\t\t\t\t<\/div>\n\t\t\t\t<div class=\"elementor-element elementor-element-a5721b6 elementor-widget elementor-widget-patara-text\" data-id=\"a5721b6\" data-element_type=\"widget\" data-e-type=\"widget\" data-widget_type=\"patara-text.default\">\n\t\t\t\t<div class=\"elementor-widget-container\">\n\t\t\t\t\t\t\t\n\t\t<div class=\"section-text text-left black\"><p>Il faut:<br \/>le versement d\u2019un acompte confirmatoire dans les 3 jours au plus tard de la date de confirmation de la r\u00e9servation. Le montant de l\u2019acompte est \u00e9gal \u00e0 20% du montant du s\u00e9jour. Ou un num\u00e9ro de carte de cr\u00e9dit (non pr\u00e9pay\u00e9e) avec autorisation de retirer le montant \u00e9gal \u00e0 l\u2019acompte confirmatoire (20%).<\/p><p>En cas de non-r\u00e9ception de ces informations ou du d\u00e9p\u00f4t dans les dates indiqu\u00e9es, la r\u00e9servation est nulle. Il en va de m\u00eame pour le solde du s\u00e9jour en cas de tarifs non remboursables.<\/p><p><strong>Comme pr\u00e9vu par le code civil \u00e0 l\u2019art. 1385, ne sera pas retourn\u00e9 en cas d\u2019annulation ou de non pr\u00e9sentation, sauf exceptions convenues avec le client. <\/strong><\/p><h4>M\u00e9thodes de paiement accept\u00e9es:<\/h4><ul><li>Cash<\/li><li>Virement bancaire<\/li><li>Carte de cr\u00e9dit<\/li><\/ul><p>Le solde de la r\u00e9servation doit \u00eatre pay\u00e9 au moment de l\u2019enregistrement. Les \u00e9ventuels extras devront \u00eatre r\u00e9gl\u00e9s avant le d\u00e9part.<\/p><p>Pour les paiements par virement bancaire, nous indiquons ci-dessous les donn\u00e9es:<\/p><p>Virement bancaire H\u00f4tel Sant\u2019Andrea<br \/>IBAN: IT65J0503470710000000182989<br \/>SWIFT: BAPPIT21T22<br \/>BPM Filiale de Marciana Marina<\/p><p>Envoyer la copie du re\u00e7u de virement par e-mail: <a href=\"mailto:info@hotelsantandrea.com\">info@hotelsantandrea.com<\/a> en indiquant la date de votre r\u00e9servation, le num\u00e9ro de t\u00e9l\u00e9phone et l\u2019adresse e-mail, vous recevrez une confirmation.<\/p><h4>Paiement \u00e0 l\u2019avance, \"Non remboursable\"<\/h4><p>Si vous r\u00e9servez ce tarif sp\u00e9cial, le montant total sera d\u00e9bit\u00e9 de votre carte de cr\u00e9dit ou demand\u00e9 par virement bancaire au moment de la r\u00e9servation.<br \/><br \/>Le montant total n\u2019est en aucun cas remboursable.<\/p><\/div>\n\t\t\n\t\t\t\n        \t\t\t\t<\/div>\n\t\t\t\t<\/div>\n\t\t\t\t<div class=\"elementor-element elementor-element-9ebe33e elementor-widget elementor-widget-patara-title\" data-id=\"9ebe33e\" data-element_type=\"widget\" data-e-type=\"widget\" data-widget_type=\"patara-title.default\">\n\t\t\t\t<div class=\"elementor-widget-container\">\n\t\t\t\t\t\t\t\n\t\t\t\t\n\t\t\t<h2 class=\"sec-title section-padding text-left\">\n\t\t\t\tPolitique d\u2019annulation\t\t    <\/h2>\n\t\t\t\t\t\t\t\t\t\n\t\t\t\t\t\t\n\t\t\t\t\n        \n\t\t\t\n        \t\t\t\t<\/div>\n\t\t\t\t<\/div>\n\t\t\t\t<div class=\"elementor-element elementor-element-0ec5445 elementor-widget elementor-widget-patara-text\" data-id=\"0ec5445\" data-element_type=\"widget\" data-e-type=\"widget\" data-widget_type=\"patara-text.default\">\n\t\t\t\t<div class=\"elementor-widget-container\">\n\t\t\t\t\t\t\t\n\t\t<div class=\"section-text text-left black\"><p>Toute annulation de r\u00e9servation doit \u00eatre communiqu\u00e9e par \u00e9crit. Pour les conditions d\u2019annulation veuillez vous r\u00e9f\u00e9rer \u00e0 votre confirmation de r\u00e9servation.<\/p><p>En cas d\u2019annulation ou de modification effectu\u00e9e jusqu\u2019\u00e0 20 jours avant la date pr\u00e9vue d\u2019arriv\u00e9e, le montant vers\u00e9 \u00e0 titre de d\u00e9p\u00f4t de confirmation sera retenu et aucune p\u00e9nalit\u00e9 suppl\u00e9mentaire ne sera appliqu\u00e9e.<br \/>Pour les annulations ou modifications apr\u00e8s ce d\u00e9lai, le montant de l\u2019acompte sera retenu et sera d\u00e9bit\u00e9 (sur la carte de cr\u00e9dit donn\u00e9e en garantie), ou demand\u00e9 un paiement \u00e0 titre d\u2019indemnisation du co\u00fbt de 20% du s\u00e9jour pour chaque chambre annul\u00e9e, Pour les annulations effectu\u00e9es \u00e0 partir de 7 jours avant la date d\u2019arriv\u00e9e, le d\u00e9p\u00f4t de confirmation sera retenu et factur\u00e9 ou demand\u00e9 le paiement de 40% du montant total du s\u00e9jour r\u00e9serv\u00e9 \u00e0 titre de d\u00e9dommagement.<\/p><p><strong>Cette politique d\u2019annulation ne s\u2019applique pas au tarif non remboursable.<\/strong><\/p><p>L\u2019H\u00f4tel Sant\u2019Andrea se r\u00e9serve le droit de cr\u00e9diter le montant total d\u00fb en cas d\u2019annulation apr\u00e8s ces p\u00e9riodes.<br \/><br \/>Aucun remboursement ne sera d\u00fb au client qui d\u00e9cide d\u2019interrompre le s\u00e9jour d\u00e9j\u00e0 entrepris et est donc tenu de payer tout le s\u00e9jour r\u00e9serv\u00e9.<\/p><\/div>\n\t\t\n\t\t\t\n        \t\t\t\t<\/div>\n\t\t\t\t<\/div>\n\t\t\t\t<div class=\"elementor-element elementor-element-6dd82b2 elementor-widget elementor-widget-patara-title\" data-id=\"6dd82b2\" data-element_type=\"widget\" data-e-type=\"widget\" data-widget_type=\"patara-title.default\">\n\t\t\t\t<div class=\"elementor-widget-container\">\n\t\t\t\t\t\t\t\n\t\t\t\t\n\t\t\t<h2 class=\"sec-title section-padding text-left\">\n\t\t\t\tNo Show : (non pr\u00e9sentation)\t\t    <\/h2>\n\t\t\t\t\t\t\t\t\t\n\t\t\t\t\t\t\n\t\t\t\t\n        \n\t\t\t\n        \t\t\t\t<\/div>\n\t\t\t\t<\/div>\n\t\t\t\t<div class=\"elementor-element elementor-element-21481b3 elementor-widget elementor-widget-patara-text\" data-id=\"21481b3\" data-element_type=\"widget\" data-e-type=\"widget\" data-widget_type=\"patara-text.default\">\n\t\t\t\t<div class=\"elementor-widget-container\">\n\t\t\t\t\t\t\t\n\t\t<div class=\"section-text text-left black\">En cas de non-pr\u00e9sentation, le d\u00e9p\u00f4t sera retenu et le solde du montant total du s\u00e9jour sera d\u00e9bit\u00e9 ou demand\u00e9. <\/div>\n\t\t\n\t\t\t\n        \t\t\t\t<\/div>\n\t\t\t\t<\/div>\n\t\t\t\t<\/div>\n\t\t\t\t<\/div>\n\t\t\t\t\t<\/div>\n\t\t\t\t<\/div>\n\t\t\t\t<\/div>\n\t\t","protected":false},"excerpt":{"rendered":"<p>Conditions g\u00e9n\u00e9rales R\u00e8glement Conditions de r\u00e9servation et d\u2019annulation Chers invit\u00e9s,Veuillez lire attentivement les conditions de r\u00e9servation et la politique d\u2019annulation de l\u2019H\u00f4tel Sant\u2019Andrea ci-dessous. R\u00e9servation Chaque r\u00e9servation, apr\u00e8s sa confirmation, a valeur de contrat selon la l\u00e9gislation italienne en vigueur, contraignant \u00e0 la fois pour le client et pour l\u2019h\u00f4telier. Vous pouvez envoyer une demande de disponibilit\u00e9 et attendre notre<\/p>\n","protected":false},"author":2,"featured_media":0,"parent":0,"menu_order":0,"comment_status":"closed","ping_status":"closed","template":"","meta":{"footnotes":"","_links_to":"","_links_to_target":""},"class_list":["post-4655","page","type-page","status-publish","hentry"],"meta_box":[],"_links":{"self":[{"href":"https:\/\/www.hotelsantandrea.com\/fr\/wp-json\/wp\/v2\/pages\/4655","targetHints":{"allow":["GET"]}}],"collection":[{"href":"https:\/\/www.hotelsantandrea.com\/fr\/wp-json\/wp\/v2\/pages"}],"about":[{"href":"https:\/\/www.hotelsantandrea.com\/fr\/wp-json\/wp\/v2\/types\/page"}],"author":[{"embeddable":true,"href":"https:\/\/www.hotelsantandrea.com\/fr\/wp-json\/wp\/v2\/users\/2"}],"replies":[{"embeddable":true,"href":"https:\/\/www.hotelsantandrea.com\/fr\/wp-json\/wp\/v2\/comments?post=4655"}],"version-history":[{"count":5,"href":"https:\/\/www.hotelsantandrea.com\/fr\/wp-json\/wp\/v2\/pages\/4655\/revisions"}],"predecessor-version":[{"id":5537,"href":"https:\/\/www.hotelsantandrea.com\/fr\/wp-json\/wp\/v2\/pages\/4655\/revisions\/5537"}],"wp:attachment":[{"href":"https:\/\/www.hotelsantandrea.com\/fr\/wp-json\/wp\/v2\/media?parent=4655"}],"curies":[{"name":"wp","href":"https:\/\/api.w.org\/{rel}","templated":true}]}}