{"id":4575,"date":"2025-12-16T12:58:09","date_gmt":"2025-12-16T11:58:09","guid":{"rendered":"http:\/\/santandrea.youelba.com\/come-arrivare-allelba\/"},"modified":"2026-03-06T09:27:29","modified_gmt":"2026-03-06T08:27:29","slug":"comment-rejoindre-lile-delbe","status":"publish","type":"page","link":"https:\/\/www.hotelsantandrea.com\/fr\/comment-rejoindre-lile-delbe\/","title":{"rendered":"Comment rejoindre l\u2019\u00eele d\u2019Elbe"},"content":{"rendered":"\t\t<div data-elementor-type=\"wp-page\" data-elementor-id=\"4575\" class=\"elementor elementor-4575 elementor-3965\">\n\t\t\t\t<div class=\"elementor-element elementor-element-7382885b e-con-full e-flex e-con e-parent\" data-id=\"7382885b\" data-element_type=\"container\" data-e-type=\"container\" data-settings=\"{&quot;background_background&quot;:&quot;classic&quot;}\">\n\t\t\t\t<div class=\"elementor-element elementor-element-6de1e63e elementor-widget elementor-widget-patara-banner-image\" data-id=\"6de1e63e\" data-element_type=\"widget\" data-e-type=\"widget\" data-widget_type=\"patara-banner-image.default\">\n\t\t\t\t<div class=\"elementor-widget-container\">\n\t\t\t\t\t\t\t\n\t<!-- Header Banner -->\n\t<header class=\"header\">\n\n\t\t\t\t<div class=\"banner-header full-height valign bg-img bg-fixed text-center\" data-overlay-dark=\"2\" data-background=\"https:\/\/www.hotelsantandrea.com\/wp-content\/uploads\/2025\/12\/esterni-drone-12-h-sant-andrea.jpg\">\n\t\t\t\t\t\t\t\t\t\t\t\t<div class=\"container\">\n\t\t\t\t\t<div class=\"row\">\n\t\t\t\t\t\t<div class=\"col-md-12 offset-0\">\n\t\t\t\t\t\t\t<div class=\"caption\">\n\n\t\t\t\t\t\t\t\t\t\t\t\t\t\t\t\t\n\t\t\t\t\t\t\t\t\n\t\t\t\t\t\t\t\t\t\t\t\t\t\t\t\t<h4 class=\"pt-slider-title1-class\">Informations pour le voyage<\/h4>\n\t\t\t\t\t\t\t\t\t\t\t\t\t\t\t\t\t\t\t\t\t\t\t\t<h1 class=\"pt-slider-title2-class\">Comment rejoindre l\u2019\u00eele d\u2019Elbe<\/h1>\n\t\t\t\t\t\t\t\t\t\t\t\t\t\t\t\t\t\t\t\t\t\t\t<\/div>\t\t\t\t\t\t\n\t\t\t\t\t\t<\/div>\t\t\t\t\t\t\n\t\t\t\t\t<\/div>\n\t\t\t\t<\/div>\n\t\t\t\t\t\t\t\t<!-- button scroll -->\n\t\t\t\t<a href=\"#contact\" data-scroll-nav=\"1\" class=\"mouse smoothscroll\">\n\t\t\t\t\t<span class=\"mouse-icon\">\n\t\t\t\t\t\t<span class=\"mouse-wheel\"><\/span>\n\t\t\t\t\t<\/span>\n\t\t\t\t<\/a>\t\n\t\t\t\t\t\t\t\t\t\n\t\t\t\t\t\t\n        <\/div>\t\t\t\n\t<\/header>\t\t\n\t\t\t\n    \t\t\t\t<\/div>\n\t\t\t\t<\/div>\n\t\t\t\t<\/div>\n\t\t<div class=\"elementor-element elementor-element-9334538 e-flex e-con-boxed e-con e-parent\" data-id=\"9334538\" data-element_type=\"container\" data-e-type=\"container\" id=\"contact\" data-settings=\"{&quot;background_background&quot;:&quot;classic&quot;}\">\n\t\t\t\t\t<div class=\"e-con-inner\">\n\t\t<div class=\"elementor-element elementor-element-2624878a e-con-full e-flex e-con e-child\" data-id=\"2624878a\" data-element_type=\"container\" data-e-type=\"container\">\n\t\t\t\t<div class=\"elementor-element elementor-element-2aac345e elementor-widget elementor-widget-patara-title\" data-id=\"2aac345e\" data-element_type=\"widget\" data-e-type=\"widget\" data-widget_type=\"patara-title.default\">\n\t\t\t\t<div class=\"elementor-widget-container\">\n\t\t\t\t\t\t\t\n\t\t\t\t\t\t\t\t<div class=\"sub-title border-bot-light\">\n\t\t\tFerries<\/h4><\/div>\n\t\t\t\t\t\n\t\t\t\n        \t\t\t\t<\/div>\n\t\t\t\t<\/div>\n\t\t\t\t<\/div>\n\t\t<div class=\"elementor-element elementor-element-1808a932 e-con-full e-flex e-con e-child\" data-id=\"1808a932\" data-element_type=\"container\" data-e-type=\"container\">\n\t\t\t\t<div class=\"elementor-element elementor-element-175bdc2d elementor-widget elementor-widget-patara-title\" data-id=\"175bdc2d\" data-element_type=\"widget\" data-e-type=\"widget\" data-widget_type=\"patara-title.default\">\n\t\t\t\t<div class=\"elementor-widget-container\">\n\t\t\t\t\t\t\t\n\t\t\n\t\t\t\t\t\t\t\n\t\t\t<h4 class=\"section-title black text-left\">Comment rejoindre l\u2019Elbe<\/h4>\t\t\t\t\n\t\t\t<div class=\"section-text text-left black\"><p><p>L\u2019\u00eele d\u2019Elbe est accessible en embarquant \u00e0 Piombino Marittima, o\u00f9 plusieurs compagnies de navigation assurent des liaisons quotidiennes avec des ferries confortables.<\/p><p>En environ une heure de navigation, les 10 kilom\u00e8tres qui s\u00e9parent l\u2019\u00eele du continent sont parcourus, avec arriv\u00e9e dans les ports de Portoferraio (le principal), Cavo et Rio Marina. En alternative, une liaison rapide en hydropt\u00e8re, r\u00e9serv\u00e9e uniquement au transport de passagers, permet de rejoindre Cavo et Portoferraio en environ 15 et 35 minutes respectivement.<\/p><p>Les prix des diff\u00e9rentes compagnies sont comparables et le billet peut \u00eatre achet\u00e9 directement via notre syst\u00e8me de r\u00e9servation en ligne, sans frais de r\u00e9servation.<\/p><\/p><\/div>\n        \n\t\t\t\n        \t\t\t\t<\/div>\n\t\t\t\t<\/div>\n\t\t<div class=\"elementor-element elementor-element-d3b6608 e-con-full e-flex e-con e-child\" data-id=\"d3b6608\" data-element_type=\"container\" data-e-type=\"container\">\n\t\t<div class=\"elementor-element elementor-element-731dcd6 e-con-full e-flex e-con e-child\" data-id=\"731dcd6\" data-element_type=\"container\" data-e-type=\"container\">\n\t\t\t\t<div class=\"elementor-element elementor-element-1e81597 elementor-widget elementor-widget-patara-services-grid\" data-id=\"1e81597\" data-element_type=\"widget\" data-e-type=\"widget\" data-widget_type=\"patara-services-grid.default\">\n\t\t\t\t<div class=\"elementor-widget-container\">\n\t\t\t\t\t\t\t\n\t\t\t\t\n\n\t\t\t<div class=\"sec-services\">\t\n\t\t\t\t\t\t\t\t<div class=\"rooms3\">\t\t\n\t\t\t\t\t<div class=\"room-img\"> <img decoding=\"async\" src=\"https:\/\/www.hotelsantandrea.com\/wp-content\/uploads\/2025\/10\/traghettilines.jpg\" alt=\"\" class=\"w-100\"\/><\/div>\n\t\t\t\t\t\t\t\t\t\t<div class=\"room-header\">\n\t\t\t\t\t\t<h4 class=\"room-label\">Traghettilines<\/h4>\n\t\t\t\t\t<\/div>\t\n\t\t\t\t\t\t\t\t\t\t\t\t\t\n\t\t\t\t\t<div class=\"room-wrap\">\n\t\t\t\t\t\t<div class=\"room-cont\">\n\t\t\t\t\t\t\t\t\t\t\t\t\t\t<h4 class=\"room-title\"><a href=\"\/fr\/ferries-pour-lile-delbe\/traghettilines\/\" target=\"_self\" rel=\"noopener noreferrer\">Traghettilines<\/a><\/h4>\n\t\t\t\t\t\t\t\t\n\t\t\t\t\t\t\t\t\t\t\t\t\t\t<div class=\"section-text room-text\">Horaires des ferries et r\u00e9ductions pour Toremar et Moby Lines avec un code d\u00e9di\u00e9, en plus des offres standard Blu Navy<\/div>\n\t\t\t\t\t\t\t\t\t\t\t    \n\t\t\t\t\t\t<\/div>\t\n\t\t\t\t\t\t\t\t\t\t\t\t<div class=\"room-actions\"><a href=\"\/fr\/ferries-pour-lile-delbe\/traghettilines\/\" target=\"_self\" rel=\"noopener noreferrer\" class=\"icon-btn\">\n\t\t\t\t\t\t\t\t\n\t\t\t\t\t\t\t\t<span class=\"ti-angle-right\"><\/span>\n\t\t\t\t\t\t\t\t\n\t\t\t\t\t\t<\/a><\/div>\n\t\t\t\t\t\t\t\t\t\t\t\t\t\n\t\t\t\t\t<\/div>\t\t\t\t\t\t\t\t\t\t\n\t\t\t\t<\/div>\t\t\t\t\t\n\t\t\t\t\t\t\t<\/div>\t\n\t\t\n\t\t\n\t\t\t\t\n        \t\t\t\t<\/div>\n\t\t\t\t<\/div>\n\t\t\t\t<\/div>\n\t\t<div class=\"elementor-element elementor-element-d168057 e-con-full e-flex e-con e-child\" data-id=\"d168057\" data-element_type=\"container\" data-e-type=\"container\">\n\t\t\t\t<div class=\"elementor-element elementor-element-6cc3c94 elementor-widget elementor-widget-patara-services-grid\" data-id=\"6cc3c94\" data-element_type=\"widget\" data-e-type=\"widget\" data-widget_type=\"patara-services-grid.default\">\n\t\t\t\t<div class=\"elementor-widget-container\">\n\t\t\t\t\t\t\t\n\t\t\t\t\n\n\t\t\t<div class=\"sec-services\">\t\n\t\t\t\t\t\t\t\t<div class=\"rooms3\">\t\t\n\t\t\t\t\t<div class=\"room-img\"> <img decoding=\"async\" src=\"https:\/\/www.hotelsantandrea.com\/wp-content\/uploads\/2025\/10\/blu-navy.jpg\" alt=\"\" class=\"w-100\"\/><\/div>\n\t\t\t\t\t\t\t\t\t\t<div class=\"room-header\">\n\t\t\t\t\t\t<h4 class=\"room-label\">Blu Navy<\/h4>\n\t\t\t\t\t<\/div>\t\n\t\t\t\t\t\t\t\t\t\t\t\t\t\n\t\t\t\t\t<div class=\"room-wrap\">\n\t\t\t\t\t\t<div class=\"room-cont\">\n\t\t\t\t\t\t\t\t\t\t\t\t\t\t<h4 class=\"room-title\"><a href=\"\/fr\/ferries-pour-lile-delbe\/blu-navy\/\" target=\"_self\" rel=\"noopener noreferrer\">Blu Navy<\/a><\/h4>\n\t\t\t\t\t\t\t\t\n\t\t\t\t\t\t\t\t\t\t\t\t\t\t<div class=\"section-text room-text\">Horaires des ferries et r\u00e9ductions pour Blu Navy avec lien direct et code d\u00e9di\u00e9<\/div>\n\t\t\t\t\t\t\t\t\t\t\t    \n\t\t\t\t\t\t<\/div>\t\n\t\t\t\t\t\t\t\t\t\t\t\t<div class=\"room-actions\"><a href=\"\/fr\/ferries-pour-lile-delbe\/blu-navy\/\" target=\"_self\" rel=\"noopener noreferrer\" class=\"icon-btn\">\n\t\t\t\t\t\t\t\t\n\t\t\t\t\t\t\t\t<span class=\"ti-angle-right\"><\/span>\n\t\t\t\t\t\t\t\t\n\t\t\t\t\t\t<\/a><\/div>\n\t\t\t\t\t\t\t\t\t\t\t\t\t\n\t\t\t\t\t<\/div>\t\t\t\t\t\t\t\t\t\t\n\t\t\t\t<\/div>\t\t\t\t\t\n\t\t\t\t\t\t\t<\/div>\t\n\t\t\n\t\t\n\t\t\t\t\n        \t\t\t\t<\/div>\n\t\t\t\t<\/div>\n\t\t\t\t<\/div>\n\t\t\t\t<\/div>\n\t\t\t\t<\/div>\n\t\t\t\t\t<\/div>\n\t\t\t\t<\/div>\n\t\t<div class=\"elementor-element elementor-element-373862d e-flex e-con-boxed e-con e-parent\" data-id=\"373862d\" data-element_type=\"container\" data-e-type=\"container\" data-settings=\"{&quot;background_background&quot;:&quot;classic&quot;}\">\n\t\t\t\t\t<div class=\"e-con-inner\">\n\t\t\t\t<div class=\"elementor-element elementor-element-3755563 elementor-widget-divider--view-line elementor-widget elementor-widget-divider\" data-id=\"3755563\" data-element_type=\"widget\" data-e-type=\"widget\" data-widget_type=\"divider.default\">\n\t\t\t\t\t\t\t<div class=\"elementor-divider\">\n\t\t\t<span class=\"elementor-divider-separator\">\n\t\t\t\t\t\t<\/span>\n\t\t<\/div>\n\t\t\t\t\t\t<\/div>\n\t\t\t\t\t<\/div>\n\t\t\t\t<\/div>\n\t\t<div class=\"elementor-element elementor-element-e06a4a5 e-flex e-con-boxed e-con e-parent\" data-id=\"e06a4a5\" data-element_type=\"container\" data-e-type=\"container\" data-settings=\"{&quot;background_background&quot;:&quot;classic&quot;}\">\n\t\t\t\t\t<div class=\"e-con-inner\">\n\t\t<div class=\"elementor-element elementor-element-2c56b81 e-con-full e-flex e-con e-child\" data-id=\"2c56b81\" data-element_type=\"container\" data-e-type=\"container\">\n\t\t\t\t<div class=\"elementor-element elementor-element-5bdf732 elementor-widget elementor-widget-patara-title\" data-id=\"5bdf732\" data-element_type=\"widget\" data-e-type=\"widget\" data-widget_type=\"patara-title.default\">\n\t\t\t\t<div class=\"elementor-widget-container\">\n\t\t\t\t\t\t\t\n\t\t\t\t\t\t\t\t<div class=\"sub-title border-bot-light\">\n\t\t\tArriver en voiture<\/h4><\/div>\n\t\t\t\t\t\n\t\t\t\n        \t\t\t\t<\/div>\n\t\t\t\t<\/div>\n\t\t\t\t<\/div>\n\t\t<div class=\"elementor-element elementor-element-6884943 e-con-full e-flex e-con e-child\" data-id=\"6884943\" data-element_type=\"container\" data-e-type=\"container\">\n\t\t\t\t<div class=\"elementor-element elementor-element-32a1460 elementor-widget elementor-widget-patara-title\" data-id=\"32a1460\" data-element_type=\"widget\" data-e-type=\"widget\" data-widget_type=\"patara-title.default\">\n\t\t\t\t<div class=\"elementor-widget-container\">\n\t\t\t\t\t\t\t\n\t\t\n\t\t\t\t\t\t\t\n\t\t\t<h4 class=\"section-title black text-left\">Arriver \u00e0 Piombino depuis le nord<\/h4>\t\t\t\t\n\t\t\t<div class=\"section-text text-left black\"><p><p>Depuis Milan prendre l\u2019autoroute A1 puis rejoindre l\u2019A15 \u00e0 Parma Ovest pour atteindre l\u2019autoroute A12 Genova\u2013Livorno. Sortie Rosignano, puis continuer sur la S.S. Aurelia jusqu\u2019\u00e0 Venturina\u2013Isola d\u2019Elba et de l\u00e0 vers Piombino Marittima.<\/p><\/p><\/div>\n        \n\t\t\t\n        \t\t\t\t<\/div>\n\t\t\t\t<\/div>\n\t\t\t\t<div class=\"elementor-element elementor-element-6134d84 elementor-widget elementor-widget-patara-title\" data-id=\"6134d84\" data-element_type=\"widget\" data-e-type=\"widget\" data-widget_type=\"patara-title.default\">\n\t\t\t\t<div class=\"elementor-widget-container\">\n\t\t\t\t\t\t\t\n\t\t\n\t\t\t\t\t\t\t\n\t\t\t<h4 class=\"section-title black text-left\">Arriver \u00e0 Piombino depuis le nord-est<\/h4>\t\t\t\t\n\t\t\t<div class=\"section-text text-left black\"><p><p>Autoroute A1 Bologna\u2013Firenze\u2013Pisa\u2013Livorno : sortie Rosignano, continuer sur la S.S. Aurelia jusqu\u2019\u00e0 Venturina\u2013Isola d\u2019Elba et de l\u00e0 vers Piombino Marittima.<br \/>En alternative, la voie rapide S.G.C. Firenze\u2013Pisa\u2013Livorno : sortie Firenze Scandicci et suivre la S.S. jusqu\u2019\u00e0 Collesalvetti, reprendre l\u2019autoroute jusqu\u2019\u00e0 Rosignano Marittima, puis la voie rapide jusqu\u2019\u00e0 Venturina\u2013Isola d\u2019Elba et enfin Piombino Marittima.<\/p><\/p><\/div>\n        \n\t\t\t\n        \t\t\t\t<\/div>\n\t\t\t\t<\/div>\n\t\t\t\t<div class=\"elementor-element elementor-element-8b5e784 elementor-widget elementor-widget-patara-title\" data-id=\"8b5e784\" data-element_type=\"widget\" data-e-type=\"widget\" data-widget_type=\"patara-title.default\">\n\t\t\t\t<div class=\"elementor-widget-container\">\n\t\t\t\t\t\t\t\n\t\t\n\t\t\t\t\t\t\t\n\t\t\t<h4 class=\"section-title black text-left\">Arriver \u00e0 Piombino depuis le sud<\/h4>\t\t\t\t\n\t\t\t<div class=\"section-text text-left black\"><p><p>Autoroute A12 Roma\u2013Grosseto, puis S.S. Aurelia sortie Venturina\u2013Isola d\u2019Elba et continuer vers Piombino Marittima.<\/p><\/p><\/div>\n        \n\t\t\t\n        \t\t\t\t<\/div>\n\t\t\t\t<\/div>\n\t\t\t\t<\/div>\n\t\t\t\t\t<\/div>\n\t\t\t\t<\/div>\n\t\t<div class=\"elementor-element elementor-element-5c3f545 e-flex e-con-boxed e-con e-parent\" data-id=\"5c3f545\" data-element_type=\"container\" data-e-type=\"container\" data-settings=\"{&quot;background_background&quot;:&quot;classic&quot;}\">\n\t\t\t\t\t<div class=\"e-con-inner\">\n\t\t\t\t<div class=\"elementor-element elementor-element-44ecc7a elementor-widget-divider--view-line elementor-widget elementor-widget-divider\" data-id=\"44ecc7a\" data-element_type=\"widget\" data-e-type=\"widget\" data-widget_type=\"divider.default\">\n\t\t\t\t\t\t\t<div class=\"elementor-divider\">\n\t\t\t<span class=\"elementor-divider-separator\">\n\t\t\t\t\t\t<\/span>\n\t\t<\/div>\n\t\t\t\t\t\t<\/div>\n\t\t\t\t\t<\/div>\n\t\t\t\t<\/div>\n\t\t<div class=\"elementor-element elementor-element-10b1944 e-flex e-con-boxed e-con e-parent\" data-id=\"10b1944\" data-element_type=\"container\" data-e-type=\"container\" data-settings=\"{&quot;background_background&quot;:&quot;classic&quot;}\">\n\t\t\t\t\t<div class=\"e-con-inner\">\n\t\t<div class=\"elementor-element elementor-element-eff35f3 e-con-full e-flex e-con e-child\" data-id=\"eff35f3\" data-element_type=\"container\" data-e-type=\"container\">\n\t\t\t\t<div class=\"elementor-element elementor-element-275de5b elementor-widget elementor-widget-patara-title\" data-id=\"275de5b\" data-element_type=\"widget\" data-e-type=\"widget\" data-widget_type=\"patara-title.default\">\n\t\t\t\t<div class=\"elementor-widget-container\">\n\t\t\t\t\t\t\t\n\t\t\t\t\t\t\t\t<div class=\"sub-title border-bot-light\">\n\t\t\tArriver en bus, avion et train<\/h4><\/div>\n\t\t\t\t\t\n\t\t\t\n        \t\t\t\t<\/div>\n\t\t\t\t<\/div>\n\t\t\t\t<\/div>\n\t\t<div class=\"elementor-element elementor-element-e689ea5 e-con-full e-flex e-con e-child\" data-id=\"e689ea5\" data-element_type=\"container\" data-e-type=\"container\">\n\t\t\t\t<div class=\"elementor-element elementor-element-eabef85 elementor-widget elementor-widget-patara-title\" data-id=\"eabef85\" data-element_type=\"widget\" data-e-type=\"widget\" data-widget_type=\"patara-title.default\">\n\t\t\t\t<div class=\"elementor-widget-container\">\n\t\t\t\t\t\t\t\n\t\t\n\t\t\t\t\t\t\t\n\t\t\t\t\t\t\t\n\t\t\t<div class=\"section-text text-left black\"><p><p>L\u2019\u00eele d\u2019Elbe est \u00e9galement facilement accessible sans voiture, en utilisant le bus, le train ou l\u2019avion, avec des liaisons qui permettent d\u2019arriver facilement jusqu\u2019au port de Piombino Marittima ou directement sur l\u2019\u00eele.<\/p><\/p><\/div>\n        \n\t\t\t\n        \t\t\t\t<\/div>\n\t\t\t\t<\/div>\n\t\t\t\t<div class=\"elementor-element elementor-element-20ece46 elementor-widget elementor-widget-patara-title\" data-id=\"20ece46\" data-element_type=\"widget\" data-e-type=\"widget\" data-widget_type=\"patara-title.default\">\n\t\t\t\t<div class=\"elementor-widget-container\">\n\t\t\t\t\t\t\t\n\t\t\n\t\t\t\t\t\t\t\n\t\t\t<h4 class=\"section-title black text-left\">En bus<\/h4>\t\t\t\t\n\t\t\t<div class=\"section-text text-left black\"><p><p>Des liaisons en bus sont disponibles depuis plusieurs villes italiennes vers Piombino Marittima, souvent avec des arr\u00eats interm\u00e9diaires le long du trajet. \u00c0 certaines p\u00e9riodes de l\u2019ann\u00e9e, notamment en \u00e9t\u00e9, des liaisons directes facilitent l\u2019arriv\u00e9e au port en correspondance avec les d\u00e9parts des ferries.<br \/>Pour les horaires actualis\u00e9s, les trajets et les r\u00e9servations, il est conseill\u00e9 de consulter les sites officiels des compagnies de transport.<\/p><\/p><\/div>\n        \n\t\t\t\n        \t\t\t\t<\/div>\n\t\t\t\t<\/div>\n\t\t<div class=\"elementor-element elementor-element-3aa7528 e-con-full e-flex e-con e-child\" data-id=\"3aa7528\" data-element_type=\"container\" data-e-type=\"container\">\n\t\t\t\t<div class=\"elementor-element elementor-element-d981588 elementor-widget elementor-widget-patara-button\" data-id=\"d981588\" data-element_type=\"widget\" data-e-type=\"widget\" data-widget_type=\"patara-button.default\">\n\t\t\t\t<div class=\"elementor-widget-container\">\n\t\t\t\t\t\n\t\t<div class=\"float-center\">\n            <div class=\"sec-button butn-dark\"><a href=\"https:\/\/www.tiemmespa.it\/\" target=\"_blank\" rel=\"noopener noreferrer\"><span>Florence \u2013 Elbe<\/span><\/a><\/div>\t\t\n\t\t<\/div>\t\t\n\n        \t\t\t\t<\/div>\n\t\t\t\t<\/div>\n\t\t\t\t<div class=\"elementor-element elementor-element-a7ecd66 elementor-widget elementor-widget-patara-button\" data-id=\"a7ecd66\" data-element_type=\"widget\" data-e-type=\"widget\" data-widget_type=\"patara-button.default\">\n\t\t\t\t<div class=\"elementor-widget-container\">\n\t\t\t\t\t\n\t\t<div class=\"float-center\">\n            <div class=\"sec-button butn-dark\"><a href=\"https:\/\/www.tiemmespa.it\/\" target=\"_blank\" rel=\"noopener noreferrer\"><span>Poggibonsi \u2013 Sienne \u2013 Elbe<\/span><\/a><\/div>\t\t\n\t\t<\/div>\t\t\n\n        \t\t\t\t<\/div>\n\t\t\t\t<\/div>\n\t\t\t\t<\/div>\n\t\t<div class=\"elementor-element elementor-element-37af228 e-con-full e-flex e-con e-child\" data-id=\"37af228\" data-element_type=\"container\" data-e-type=\"container\">\n\t\t\t\t<div class=\"elementor-element elementor-element-0b1bf05 elementor-widget elementor-widget-patara-button\" data-id=\"0b1bf05\" data-element_type=\"widget\" data-e-type=\"widget\" data-widget_type=\"patara-button.default\">\n\t\t\t\t<div class=\"elementor-widget-container\">\n\t\t\t\t\t\n\t\t<div class=\"float-center\">\n            <div class=\"sec-button butn-dark\"><a href=\"https:\/\/www.arzillibus.com\/\" target=\"_blank\" rel=\"noopener noreferrer\"><span>Milan \u2013 Elbe<\/span><\/a><\/div>\t\t\n\t\t<\/div>\t\t\n\n        \t\t\t\t<\/div>\n\t\t\t\t<\/div>\n\t\t\t\t<div class=\"elementor-element elementor-element-f99e4a6 elementor-widget elementor-widget-patara-button\" data-id=\"f99e4a6\" data-element_type=\"widget\" data-e-type=\"widget\" data-widget_type=\"patara-button.default\">\n\t\t\t\t<div class=\"elementor-widget-container\">\n\t\t\t\t\t\n\t\t<div class=\"float-center\">\n            <div class=\"sec-button butn-dark\"><a href=\"https:\/\/autostradale.it\/\" target=\"_blank\" rel=\"noopener noreferrer\"><span>Milan \u2013 Elbe (service estival)<\/span><\/a><\/div>\t\t\n\t\t<\/div>\t\t\n\n        \t\t\t\t<\/div>\n\t\t\t\t<\/div>\n\t\t\t\t<\/div>\n\t\t\t\t<div class=\"elementor-element elementor-element-1912622 elementor-widget elementor-widget-patara-title\" data-id=\"1912622\" data-element_type=\"widget\" data-e-type=\"widget\" data-widget_type=\"patara-title.default\">\n\t\t\t\t<div class=\"elementor-widget-container\">\n\t\t\t\t\t\t\t\n\t\t\n\t\t\t\t\t\t\t\n\t\t\t<h4 class=\"section-title black text-left\">En train<\/h4>\t\t\t\t\n\t\t\t<div class=\"section-text text-left black\"><p>Le port de Piombino Marittima est desservi par le r\u00e9seau ferroviaire national. La gare se trouve \u00e0 proximit\u00e9 imm\u00e9diate des embarquements pour l\u2019\u00eele d\u2019Elbe, ce qui permet de poursuivre facilement le voyage par mer.\n\nLes horaires et billets de train peuvent \u00eatre consult\u00e9s sur les canaux officiels du service ferroviaire.<\/p><\/div>\n        \n\t\t\t\n        \t\t\t\t<\/div>\n\t\t\t\t<\/div>\n\t\t<div class=\"elementor-element elementor-element-21a22d3 e-con-full e-flex e-con e-child\" data-id=\"21a22d3\" data-element_type=\"container\" data-e-type=\"container\">\n\t\t\t\t<div class=\"elementor-element elementor-element-d27cfc1 elementor-widget elementor-widget-patara-button\" data-id=\"d27cfc1\" data-element_type=\"widget\" data-e-type=\"widget\" data-widget_type=\"patara-button.default\">\n\t\t\t\t<div class=\"elementor-widget-container\">\n\t\t\t\t\t\n\t\t<div class=\"float-center\">\n            <div class=\"sec-button butn-dark\"><a href=\"https:\/\/www.trenitalia.com\/fr.html\" target=\"_blank\" rel=\"noopener noreferrer\"><span>Horaires et billets de train<\/span><\/a><\/div>\t\t\n\t\t<\/div>\t\t\n\n        \t\t\t\t<\/div>\n\t\t\t\t<\/div>\n\t\t\t\t<\/div>\n\t\t\t\t<div class=\"elementor-element elementor-element-266ea5a elementor-widget elementor-widget-patara-title\" data-id=\"266ea5a\" data-element_type=\"widget\" data-e-type=\"widget\" data-widget_type=\"patara-title.default\">\n\t\t\t\t<div class=\"elementor-widget-container\">\n\t\t\t\t\t\t\t\n\t\t\n\t\t\t\t\t\t\t\n\t\t\t<h4 class=\"section-title black text-left\">En avion<\/h4>\t\t\t\t\n\t\t\t<div class=\"section-text text-left black\"><p><p>L\u2019\u00eele d\u2019Elbe est reli\u00e9e au continent et \u00e0 certaines villes europ\u00e9ennes par avion. L\u2019a\u00e9roport de l\u2019\u00eele d\u2019Elbe se situe \u00e0 La Pila, \u00e0 environ 25 km de l\u2019\u00e9tablissement.<\/p><\/p><\/div>\n        \n\t\t\t\n        \t\t\t\t<\/div>\n\t\t\t\t<\/div>\n\t\t<div class=\"elementor-element elementor-element-a85abd4 e-con-full e-flex e-con e-child\" data-id=\"a85abd4\" data-element_type=\"container\" data-e-type=\"container\">\n\t\t\t\t<div class=\"elementor-element elementor-element-8175b44 elementor-widget elementor-widget-patara-button\" data-id=\"8175b44\" data-element_type=\"widget\" data-e-type=\"widget\" data-widget_type=\"patara-button.default\">\n\t\t\t\t<div class=\"elementor-widget-container\">\n\t\t\t\t\t\n\t\t<div class=\"float-center\">\n            <div class=\"sec-button butn-dark\"><a href=\"https:\/\/www.elbaisland-airport.it\/\" target=\"_blank\" rel=\"noopener noreferrer\"><span>A\u00e9roport de l\u2019\u00eele d\u2019Elbe<\/span><\/a><\/div>\t\t\n\t\t<\/div>\t\t\n\n        \t\t\t\t<\/div>\n\t\t\t\t<\/div>\n\t\t\t\t<\/div>\n\t\t\t\t<\/div>\n\t\t\t\t\t<\/div>\n\t\t\t\t<\/div>\n\t\t\t\t<\/div>\n\t\t","protected":false},"excerpt":{"rendered":"<p>Informations pour le voyage Comment rejoindre l\u2019\u00eele d\u2019Elbe Ferries Comment rejoindre l\u2019Elbe L\u2019\u00eele d\u2019Elbe est accessible en embarquant \u00e0 Piombino Marittima, o\u00f9 plusieurs compagnies de navigation assurent des liaisons quotidiennes avec des ferries confortables. En environ une heure de navigation, les 10 kilom\u00e8tres qui s\u00e9parent l\u2019\u00eele du continent sont parcourus, avec arriv\u00e9e dans les ports de Portoferraio (le principal), Cavo<\/p>\n","protected":false},"author":2,"featured_media":0,"parent":0,"menu_order":0,"comment_status":"closed","ping_status":"closed","template":"","meta":{"footnotes":"","_links_to":"","_links_to_target":""},"class_list":["post-4575","page","type-page","status-publish","hentry"],"meta_box":[],"_links":{"self":[{"href":"https:\/\/www.hotelsantandrea.com\/fr\/wp-json\/wp\/v2\/pages\/4575","targetHints":{"allow":["GET"]}}],"collection":[{"href":"https:\/\/www.hotelsantandrea.com\/fr\/wp-json\/wp\/v2\/pages"}],"about":[{"href":"https:\/\/www.hotelsantandrea.com\/fr\/wp-json\/wp\/v2\/types\/page"}],"author":[{"embeddable":true,"href":"https:\/\/www.hotelsantandrea.com\/fr\/wp-json\/wp\/v2\/users\/2"}],"replies":[{"embeddable":true,"href":"https:\/\/www.hotelsantandrea.com\/fr\/wp-json\/wp\/v2\/comments?post=4575"}],"version-history":[{"count":5,"href":"https:\/\/www.hotelsantandrea.com\/fr\/wp-json\/wp\/v2\/pages\/4575\/revisions"}],"predecessor-version":[{"id":6054,"href":"https:\/\/www.hotelsantandrea.com\/fr\/wp-json\/wp\/v2\/pages\/4575\/revisions\/6054"}],"wp:attachment":[{"href":"https:\/\/www.hotelsantandrea.com\/fr\/wp-json\/wp\/v2\/media?parent=4575"}],"curies":[{"name":"wp","href":"https:\/\/api.w.org\/{rel}","templated":true}]}}