{"id":4424,"date":"2025-12-02T12:11:50","date_gmt":"2025-12-02T11:11:50","guid":{"rendered":"http:\/\/santandrea.youelba.com\/attivita-nella-natura\/"},"modified":"2026-03-06T11:01:56","modified_gmt":"2026-03-06T10:01:56","slug":"activites-dans-la-nature","status":"publish","type":"page","link":"https:\/\/www.hotelsantandrea.com\/fr\/activites-dans-la-nature\/","title":{"rendered":"Activit\u00e9s dans la nature"},"content":{"rendered":"\t\t<div data-elementor-type=\"wp-page\" data-elementor-id=\"4424\" class=\"elementor elementor-4424 elementor-3386\">\n\t\t\t\t<div class=\"elementor-element elementor-element-db5600b e-con-full e-flex e-con e-parent\" data-id=\"db5600b\" data-element_type=\"container\" data-e-type=\"container\" data-settings=\"{&quot;background_background&quot;:&quot;classic&quot;}\">\n\t\t\t\t<div class=\"elementor-element elementor-element-82539b8 elementor-widget elementor-widget-patara-banner-image\" data-id=\"82539b8\" data-element_type=\"widget\" data-e-type=\"widget\" data-widget_type=\"patara-banner-image.default\">\n\t\t\t\t<div class=\"elementor-widget-container\">\n\t\t\t\t\t\t\t\n\t<!-- Header Banner -->\n\t<header class=\"header\">\n\n\t\t\t\t<div class=\"banner-header full-height valign bg-img bg-fixed text-center\" data-overlay-dark=\"3\" data-background=\"https:\/\/www.hotelsantandrea.com\/wp-content\/uploads\/2025\/12\/monte-perone.jpg\">\n\t\t\t\t\t\t\t\t\t\t\t\t<div class=\"container\">\n\t\t\t\t\t<div class=\"row\">\n\t\t\t\t\t\t<div class=\"col-md-12 offset-0\">\n\t\t\t\t\t\t\t<div class=\"caption\">\n\n\t\t\t\t\t\t\t\t\t\t\t\t\t\t\t\t\n\t\t\t\t\t\t\t\t\n\t\t\t\t\t\t\t\t\t\t\t\t\t\t\t\t<h4 class=\"pt-slider-title1-class\">Activit\u00e9s en pleine nature<\/h4>\n\t\t\t\t\t\t\t\t\t\t\t\t\t\t\t\t\t\t\t\t\t\t\t\t<h1 class=\"pt-slider-title2-class\">Randonn\u00e9es et promenades<\/h1>\n\t\t\t\t\t\t\t\t\t\t\t\t\t\t\t\t\t\t\t\t\t\t\t<\/div>\t\t\t\t\t\t\n\t\t\t\t\t\t<\/div>\t\t\t\t\t\t\n\t\t\t\t\t<\/div>\n\t\t\t\t<\/div>\n\t\t\t\t\t\t\t\t<!-- button scroll -->\n\t\t\t\t<a href=\"#contact\" data-scroll-nav=\"1\" class=\"mouse smoothscroll\">\n\t\t\t\t\t<span class=\"mouse-icon\">\n\t\t\t\t\t\t<span class=\"mouse-wheel\"><\/span>\n\t\t\t\t\t<\/span>\n\t\t\t\t<\/a>\t\n\t\t\t\t\t\t\t\t\t\n\t\t\t\t\t\t\n        <\/div>\t\t\t\n\t<\/header>\t\t\n\t\t\t\n    \t\t\t\t<\/div>\n\t\t\t\t<\/div>\n\t\t\t\t<\/div>\n\t\t<div class=\"elementor-element elementor-element-899a3a2 e-flex e-con-boxed e-con e-parent\" data-id=\"899a3a2\" data-element_type=\"container\" data-e-type=\"container\" id=\"spa\" data-settings=\"{&quot;background_background&quot;:&quot;classic&quot;}\">\n\t\t\t\t\t<div class=\"e-con-inner\">\n\t\t<div class=\"elementor-element elementor-element-064a9ce e-con-full e-flex e-con e-child\" data-id=\"064a9ce\" data-element_type=\"container\" data-e-type=\"container\">\n\t\t\t\t<div class=\"elementor-element elementor-element-6e5a690 elementor-widget elementor-widget-patara-title\" data-id=\"6e5a690\" data-element_type=\"widget\" data-e-type=\"widget\" data-widget_type=\"patara-title.default\">\n\t\t\t\t<div class=\"elementor-widget-container\">\n\t\t\t\t\t\t\t\n\t\t\n\t\t\t\t\t\t\t\n\t\t\t<h4 class=\"section-title black text-left\">Exp\u00e9riences dans la nature<\/h4>\t\t\t\t\n\t\t\t<div class=\"section-text text-left black\"><p><p>L\u2019H\u00f4tel Sant\u2019Andrea se trouve aux confins du Parc National de l\u2019Archipel Toscan, dans l\u2019une des zones les plus authentiques et naturelles de l\u2019\u00cele d\u2019Elbe. Nous sommes situ\u00e9s sur le versant de l\u2019\u00eele qui offre le principal r\u00e9seau de sentiers de randonn\u00e9e, un v\u00e9ritable paradis pour les amoureux de la marche en pleine nature.<\/p><p>\u00c0 quelques kilom\u00e8tres de l\u2019h\u00f4tel s\u2019\u00e9l\u00e8ve le plus haut sommet de l\u2019\u00eele, le Mont Capanne, avec ses 1019 m\u00e8tres : un point de vue spectaculaire d\u2019o\u00f9 l\u2019on peut embrasser du regard tout l\u2019archipel et, par temps clair, m\u00eame la Corse.<\/p><p>La r\u00e9gion environnante permet d\u2019admirer toute la richesse de la faune et de la flore typiques de la garrigue m\u00e9diterran\u00e9enne : parfums des herbes aromatiques, couleurs \u00e9clatantes, for\u00eats de ch\u00eanes verts, arbousiers, gen\u00eats, petits mammif\u00e8res et une grande vari\u00e9t\u00e9 d\u2019oiseaux qui rendent chaque promenade une exp\u00e9rience authentique et r\u00e9g\u00e9n\u00e9rante.<\/p><p>Pour rendre vos excursions encore plus suggestives et inoubliables, nous collaborons avec une guide naturaliste experte, capable de vous faire d\u00e9couvrir les recoins les plus fascinants du territoire, de vous raconter l\u2019histoire des lieux et de vous accompagner en toute s\u00e9curit\u00e9 sur les plus beaux sentiers de l\u2019\u00eele.<\/p><p>Un lieu id\u00e9al pour les amoureux de la nature, les passionn\u00e9s de randonn\u00e9e et tous ceux qui souhaitent des vacances actives en plein air.<\/p><\/p><\/div>\n        \n\t\t\t\n        \t\t\t\t<\/div>\n\t\t\t\t<\/div>\n\t\t\t\t<\/div>\n\t\t\t\t<div class=\"elementor-element elementor-element-b724c46 elementor-widget elementor-widget-spacer\" data-id=\"b724c46\" data-element_type=\"widget\" data-e-type=\"widget\" data-widget_type=\"spacer.default\">\n\t\t\t\t\t\t\t<div class=\"elementor-spacer\">\n\t\t\t<div class=\"elementor-spacer-inner\"><\/div>\n\t\t<\/div>\n\t\t\t\t\t\t<\/div>\n\t\t<div class=\"elementor-element elementor-element-a9a2619 e-con-full e-flex e-con e-child\" data-id=\"a9a2619\" data-element_type=\"container\" data-e-type=\"container\">\n\t\t<div class=\"elementor-element elementor-element-79db418 e-con-full e-flex e-con e-child\" data-id=\"79db418\" data-element_type=\"container\" data-e-type=\"container\">\n\t\t\t\t<div class=\"elementor-element elementor-element-9fc4574 elementor-widget elementor-widget-patara-image\" data-id=\"9fc4574\" data-element_type=\"widget\" data-e-type=\"widget\" data-widget_type=\"patara-image.default\">\n\t\t\t\t<div class=\"elementor-widget-container\">\n\t\t\t\t\t\t\t\n\t\t\t\t\n\n\t\t\t<div class=\"sec-img\">\n\t\t\t\t\t\t\t\t\t\n\t\t\t\t <img decoding=\"async\" src=\"https:\/\/www.hotelsantandrea.com\/wp-content\/uploads\/2025\/12\/monte-capanne.jpg\" class=\"img-fluid\" alt=\"Vista panoramica dal Monte Capanne con scorcio su Marciana Marina\"> \n\t\t\t\t\t\n\t\t\t<\/div>\t\t\t\t\t\n\n\t    \t\t\t\n\t\t\n\t\t\t\n        \t\t\t\t<\/div>\n\t\t\t\t<\/div>\n\t\t\t\t<\/div>\n\t\t<div class=\"elementor-element elementor-element-e45c0a8 e-con-full e-flex e-con e-child\" data-id=\"e45c0a8\" data-element_type=\"container\" data-e-type=\"container\">\n\t\t\t\t<div class=\"elementor-element elementor-element-1a2e633 elementor-widget elementor-widget-patara-image\" data-id=\"1a2e633\" data-element_type=\"widget\" data-e-type=\"widget\" data-widget_type=\"patara-image.default\">\n\t\t\t\t<div class=\"elementor-widget-container\">\n\t\t\t\t\t\t\t\n\t\t\t\t\n\n\t\t\t<div class=\"sec-img\">\n\t\t\t\t\t\t\t\t\t\n\t\t\t\t <img decoding=\"async\" src=\"https:\/\/www.hotelsantandrea.com\/wp-content\/uploads\/2025\/12\/trekking-madonna-del-monte-laquila-1711-12.jpg\" class=\"img-fluid\" alt=\"Trekking Madonna del Monte\"> \n\t\t\t\t\t\n\t\t\t<\/div>\t\t\t\t\t\n\n\t    \t\t\t\n\t\t\n\t\t\t\n        \t\t\t\t<\/div>\n\t\t\t\t<\/div>\n\t\t\t\t<\/div>\n\t\t\t\t<\/div>\n\t\t\t\t\t<\/div>\n\t\t\t\t<\/div>\n\t\t<div class=\"elementor-element elementor-element-63013db e-flex e-con-boxed e-con e-parent\" data-id=\"63013db\" data-element_type=\"container\" data-e-type=\"container\" data-settings=\"{&quot;background_background&quot;:&quot;classic&quot;}\">\n\t\t\t\t\t<div class=\"e-con-inner\">\n\t\t<div class=\"elementor-element elementor-element-7a90772 e-con-full e-flex e-con e-child\" data-id=\"7a90772\" data-element_type=\"container\" data-e-type=\"container\">\n\t\t\t\t<div class=\"elementor-element elementor-element-d0c9f39 elementor-widget elementor-widget-image\" data-id=\"d0c9f39\" data-element_type=\"widget\" data-e-type=\"widget\" data-widget_type=\"image.default\">\n\t\t\t\t\t\t\t\t\t\t\t\t\t\t\t<img fetchpriority=\"high\" decoding=\"async\" width=\"440\" height=\"471\" src=\"https:\/\/www.hotelsantandrea.com\/wp-content\/uploads\/2025\/12\/logo-ina-trekking.png\" class=\"attachment-full size-full wp-image-4425\" alt=\"Logo Esplora l&#039;Elba con Ina - Guida Ambientale Escursionistica\" srcset=\"https:\/\/www.hotelsantandrea.com\/wp-content\/uploads\/2025\/12\/logo-ina-trekking.png 440w, https:\/\/www.hotelsantandrea.com\/wp-content\/uploads\/2025\/12\/logo-ina-trekking-280x300.png 280w\" sizes=\"(max-width: 440px) 100vw, 440px\" \/>\t\t\t\t\t\t\t\t\t\t\t\t\t\t\t<\/div>\n\t\t\t\t<\/div>\n\t\t<div class=\"elementor-element elementor-element-9d0c706 e-con-full e-flex e-con e-child\" data-id=\"9d0c706\" data-element_type=\"container\" data-e-type=\"container\" data-settings=\"{&quot;background_background&quot;:&quot;classic&quot;}\">\n\t\t\t\t<div class=\"elementor-element elementor-element-8655862 elementor-widget elementor-widget-patara-title\" data-id=\"8655862\" data-element_type=\"widget\" data-e-type=\"widget\" data-widget_type=\"patara-title.default\">\n\t\t\t\t<div class=\"elementor-widget-container\">\n\t\t\t\t\t\t\t\n\t\t\n\t\t\t<h3 class=\"section-subtitle black text-left\">Votre guide certifi\u00e9e en randonn\u00e9e et environnement<\/h3>\t\t\t\t\n\t\t\t<h4 class=\"section-title black text-left\">Explorez l\u2019Elbe avec Ina<\/h4>\t\t\t\t\n\t\t\t<div class=\"section-text text-left black\"><p><p>Venez d\u00e9couvrir avec moi l\u2019\u00cele d\u2019Elbe la plus authentique et v\u00e9ritable, au milieu d\u2019une nature pr\u00e9serv\u00e9e, d\u2019une histoire s\u00e9culaire et de panoramas \u00e0 couper le souffle.<\/p><p>Mes parcours de randonn\u00e9e et en e-bike vous m\u00e8neront non seulement \u00e0 des endroits inattendus et surprenants de l\u2019\u00eele, mais seront \u00e9galement une exp\u00e9rience enrichissante o\u00f9 la beaut\u00e9 des lieux rencontre la profondeur de l\u2019histoire locale.<\/p><p>\u00c0 la fin de chaque parcours, une surprise vous attend : un ap\u00e9ritif avec vue ou une exp\u00e9rience locale pour partager des moments sp\u00e9ciaux avec vos proches.<\/p><p>Rejoignez-moi pour explorer et vivre pleinement l\u2019essence de l\u2019\u00cele d\u2019Elbe, le joyau le plus pr\u00e9cieux de l\u2019archipel toscan.<\/p><\/p><\/div>\n        \n\t\t\t\n        \t\t\t\t<\/div>\n\t\t\t\t<\/div>\n\t\t\t\t<\/div>\n\t\t\t\t\t<\/div>\n\t\t\t\t<\/div>\n\t\t<div class=\"elementor-element elementor-element-72b2f99 e-flex e-con-boxed e-con e-parent\" data-id=\"72b2f99\" data-element_type=\"container\" data-e-type=\"container\" data-settings=\"{&quot;background_background&quot;:&quot;classic&quot;}\">\n\t\t\t\t\t<div class=\"e-con-inner\">\n\t\t<div class=\"elementor-element elementor-element-d0e7965 e-con-full e-flex e-con e-child\" data-id=\"d0e7965\" data-element_type=\"container\" data-e-type=\"container\">\n\t\t<div class=\"elementor-element elementor-element-242caeb e-con-full e-flex e-con e-child\" data-id=\"242caeb\" data-element_type=\"container\" data-e-type=\"container\">\n\t\t\t\t<div class=\"elementor-element elementor-element-d19fbd4 elementor-widget elementor-widget-patara-pricing-list\" data-id=\"d19fbd4\" data-element_type=\"widget\" data-e-type=\"widget\" data-widget_type=\"patara-pricing-list.default\">\n\t\t\t\t<div class=\"elementor-widget-container\">\n\t\t\t\t\t\n\t\t<div class=\"sec-pricing\">\t\t\n\t\t\t<div class=\"pricing w-100\">\n\t\t\t\t<div class=\"con text-center\"> \n\t\t\t\t\t<span class=\"price\">\n\t\t\t\t\t\t\t\t\t\t\t\t\t\t\t\t\t\t\t\t<sub>Pour les d\u00e9butants<\/sub>\n\t\t\t\t\t\t\t\t\t\t<\/span>\n\t\t\t\t\t\t\t\t\t\t<span class=\"title d-block\">Nature pour Tous<\/span>\n\t\t\t\t\t\t\t\t\t\t<ul class=\"pricing-text mb-30\">\n\t\t\t\t\t    \t \n\t\t\t\t\t\t\t\t\t\t\t\t\t\t<li>\n\t\t\t\t\t\t\t\t\t\t\t\t\t\t\t\t\t\t\t\t\t\t\t\t\t\t\n\t\t\t\t\t\t\t\t\n\t\t\t\t\t\t\tPour ceux qui aiment le panorama mais pr\u00e9f\u00e8rent quelque chose de moins exigeant, plus rapide et adapt\u00e9 aux adultes comme aux enfants.\t\t\t\t\t\t\t<\/li>\n\t\t\t\t\t\t\t\t\t\t\t\t\t\t\t\t\t\t<\/ul>\n\t\t\t\t\t\t\n\t\t\t\t<\/div>\n\t\t\t<\/div>\t\t\n\t\t<\/div>\t\t\n\n        \t\t\t\t<\/div>\n\t\t\t\t<\/div>\n\t\t\t\t<\/div>\n\t\t<div class=\"elementor-element elementor-element-25adee5 e-con-full e-flex e-con e-child\" data-id=\"25adee5\" data-element_type=\"container\" data-e-type=\"container\">\n\t\t\t\t<div class=\"elementor-element elementor-element-caed94b elementor-widget elementor-widget-patara-pricing-list\" data-id=\"caed94b\" data-element_type=\"widget\" data-e-type=\"widget\" data-widget_type=\"patara-pricing-list.default\">\n\t\t\t\t<div class=\"elementor-widget-container\">\n\t\t\t\t\t\n\t\t<div class=\"sec-pricing\">\t\t\n\t\t\t<div class=\"pricing w-100\">\n\t\t\t\t<div class=\"con text-center\"> \n\t\t\t\t\t<span class=\"price\">\n\t\t\t\t\t\t\t\t\t\t\t\t\t\t\t\t\t\t\t\t<sub>Parcours interm\u00e9diaire<\/sub>\n\t\t\t\t\t\t\t\t\t\t<\/span>\n\t\t\t\t\t\t\t\t\t\t<span class=\"title d-block\">Explorer et Admirer<\/span>\n\t\t\t\t\t\t\t\t\t\t<ul class=\"pricing-text mb-30\">\n\t\t\t\t\t    \t \n\t\t\t\t\t\t\t\t\t\t\t\t\t\t<li>\n\t\t\t\t\t\t\t\t\t\t\t\t\t\t\t\t\t\t\t\t\t\t\t\t\t\t\n\t\t\t\t\t\t\t\t\n\t\t\t\t\t\t\tUn peu plus long, con\u00e7u pour les passionn\u00e9s de randonn\u00e9es historiques et panoramiques avec un niveau interm\u00e9diaire.\t\t\t\t\t\t\t<\/li>\n\t\t\t\t\t\t\t\t\t\t\t\t\t\t\t\t\t\t<\/ul>\n\t\t\t\t\t\t\n\t\t\t\t<\/div>\n\t\t\t<\/div>\t\t\n\t\t<\/div>\t\t\n\n        \t\t\t\t<\/div>\n\t\t\t\t<\/div>\n\t\t\t\t<\/div>\n\t\t<div class=\"elementor-element elementor-element-589a895 e-con-full e-flex e-con e-child\" data-id=\"589a895\" data-element_type=\"container\" data-e-type=\"container\">\n\t\t\t\t<div class=\"elementor-element elementor-element-698af54 elementor-widget elementor-widget-patara-pricing-list\" data-id=\"698af54\" data-element_type=\"widget\" data-e-type=\"widget\" data-widget_type=\"patara-pricing-list.default\">\n\t\t\t\t<div class=\"elementor-widget-container\">\n\t\t\t\t\t\n\t\t<div class=\"sec-pricing\">\t\t\n\t\t\t<div class=\"pricing w-100\">\n\t\t\t\t<div class=\"con text-center\"> \n\t\t\t\t\t<span class=\"price\">\n\t\t\t\t\t\t\t\t\t\t\t\t\t\t\t\t\t\t\t\t<sub>Parcours avanc\u00e9 et aventureux<\/sub>\n\t\t\t\t\t\t\t\t\t\t<\/span>\n\t\t\t\t\t\t\t\t\t\t<span class=\"title d-block\">Aventure pour Experts<\/span>\n\t\t\t\t\t\t\t\t\t\t<ul class=\"pricing-text mb-30\">\n\t\t\t\t\t    \t \n\t\t\t\t\t\t\t\t\t\t\t\t\t\t<li>\n\t\t\t\t\t\t\t\t\t\t\t\t\t\t\t\t\t\t\t\t\t\t\t\t\t\t\n\t\t\t\t\t\t\t\t\n\t\t\t\t\t\t\tPour les randonneurs les plus passionn\u00e9s, les experts et les amoureux de la v\u00e9ritable exploration, exigeant tant par le d\u00e9nivel\u00e9 que par la distance.\t\t\t\t\t\t\t<\/li>\n\t\t\t\t\t\t\t\t\t\t\t\t\t\t\t\t\t\t<\/ul>\n\t\t\t\t\t\t\n\t\t\t\t<\/div>\n\t\t\t<\/div>\t\t\n\t\t<\/div>\t\t\n\n        \t\t\t\t<\/div>\n\t\t\t\t<\/div>\n\t\t\t\t<\/div>\n\t\t\t\t<\/div>\n\t\t\t\t\t<\/div>\n\t\t\t\t<\/div>\n\t\t\t\t<\/div>\n\t\t","protected":false},"excerpt":{"rendered":"<p>Activit\u00e9s en pleine nature Randonn\u00e9es et promenades Exp\u00e9riences dans la nature L\u2019H\u00f4tel Sant\u2019Andrea se trouve aux confins du Parc National de l\u2019Archipel Toscan, dans l\u2019une des zones les plus authentiques et naturelles de l\u2019\u00cele d\u2019Elbe. Nous sommes situ\u00e9s sur le versant de l\u2019\u00eele qui offre le principal r\u00e9seau de sentiers de randonn\u00e9e, un v\u00e9ritable paradis pour les amoureux de la<\/p>\n","protected":false},"author":2,"featured_media":0,"parent":0,"menu_order":0,"comment_status":"closed","ping_status":"closed","template":"","meta":{"footnotes":"","_links_to":"","_links_to_target":""},"class_list":["post-4424","page","type-page","status-publish","hentry"],"meta_box":[],"_links":{"self":[{"href":"https:\/\/www.hotelsantandrea.com\/fr\/wp-json\/wp\/v2\/pages\/4424","targetHints":{"allow":["GET"]}}],"collection":[{"href":"https:\/\/www.hotelsantandrea.com\/fr\/wp-json\/wp\/v2\/pages"}],"about":[{"href":"https:\/\/www.hotelsantandrea.com\/fr\/wp-json\/wp\/v2\/types\/page"}],"author":[{"embeddable":true,"href":"https:\/\/www.hotelsantandrea.com\/fr\/wp-json\/wp\/v2\/users\/2"}],"replies":[{"embeddable":true,"href":"https:\/\/www.hotelsantandrea.com\/fr\/wp-json\/wp\/v2\/comments?post=4424"}],"version-history":[{"count":5,"href":"https:\/\/www.hotelsantandrea.com\/fr\/wp-json\/wp\/v2\/pages\/4424\/revisions"}],"predecessor-version":[{"id":6121,"href":"https:\/\/www.hotelsantandrea.com\/fr\/wp-json\/wp\/v2\/pages\/4424\/revisions\/6121"}],"wp:attachment":[{"href":"https:\/\/www.hotelsantandrea.com\/fr\/wp-json\/wp\/v2\/media?parent=4424"}],"curies":[{"name":"wp","href":"https:\/\/api.w.org\/{rel}","templated":true}]}}