{"id":5058,"date":"2025-12-03T12:14:52","date_gmt":"2025-12-03T11:14:52","guid":{"rendered":"http:\/\/santandrea.youelba.com\/una-storia-di-famiglia\/"},"modified":"2026-03-05T14:46:37","modified_gmt":"2026-03-05T13:46:37","slug":"eine-familiengeschichte","status":"publish","type":"page","link":"https:\/\/www.hotelsantandrea.com\/de\/eine-familiengeschichte\/","title":{"rendered":"Eine Familiengeschichte"},"content":{"rendered":"\t\t<div data-elementor-type=\"wp-page\" data-elementor-id=\"5058\" class=\"elementor elementor-5058 elementor-3535\">\n\t\t\t\t<div class=\"elementor-element elementor-element-14e42542 e-con-full e-flex e-con e-parent\" data-id=\"14e42542\" data-element_type=\"container\" data-e-type=\"container\" data-settings=\"{&quot;background_background&quot;:&quot;classic&quot;}\">\n\t\t\t\t<div class=\"elementor-element elementor-element-226f2218 elementor-widget elementor-widget-patara-banner-image\" data-id=\"226f2218\" data-element_type=\"widget\" data-e-type=\"widget\" data-widget_type=\"patara-banner-image.default\">\n\t\t\t\t<div class=\"elementor-widget-container\">\n\t\t\t\t\t\t\t\n\t<!-- Header Banner -->\n\t<header class=\"header\">\n\n\t\t\t\t<div class=\"banner-header full-height valign bg-img bg-fixed text-center\" data-overlay-dark=\"4\" data-background=\"https:\/\/www.hotelsantandrea.com\/wp-content\/uploads\/2025\/10\/esterni-drone-18-h-sant-andrea.jpg\">\n\t\t\t\t\t\n        <\/div>\t\t\t\n\t<\/header>\t\t\n\t\t\t\n    \t\t\t\t<\/div>\n\t\t\t\t<\/div>\n\t\t<div class=\"elementor-element elementor-element-548fb2dc e-flex e-con-boxed e-con e-child\" data-id=\"548fb2dc\" data-element_type=\"container\" data-e-type=\"container\" data-settings=\"{&quot;background_background&quot;:&quot;classic&quot;}\">\n\t\t\t\t\t<div class=\"e-con-inner\">\n\t\t<div class=\"elementor-element elementor-element-269adfed e-con-full e-flex e-con e-child\" data-id=\"269adfed\" data-element_type=\"container\" data-e-type=\"container\">\n\t\t\t\t<div class=\"elementor-element elementor-element-61f19355 elementor-widget elementor-widget-patara-title\" data-id=\"61f19355\" data-element_type=\"widget\" data-e-type=\"widget\" data-widget_type=\"patara-title.default\">\n\t\t\t\t<div class=\"elementor-widget-container\">\n\t\t\t\t\t\t\t\n\t\t\t\t\t\t\t\t<div class=\"sub-title border-bot-light\">\n\t\t\t\u00dcber uns<\/h4><\/div>\n\t\t\t\t\t\n\t\t\t\n        \t\t\t\t<\/div>\n\t\t\t\t<\/div>\n\t\t\t\t<\/div>\n\t\t<div class=\"elementor-element elementor-element-1f514046 e-con-full e-flex e-con e-child\" data-id=\"1f514046\" data-element_type=\"container\" data-e-type=\"container\">\n\t\t\t\t<div class=\"elementor-element elementor-element-7220decc elementor-widget elementor-widget-patara-title\" data-id=\"7220decc\" data-element_type=\"widget\" data-e-type=\"widget\" data-widget_type=\"patara-title.default\">\n\t\t\t\t<div class=\"elementor-widget-container\">\n\t\t\t\t\t\t\t\n\t\t\n\t\t\t\t\t\t\t\n\t\t\t<h4 class=\"section-title black text-left\">Eine Familiengeschichte<\/h4>\t\t\t\t\n\t\t\t<div class=\"section-text text-left black\"><p><p>Unser Hotel ist vor allem eine Familiengeschichte, entstanden aus dem Traum und der Hingabe von Sauro und Teresa, die mit viel Liebe diesen besonderen Ort der Gastfreundschaft in Sant\u2019Andrea geschaffen haben.<\/p><p>Teresa, kreativ und detailverliebt, hat jeden Raum mit ihrer Leidenschaft f\u00fcr handgemachte N\u00e4harbeiten einzigartig gestaltet: viele der Vorh\u00e4nge und Dekorationen im Hotel sind von ihr selbst handgefertigt, mit gro\u00dfer Sorgfalt, Feingef\u00fchl und Liebe zum Handwerk.<\/p><p>Sauro, Elbaner seit Generationen und Koch mit jahrzehntelanger Erfahrung, leitet die K\u00fcche mit K\u00f6nnen und Herzblut und bringt die echten Aromen der lokalen Tradition auf den Tisch. Mit derselben Leidenschaft k\u00fcmmert er sich auch um den Garten und die liebevoll gestalteten Ecken des Hotels \u2013 kleine Oasen der Ruhe und Sch\u00f6nheit inmitten der Natur.<\/p><p>An ihrer Seite steht die zweite Generation\u2026<\/p><p>Selena, die \u00e4lteste Tochter, ist das L\u00e4cheln, das die G\u00e4ste von Anfang an begr\u00fc\u00dft. Mit Herzlichkeit und Aufmerksamkeit k\u00fcmmert sie sich um die Rezeption, den Empfang und die Zimmerverwaltung, wobei sie auf jedes Detail achtet, um einen ruhigen und angenehmen Aufenthalt zu gew\u00e4hrleisten. Unterst\u00fctzt wird sie von ihrem Ehemann Gabriele und ihren beiden S\u00f6hnen Lorenzo und Federico, die t\u00e4glich Freude und Lebendigkeit ins Hotel bringen. Lorenzo bringt mit seinem Elan und seinem jungen Blick eine frische Brise in das Social-Media-Management des Hotels und hilft dabei, die Geschichte unseres Hauses aus einer neuen, modernen Perspektive zu erz\u00e4hlen.<\/p><p>Elisa, die j\u00fcngere Tochter, arbeitet mit Leidenschaft an der Seite ihres Vaters Sauro in der K\u00fcche und bringt Frische, Achtsamkeit und Liebe in jedes Gericht. Immer pr\u00e4sent und herzlich, plaudert sie gern mit den G\u00e4sten, teilt L\u00e4cheln und kleine Momente des Alltags. W\u00e4hrend sie auf das j\u00fcngste Familienmitglied wartet, bringt sie weiterhin mit ihrer sanften Art W\u00e4rme in das Hotel und macht die Atmosph\u00e4re noch famili\u00e4rer und authentischer. Ihr Ehemann Alessio ist der Barkeeper unserer \u201eBar Tramonto\u201c, wo er jeden Abend Aperitifs mit Meerblick serviert und die G\u00e4ste mit seiner aufgeschlossenen Art unterh\u00e4lt. Als leidenschaftlicher Kenner und Erz\u00e4hler unserer Insel begeistert er mit Geschichten, Traditionen und pers\u00f6nlichen Tipps \u2013 gern bei einem guten Drink und einem traumhaften Sonnenuntergang.<\/p><\/p><\/div>\n        \n\t\t\t\n        \t\t\t\t<\/div>\n\t\t\t\t<\/div>\n\t\t\t\t<\/div>\n\t\t\t\t\t<\/div>\n\t\t\t\t<\/div>\n\t\t<div class=\"elementor-element elementor-element-fa7d0d9 e-flex e-con-boxed e-con e-child\" data-id=\"fa7d0d9\" data-element_type=\"container\" data-e-type=\"container\" data-settings=\"{&quot;background_background&quot;:&quot;classic&quot;}\">\n\t\t\t\t\t<div class=\"e-con-inner\">\n\t\t\t\t<div class=\"elementor-element elementor-element-390dabe elementor-widget elementor-widget-spacer\" data-id=\"390dabe\" data-element_type=\"widget\" data-e-type=\"widget\" data-widget_type=\"spacer.default\">\n\t\t\t\t\t\t\t<div class=\"elementor-spacer\">\n\t\t\t<div class=\"elementor-spacer-inner\"><\/div>\n\t\t<\/div>\n\t\t\t\t\t\t<\/div>\n\t\t\t\t<div class=\"elementor-element elementor-element-43a2016 elementor-widget elementor-widget-image\" data-id=\"43a2016\" data-element_type=\"widget\" data-e-type=\"widget\" data-widget_type=\"image.default\">\n\t\t\t\t\t\t\t\t\t\t\t\t\t\t\t<img fetchpriority=\"high\" decoding=\"async\" width=\"1920\" height=\"1280\" src=\"https:\/\/www.hotelsantandrea.com\/wp-content\/uploads\/2026\/01\/chi-siamo.jpg\" class=\"attachment-full size-full wp-image-5097\" alt=\"\" srcset=\"https:\/\/www.hotelsantandrea.com\/wp-content\/uploads\/2026\/01\/chi-siamo.jpg 1920w, https:\/\/www.hotelsantandrea.com\/wp-content\/uploads\/2026\/01\/chi-siamo-300x200.jpg 300w, https:\/\/www.hotelsantandrea.com\/wp-content\/uploads\/2026\/01\/chi-siamo-1024x683.jpg 1024w, https:\/\/www.hotelsantandrea.com\/wp-content\/uploads\/2026\/01\/chi-siamo-768x512.jpg 768w, https:\/\/www.hotelsantandrea.com\/wp-content\/uploads\/2026\/01\/chi-siamo-1536x1024.jpg 1536w, https:\/\/www.hotelsantandrea.com\/wp-content\/uploads\/2026\/01\/chi-siamo-540x360.jpg 540w\" sizes=\"(max-width: 1920px) 100vw, 1920px\" \/>\t\t\t\t\t\t\t\t\t\t\t\t\t\t\t<\/div>\n\t\t\t\t<div class=\"elementor-element elementor-element-58ba9f9 elementor-widget elementor-widget-spacer\" data-id=\"58ba9f9\" data-element_type=\"widget\" data-e-type=\"widget\" data-widget_type=\"spacer.default\">\n\t\t\t\t\t\t\t<div class=\"elementor-spacer\">\n\t\t\t<div class=\"elementor-spacer-inner\"><\/div>\n\t\t<\/div>\n\t\t\t\t\t\t<\/div>\n\t\t\t\t<div class=\"elementor-element elementor-element-f9671e6 elementor-widget elementor-widget-patara-title\" data-id=\"f9671e6\" data-element_type=\"widget\" data-e-type=\"widget\" data-widget_type=\"patara-title.default\">\n\t\t\t\t<div class=\"elementor-widget-container\">\n\t\t\t\t\t\t\t\n\t\t\n\t\t\t\t\t\t\t\n\t\t\t\t\t\t\t\n\t\t\t<div class=\"section-text text-left black\"><p><p>Gemeinsam f\u00fchren wir unser Herzensprojekt mit W\u00e4rme, Einfachheit, Liebe zum Detail und tief verwurzelter Liebe zu unserer Insel \u2013 und hei\u00dfen Sie nicht nur als G\u00e4ste willkommen, sondern als Teil unserer gro\u00dfen Familie.<\/p><\/p><\/div>\n        \n\t\t\t\n        \t\t\t\t<\/div>\n\t\t\t\t<\/div>\n\t\t\t\t\t<\/div>\n\t\t\t\t<\/div>\n\t\t\t\t<\/div>\n\t\t\t\t<\/div>\n\t\t","protected":false},"excerpt":{"rendered":"<p>\u00dcber uns Eine Familiengeschichte Unser Hotel ist vor allem eine Familiengeschichte, entstanden aus dem Traum und der Hingabe von Sauro und Teresa, die mit viel Liebe diesen besonderen Ort der Gastfreundschaft in Sant\u2019Andrea geschaffen haben. Teresa, kreativ und detailverliebt, hat jeden Raum mit ihrer Leidenschaft f\u00fcr handgemachte N\u00e4harbeiten einzigartig gestaltet: viele der Vorh\u00e4nge und Dekorationen im Hotel sind von ihr<\/p>\n","protected":false},"author":2,"featured_media":0,"parent":0,"menu_order":0,"comment_status":"closed","ping_status":"closed","template":"","meta":{"footnotes":"","_links_to":"","_links_to_target":""},"class_list":["post-5058","page","type-page","status-publish","hentry"],"meta_box":[],"_links":{"self":[{"href":"https:\/\/www.hotelsantandrea.com\/de\/wp-json\/wp\/v2\/pages\/5058","targetHints":{"allow":["GET"]}}],"collection":[{"href":"https:\/\/www.hotelsantandrea.com\/de\/wp-json\/wp\/v2\/pages"}],"about":[{"href":"https:\/\/www.hotelsantandrea.com\/de\/wp-json\/wp\/v2\/types\/page"}],"author":[{"embeddable":true,"href":"https:\/\/www.hotelsantandrea.com\/de\/wp-json\/wp\/v2\/users\/2"}],"replies":[{"embeddable":true,"href":"https:\/\/www.hotelsantandrea.com\/de\/wp-json\/wp\/v2\/comments?post=5058"}],"version-history":[{"count":4,"href":"https:\/\/www.hotelsantandrea.com\/de\/wp-json\/wp\/v2\/pages\/5058\/revisions"}],"predecessor-version":[{"id":5771,"href":"https:\/\/www.hotelsantandrea.com\/de\/wp-json\/wp\/v2\/pages\/5058\/revisions\/5771"}],"wp:attachment":[{"href":"https:\/\/www.hotelsantandrea.com\/de\/wp-json\/wp\/v2\/media?parent=5058"}],"curies":[{"name":"wp","href":"https:\/\/api.w.org\/{rel}","templated":true}]}}