{"id":4970,"date":"2025-12-02T09:27:10","date_gmt":"2025-12-02T08:27:10","guid":{"rendered":"http:\/\/santandrea.youelba.com\/ristorante-da-sauro\/"},"modified":"2026-03-06T12:25:22","modified_gmt":"2026-03-06T11:25:22","slug":"restaurant-da-sauro","status":"publish","type":"page","link":"https:\/\/www.hotelsantandrea.com\/de\/restaurant-da-sauro\/","title":{"rendered":"Restaurant \u201eDa Sauro\u201c"},"content":{"rendered":"\t\t<div data-elementor-type=\"wp-page\" data-elementor-id=\"4970\" class=\"elementor elementor-4970 elementor-3206\">\n\t\t\t\t<div class=\"elementor-element elementor-element-db5600b e-con-full e-flex e-con e-parent\" data-id=\"db5600b\" data-element_type=\"container\" data-e-type=\"container\" data-settings=\"{&quot;background_background&quot;:&quot;classic&quot;}\">\n\t\t\t\t<div class=\"elementor-element elementor-element-82539b8 elementor-widget elementor-widget-patara-banner-image\" data-id=\"82539b8\" data-element_type=\"widget\" data-e-type=\"widget\" data-widget_type=\"patara-banner-image.default\">\n\t\t\t\t<div class=\"elementor-widget-container\">\n\t\t\t\t\t\t\t\n\t<!-- Header Banner -->\n\t<header class=\"header\">\n\n\t\t\t\t<div class=\"banner-header full-height valign bg-img bg-fixed text-center\" data-overlay-dark=\"3\" data-background=\"https:\/\/www.hotelsantandrea.com\/wp-content\/uploads\/2025\/12\/ristorante-da-sauro-saletta-4.jpg\">\n\t\t\t\t\t\t\t\t\t\t\t\t<div class=\"container\">\n\t\t\t\t\t<div class=\"row\">\n\t\t\t\t\t\t<div class=\"col-md-12 offset-0\">\n\t\t\t\t\t\t\t<div class=\"caption\">\n\n\t\t\t\t\t\t\t\t\t\t\t\t\t\t\t\t\n\t\t\t\t\t\t\t\t\n\t\t\t\t\t\t\t\t\t\t\t\t\t\t\t\t<h4 class=\"pt-slider-title1-class\">Restaurant<\/h4>\n\t\t\t\t\t\t\t\t\t\t\t\t\t\t\t\t\t\t\t\t\t\t\t\t<h1 class=\"pt-slider-title2-class\">Da Sauro<\/h1>\n\t\t\t\t\t\t\t\t\t\t\t\t\t\t\t\t\t\t\t\t\t\t\t<\/div>\t\t\t\t\t\t\n\t\t\t\t\t\t<\/div>\t\t\t\t\t\t\n\t\t\t\t\t<\/div>\n\t\t\t\t<\/div>\n\t\t\t\t\t\t\t\t<!-- button scroll -->\n\t\t\t\t<a href=\"#contact\" data-scroll-nav=\"1\" class=\"mouse smoothscroll\">\n\t\t\t\t\t<span class=\"mouse-icon\">\n\t\t\t\t\t\t<span class=\"mouse-wheel\"><\/span>\n\t\t\t\t\t<\/span>\n\t\t\t\t<\/a>\t\n\t\t\t\t\t\t\t\t\t\n\t\t\t\t\t\t\n        <\/div>\t\t\t\n\t<\/header>\t\t\n\t\t\t\n    \t\t\t\t<\/div>\n\t\t\t\t<\/div>\n\t\t\t\t<\/div>\n\t\t<div class=\"elementor-element elementor-element-899a3a2 e-flex e-con-boxed e-con e-parent\" data-id=\"899a3a2\" data-element_type=\"container\" data-e-type=\"container\" id=\"spa\" data-settings=\"{&quot;background_background&quot;:&quot;classic&quot;}\">\n\t\t\t\t\t<div class=\"e-con-inner\">\n\t\t<div class=\"elementor-element elementor-element-064a9ce e-con-full e-flex e-con e-child\" data-id=\"064a9ce\" data-element_type=\"container\" data-e-type=\"container\">\n\t\t\t\t<div class=\"elementor-element elementor-element-6e5a690 elementor-widget elementor-widget-patara-title\" data-id=\"6e5a690\" data-element_type=\"widget\" data-e-type=\"widget\" data-widget_type=\"patara-title.default\">\n\t\t\t\t<div class=\"elementor-widget-container\">\n\t\t\t\t\t\t\t\n\t\t\n\t\t\t\t\t\t\t\n\t\t\t<h4 class=\"section-title black text-left\">Abendessen mit Meerblick und lokaler K\u00fcche<\/h4>\t\t\t\t\n\t\t\t<div class=\"section-text text-left black\"><p><p>In unserem Garten mit Meerblick, unter der Au\u00dfenpagode, hei\u00dft Sie das Restaurant \u201eDa Sauro\u201c jeden Abend in einer ruhigen und entspannten Atmosph\u00e4re willkommen, wo Sie hervorragende Gerichte genie\u00dfen und sich wie zu Hause f\u00fchlen k\u00f6nnen.<\/p><p>Das Restaurant ist ge\u00f6ffnet auch f\u00fcr externe G\u00e4ste, und arbeitet auf Reservierungsbasis.<\/p><p>In der K\u00fcche bereitet Sauro \u2013 der Inhaber und Chefkoch \u2013 t\u00e4glich traditionelle Gerichte der Region mit seiner pers\u00f6nlichen Note zu, unter Verwendung frischer, von ihm selbst ausgew\u00e4hlter Zutaten. Die Speisekarte bietet Fischspezialit\u00e4ten, aber auch Fleischgerichte, vegetarische und vegane Optionen sowie auf Anfrage glutenfreie Speisen oder Gerichte f\u00fcr verschiedene Unvertr\u00e4glichkeiten.<\/p><p>Ein Ort, an dem Geschmack, Einfachheit und Gastfreundschaft zusammenkommen, um Ihnen einen wirklich besonderen Abend zu schenken.<\/p><\/p><\/div>\n        \n\t\t\t\n        \t\t\t\t<\/div>\n\t\t\t\t<\/div>\n\t\t<div class=\"elementor-element elementor-element-e78473a e-con-full e-flex e-con e-child\" data-id=\"e78473a\" data-element_type=\"container\" data-e-type=\"container\">\n\t\t<div class=\"elementor-element elementor-element-18582bc e-con-full e-flex e-con e-child\" data-id=\"18582bc\" data-element_type=\"container\" data-e-type=\"container\">\n\t\t\t\t<div class=\"elementor-element elementor-element-c9a7f74 elementor-widget elementor-widget-patara-contact\" data-id=\"c9a7f74\" data-element_type=\"widget\" data-e-type=\"widget\" data-widget_type=\"patara-contact.default\">\n\t\t\t\t<div class=\"elementor-widget-container\">\n\t\t\t\t\t        \t\t\n\t\t\n\t\t<div class=\"sec-contact-info sec-reservations\">\n\t\t    \n\t\t\t\t\t\t\n\t\t\t\t\t\t\t\t\t                        <div class=\"reservations mb-15\">\t\n \t\t\t\t\t\t    <div class=\"icon\">\n\t\t\t\t\t\t\t\t\t\t\t\t\t\t\t\t\t<span class=\"flaticon-clock\"><\/span>\n\t\t\t\t\t\t\t\t\t\t\t\t\t\t\t\t\n\t\t\t\t\t\t\t<\/div>\n\t\t\t\t\t\t\t<div class=\"text\">\n\t\t\t\t\t\t        <p>\u00d6ffnungszeiten<\/p> ge\u00f6ffnet ab 7.45 Uhr, letzte Bestellung um 21.15 Uhr\t\t\t\t\t\t   <\/div>\n\t\t\t\t\t\t<\/div>\t\t\t\t\t\n\t\t\t\t\t\t \n\n\t\t\t\t\t\t\t\t\n        <\/div>\t\t\n\n        \t\t\t\t<\/div>\n\t\t\t\t<\/div>\n\t\t\t\t<\/div>\n\t\t<div class=\"elementor-element elementor-element-f16d9aa e-con-full e-flex e-con e-child\" data-id=\"f16d9aa\" data-element_type=\"container\" data-e-type=\"container\">\n\t\t\t\t<div class=\"elementor-element elementor-element-84ed180 elementor-widget elementor-widget-patara-contact\" data-id=\"84ed180\" data-element_type=\"widget\" data-e-type=\"widget\" data-widget_type=\"patara-contact.default\">\n\t\t\t\t<div class=\"elementor-widget-container\">\n\t\t\t\t\t        \t\t\n\t\t\n\t\t<div class=\"sec-contact-info sec-reservations\">\n\t\t    \n\t\t\t\t\t\t\n\t\t\t\t\t\t\t\t\t                        <div class=\"reservations mb-15\">\t\n \t\t\t\t\t\t    <div class=\"icon\">\n\t\t\t\t\t\t\t\t\t\t\t\t\t\t\t\t\t<span class=\"flaticon-serving-dish\"><\/span>\n\t\t\t\t\t\t\t\t\t\t\t\t\t\t\t\t\n\t\t\t\t\t\t\t<\/div>\n\t\t\t\t\t\t\t<div class=\"text\">\n\t\t\t\t\t\t        <p>Auch f\u00fcr externe G\u00e4ste ge\u00f6ffnet<\/p> Reservierung erforderlich\t\t\t\t\t\t   <\/div>\n\t\t\t\t\t\t<\/div>\t\t\t\t\t\n\t\t\t\t\t\t \n\n\t\t\t\t\t\t\t\t\n        <\/div>\t\t\n\n        \t\t\t\t<\/div>\n\t\t\t\t<\/div>\n\t\t\t\t<\/div>\n\t\t\t\t<\/div>\n\t\t\t\t<\/div>\n\t\t\t\t<div class=\"elementor-element elementor-element-b724c46 elementor-widget elementor-widget-spacer\" data-id=\"b724c46\" data-element_type=\"widget\" data-e-type=\"widget\" data-widget_type=\"spacer.default\">\n\t\t\t\t\t\t\t<div class=\"elementor-spacer\">\n\t\t\t<div class=\"elementor-spacer-inner\"><\/div>\n\t\t<\/div>\n\t\t\t\t\t\t<\/div>\n\t\t<div class=\"elementor-element elementor-element-a9a2619 e-con-full e-flex e-con e-child\" data-id=\"a9a2619\" data-element_type=\"container\" data-e-type=\"container\">\n\t\t\t\t<div class=\"elementor-element elementor-element-df39ac4 elementor-widget elementor-widget-patara-gallery\" data-id=\"df39ac4\" data-element_type=\"widget\" data-e-type=\"widget\" data-widget_type=\"patara-gallery.default\">\n\t\t\t\t<div class=\"elementor-widget-container\">\n\t\t\t\t\t\t\t\t\t<div class=\"sec-gallery\">\n\t\t\t<div class=\"container-after-gallery\">\n\t\t\t<div class=\"row patara-gallery-items isotope-items-wrap loadmore-wrapper-gallery\" data-load-item=\"10000000\" data-button-text=\"Load More\">\t\n\t\t\t\t\t\t\t\t\t\t\t\t\t\t\t\t\n\t\t\t\t\t<div class=\"col-md-4 patara-masonry-wrapper single-item isotope-item-gallery\">\t\n\t\t\t\t\t\t<div class=\"gallery-item\">\n\t\t\t\t\t\t\t<div class=\"img-card\">\n\t\t\t\t\t\t\t\t<a href=\"https:\/\/www.hotelsantandrea.com\/wp-content\/uploads\/2026\/01\/CIBO.jpg\"  class=\"img-zoom\">\n\t\t\t\t\t\t\t\t\t<div class=\"img-block\">\n\t\t\t\t\t\t\t\t\t\t<div class=\"wrapper-img\"> <img decoding=\"async\" src=\"https:\/\/www.hotelsantandrea.com\/wp-content\/uploads\/2026\/01\/CIBO.jpg\" alt=\"Zuppa di pesce e cozze in salsa di pomodoro, servita con crostini di pane\"  class=\"img-fluid mx-auto d-block\"> <\/div>\n\t\t\t\t\t\t\t\t\t\t\t\n\t\t\t\t\t\t\t\t\t<\/div>\t\t\t\t\t\t\t\t\t\n\t\t\t\t\t\t\t\t<\/a>\t\t\t\t\t\t\t\n\t\t\t\t\t\t\t<\/div>\n\t\t\t\t\t\t<\/div>\n\t\t\t\t\t<\/div>\n\t\t\t\t\t\n\t\t\t\t\t\t\t\t\t\t\t\t\t\t\t\t\n\t\t\t\t\t<div class=\"col-md-4 patara-masonry-wrapper single-item isotope-item-gallery\">\t\n\t\t\t\t\t\t<div class=\"gallery-item\">\n\t\t\t\t\t\t\t<div class=\"img-card\">\n\t\t\t\t\t\t\t\t<a href=\"https:\/\/www.hotelsantandrea.com\/wp-content\/uploads\/2026\/01\/CIBO4.jpg\"  class=\"img-zoom\">\n\t\t\t\t\t\t\t\t\t<div class=\"img-block\">\n\t\t\t\t\t\t\t\t\t\t<div class=\"wrapper-img\"> <img decoding=\"async\" src=\"https:\/\/www.hotelsantandrea.com\/wp-content\/uploads\/2026\/01\/CIBO4.jpg\" alt=\"Antipasto di pesce con acciughe, polpo, verdure e salse, presentato in modo elegante\"  class=\"img-fluid mx-auto d-block\"> <\/div>\n\t\t\t\t\t\t\t\t\t\t\t\n\t\t\t\t\t\t\t\t\t<\/div>\t\t\t\t\t\t\t\t\t\n\t\t\t\t\t\t\t\t<\/a>\t\t\t\t\t\t\t\n\t\t\t\t\t\t\t<\/div>\n\t\t\t\t\t\t<\/div>\n\t\t\t\t\t<\/div>\n\t\t\t\t\t\n\t\t\t\t\t\t\t\t\t\t\t\t\t\t\t\t\n\t\t\t\t\t<div class=\"col-md-4 patara-masonry-wrapper single-item isotope-item-gallery\">\t\n\t\t\t\t\t\t<div class=\"gallery-item\">\n\t\t\t\t\t\t\t<div class=\"img-card\">\n\t\t\t\t\t\t\t\t<a href=\"https:\/\/www.hotelsantandrea.com\/wp-content\/uploads\/2026\/01\/cibo2.jpg\"  class=\"img-zoom\">\n\t\t\t\t\t\t\t\t\t<div class=\"img-block\">\n\t\t\t\t\t\t\t\t\t\t<div class=\"wrapper-img\"> <img decoding=\"async\" src=\"https:\/\/www.hotelsantandrea.com\/wp-content\/uploads\/2026\/01\/cibo2.jpg\" alt=\"\"  class=\"img-fluid mx-auto d-block\"> <\/div>\n\t\t\t\t\t\t\t\t\t\t\t\n\t\t\t\t\t\t\t\t\t<\/div>\t\t\t\t\t\t\t\t\t\n\t\t\t\t\t\t\t\t<\/a>\t\t\t\t\t\t\t\n\t\t\t\t\t\t\t<\/div>\n\t\t\t\t\t\t<\/div>\n\t\t\t\t\t<\/div>\n\t\t\t\t\t\n\t\t\t\t\t\t\t\t\t\t\t\t\t\t\t\t\n\t\t\t\t\t<div class=\"col-md-3 patara-masonry-wrapper single-item isotope-item-gallery\">\t\n\t\t\t\t\t\t<div class=\"gallery-item\">\n\t\t\t\t\t\t\t<div class=\"img-card\">\n\t\t\t\t\t\t\t\t<a href=\"https:\/\/www.hotelsantandrea.com\/wp-content\/uploads\/2026\/01\/piatto.jpg\"  class=\"img-zoom\">\n\t\t\t\t\t\t\t\t\t<div class=\"img-block\">\n\t\t\t\t\t\t\t\t\t\t<div class=\"wrapper-img\"> <img decoding=\"async\" src=\"https:\/\/www.hotelsantandrea.com\/wp-content\/uploads\/2026\/01\/piatto.jpg\" alt=\"Antipasto di mare con polpo, calamaro e gamberi, accompagnato da verdure e crostini\"  class=\"img-fluid mx-auto d-block\"> <\/div>\n\t\t\t\t\t\t\t\t\t\t\t\n\t\t\t\t\t\t\t\t\t<\/div>\t\t\t\t\t\t\t\t\t\n\t\t\t\t\t\t\t\t<\/a>\t\t\t\t\t\t\t\n\t\t\t\t\t\t\t<\/div>\n\t\t\t\t\t\t<\/div>\n\t\t\t\t\t<\/div>\n\t\t\t\t\t\n\t\t\t\t\t\t\t\t\t\t\t\t\t\t\t\t\n\t\t\t\t\t<div class=\"col-md-3 patara-masonry-wrapper single-item isotope-item-gallery\">\t\n\t\t\t\t\t\t<div class=\"gallery-item\">\n\t\t\t\t\t\t\t<div class=\"img-card\">\n\t\t\t\t\t\t\t\t<a href=\"https:\/\/www.hotelsantandrea.com\/wp-content\/uploads\/2026\/01\/CIBO5.jpg\"  class=\"img-zoom\">\n\t\t\t\t\t\t\t\t\t<div class=\"img-block\">\n\t\t\t\t\t\t\t\t\t\t<div class=\"wrapper-img\"> <img decoding=\"async\" src=\"https:\/\/www.hotelsantandrea.com\/wp-content\/uploads\/2026\/01\/CIBO5.jpg\" alt=\"Dettaglio di verdure fresche tagliate artisticamente\"  class=\"img-fluid mx-auto d-block\"> <\/div>\n\t\t\t\t\t\t\t\t\t\t\t\n\t\t\t\t\t\t\t\t\t<\/div>\t\t\t\t\t\t\t\t\t\n\t\t\t\t\t\t\t\t<\/a>\t\t\t\t\t\t\t\n\t\t\t\t\t\t\t<\/div>\n\t\t\t\t\t\t<\/div>\n\t\t\t\t\t<\/div>\n\t\t\t\t\t\n\t\t\t\t\t\t\t\t\t\t\t\t\t\t\t\t\n\t\t\t\t\t<div class=\"col-md-3 patara-masonry-wrapper single-item isotope-item-gallery\">\t\n\t\t\t\t\t\t<div class=\"gallery-item\">\n\t\t\t\t\t\t\t<div class=\"img-card\">\n\t\t\t\t\t\t\t\t<a href=\"https:\/\/www.hotelsantandrea.com\/wp-content\/uploads\/2026\/01\/cibo3.jpg\"  class=\"img-zoom\">\n\t\t\t\t\t\t\t\t\t<div class=\"img-block\">\n\t\t\t\t\t\t\t\t\t\t<div class=\"wrapper-img\"> <img decoding=\"async\" src=\"https:\/\/www.hotelsantandrea.com\/wp-content\/uploads\/2026\/01\/cibo3.jpg\" alt=\"Impepata di cozze\"  class=\"img-fluid mx-auto d-block\"> <\/div>\n\t\t\t\t\t\t\t\t\t\t\t\n\t\t\t\t\t\t\t\t\t<\/div>\t\t\t\t\t\t\t\t\t\n\t\t\t\t\t\t\t\t<\/a>\t\t\t\t\t\t\t\n\t\t\t\t\t\t\t<\/div>\n\t\t\t\t\t\t<\/div>\n\t\t\t\t\t<\/div>\n\t\t\t\t\t\n\t\t\t\t\t\t\t\t\t\t\t\t\t\t\t\t\n\t\t\t\t\t<div class=\"col-md-3 patara-masonry-wrapper single-item isotope-item-gallery\">\t\n\t\t\t\t\t\t<div class=\"gallery-item\">\n\t\t\t\t\t\t\t<div class=\"img-card\">\n\t\t\t\t\t\t\t\t<a href=\"https:\/\/www.hotelsantandrea.com\/wp-content\/uploads\/2026\/01\/cibo1-1.jpg\"  class=\"img-zoom\">\n\t\t\t\t\t\t\t\t\t<div class=\"img-block\">\n\t\t\t\t\t\t\t\t\t\t<div class=\"wrapper-img\"> <img decoding=\"async\" src=\"https:\/\/www.hotelsantandrea.com\/wp-content\/uploads\/2026\/01\/cibo1-1.jpg\" alt=\"Calamari scottati in padella su crema, guarniti con rosmarino e olio extravergine\"  class=\"img-fluid mx-auto d-block\"> <\/div>\n\t\t\t\t\t\t\t\t\t\t\t\n\t\t\t\t\t\t\t\t\t<\/div>\t\t\t\t\t\t\t\t\t\n\t\t\t\t\t\t\t\t<\/a>\t\t\t\t\t\t\t\n\t\t\t\t\t\t\t<\/div>\n\t\t\t\t\t\t<\/div>\n\t\t\t\t\t<\/div>\n\t\t\t\t\t\n\t\t\t\t\t\t\t\t\t\t\t\t\t\t\t\t\n\t\t\t\t\t<div class=\"col-md-6 patara-masonry-wrapper single-item isotope-item-gallery\">\t\n\t\t\t\t\t\t<div class=\"gallery-item\">\n\t\t\t\t\t\t\t<div class=\"img-card\">\n\t\t\t\t\t\t\t\t<a href=\"https:\/\/www.hotelsantandrea.com\/wp-content\/uploads\/2025\/12\/ristorante-saletta-2-h-santandrea.jpg\"  class=\"img-zoom\">\n\t\t\t\t\t\t\t\t\t<div class=\"img-block\">\n\t\t\t\t\t\t\t\t\t\t<div class=\"wrapper-img\"> <img decoding=\"async\" src=\"https:\/\/www.hotelsantandrea.com\/wp-content\/uploads\/2025\/12\/ristorante-saletta-2-h-santandrea.jpg\" alt=\"\"  class=\"img-fluid mx-auto d-block\"> <\/div>\n\t\t\t\t\t\t\t\t\t\t\t\n\t\t\t\t\t\t\t\t\t<\/div>\t\t\t\t\t\t\t\t\t\n\t\t\t\t\t\t\t\t<\/a>\t\t\t\t\t\t\t\n\t\t\t\t\t\t\t<\/div>\n\t\t\t\t\t\t<\/div>\n\t\t\t\t\t<\/div>\n\t\t\t\t\t\n\t\t\t\t\t\t\t\t\t\t\t\t\t\t\t\t\n\t\t\t\t\t<div class=\"col-md-6 patara-masonry-wrapper single-item isotope-item-gallery\">\t\n\t\t\t\t\t\t<div class=\"gallery-item\">\n\t\t\t\t\t\t\t<div class=\"img-card\">\n\t\t\t\t\t\t\t\t<a href=\"https:\/\/www.hotelsantandrea.com\/wp-content\/uploads\/2025\/12\/ristorante-da-sauro-saletta-6.jpg\"  class=\"img-zoom\">\n\t\t\t\t\t\t\t\t\t<div class=\"img-block\">\n\t\t\t\t\t\t\t\t\t\t<div class=\"wrapper-img\"> <img decoding=\"async\" src=\"https:\/\/www.hotelsantandrea.com\/wp-content\/uploads\/2025\/12\/ristorante-da-sauro-saletta-6.jpg\" alt=\"Saletta del ristorante &quot;Da Sauro&quot; all&#039;interno dell&#039;Hotel Sant&#039;Andrea\"  class=\"img-fluid mx-auto d-block\"> <\/div>\n\t\t\t\t\t\t\t\t\t\t\t\n\t\t\t\t\t\t\t\t\t<\/div>\t\t\t\t\t\t\t\t\t\n\t\t\t\t\t\t\t\t<\/a>\t\t\t\t\t\t\t\n\t\t\t\t\t\t\t<\/div>\n\t\t\t\t\t\t<\/div>\n\t\t\t\t\t<\/div>\n\t\t\t\t\t\n\t\t\t\t\t\t\t\t\t\t\t\t\t\t\t\t\n\t\t\t\t\t<div class=\"col-md-4 patara-masonry-wrapper single-item isotope-item-gallery\">\t\n\t\t\t\t\t\t<div class=\"gallery-item\">\n\t\t\t\t\t\t\t<div class=\"img-card\">\n\t\t\t\t\t\t\t\t<a href=\"https:\/\/www.hotelsantandrea.com\/wp-content\/uploads\/2025\/12\/ristorante-da-sauro-saletta-9.jpg\"  class=\"img-zoom\">\n\t\t\t\t\t\t\t\t\t<div class=\"img-block\">\n\t\t\t\t\t\t\t\t\t\t<div class=\"wrapper-img\"> <img decoding=\"async\" src=\"https:\/\/www.hotelsantandrea.com\/wp-content\/uploads\/2025\/12\/ristorante-da-sauro-saletta-9.jpg\" alt=\"Saletta del ristorante &quot;Da Sauro&quot; all&#039;interno dell&#039;Hotel Sant&#039;Andrea\"  class=\"img-fluid mx-auto d-block\"> <\/div>\n\t\t\t\t\t\t\t\t\t\t\t\n\t\t\t\t\t\t\t\t\t<\/div>\t\t\t\t\t\t\t\t\t\n\t\t\t\t\t\t\t\t<\/a>\t\t\t\t\t\t\t\n\t\t\t\t\t\t\t<\/div>\n\t\t\t\t\t\t<\/div>\n\t\t\t\t\t<\/div>\n\t\t\t\t\t\n\t\t\t\t\t\t\t\t\t\t\t\t\t\t\t\t\n\t\t\t\t\t<div class=\"col-md-4 patara-masonry-wrapper single-item isotope-item-gallery\">\t\n\t\t\t\t\t\t<div class=\"gallery-item\">\n\t\t\t\t\t\t\t<div class=\"img-card\">\n\t\t\t\t\t\t\t\t<a href=\"https:\/\/www.hotelsantandrea.com\/wp-content\/uploads\/2025\/12\/ristorante-da-sauro-saletta-7.jpg\"  class=\"img-zoom\">\n\t\t\t\t\t\t\t\t\t<div class=\"img-block\">\n\t\t\t\t\t\t\t\t\t\t<div class=\"wrapper-img\"> <img decoding=\"async\" src=\"https:\/\/www.hotelsantandrea.com\/wp-content\/uploads\/2025\/12\/ristorante-da-sauro-saletta-7.jpg\" alt=\"Saletta del ristorante &quot;Da Sauro&quot; all&#039;interno dell&#039;Hotel Sant&#039;Andrea\"  class=\"img-fluid mx-auto d-block\"> <\/div>\n\t\t\t\t\t\t\t\t\t\t\t\n\t\t\t\t\t\t\t\t\t<\/div>\t\t\t\t\t\t\t\t\t\n\t\t\t\t\t\t\t\t<\/a>\t\t\t\t\t\t\t\n\t\t\t\t\t\t\t<\/div>\n\t\t\t\t\t\t<\/div>\n\t\t\t\t\t<\/div>\n\t\t\t\t\t\n\t\t\t\t\t\t\t\t\t\t\t\t\t\t\t\t\n\t\t\t\t\t<div class=\"col-md-4 patara-masonry-wrapper single-item isotope-item-gallery\">\t\n\t\t\t\t\t\t<div class=\"gallery-item\">\n\t\t\t\t\t\t\t<div class=\"img-card\">\n\t\t\t\t\t\t\t\t<a href=\"https:\/\/www.hotelsantandrea.com\/wp-content\/uploads\/2025\/12\/ristorante-da-sauro-saletta-8.jpg\"  class=\"img-zoom\">\n\t\t\t\t\t\t\t\t\t<div class=\"img-block\">\n\t\t\t\t\t\t\t\t\t\t<div class=\"wrapper-img\"> <img decoding=\"async\" src=\"https:\/\/www.hotelsantandrea.com\/wp-content\/uploads\/2025\/12\/ristorante-da-sauro-saletta-8.jpg\" alt=\"Saletta del ristorante &quot;Da Sauro&quot; all&#039;interno dell&#039;Hotel Sant&#039;Andrea\"  class=\"img-fluid mx-auto d-block\"> <\/div>\n\t\t\t\t\t\t\t\t\t\t\t\n\t\t\t\t\t\t\t\t\t<\/div>\t\t\t\t\t\t\t\t\t\n\t\t\t\t\t\t\t\t<\/a>\t\t\t\t\t\t\t\n\t\t\t\t\t\t\t<\/div>\n\t\t\t\t\t\t<\/div>\n\t\t\t\t\t<\/div>\n\t\t\t\t\t\n\t\t\t\t\t\n\t\t\t<\/div>\t\t\t\t\n\t\t\t<\/div>\t\t\t\t\n\t\t<\/div>\t\t\t\t\n\n        \t\t\t\t<\/div>\n\t\t\t\t<\/div>\n\t\t\t\t<\/div>\n\t\t\t\t\t<\/div>\n\t\t\t\t<\/div>\n\t\t\t\t<\/div>\n\t\t","protected":false},"excerpt":{"rendered":"<p>Restaurant Da Sauro Abendessen mit Meerblick und lokaler K\u00fcche In unserem Garten mit Meerblick, unter der Au\u00dfenpagode, hei\u00dft Sie das Restaurant \u201eDa Sauro\u201c jeden Abend in einer ruhigen und entspannten Atmosph\u00e4re willkommen, wo Sie hervorragende Gerichte genie\u00dfen und sich wie zu Hause f\u00fchlen k\u00f6nnen. Das Restaurant ist ge\u00f6ffnet auch f\u00fcr externe G\u00e4ste, und arbeitet auf Reservierungsbasis. In der K\u00fcche bereitet<\/p>\n","protected":false},"author":2,"featured_media":0,"parent":0,"menu_order":0,"comment_status":"closed","ping_status":"closed","template":"","meta":{"footnotes":"","_links_to":"","_links_to_target":""},"class_list":["post-4970","page","type-page","status-publish","hentry"],"meta_box":[],"_links":{"self":[{"href":"https:\/\/www.hotelsantandrea.com\/de\/wp-json\/wp\/v2\/pages\/4970","targetHints":{"allow":["GET"]}}],"collection":[{"href":"https:\/\/www.hotelsantandrea.com\/de\/wp-json\/wp\/v2\/pages"}],"about":[{"href":"https:\/\/www.hotelsantandrea.com\/de\/wp-json\/wp\/v2\/types\/page"}],"author":[{"embeddable":true,"href":"https:\/\/www.hotelsantandrea.com\/de\/wp-json\/wp\/v2\/users\/2"}],"replies":[{"embeddable":true,"href":"https:\/\/www.hotelsantandrea.com\/de\/wp-json\/wp\/v2\/comments?post=4970"}],"version-history":[{"count":4,"href":"https:\/\/www.hotelsantandrea.com\/de\/wp-json\/wp\/v2\/pages\/4970\/revisions"}],"predecessor-version":[{"id":6298,"href":"https:\/\/www.hotelsantandrea.com\/de\/wp-json\/wp\/v2\/pages\/4970\/revisions\/6298"}],"wp:attachment":[{"href":"https:\/\/www.hotelsantandrea.com\/de\/wp-json\/wp\/v2\/media?parent=4970"}],"curies":[{"name":"wp","href":"https:\/\/api.w.org\/{rel}","templated":true}]}}