{"id":4964,"date":"2025-09-29T12:10:05","date_gmt":"2025-09-29T10:10:05","guid":{"rendered":"http:\/\/santandrea.youelba.com\/richieste-e-prenotazioni\/"},"modified":"2026-03-06T12:15:58","modified_gmt":"2026-03-06T11:15:58","slug":"anfragen-und-buchungen","status":"publish","type":"page","link":"https:\/\/www.hotelsantandrea.com\/de\/anfragen-und-buchungen\/","title":{"rendered":"Anfragen und Buchungen"},"content":{"rendered":"\t\t<div data-elementor-type=\"wp-page\" data-elementor-id=\"4964\" class=\"elementor elementor-4964 elementor-2359\">\n\t\t\t\t<div class=\"elementor-element elementor-element-3cf34c2 e-con-full e-flex e-con e-parent\" data-id=\"3cf34c2\" data-element_type=\"container\" data-e-type=\"container\" data-settings=\"{&quot;background_background&quot;:&quot;classic&quot;}\">\n\t\t\t\t<div class=\"elementor-element elementor-element-2de1387 elementor-widget elementor-widget-patara-banner-image\" data-id=\"2de1387\" data-element_type=\"widget\" data-e-type=\"widget\" data-widget_type=\"patara-banner-image.default\">\n\t\t\t\t<div class=\"elementor-widget-container\">\n\t\t\t\t\t\t\t\n\t<!-- Header Banner -->\n\t<header class=\"header\">\n\n\t\t\t\t<div class=\"banner-header full-height valign bg-img bg-fixed text-center\" data-overlay-dark=\"2\" data-background=\"https:\/\/www.hotelsantandrea.com\/wp-content\/uploads\/2025\/09\/esterni-terra-14-h-sant-andrea.jpg\">\n\t\t\t\t\t\t\t\t\t\t\t\t<div class=\"container\">\n\t\t\t\t\t<div class=\"row\">\n\t\t\t\t\t\t<div class=\"col-md-12 offset-0\">\n\t\t\t\t\t\t\t<div class=\"caption\">\n\n\t\t\t\t\t\t\t\t\t\t\t\t\t\t\t\t\n\t\t\t\t\t\t\t\t\n\t\t\t\t\t\t\t\t\t\t\t\t\t\t\t\t<h4 class=\"pt-slider-title1-class\">Angebotsanfrage<\/h4>\n\t\t\t\t\t\t\t\t\t\t\t\t\t\t\t\t\t\t\t\t\t\t\t\t<h1 class=\"pt-slider-title2-class\">Kontakte<\/h1>\n\t\t\t\t\t\t\t\t\t\t\t\t\t\t\t\t\t\t\t\t\t\t\t<\/div>\t\t\t\t\t\t\n\t\t\t\t\t\t<\/div>\t\t\t\t\t\t\n\t\t\t\t\t<\/div>\n\t\t\t\t<\/div>\n\t\t\t\t\t\t\t\t<!-- button scroll -->\n\t\t\t\t<a href=\"#contact\" data-scroll-nav=\"1\" class=\"mouse smoothscroll\">\n\t\t\t\t\t<span class=\"mouse-icon\">\n\t\t\t\t\t\t<span class=\"mouse-wheel\"><\/span>\n\t\t\t\t\t<\/span>\n\t\t\t\t<\/a>\t\n\t\t\t\t\t\t\t\t\t\n\t\t\t\t\t\t\n        <\/div>\t\t\t\n\t<\/header>\t\t\n\t\t\t\n    \t\t\t\t<\/div>\n\t\t\t\t<\/div>\n\t\t\t\t<\/div>\n\t\t<div class=\"elementor-element elementor-element-ccbf184 e-flex e-con-boxed e-con e-parent\" data-id=\"ccbf184\" data-element_type=\"container\" data-e-type=\"container\" data-settings=\"{&quot;background_background&quot;:&quot;classic&quot;}\">\n\t\t\t\t\t<div class=\"e-con-inner\">\n\t\t<div class=\"elementor-element elementor-element-49c0dc0 e-con-full e-flex e-con e-child\" data-id=\"49c0dc0\" data-element_type=\"container\" data-e-type=\"container\">\n\t\t\t\t<div class=\"elementor-element elementor-element-c990524 elementor-widget elementor-widget-patara-title\" data-id=\"c990524\" data-element_type=\"widget\" data-e-type=\"widget\" data-widget_type=\"patara-title.default\">\n\t\t\t\t<div class=\"elementor-widget-container\">\n\t\t\t\t\t\t\t\n\t\t\n\t\t\t\t\t\t\t\n\t\t\t<h4 class=\"section-title black text-left\">M\u00f6chten Sie Informationen erhalten oder buchen?<\/h4>\t\t\t\t\n\t\t\t<div class=\"section-text text-left black\"><p><p>F\u00fcr Fragen oder Reservierungen k\u00f6nnen Sie uns telefonisch kontaktieren oder das untenstehende Formular ausf\u00fcllen.<\/p><p>Wir beantworten gerne alle Ihre Fragen so schnell wie m\u00f6glich.<\/p><\/p><\/div>\n        \n\t\t\t\n        \t\t\t\t<\/div>\n\t\t\t\t<\/div>\n\t\t<div class=\"elementor-element elementor-element-06bbeb0 e-con-full e-flex e-con e-child\" data-id=\"06bbeb0\" data-element_type=\"container\" data-e-type=\"container\">\n\t\t\t\t<div class=\"elementor-element elementor-element-eaeb59e elementor-widget elementor-widget-html\" data-id=\"eaeb59e\" data-element_type=\"widget\" data-e-type=\"widget\" data-widget_type=\"html.default\">\n\t\t\t\t\t<script id=\"fastreplymail-form\">\n    window['FRM_config'] = {\n    \"maxNights\": \"21\",\n    \"maxAccommodations\": \"2\",\n    \"maxAdults\": \"2\",\n    \"maxChildren\": \"2\",\n    \"maxChildAge\": \"16\",\n    \"privacyUrl\": \"https:\/\/www.hotelsantandrea.com\/hotel-island-elba\/privacy.php\",\n    \"formId\": \"form_sito_web\",\n    \"formName\": \"Form Sito Web\",\n    \"hidePetsOption\": \"0\"\n};\n    (function (f, a, s, t) {\n        var e = a.createElement('script');\n        var m = a.getElementById('fastreplymail-form');\n        e.async = true;\n        e.src = 'https:\/\/admin.fastreplymail.it\/widgets\/v1\/request-form\/embed.js?properties[]=' + (Array.isArray(s) ? s.join('&properties[]=') : s) + '&language=' + (t || 'it');\n        m.parentNode.insertBefore(e, m);\n    })(window, document, ['45fa7f43-2674-4f65-9765-8cf4e9402db6'], 'de');\n<\/script>\n\t\t\t\t<\/div>\n\t\t\t\t<\/div>\n\t\t\t\t<\/div>\n\t\t<div class=\"elementor-element elementor-element-0ef3d26 e-con-full e-flex e-con e-child\" data-id=\"0ef3d26\" data-element_type=\"container\" data-e-type=\"container\">\n\t\t\t\t<div class=\"elementor-element elementor-element-e431830 elementor-widget elementor-widget-patara-contact\" data-id=\"e431830\" data-element_type=\"widget\" data-e-type=\"widget\" data-widget_type=\"patara-contact.default\">\n\t\t\t\t<div class=\"elementor-widget-container\">\n\t\t\t\t\t        \t\t\n\t\t\n\t\t<div class=\"sec-contact-info sec-reservations\">\n\t\t    \n\t\t\t\t\t\t\n\t\t\t\t\t\t\t\t\t                        <div class=\"reservations mb-15\">\t\n \t\t\t\t\t\t    <div class=\"icon\">\n\t\t\t\t\t\t\t\t\t\t\n\t\t\t\t\t\t\t\t\t<span class=\"flaticon-phone\"><\/span>\n\t\t\t\t\t\t\t\t\t\t\t\t\t\t\t\t\n\t\t\t\t\t\t\t<\/div>\n\t\t\t\t\t\t\t<div class=\"text\">\n\t\t\t\t\t\t        <p>Telefon<\/p> <a href=\"tel:+39 0565 908355\">+39 0565 908355<\/a>\n\t\t\t\t\t\t   <\/div>\n\t\t\t\t\t\t<\/div>\n\t\t\t\t\t\t \n\n\t\t\t\t\t\t\t\t\t                        <div class=\"reservations mb-15\">\t\n \t\t\t\t\t\t    <div class=\"icon\">\n\t\t\t\t\t\t\t\t\t\t\n\t\t\t\t\t\t\t\t\t<span class=\"flaticon-phone\"><\/span>\n\t\t\t\t\t\t\t\t\t\t\t\t\t\t\t\t\n\t\t\t\t\t\t\t<\/div>\n\t\t\t\t\t\t\t<div class=\"text\">\n\t\t\t\t\t\t        <p>Telefon<\/p> <a href=\"tel:+39 0565 908006\">+39 0565 908006<\/a>\n\t\t\t\t\t\t   <\/div>\n\t\t\t\t\t\t<\/div>\n\t\t\t\t\t\t \n\n\t\t\t\t\t\t\t\t\t\t\n                        <div class=\"reservations mb-15\">\t\n \t\t\t\t\t\t    <div class=\"icon\">\n\t\t\t\t\t\t\t\t\t\n\t\t\t\t\t\t\t\t\t<span class=\"flaticon-envelope\"><\/span>\n\t\t\t\t\t\t\t\t\t\t\t\t\t\t\t\t\n\t\t\t\t\t\t\t<\/div>\n\t\t\t\t\t\t\t<div class=\"text\">\n\t\t\t\t\t\t        <p>E-Mail<\/p> <a href=\"mailto:info@hotelsantandrea.com\">info@hotelsantandrea.com<\/a>\n\t\t\t\t\t\t   <\/div>\n\t\t\t\t\t\t<\/div>\n\t\t\t\t\t\t \n\n\t\t\t\t\t\t\t\t\t                        <div class=\"reservations mb-15\">\t\n \t\t\t\t\t\t    <div class=\"icon\">\n\t\t\t\t\t\t\t\t\t\t\t\t\t\t\t\t\t<span class=\"flaticon-hotel\"><\/span>\n\t\t\t\t\t\t\t\t\t\t\t\t\t\t\t\t\n\t\t\t\t\t\t\t<\/div>\n\t\t\t\t\t\t\t<div class=\"text\">\n\t\t\t\t\t\t        <p>Allgemeine Bedingungen<\/p> Check-in ab 15:00 Uhr<br\/><a href=\"\/de\/allgemeine-bedingungen\/\"> Buchungsbedingungen<\/a>\n\t\t\t\t\t\t   <\/div>\n\t\t\t\t\t\t<\/div>\t\t\t\t\t\n\t\t\t\t\t\t \n\n\t\t\t\t\t\t\t\t\n        <\/div>\t\t\n\n        \t\t\t\t<\/div>\n\t\t\t\t<\/div>\n\t\t\t\t<div class=\"elementor-element elementor-element-a36579d elementor-widget elementor-widget-patara-title\" data-id=\"a36579d\" data-element_type=\"widget\" data-e-type=\"widget\" data-widget_type=\"patara-title.default\">\n\t\t\t\t<div class=\"elementor-widget-container\">\n\t\t\t\t\t\t\t\n\t\t\t\t\t\t\t\t<div class=\"sub-title border-bot-light\">\n\t\t\tFolgen Sie uns auf unseren Social Media!<\/h4><\/div>\n\t\t\t\t\t\n\t\t\t\n        \t\t\t\t<\/div>\n\t\t\t\t<\/div>\n\t\t\t\t<div class=\"elementor-element elementor-element-d28cb45 elementor-shape-circle elementor-grid-0 e-grid-align-center elementor-widget elementor-widget-social-icons\" data-id=\"d28cb45\" data-element_type=\"widget\" data-e-type=\"widget\" data-widget_type=\"social-icons.default\">\n\t\t\t\t\t\t\t<div class=\"elementor-social-icons-wrapper elementor-grid\" role=\"list\">\n\t\t\t\t\t\t\t<span class=\"elementor-grid-item\" role=\"listitem\">\n\t\t\t\t\t<a class=\"elementor-icon elementor-social-icon elementor-social-icon-instagram elementor-repeater-item-9ec7f76\" href=\"https:\/\/www.instagram.com\/hotelsantandrea_elba\/\" target=\"_blank\">\n\t\t\t\t\t\t<span class=\"elementor-screen-only\">Instagram<\/span>\n\t\t\t\t\t\t<svg aria-hidden=\"true\" class=\"e-font-icon-svg e-fab-instagram\" viewBox=\"0 0 448 512\" xmlns=\"http:\/\/www.w3.org\/2000\/svg\"><path d=\"M224.1 141c-63.6 0-114.9 51.3-114.9 114.9s51.3 114.9 114.9 114.9S339 319.5 339 255.9 287.7 141 224.1 141zm0 189.6c-41.1 0-74.7-33.5-74.7-74.7s33.5-74.7 74.7-74.7 74.7 33.5 74.7 74.7-33.6 74.7-74.7 74.7zm146.4-194.3c0 14.9-12 26.8-26.8 26.8-14.9 0-26.8-12-26.8-26.8s12-26.8 26.8-26.8 26.8 12 26.8 26.8zm76.1 27.2c-1.7-35.9-9.9-67.7-36.2-93.9-26.2-26.2-58-34.4-93.9-36.2-37-2.1-147.9-2.1-184.9 0-35.8 1.7-67.6 9.9-93.9 36.1s-34.4 58-36.2 93.9c-2.1 37-2.1 147.9 0 184.9 1.7 35.9 9.9 67.7 36.2 93.9s58 34.4 93.9 36.2c37 2.1 147.9 2.1 184.9 0 35.9-1.7 67.7-9.9 93.9-36.2 26.2-26.2 34.4-58 36.2-93.9 2.1-37 2.1-147.8 0-184.8zM398.8 388c-7.8 19.6-22.9 34.7-42.6 42.6-29.5 11.7-99.5 9-132.1 9s-102.7 2.6-132.1-9c-19.6-7.8-34.7-22.9-42.6-42.6-11.7-29.5-9-99.5-9-132.1s-2.6-102.7 9-132.1c7.8-19.6 22.9-34.7 42.6-42.6 29.5-11.7 99.5-9 132.1-9s102.7-2.6 132.1 9c19.6 7.8 34.7 22.9 42.6 42.6 11.7 29.5 9 99.5 9 132.1s2.7 102.7-9 132.1z\"><\/path><\/svg>\t\t\t\t\t<\/a>\n\t\t\t\t<\/span>\n\t\t\t\t\t\t\t<span class=\"elementor-grid-item\" role=\"listitem\">\n\t\t\t\t\t<a class=\"elementor-icon elementor-social-icon elementor-social-icon-facebook elementor-repeater-item-3bb1e21\" href=\"https:\/\/www.facebook.com\/Hotel-SantAndrea-397380883625648\/\" target=\"_blank\">\n\t\t\t\t\t\t<span class=\"elementor-screen-only\">Facebook<\/span>\n\t\t\t\t\t\t<svg aria-hidden=\"true\" class=\"e-font-icon-svg e-fab-facebook\" viewBox=\"0 0 512 512\" xmlns=\"http:\/\/www.w3.org\/2000\/svg\"><path d=\"M504 256C504 119 393 8 256 8S8 119 8 256c0 123.78 90.69 226.38 209.25 245V327.69h-63V256h63v-54.64c0-62.15 37-96.48 93.67-96.48 27.14 0 55.52 4.84 55.52 4.84v61h-31.28c-30.8 0-40.41 19.12-40.41 38.73V256h68.78l-11 71.69h-57.78V501C413.31 482.38 504 379.78 504 256z\"><\/path><\/svg>\t\t\t\t\t<\/a>\n\t\t\t\t<\/span>\n\t\t\t\t\t<\/div>\n\t\t\t\t\t\t<\/div>\n\t\t\t\t<div class=\"elementor-element elementor-element-6bee818 elementor-widget elementor-widget-sidebar\" data-id=\"6bee818\" data-element_type=\"widget\" data-e-type=\"widget\" data-widget_type=\"sidebar.default\">\n\t\t\t\t\t<div class=\"col-md-12\"><div id=\"text-12\" class=\"widget widget-block widget_text\">\t\t\t<div class=\"textwidget\"><h2>Unsere Angebote<\/h2>\n<p><a href=\"\/de\/angebote\/\"><img fetchpriority=\"high\" decoding=\"async\" fetchpriority=\"high\" class=\"alignnone wp-image-2385 size-medium\" src=\"\/wp-content\/uploads\/2025\/09\/esterni-terra-3-h-sant-andrea-300x200.jpg\" alt=\"\" width=\"300\" height=\"200\" srcset=\"https:\/\/www.hotelsantandrea.com\/wp-content\/uploads\/2025\/09\/esterni-terra-3-h-sant-andrea-300x200.jpg 300w, https:\/\/www.hotelsantandrea.com\/wp-content\/uploads\/2025\/09\/esterni-terra-3-h-sant-andrea-1024x683.jpg 1024w, https:\/\/www.hotelsantandrea.com\/wp-content\/uploads\/2025\/09\/esterni-terra-3-h-sant-andrea-768x512.jpg 768w, https:\/\/www.hotelsantandrea.com\/wp-content\/uploads\/2025\/09\/esterni-terra-3-h-sant-andrea-1536x1024.jpg 1536w, https:\/\/www.hotelsantandrea.com\/wp-content\/uploads\/2025\/09\/esterni-terra-3-h-sant-andrea-540x360.jpg 540w, https:\/\/www.hotelsantandrea.com\/wp-content\/uploads\/2025\/09\/esterni-terra-3-h-sant-andrea.jpg 1920w\" sizes=\"(max-width: 300px) 100vw, 300px\" \/><\/a><\/p>\n<p>Entdecken Sie unsere Angebote, damit Sie Ihren Urlaub auf der Insel Elba in vollen Z\u00fcgen genie\u00dfen k\u00f6nnen.<\/p>\n<p><a class=\"link-sottolineato\" href=\"\/de\/angebote\/\">Alle Angebote \u203a<\/a><\/p>\n<\/div>\n\t\t<\/div><\/div><div class=\"col-md-12\"><div id=\"text-13\" class=\"widget widget-block widget_text\">\t\t\t<div class=\"textwidget\"><h2>Gut zu wissen<\/h2>\n<p><a href=\"\/de\/faehren-zur-insel-elba\/\"><img loading=\"lazy\" decoding=\"async\" class=\"alignnone wp-image-2377 size-medium\" src=\"\/wp-content\/uploads\/2025\/09\/blunavy-2075-3-300x200.jpg\" alt=\"\" width=\"300\" height=\"200\" srcset=\"https:\/\/www.hotelsantandrea.com\/wp-content\/uploads\/2025\/09\/blunavy-2075-3-300x200.jpg 300w, https:\/\/www.hotelsantandrea.com\/wp-content\/uploads\/2025\/09\/blunavy-2075-3-1024x683.jpg 1024w, https:\/\/www.hotelsantandrea.com\/wp-content\/uploads\/2025\/09\/blunavy-2075-3-768x512.jpg 768w, https:\/\/www.hotelsantandrea.com\/wp-content\/uploads\/2025\/09\/blunavy-2075-3-1536x1024.jpg 1536w, https:\/\/www.hotelsantandrea.com\/wp-content\/uploads\/2025\/09\/blunavy-2075-3-540x360.jpg 540w, https:\/\/www.hotelsantandrea.com\/wp-content\/uploads\/2025\/09\/blunavy-2075-3.jpg 1920w\" sizes=\"(max-width: 300px) 100vw, 300px\" \/><\/a><\/p>\n<p><a class=\"link-sottolineato\" href=\"\/de\/faehren-zur-insel-elba\/\">Erm\u00e4\u00dfigte F\u00e4hren bis zu 20% \u203a<\/a><\/p>\n<p><a href=\"\/de\/hochzeiten-zeremonien-und-events\/\"><img loading=\"lazy\" decoding=\"async\" class=\"alignnone wp-image-2386 size-medium\" src=\"\/wp-content\/uploads\/2025\/09\/ristorante-saletta-1-h-santandrea-300x200.jpg\" alt=\"\" width=\"300\" height=\"200\" srcset=\"https:\/\/www.hotelsantandrea.com\/wp-content\/uploads\/2025\/09\/ristorante-saletta-1-h-santandrea-300x200.jpg 300w, https:\/\/www.hotelsantandrea.com\/wp-content\/uploads\/2025\/09\/ristorante-saletta-1-h-santandrea-1024x683.jpg 1024w, https:\/\/www.hotelsantandrea.com\/wp-content\/uploads\/2025\/09\/ristorante-saletta-1-h-santandrea-768x512.jpg 768w, https:\/\/www.hotelsantandrea.com\/wp-content\/uploads\/2025\/09\/ristorante-saletta-1-h-santandrea-1536x1024.jpg 1536w, https:\/\/www.hotelsantandrea.com\/wp-content\/uploads\/2025\/09\/ristorante-saletta-1-h-santandrea-540x360.jpg 540w, https:\/\/www.hotelsantandrea.com\/wp-content\/uploads\/2025\/09\/ristorante-saletta-1-h-santandrea.jpg 1920w\" sizes=\"(max-width: 300px) 100vw, 300px\" \/><\/a><\/p>\n<p><a class=\"link-sottolineato\" href=\"\/de\/hochzeiten-zeremonien-und-events\/\">Feiern Sie Ihr Event bei uns \u203a<\/a><\/p>\n<\/div>\n\t\t<\/div><\/div>\t\t\t\t<\/div>\n\t\t\t\t<\/div>\n\t\t\t\t\t<\/div>\n\t\t\t\t<\/div>\n\t\t\t\t<\/div>\n\t\t","protected":false},"excerpt":{"rendered":"<p>Angebotsanfrage Kontakte M\u00f6chten Sie Informationen erhalten oder buchen? F\u00fcr Fragen oder Reservierungen k\u00f6nnen Sie uns telefonisch kontaktieren oder das untenstehende Formular ausf\u00fcllen. Wir beantworten gerne alle Ihre Fragen so schnell wie m\u00f6glich. Telefon +39 0565 908355 Telefon +39 0565 908006 E-Mail info@hotelsantandrea.com Allgemeine Bedingungen Check-in ab 15:00 Uhr Buchungsbedingungen Folgen Sie uns auf unseren Social Media! Instagram Facebook<\/p>\n","protected":false},"author":2,"featured_media":0,"parent":0,"menu_order":0,"comment_status":"closed","ping_status":"closed","template":"","meta":{"footnotes":"","_links_to":"","_links_to_target":""},"class_list":["post-4964","page","type-page","status-publish","hentry"],"meta_box":[],"_links":{"self":[{"href":"https:\/\/www.hotelsantandrea.com\/de\/wp-json\/wp\/v2\/pages\/4964","targetHints":{"allow":["GET"]}}],"collection":[{"href":"https:\/\/www.hotelsantandrea.com\/de\/wp-json\/wp\/v2\/pages"}],"about":[{"href":"https:\/\/www.hotelsantandrea.com\/de\/wp-json\/wp\/v2\/types\/page"}],"author":[{"embeddable":true,"href":"https:\/\/www.hotelsantandrea.com\/de\/wp-json\/wp\/v2\/users\/2"}],"replies":[{"embeddable":true,"href":"https:\/\/www.hotelsantandrea.com\/de\/wp-json\/wp\/v2\/comments?post=4964"}],"version-history":[{"count":5,"href":"https:\/\/www.hotelsantandrea.com\/de\/wp-json\/wp\/v2\/pages\/4964\/revisions"}],"predecessor-version":[{"id":6287,"href":"https:\/\/www.hotelsantandrea.com\/de\/wp-json\/wp\/v2\/pages\/4964\/revisions\/6287"}],"wp:attachment":[{"href":"https:\/\/www.hotelsantandrea.com\/de\/wp-json\/wp\/v2\/media?parent=4964"}],"curies":[{"name":"wp","href":"https:\/\/api.w.org\/{rel}","templated":true}]}}