{"id":4694,"date":"2025-12-03T09:56:23","date_gmt":"2025-12-03T08:56:23","guid":{"rendered":"http:\/\/santandrea.youelba.com\/matrimoni-cerimonie-ed-eventi\/"},"modified":"2026-03-06T12:50:28","modified_gmt":"2026-03-06T11:50:28","slug":"hochzeiten-zeremonien-und-events","status":"publish","type":"page","link":"https:\/\/www.hotelsantandrea.com\/de\/hochzeiten-zeremonien-und-events\/","title":{"rendered":"Hochzeiten, Zeremonien und Events"},"content":{"rendered":"\t\t<div data-elementor-type=\"wp-page\" data-elementor-id=\"4694\" class=\"elementor elementor-4694 elementor-3440\">\n\t\t\t\t<div class=\"elementor-element elementor-element-db5600b e-con-full e-flex e-con e-parent\" data-id=\"db5600b\" data-element_type=\"container\" data-e-type=\"container\" data-settings=\"{&quot;background_background&quot;:&quot;classic&quot;}\">\n\t\t\t\t<div class=\"elementor-element elementor-element-82539b8 elementor-widget elementor-widget-patara-banner-image\" data-id=\"82539b8\" data-element_type=\"widget\" data-e-type=\"widget\" data-widget_type=\"patara-banner-image.default\">\n\t\t\t\t<div class=\"elementor-widget-container\">\n\t\t\t\t\t\t\t\n\t<!-- Header Banner -->\n\t<header class=\"header\">\n\n\t\t\t\t<div class=\"banner-header full-height valign bg-img bg-fixed text-center\" data-overlay-dark=\"3\" data-background=\"https:\/\/www.hotelsantandrea.com\/wp-content\/uploads\/2026\/01\/allestimento-matrimonio.jpg\">\n\t\t\t\t\t\t\t\t\t\t\t\t<div class=\"container\">\n\t\t\t\t\t<div class=\"row\">\n\t\t\t\t\t\t<div class=\"col-md-12 offset-0\">\n\t\t\t\t\t\t\t<div class=\"caption\">\n\n\t\t\t\t\t\t\t\t\t\t\t\t\t\t\t\t\n\t\t\t\t\t\t\t\t\n\t\t\t\t\t\t\t\t\t\t\t\t\t\t\t\t<h4 class=\"pt-slider-title1-class\">Wo jede Emotion Gestalt annimmt<\/h4>\n\t\t\t\t\t\t\t\t\t\t\t\t\t\t\t\t\t\t\t\t\t\t\t\t<h1 class=\"pt-slider-title2-class\">Hochzeiten, Zeremonien und Veranstaltungen<\/h1>\n\t\t\t\t\t\t\t\t\t\t\t\t\t\t\t\t\t\t\t\t\t\t\t<\/div>\t\t\t\t\t\t\n\t\t\t\t\t\t<\/div>\t\t\t\t\t\t\n\t\t\t\t\t<\/div>\n\t\t\t\t<\/div>\n\t\t\t\t\t\t\t\t<!-- button scroll -->\n\t\t\t\t<a href=\"#contact\" data-scroll-nav=\"1\" class=\"mouse smoothscroll\">\n\t\t\t\t\t<span class=\"mouse-icon\">\n\t\t\t\t\t\t<span class=\"mouse-wheel\"><\/span>\n\t\t\t\t\t<\/span>\n\t\t\t\t<\/a>\t\n\t\t\t\t\t\t\t\t\t\n\t\t\t\t\t\t\n        <\/div>\t\t\t\n\t<\/header>\t\t\n\t\t\t\n    \t\t\t\t<\/div>\n\t\t\t\t<\/div>\n\t\t\t\t<\/div>\n\t\t<div class=\"elementor-element elementor-element-899a3a2 e-flex e-con-boxed e-con e-parent\" data-id=\"899a3a2\" data-element_type=\"container\" data-e-type=\"container\" id=\"spa\" data-settings=\"{&quot;background_background&quot;:&quot;classic&quot;}\">\n\t\t\t\t\t<div class=\"e-con-inner\">\n\t\t<div class=\"elementor-element elementor-element-064a9ce e-con-full e-flex e-con e-child\" data-id=\"064a9ce\" data-element_type=\"container\" data-e-type=\"container\">\n\t\t\t\t<div class=\"elementor-element elementor-element-6e5a690 elementor-widget elementor-widget-patara-title\" data-id=\"6e5a690\" data-element_type=\"widget\" data-e-type=\"widget\" data-widget_type=\"patara-title.default\">\n\t\t\t\t<div class=\"elementor-widget-container\">\n\t\t\t\t\t\t\t\n\t\t\n\t\t\t\t\t\t\t\n\t\t\t<h4 class=\"section-title black text-left\">Heiraten auf Elba<\/h4>\t\t\t\t\n\t\t\t<div class=\"section-text text-left black\"><p><p>Das Leben schenkt uns einzigartige und magische Momente, die f\u00fcr immer im Herzen bleiben. Die Insel Elba ist der perfekte Rahmen, um den wichtigsten Tag Ihres Lebens unvergesslich zu machen.<\/p><p>Jede Braut tr\u00e4umt von ihrem Hochzeitstag: vom Kleid, den Blumen, der besonderen Atmosph\u00e4re, die einen so wertvollen Moment begleitet. In unserer Einrichtung verbinden wir Leidenschaft, Erfahrung und Liebe zum Detail, um jeden Aspekt Ihres gro\u00dfen Tages sorgf\u00e4ltig und mit Hingabe zu organisieren.<\/p><p>Unser Service \u201eZeremonie\u201c bietet umfassende 360\u00b0-Beratung, individuell auf Ihre W\u00fcnsche zugeschnitten. Gemeinsam mit Ihnen planen wir jedes Detail Ihres Tages, vom Gourmet-Men\u00fc, das die Geschm\u00e4cker Ihrer G\u00e4ste ber\u00fccksichtigt, bis hin zur Dekoration der R\u00e4umlichkeiten, mit Blumenarrangements, Ballons und jeder Art von Dekoration, entsprechend Ihren Vorstellungen.<\/p><p>F\u00fcr Hochzeiten mit standesamtlicher Trauung bieten wir die M\u00f6glichkeit, Ihren \u201eJa-Wort\u201c-Tag auf verschiedene Weise zu feiern: direkt bei uns im Haus, auf dem Steg am Meer oder im Rathaus von Marciana, sodass ein exklusives und individuelles Erlebnis garantiert ist.<\/p><p>Wir sind bereit, Ihren Tag unvergesslich zu machen \u2026 und Sie?<\/p><\/p><\/div>\n        \n\t\t\t\n        \t\t\t\t<\/div>\n\t\t\t\t<\/div>\n\t\t\t\t<\/div>\n\t\t\t\t<div class=\"elementor-element elementor-element-e0d3cf6 elementor-widget elementor-widget-patara-title\" data-id=\"e0d3cf6\" data-element_type=\"widget\" data-e-type=\"widget\" data-widget_type=\"patara-title.default\">\n\t\t\t\t<div class=\"elementor-widget-container\">\n\t\t\t\t\t\t\t\n\t\t\n\t\t\t\t\t\t\t\n\t\t\t\t\t\t\t\n\t\t\t<div class=\"section-text text-right black\"><p><p><em>Selena, Elisa und Teresa<\/em><\/p><\/p><\/div>\n        \n\t\t\t\n        \t\t\t\t<\/div>\n\t\t\t\t<\/div>\n\t\t\t\t\t<\/div>\n\t\t\t\t<\/div>\n\t\t<div class=\"elementor-element elementor-element-e6545e7 e-flex e-con-boxed e-con e-parent\" data-id=\"e6545e7\" data-element_type=\"container\" data-e-type=\"container\" data-settings=\"{&quot;background_background&quot;:&quot;classic&quot;}\">\n\t\t\t\t\t<div class=\"e-con-inner\">\n\t\t<div class=\"elementor-element elementor-element-75710bd e-con-full e-flex e-con e-child\" data-id=\"75710bd\" data-element_type=\"container\" data-e-type=\"container\">\n\t\t\t\t<div class=\"elementor-element elementor-element-452c31a elementor-widget elementor-widget-patara-services-grid\" data-id=\"452c31a\" data-element_type=\"widget\" data-e-type=\"widget\" data-widget_type=\"patara-services-grid.default\">\n\t\t\t\t<div class=\"elementor-widget-container\">\n\t\t\t\t\t\t\t\n\t\t\t\t\n        \n\t\t\t<div class=\"sec-services services2\">\t\n\t\t\t\t\t\t\t\t<div class=\"services2 left\">\t\n\t\t\t\t\t<figure> <img decoding=\"async\" src=\"https:\/\/www.hotelsantandrea.com\/wp-content\/uploads\/2026\/01\/allestimento-matrimonio-3.jpg\" alt=\"\" class=\"img-fluid\" \/> <\/figure>\t\t\t\t\t\n\t\t\t\t\t<div class=\"caption padding-left\">\n\t\t\t\t\t\t\t\t\t\t\t\t<h4>Besondere Anl\u00e4sse und Geburtstage<\/h4>\n\t\t\t\t\t\t\t\n\t\t\t\t\t\t\t\t\t\t\t\t<div class=\"section-text\"><p>Unsere Einrichtung eignet sich auch hervorragend f\u00fcr die Ausrichtung von Mittag- und Abendessen zu besonderen Anl\u00e4ssen, Geburtstagen, Kommunionen, Konfirmationen oder Jubil\u00e4en. Jede Veranstaltung wird sorgf\u00e4ltig geplant, von der Auswahl der Men\u00fcs zusammen mit unserem K\u00fcchen- und Konditoreiteam bis hin zu den kreativen Dekorationen von Teresa, unserer Design-Expertin vor Ort.<\/p><p>Jedes Detail ist darauf ausgelegt, ein einzigartiges, elegantes und unvergessliches Erlebnis f\u00fcr Sie und Ihre G\u00e4ste zu bieten.<\/p><\/div>\n\t\t\t\t\t\t\t\n\t\t\t\t\t\t\n\t\t\t\t\t\t\t\t\t\t\t\t\t\t\t\t\t\t    \n\t\t\t\t\t<\/div>\t\t\t\t\t\n\t\t\t\t<\/div>\t\t\t\t\t\n\t\t\t\t\t\t\t<\/div>\t\n\n        \t\t\n        \t\t\t\t<\/div>\n\t\t\t\t<\/div>\n\t\t\t\t<\/div>\n\t\t<div class=\"elementor-element elementor-element-30dd56b e-con-full e-flex e-con e-child\" data-id=\"30dd56b\" data-element_type=\"container\" data-e-type=\"container\">\n\t\t\t\t<div class=\"elementor-element elementor-element-4a49d7c elementor-widget elementor-widget-patara-list-icon\" data-id=\"4a49d7c\" data-element_type=\"widget\" data-e-type=\"widget\" data-widget_type=\"patara-list-icon.default\">\n\t\t\t\t<div class=\"elementor-widget-container\">\n\t\t\t\t\t\t\t\n\t\t<div class=\"sec-list\">\n\t\t\t<ul class=\"list-unstyled page-list\">\n\t\t\t\t\t\t\t\t\t<li>\n\t                    \t\t\t\t\t\t\t<div class=\"page-list-icon\"> \n\t\t\t\t\t\t\t\t<span class=\"ti-arrow-circle-right\"><\/span>\t\t\t\t\t\t\t\n\t\t\t\t\t\t    <\/div>\n\t\t\t\t\t\t\t\t\t\t\t\t<div class=\"page-list-text\">\n\t\t\t\t\t\t\t<p>Sorgf\u00e4ltig zusammengestellte Men\u00fcs<\/p>\n\t\t\t\t\t\t<\/div>\t\t\t\t\t\n\t\t\t\t\t<\/li>\n\t\t\t\t\t\t\t\t\t<li>\n\t                    \t\t\t\t\t\t\t<div class=\"page-list-icon\"> \n\t\t\t\t\t\t\t\t<span class=\"ti-arrow-circle-right\"><\/span>\t\t\t\t\t\t\t\n\t\t\t\t\t\t    <\/div>\n\t\t\t\t\t\t\t\t\t\t\t\t<div class=\"page-list-text\">\n\t\t\t\t\t\t\t<p>Friseurservice<\/p>\n\t\t\t\t\t\t<\/div>\t\t\t\t\t\n\t\t\t\t\t<\/li>\n\t\t\t\t\t\t\t\t\t<li>\n\t                    \t\t\t\t\t\t\t<div class=\"page-list-icon\"> \n\t\t\t\t\t\t\t\t<span class=\"ti-arrow-circle-right\"><\/span>\t\t\t\t\t\t\t\n\t\t\t\t\t\t    <\/div>\n\t\t\t\t\t\t\t\t\t\t\t\t<div class=\"page-list-text\">\n\t\t\t\t\t\t\t<p>Hochzeitstorte<\/p>\n\t\t\t\t\t\t<\/div>\t\t\t\t\t\n\t\t\t\t\t<\/li>\n\t\t\t\t\t\t\n\t\t\t<\/ul>\t\t\t\t\t\n\t\t<\/div>\n\t\t\n\t\t\t\n        \t\t\t\t<\/div>\n\t\t\t\t<\/div>\n\t\t\t\t<\/div>\n\t\t<div class=\"elementor-element elementor-element-60bdbaa e-con-full e-flex e-con e-child\" data-id=\"60bdbaa\" data-element_type=\"container\" data-e-type=\"container\">\n\t\t\t\t<div class=\"elementor-element elementor-element-cce119a elementor-widget elementor-widget-patara-list-icon\" data-id=\"cce119a\" data-element_type=\"widget\" data-e-type=\"widget\" data-widget_type=\"patara-list-icon.default\">\n\t\t\t\t<div class=\"elementor-widget-container\">\n\t\t\t\t\t\t\t\n\t\t<div class=\"sec-list\">\n\t\t\t<ul class=\"list-unstyled page-list\">\n\t\t\t\t\t\t\t\t\t<li>\n\t                    \t\t\t\t\t\t\t<div class=\"page-list-icon\"> \n\t\t\t\t\t\t\t\t<span class=\"ti-arrow-circle-right\"><\/span>\t\t\t\t\t\t\t\n\t\t\t\t\t\t    <\/div>\n\t\t\t\t\t\t\t\t\t\t\t\t<div class=\"page-list-text\">\n\t\t\t\t\t\t\t<p>Fotoservice<\/p>\n\t\t\t\t\t\t<\/div>\t\t\t\t\t\n\t\t\t\t\t<\/li>\n\t\t\t\t\t\t\t\t\t<li>\n\t                    \t\t\t\t\t\t\t<div class=\"page-list-icon\"> \n\t\t\t\t\t\t\t\t<span class=\"ti-arrow-circle-right\"><\/span>\t\t\t\t\t\t\t\n\t\t\t\t\t\t    <\/div>\n\t\t\t\t\t\t\t\t\t\t\t\t<div class=\"page-list-text\">\n\t\t\t\t\t\t\t<p>Kostenlose Suite f\u00fcr die erste Nacht<\/p>\n\t\t\t\t\t\t<\/div>\t\t\t\t\t\n\t\t\t\t\t<\/li>\n\t\t\t\t\t\t\t\t\t<li>\n\t                    \t\t\t\t\t\t\t<div class=\"page-list-icon\"> \n\t\t\t\t\t\t\t\t<span class=\"ti-arrow-circle-right\"><\/span>\t\t\t\t\t\t\t\n\t\t\t\t\t\t    <\/div>\n\t\t\t\t\t\t\t\t\t\t\t\t<div class=\"page-list-text\">\n\t\t\t\t\t\t\t<p>Dekoration der Location<\/p>\n\t\t\t\t\t\t<\/div>\t\t\t\t\t\n\t\t\t\t\t<\/li>\n\t\t\t\t\t\t\n\t\t\t<\/ul>\t\t\t\t\t\n\t\t<\/div>\n\t\t\n\t\t\t\n        \t\t\t\t<\/div>\n\t\t\t\t<\/div>\n\t\t\t\t<\/div>\n\t\t<div class=\"elementor-element elementor-element-9adf06c e-con-full e-flex e-con e-child\" data-id=\"9adf06c\" data-element_type=\"container\" data-e-type=\"container\">\n\t\t\t\t<div class=\"elementor-element elementor-element-abb5ac0 elementor-widget elementor-widget-patara-list-icon\" data-id=\"abb5ac0\" data-element_type=\"widget\" data-e-type=\"widget\" data-widget_type=\"patara-list-icon.default\">\n\t\t\t\t<div class=\"elementor-widget-container\">\n\t\t\t\t\t\t\t\n\t\t<div class=\"sec-list\">\n\t\t\t<ul class=\"list-unstyled page-list\">\n\t\t\t\t\t\t\t\t\t<li>\n\t                    \t\t\t\t\t\t\t<div class=\"page-list-icon\"> \n\t\t\t\t\t\t\t\t<span class=\"ti-arrow-circle-right\"><\/span>\t\t\t\t\t\t\t\n\t\t\t\t\t\t    <\/div>\n\t\t\t\t\t\t\t\t\t\t\t\t<div class=\"page-list-text\">\n\t\t\t\t\t\t\t<p>Sandzeremonie<\/p>\n\t\t\t\t\t\t<\/div>\t\t\t\t\t\n\t\t\t\t\t<\/li>\n\t\t\t\t\t\t\t\t\t<li>\n\t                    \t\t\t\t\t\t\t<div class=\"page-list-icon\"> \n\t\t\t\t\t\t\t\t<span class=\"ti-arrow-circle-right\"><\/span>\t\t\t\t\t\t\t\n\t\t\t\t\t\t    <\/div>\n\t\t\t\t\t\t\t\t\t\t\t\t<div class=\"page-list-text\">\n\t\t\t\t\t\t\t<p>Musikalische Begleitung<\/p>\n\t\t\t\t\t\t<\/div>\t\t\t\t\t\n\t\t\t\t\t<\/li>\n\t\t\t\t\t\t\t\t\t<li>\n\t                    \t\t\t\t\t\t\t<div class=\"page-list-icon\"> \n\t\t\t\t\t\t\t\t<span class=\"ti-arrow-circle-right\"><\/span>\t\t\t\t\t\t\t\n\t\t\t\t\t\t    <\/div>\n\t\t\t\t\t\t\t\t\t\t\t\t<div class=\"page-list-text\">\n\t\t\t\t\t\t\t<p>Direkte Kommunikation mit der Gemeinde Marciana<\/p>\n\t\t\t\t\t\t<\/div>\t\t\t\t\t\n\t\t\t\t\t<\/li>\n\t\t\t\t\t\t\n\t\t\t<\/ul>\t\t\t\t\t\n\t\t<\/div>\n\t\t\n\t\t\t\n        \t\t\t\t<\/div>\n\t\t\t\t<\/div>\n\t\t\t\t<\/div>\n\t\t<div class=\"elementor-element elementor-element-a220e17 e-con-full e-flex e-con e-child\" data-id=\"a220e17\" data-element_type=\"container\" data-e-type=\"container\">\n\t\t\t\t<div class=\"elementor-element elementor-element-f76fd1c elementor-widget elementor-widget-patara-list-icon\" data-id=\"f76fd1c\" data-element_type=\"widget\" data-e-type=\"widget\" data-widget_type=\"patara-list-icon.default\">\n\t\t\t\t<div class=\"elementor-widget-container\">\n\t\t\t\t\t\t\t\n\t\t<div class=\"sec-list\">\n\t\t\t<ul class=\"list-unstyled page-list\">\n\t\t\t\t\t\t\t\t\t<li>\n\t                    \t\t\t\t\t\t\t<div class=\"page-list-icon\"> \n\t\t\t\t\t\t\t\t<span class=\"ti-arrow-circle-right\"><\/span>\t\t\t\t\t\t\t\n\t\t\t\t\t\t    <\/div>\n\t\t\t\t\t\t\t\t\t\t\t\t<div class=\"page-list-text\">\n\t\t\t\t\t\t\t<p>Zivile Trauungen direkt am Meer oder in der pisanischen Festung von Marciana<\/p>\n\t\t\t\t\t\t<\/div>\t\t\t\t\t\n\t\t\t\t\t<\/li>\n\t\t\t\t\t\t\t\t\t<li>\n\t                    \t\t\t\t\t\t\t<div class=\"page-list-icon\"> \n\t\t\t\t\t\t\t\t<span class=\"ti-arrow-circle-right\"><\/span>\t\t\t\t\t\t\t\n\t\t\t\t\t\t    <\/div>\n\t\t\t\t\t\t\t\t\t\t\t\t<div class=\"page-list-text\">\n\t\t\t\t\t\t\t<p>Kerzenzeremonie mit Austausch der Eheversprechen<\/p>\n\t\t\t\t\t\t<\/div>\t\t\t\t\t\n\t\t\t\t\t<\/li>\n\t\t\t\t\t\t\n\t\t\t<\/ul>\t\t\t\t\t\n\t\t<\/div>\n\t\t\n\t\t\t\n        \t\t\t\t<\/div>\n\t\t\t\t<\/div>\n\t\t\t\t<\/div>\n\t\t\t\t\t<\/div>\n\t\t\t\t<\/div>\n\t\t<div class=\"elementor-element elementor-element-d5a3291 e-flex e-con-boxed e-con e-child\" data-id=\"d5a3291\" data-element_type=\"container\" data-e-type=\"container\">\n\t\t\t\t\t<div class=\"e-con-inner\">\n\t\t\t\t<div class=\"elementor-element elementor-element-0a9ce10 elementor-widget elementor-widget-patara-gallery\" data-id=\"0a9ce10\" data-element_type=\"widget\" data-e-type=\"widget\" data-widget_type=\"patara-gallery.default\">\n\t\t\t\t<div class=\"elementor-widget-container\">\n\t\t\t\t\t\t\t\t\t<div class=\"sec-gallery\">\n\t\t\t<div class=\"container-after-gallery\">\n\t\t\t<div class=\"row patara-gallery-items isotope-items-wrap loadmore-wrapper-gallery\" data-load-item=\"10000000\" data-button-text=\"Load More\">\t\n\t\t\t\t\t\t\t\t\t\t\t\t\t\t\t\t\n\t\t\t\t\t<div class=\"col-md-4 patara-masonry-wrapper single-item isotope-item-gallery\">\t\n\t\t\t\t\t\t<div class=\"gallery-item\">\n\t\t\t\t\t\t\t<div class=\"img-card\">\n\t\t\t\t\t\t\t\t<a href=\"https:\/\/www.hotelsantandrea.com\/wp-content\/uploads\/2026\/01\/allestimento-matrimonio-2.jpg\"  class=\"img-zoom\">\n\t\t\t\t\t\t\t\t\t<div class=\"img-block\">\n\t\t\t\t\t\t\t\t\t\t<div class=\"wrapper-img\"> <img decoding=\"async\" src=\"https:\/\/www.hotelsantandrea.com\/wp-content\/uploads\/2026\/01\/allestimento-matrimonio-2.jpg\" alt=\"\"  class=\"img-fluid mx-auto d-block\"> <\/div>\n\t\t\t\t\t\t\t\t\t\t\t\n\t\t\t\t\t\t\t\t\t<\/div>\t\t\t\t\t\t\t\t\t\n\t\t\t\t\t\t\t\t<\/a>\t\t\t\t\t\t\t\n\t\t\t\t\t\t\t<\/div>\n\t\t\t\t\t\t<\/div>\n\t\t\t\t\t<\/div>\n\t\t\t\t\t\n\t\t\t\t\t\t\t\t\t\t\t\t\t\t\t\t\n\t\t\t\t\t<div class=\"col-md-4 patara-masonry-wrapper single-item isotope-item-gallery\">\t\n\t\t\t\t\t\t<div class=\"gallery-item\">\n\t\t\t\t\t\t\t<div class=\"img-card\">\n\t\t\t\t\t\t\t\t<a href=\"https:\/\/www.hotelsantandrea.com\/wp-content\/uploads\/2026\/01\/allestimento-matrimonio-4.jpg\"  class=\"img-zoom\">\n\t\t\t\t\t\t\t\t\t<div class=\"img-block\">\n\t\t\t\t\t\t\t\t\t\t<div class=\"wrapper-img\"> <img decoding=\"async\" src=\"https:\/\/www.hotelsantandrea.com\/wp-content\/uploads\/2026\/01\/allestimento-matrimonio-4.jpg\" alt=\"\"  class=\"img-fluid mx-auto d-block\"> <\/div>\n\t\t\t\t\t\t\t\t\t\t\t\n\t\t\t\t\t\t\t\t\t<\/div>\t\t\t\t\t\t\t\t\t\n\t\t\t\t\t\t\t\t<\/a>\t\t\t\t\t\t\t\n\t\t\t\t\t\t\t<\/div>\n\t\t\t\t\t\t<\/div>\n\t\t\t\t\t<\/div>\n\t\t\t\t\t\n\t\t\t\t\t\t\t\t\t\t\t\t\t\t\t\t\n\t\t\t\t\t<div class=\"col-md-4 patara-masonry-wrapper single-item isotope-item-gallery\">\t\n\t\t\t\t\t\t<div class=\"gallery-item\">\n\t\t\t\t\t\t\t<div class=\"img-card\">\n\t\t\t\t\t\t\t\t<a href=\"https:\/\/www.hotelsantandrea.com\/wp-content\/uploads\/2026\/01\/allestimento-matrimonio-5.jpg\"  class=\"img-zoom\">\n\t\t\t\t\t\t\t\t\t<div class=\"img-block\">\n\t\t\t\t\t\t\t\t\t\t<div class=\"wrapper-img\"> <img decoding=\"async\" src=\"https:\/\/www.hotelsantandrea.com\/wp-content\/uploads\/2026\/01\/allestimento-matrimonio-5.jpg\" alt=\"\"  class=\"img-fluid mx-auto d-block\"> <\/div>\n\t\t\t\t\t\t\t\t\t\t\t\n\t\t\t\t\t\t\t\t\t<\/div>\t\t\t\t\t\t\t\t\t\n\t\t\t\t\t\t\t\t<\/a>\t\t\t\t\t\t\t\n\t\t\t\t\t\t\t<\/div>\n\t\t\t\t\t\t<\/div>\n\t\t\t\t\t<\/div>\n\t\t\t\t\t\n\t\t\t\t\t\t\t\t\t\t\t\t\t\t\t\t\n\t\t\t\t\t<div class=\"col-md-3 patara-masonry-wrapper single-item isotope-item-gallery\">\t\n\t\t\t\t\t\t<div class=\"gallery-item\">\n\t\t\t\t\t\t\t<div class=\"img-card\">\n\t\t\t\t\t\t\t\t<a href=\"https:\/\/www.hotelsantandrea.com\/wp-content\/uploads\/2026\/01\/BATTESIMO2.jpg\"  class=\"img-zoom\">\n\t\t\t\t\t\t\t\t\t<div class=\"img-block\">\n\t\t\t\t\t\t\t\t\t\t<div class=\"wrapper-img\"> <img decoding=\"async\" src=\"https:\/\/www.hotelsantandrea.com\/wp-content\/uploads\/2026\/01\/BATTESIMO2.jpg\" alt=\"\"  class=\"img-fluid mx-auto d-block\"> <\/div>\n\t\t\t\t\t\t\t\t\t\t\t\n\t\t\t\t\t\t\t\t\t<\/div>\t\t\t\t\t\t\t\t\t\n\t\t\t\t\t\t\t\t<\/a>\t\t\t\t\t\t\t\n\t\t\t\t\t\t\t<\/div>\n\t\t\t\t\t\t<\/div>\n\t\t\t\t\t<\/div>\n\t\t\t\t\t\n\t\t\t\t\t\t\t\t\t\t\t\t\t\t\t\t\n\t\t\t\t\t<div class=\"col-md-3 patara-masonry-wrapper single-item isotope-item-gallery\">\t\n\t\t\t\t\t\t<div class=\"gallery-item\">\n\t\t\t\t\t\t\t<div class=\"img-card\">\n\t\t\t\t\t\t\t\t<a href=\"https:\/\/www.hotelsantandrea.com\/wp-content\/uploads\/2026\/01\/BATTESIMO3.jpg\"  class=\"img-zoom\">\n\t\t\t\t\t\t\t\t\t<div class=\"img-block\">\n\t\t\t\t\t\t\t\t\t\t<div class=\"wrapper-img\"> <img decoding=\"async\" src=\"https:\/\/www.hotelsantandrea.com\/wp-content\/uploads\/2026\/01\/BATTESIMO3.jpg\" alt=\"\"  class=\"img-fluid mx-auto d-block\"> <\/div>\n\t\t\t\t\t\t\t\t\t\t\t\n\t\t\t\t\t\t\t\t\t<\/div>\t\t\t\t\t\t\t\t\t\n\t\t\t\t\t\t\t\t<\/a>\t\t\t\t\t\t\t\n\t\t\t\t\t\t\t<\/div>\n\t\t\t\t\t\t<\/div>\n\t\t\t\t\t<\/div>\n\t\t\t\t\t\n\t\t\t\t\t\t\t\t\t\t\t\t\t\t\t\t\n\t\t\t\t\t<div class=\"col-md-3 patara-masonry-wrapper single-item isotope-item-gallery\">\t\n\t\t\t\t\t\t<div class=\"gallery-item\">\n\t\t\t\t\t\t\t<div class=\"img-card\">\n\t\t\t\t\t\t\t\t<a href=\"https:\/\/www.hotelsantandrea.com\/wp-content\/uploads\/2026\/01\/BATTESIMO.jpg\"  class=\"img-zoom\">\n\t\t\t\t\t\t\t\t\t<div class=\"img-block\">\n\t\t\t\t\t\t\t\t\t\t<div class=\"wrapper-img\"> <img decoding=\"async\" src=\"https:\/\/www.hotelsantandrea.com\/wp-content\/uploads\/2026\/01\/BATTESIMO.jpg\" alt=\"\"  class=\"img-fluid mx-auto d-block\"> <\/div>\n\t\t\t\t\t\t\t\t\t\t\t\n\t\t\t\t\t\t\t\t\t<\/div>\t\t\t\t\t\t\t\t\t\n\t\t\t\t\t\t\t\t<\/a>\t\t\t\t\t\t\t\n\t\t\t\t\t\t\t<\/div>\n\t\t\t\t\t\t<\/div>\n\t\t\t\t\t<\/div>\n\t\t\t\t\t\n\t\t\t\t\t\t\t\t\t\t\t\t\t\t\t\t\n\t\t\t\t\t<div class=\"col-md-3 patara-masonry-wrapper single-item isotope-item-gallery\">\t\n\t\t\t\t\t\t<div class=\"gallery-item\">\n\t\t\t\t\t\t\t<div class=\"img-card\">\n\t\t\t\t\t\t\t\t<a href=\"https:\/\/www.hotelsantandrea.com\/wp-content\/uploads\/2026\/01\/BATTESIMO-torta.jpg\"  class=\"img-zoom\">\n\t\t\t\t\t\t\t\t\t<div class=\"img-block\">\n\t\t\t\t\t\t\t\t\t\t<div class=\"wrapper-img\"> <img decoding=\"async\" src=\"https:\/\/www.hotelsantandrea.com\/wp-content\/uploads\/2026\/01\/BATTESIMO-torta.jpg\" alt=\"\"  class=\"img-fluid mx-auto d-block\"> <\/div>\n\t\t\t\t\t\t\t\t\t\t\t\n\t\t\t\t\t\t\t\t\t<\/div>\t\t\t\t\t\t\t\t\t\n\t\t\t\t\t\t\t\t<\/a>\t\t\t\t\t\t\t\n\t\t\t\t\t\t\t<\/div>\n\t\t\t\t\t\t<\/div>\n\t\t\t\t\t<\/div>\n\t\t\t\t\t\n\t\t\t\t\t\n\t\t\t<\/div>\t\t\t\t\n\t\t\t<\/div>\t\t\t\t\n\t\t<\/div>\t\t\t\t\n\n        \t\t\t\t<\/div>\n\t\t\t\t<\/div>\n\t\t\t\t\t<\/div>\n\t\t\t\t<\/div>\n\t\t\t\t<\/div>\n\t\t","protected":false},"excerpt":{"rendered":"<p>Wo jede Emotion Gestalt annimmt Hochzeiten, Zeremonien und Veranstaltungen Heiraten auf Elba Das Leben schenkt uns einzigartige und magische Momente, die f\u00fcr immer im Herzen bleiben. Die Insel Elba ist der perfekte Rahmen, um den wichtigsten Tag Ihres Lebens unvergesslich zu machen. Jede Braut tr\u00e4umt von ihrem Hochzeitstag: vom Kleid, den Blumen, der besonderen Atmosph\u00e4re, die einen so wertvollen Moment<\/p>\n","protected":false},"author":2,"featured_media":0,"parent":0,"menu_order":0,"comment_status":"closed","ping_status":"closed","template":"","meta":{"footnotes":"","_links_to":"","_links_to_target":""},"class_list":["post-4694","page","type-page","status-publish","hentry"],"meta_box":[],"_links":{"self":[{"href":"https:\/\/www.hotelsantandrea.com\/de\/wp-json\/wp\/v2\/pages\/4694","targetHints":{"allow":["GET"]}}],"collection":[{"href":"https:\/\/www.hotelsantandrea.com\/de\/wp-json\/wp\/v2\/pages"}],"about":[{"href":"https:\/\/www.hotelsantandrea.com\/de\/wp-json\/wp\/v2\/types\/page"}],"author":[{"embeddable":true,"href":"https:\/\/www.hotelsantandrea.com\/de\/wp-json\/wp\/v2\/users\/2"}],"replies":[{"embeddable":true,"href":"https:\/\/www.hotelsantandrea.com\/de\/wp-json\/wp\/v2\/comments?post=4694"}],"version-history":[{"count":5,"href":"https:\/\/www.hotelsantandrea.com\/de\/wp-json\/wp\/v2\/pages\/4694\/revisions"}],"predecessor-version":[{"id":6346,"href":"https:\/\/www.hotelsantandrea.com\/de\/wp-json\/wp\/v2\/pages\/4694\/revisions\/6346"}],"wp:attachment":[{"href":"https:\/\/www.hotelsantandrea.com\/de\/wp-json\/wp\/v2\/media?parent=4694"}],"curies":[{"name":"wp","href":"https:\/\/api.w.org\/{rel}","templated":true}]}}