{"id":4679,"date":"2026-01-23T16:30:43","date_gmt":"2026-01-23T15:30:43","guid":{"rendered":"http:\/\/santandrea.youelba.com\/isola-delba\/"},"modified":"2026-03-05T15:29:17","modified_gmt":"2026-03-05T14:29:17","slug":"insel-elba","status":"publish","type":"page","link":"https:\/\/www.hotelsantandrea.com\/de\/insel-elba\/","title":{"rendered":"Insel Elba"},"content":{"rendered":"\t\t<div data-elementor-type=\"wp-page\" data-elementor-id=\"4679\" class=\"elementor elementor-4679 elementor-4147\">\n\t\t\t\t<div class=\"elementor-element elementor-element-db5600b e-con-full e-flex e-con e-parent\" data-id=\"db5600b\" data-element_type=\"container\" data-e-type=\"container\" data-settings=\"{&quot;background_background&quot;:&quot;classic&quot;}\">\n\t\t\t\t<div class=\"elementor-element elementor-element-82539b8 elementor-widget elementor-widget-patara-banner-image\" data-id=\"82539b8\" data-element_type=\"widget\" data-e-type=\"widget\" data-widget_type=\"patara-banner-image.default\">\n\t\t\t\t<div class=\"elementor-widget-container\">\n\t\t\t\t\t\t\t\n\t<!-- Header Banner -->\n\t<header class=\"header\">\n\n\t\t\t\t<div class=\"banner-header full-height valign bg-img bg-fixed text-center\" data-overlay-dark=\"3\" data-background=\"https:\/\/www.hotelsantandrea.com\/wp-content\/uploads\/2026\/01\/cote-piane.jpg\">\n\t\t\t\t\t\t\t\t\t\t\t\t<div class=\"container\">\n\t\t\t\t\t<div class=\"row\">\n\t\t\t\t\t\t<div class=\"col-md-12 offset-0\">\n\t\t\t\t\t\t\t<div class=\"caption\">\n\n\t\t\t\t\t\t\t\t\t\t\t\t\t\t\t\t\n\t\t\t\t\t\t\t\t\n\t\t\t\t\t\t\t\t\t\t\t\t\t\t\t\t\t\t\t\t\t\t\t\t<h1 class=\"pt-slider-title2-class\">Insel Elba<\/h1>\n\t\t\t\t\t\t\t\t\t\t\t\t\t\t\t\t\t\t\t\t\t\t\t<\/div>\t\t\t\t\t\t\n\t\t\t\t\t\t<\/div>\t\t\t\t\t\t\n\t\t\t\t\t<\/div>\n\t\t\t\t<\/div>\n\t\t\t\t\t\t\t\t<!-- button scroll -->\n\t\t\t\t<a href=\"#contact\" data-scroll-nav=\"1\" class=\"mouse smoothscroll\">\n\t\t\t\t\t<span class=\"mouse-icon\">\n\t\t\t\t\t\t<span class=\"mouse-wheel\"><\/span>\n\t\t\t\t\t<\/span>\n\t\t\t\t<\/a>\t\n\t\t\t\t\t\t\t\t\t\n\t\t\t\t\t\t\n        <\/div>\t\t\t\n\t<\/header>\t\t\n\t\t\t\n    \t\t\t\t<\/div>\n\t\t\t\t<\/div>\n\t\t\t\t<\/div>\n\t\t<div class=\"elementor-element elementor-element-899a3a2 e-flex e-con-boxed e-con e-parent\" data-id=\"899a3a2\" data-element_type=\"container\" data-e-type=\"container\" id=\"spa\" data-settings=\"{&quot;background_background&quot;:&quot;classic&quot;}\">\n\t\t\t\t\t<div class=\"e-con-inner\">\n\t\t<div class=\"elementor-element elementor-element-064a9ce e-con-full e-flex e-con e-child\" data-id=\"064a9ce\" data-element_type=\"container\" data-e-type=\"container\">\n\t\t\t\t<div class=\"elementor-element elementor-element-6e5a690 elementor-widget elementor-widget-patara-title\" data-id=\"6e5a690\" data-element_type=\"widget\" data-e-type=\"widget\" data-widget_type=\"patara-title.default\">\n\t\t\t\t<div class=\"elementor-widget-container\">\n\t\t\t\t\t\t\t\n\t\t\n\t\t\t\t\t\t\t\n\t\t\t<h4 class=\"section-title black text-left\">Ein St\u00fcck Paradies<\/h4>\t\t\t\t\n\t\t\t<div class=\"section-text text-left black\"><p><p>Der Legende nach entstand der Toskanische Archipel aus einem Schmuckst\u00fcck, das vom Hals der Venus fiel. Ein Mythos, der die wahre Magie dieser Inseln widerspiegelt: kristallklare Meeresgr\u00fcnde, bezaubernde Str\u00e4nde, Berge mit jahrhundertealten W\u00e4ldern und D\u00f6rfer, die in der Zeit stehen geblieben sind.<\/p><p>Auf Elba nimmt jeder Urlaub seine eigene Form an: Abenteuer, Entspannung, Geschichte, Kultur und authentische Aromen verbinden sich zu einem unvergesslichen Erlebnis. Hier ist jeder Moment eine Einladung, die Sch\u00f6nheit mit allen Sinnen zu erleben.<\/p><\/p><\/div>\n        \n\t\t\t\n        \t\t\t\t<\/div>\n\t\t\t\t<\/div>\n\t\t\t\t<\/div>\n\t\t\t\t<div class=\"elementor-element elementor-element-b724c46 elementor-widget elementor-widget-spacer\" data-id=\"b724c46\" data-element_type=\"widget\" data-e-type=\"widget\" data-widget_type=\"spacer.default\">\n\t\t\t\t\t\t\t<div class=\"elementor-spacer\">\n\t\t\t<div class=\"elementor-spacer-inner\"><\/div>\n\t\t<\/div>\n\t\t\t\t\t\t<\/div>\n\t\t<div class=\"elementor-element elementor-element-a9a2619 e-con-full e-flex e-con e-child\" data-id=\"a9a2619\" data-element_type=\"container\" data-e-type=\"container\">\n\t\t<div class=\"elementor-element elementor-element-79db418 e-con-full e-flex e-con e-child\" data-id=\"79db418\" data-element_type=\"container\" data-e-type=\"container\">\n\t\t\t\t<div class=\"elementor-element elementor-element-9fc4574 elementor-widget elementor-widget-patara-image\" data-id=\"9fc4574\" data-element_type=\"widget\" data-e-type=\"widget\" data-widget_type=\"patara-image.default\">\n\t\t\t\t<div class=\"elementor-widget-container\">\n\t\t\t\t\t\t\t\n\t\t\t\t\n\n\t\t\t<div class=\"sec-img\">\n\t\t\t\t\t\t\t\t\t\n\t\t\t\t <img decoding=\"async\" src=\"https:\/\/www.hotelsantandrea.com\/wp-content\/uploads\/2026\/01\/sant-ilario.jpg\" class=\"img-fluid\" alt=\"\"> \n\t\t\t\t\t\n\t\t\t<\/div>\t\t\t\t\t\n\n\t    \t\t\t\n\t\t\n\t\t\t\n        \t\t\t\t<\/div>\n\t\t\t\t<\/div>\n\t\t\t\t<\/div>\n\t\t<div class=\"elementor-element elementor-element-804fb03 e-con-full e-flex e-con e-child\" data-id=\"804fb03\" data-element_type=\"container\" data-e-type=\"container\">\n\t\t\t\t<div class=\"elementor-element elementor-element-15ff748 elementor-widget elementor-widget-patara-image\" data-id=\"15ff748\" data-element_type=\"widget\" data-e-type=\"widget\" data-widget_type=\"patara-image.default\">\n\t\t\t\t<div class=\"elementor-widget-container\">\n\t\t\t\t\t\t\t\n\t\t\t\t\n\n\t\t\t<div class=\"sec-img\">\n\t\t\t\t\t\t\t\t\t\n\t\t\t\t <img decoding=\"async\" src=\"https:\/\/www.hotelsantandrea.com\/wp-content\/uploads\/2026\/01\/madonna-del-monte-1.jpg\" class=\"img-fluid\" alt=\"\"> \n\t\t\t\t\t\n\t\t\t<\/div>\t\t\t\t\t\n\n\t    \t\t\t\n\t\t\n\t\t\t\n        \t\t\t\t<\/div>\n\t\t\t\t<\/div>\n\t\t\t\t<\/div>\n\t\t<div class=\"elementor-element elementor-element-092fa71 e-con-full e-flex e-con e-child\" data-id=\"092fa71\" data-element_type=\"container\" data-e-type=\"container\">\n\t\t\t\t<div class=\"elementor-element elementor-element-ec7dc03 elementor-widget elementor-widget-patara-image\" data-id=\"ec7dc03\" data-element_type=\"widget\" data-e-type=\"widget\" data-widget_type=\"patara-image.default\">\n\t\t\t\t<div class=\"elementor-widget-container\">\n\t\t\t\t\t\t\t\n\t\t\t\t\n\n\t\t\t<div class=\"sec-img\">\n\t\t\t\t\t\t\t\t\t\n\t\t\t\t <img decoding=\"async\" src=\"https:\/\/www.hotelsantandrea.com\/wp-content\/uploads\/2026\/01\/capo-bianco-guida.jpg\" class=\"img-fluid\" alt=\"\"> \n\t\t\t\t\t\n\t\t\t<\/div>\t\t\t\t\t\n\n\t    \t\t\t\n\t\t\n\t\t\t\n        \t\t\t\t<\/div>\n\t\t\t\t<\/div>\n\t\t\t\t<\/div>\n\t\t\t\t<\/div>\n\t\t\t\t\t<\/div>\n\t\t\t\t<\/div>\n\t\t<div class=\"elementor-element elementor-element-63013db e-flex e-con-boxed e-con e-parent\" data-id=\"63013db\" data-element_type=\"container\" data-e-type=\"container\" data-settings=\"{&quot;background_background&quot;:&quot;classic&quot;}\">\n\t\t\t\t\t<div class=\"e-con-inner\">\n\t\t<div class=\"elementor-element elementor-element-9d0c706 e-con-full e-flex e-con e-child\" data-id=\"9d0c706\" data-element_type=\"container\" data-e-type=\"container\" data-settings=\"{&quot;background_background&quot;:&quot;classic&quot;}\">\n\t\t\t\t<div class=\"elementor-element elementor-element-8655862 elementor-widget elementor-widget-patara-title\" data-id=\"8655862\" data-element_type=\"widget\" data-e-type=\"widget\" data-widget_type=\"patara-title.default\">\n\t\t\t\t<div class=\"elementor-widget-container\">\n\t\t\t\t\t\t\t\n\t\t\n\t\t\t\t\t\t\t\n\t\t\t<h4 class=\"section-title black text-left\">Kurze Informationen \u00fcber die Insel Elba<\/h4>\t\t\t\t\n\t\t\t<div class=\"section-text text-left black\"><p><p>Nur 10 km vom Festland entfernt und mit einer Fl\u00e4che von 224 km\u00b2 ist die Insel Elba die gr\u00f6\u00dfte Insel des Toskanischen Archipels und die drittgr\u00f6\u00dfte Insel Italiens. Sie geh\u00f6rt zum Nationalpark Toskanischer Archipel zusammen mit Pianosa, Capraia, Montecristo, Giglio und Giannutri.<\/p><p>Das Klima ist das ganze Jahr \u00fcber mild, mit Durchschnittstemperaturen zwischen 15\u00b0 und 16\u00b0, und kristallklarem Wasser, das im Sommer 27\u00b0 erreicht. Die 147 km lange K\u00fcste bietet bezaubernde Str\u00e4nde, versteckte Buchten und atemberaubende Ausblicke auf den Monte Capanne (1.019 m).<\/p><p>Die Insel blickt auf eine jahrtausendealte Geschichte zur\u00fcck: Bereits in der Vorgeschichte bewohnt, wurde sie von Ligurern, Griechen, Etruskern, R\u00f6mern, Pisanern, Medici, Spaniern und Napoleon gepr\u00e4gt, deren Spuren noch heute in Festungen, Villen und historischen D\u00f6rfern sichtbar sind.<\/p><p>Elba ist in 7 Gemeinden unterteilt: Portoferraio, Campo nell\u2019Elba, Capoliveri, Marciana, Marciana Marina, Porto Azzurro und Rio.<\/p><p>Zwischen edlen Weinen, typischer K\u00fcche, kristallklarem Meer und reiner Luft ist die Insel ein ideales Ziel f\u00fcr Tourismus, Erholung und Wohlbefinden zu jeder Jahreszeit.<\/p><\/p><\/div>\n        \n\t\t\t\n        \t\t\t\t<\/div>\n\t\t\t\t<\/div>\n\t\t\t\t<\/div>\n\t\t\t\t\t<\/div>\n\t\t\t\t<\/div>\n\t\t\t\t<\/div>\n\t\t","protected":false},"excerpt":{"rendered":"<p>Insel Elba Ein St\u00fcck Paradies Der Legende nach entstand der Toskanische Archipel aus einem Schmuckst\u00fcck, das vom Hals der Venus fiel. Ein Mythos, der die wahre Magie dieser Inseln widerspiegelt: kristallklare Meeresgr\u00fcnde, bezaubernde Str\u00e4nde, Berge mit jahrhundertealten W\u00e4ldern und D\u00f6rfer, die in der Zeit stehen geblieben sind. Auf Elba nimmt jeder Urlaub seine eigene Form an: Abenteuer, Entspannung, Geschichte, Kultur<\/p>\n","protected":false},"author":2,"featured_media":0,"parent":0,"menu_order":0,"comment_status":"closed","ping_status":"closed","template":"","meta":{"footnotes":"","_links_to":"","_links_to_target":""},"class_list":["post-4679","page","type-page","status-publish","hentry"],"meta_box":[],"_links":{"self":[{"href":"https:\/\/www.hotelsantandrea.com\/de\/wp-json\/wp\/v2\/pages\/4679","targetHints":{"allow":["GET"]}}],"collection":[{"href":"https:\/\/www.hotelsantandrea.com\/de\/wp-json\/wp\/v2\/pages"}],"about":[{"href":"https:\/\/www.hotelsantandrea.com\/de\/wp-json\/wp\/v2\/types\/page"}],"author":[{"embeddable":true,"href":"https:\/\/www.hotelsantandrea.com\/de\/wp-json\/wp\/v2\/users\/2"}],"replies":[{"embeddable":true,"href":"https:\/\/www.hotelsantandrea.com\/de\/wp-json\/wp\/v2\/comments?post=4679"}],"version-history":[{"count":4,"href":"https:\/\/www.hotelsantandrea.com\/de\/wp-json\/wp\/v2\/pages\/4679\/revisions"}],"predecessor-version":[{"id":5835,"href":"https:\/\/www.hotelsantandrea.com\/de\/wp-json\/wp\/v2\/pages\/4679\/revisions\/5835"}],"wp:attachment":[{"href":"https:\/\/www.hotelsantandrea.com\/de\/wp-json\/wp\/v2\/media?parent=4679"}],"curies":[{"name":"wp","href":"https:\/\/api.w.org\/{rel}","templated":true}]}}