{"id":4656,"date":"2025-09-29T11:48:45","date_gmt":"2025-09-29T09:48:45","guid":{"rendered":"http:\/\/santandrea.youelba.com\/condizioni-generali\/"},"modified":"2026-03-04T14:44:30","modified_gmt":"2026-03-04T13:44:30","slug":"allgemeine-bedingungen","status":"publish","type":"page","link":"https:\/\/www.hotelsantandrea.com\/de\/allgemeine-bedingungen\/","title":{"rendered":"Allgemeine Bedingungen"},"content":{"rendered":"\t\t<div data-elementor-type=\"wp-page\" data-elementor-id=\"4656\" class=\"elementor elementor-4656 elementor-2335\">\n\t\t\t\t<div class=\"elementor-element elementor-element-db669bf e-con-full e-flex e-con e-parent\" data-id=\"db669bf\" data-element_type=\"container\" data-e-type=\"container\" data-settings=\"{&quot;background_background&quot;:&quot;classic&quot;}\">\n\t\t\t\t<div class=\"elementor-element elementor-element-ef299e4 elementor-widget elementor-widget-patara-banner-image\" data-id=\"ef299e4\" data-element_type=\"widget\" data-e-type=\"widget\" data-widget_type=\"patara-banner-image.default\">\n\t\t\t\t<div class=\"elementor-widget-container\">\n\t\t\t\t\t\t\t\n\t<!-- Header Banner -->\n\t<header class=\"header\">\n\n\t\t\t\t<div class=\"banner-header full-height valign bg-img bg-fixed text-center\" data-overlay-dark=\"3\" data-background=\"https:\/\/www.hotelsantandrea.com\/wp-content\/uploads\/2025\/09\/camera-comfort-balcone-vista-mare-2-h-sant-andrea.jpg\">\n\t\t\t\t\t\t\t\t\t\t\t\t<div class=\"container\">\n\t\t\t\t\t<div class=\"row\">\n\t\t\t\t\t\t<div class=\"col-md-12 offset-0\">\n\t\t\t\t\t\t\t<div class=\"caption\">\n\n\t\t\t\t\t\t\t\t\t\t\t\t\t\t\t\t\n\t\t\t\t\t\t\t\t\n\t\t\t\t\t\t\t\t\t\t\t\t\t\t\t\t\t\t\t\t\t\t\t\t<h1 class=\"pt-slider-title2-class\">Allgemeine Bedingungen<\/h1>\n\t\t\t\t\t\t\t\t\t\t\t\t\t\t\t\t\t\t\t\t\t\t\t<\/div>\t\t\t\t\t\t\n\t\t\t\t\t\t<\/div>\t\t\t\t\t\t\n\t\t\t\t\t<\/div>\n\t\t\t\t<\/div>\n\t\t\t\t\t\t\t\t<!-- button scroll -->\n\t\t\t\t<a href=\"#about\" data-scroll-nav=\"1\" class=\"mouse smoothscroll\">\n\t\t\t\t\t<span class=\"mouse-icon\">\n\t\t\t\t\t\t<span class=\"mouse-wheel\"><\/span>\n\t\t\t\t\t<\/span>\n\t\t\t\t<\/a>\t\n\t\t\t\t\t\t\t\t\t\n\t\t\t\t\t\t\n        <\/div>\t\t\t\n\t<\/header>\t\t\n\t\t\t\n    \t\t\t\t<\/div>\n\t\t\t\t<\/div>\n\t\t\t\t<\/div>\n\t\t<div class=\"elementor-element elementor-element-880f33b e-flex e-con-boxed e-con e-parent\" data-id=\"880f33b\" data-element_type=\"container\" data-e-type=\"container\" data-settings=\"{&quot;background_background&quot;:&quot;classic&quot;}\">\n\t\t\t\t\t<div class=\"e-con-inner\">\n\t\t<div class=\"elementor-element elementor-element-03a8aa2 e-con-full e-flex e-con e-child\" data-id=\"03a8aa2\" data-element_type=\"container\" data-e-type=\"container\">\n\t\t\t\t<div class=\"elementor-element elementor-element-fb30d8e elementor-widget elementor-widget-patara-title\" data-id=\"fb30d8e\" data-element_type=\"widget\" data-e-type=\"widget\" data-widget_type=\"patara-title.default\">\n\t\t\t\t<div class=\"elementor-widget-container\">\n\t\t\t\t\t\t\t\n\t\t\t\t\t\t\t\t<div class=\"sub-title border-bot-light\">\n\t\t\tReglement<\/h2><\/div>\n\t\t\t\t\t\n\t\t\t\n        \t\t\t\t<\/div>\n\t\t\t\t<\/div>\n\t\t\t\t<\/div>\n\t\t<div class=\"elementor-element elementor-element-75992f1 e-con-full e-flex e-con e-child\" data-id=\"75992f1\" data-element_type=\"container\" data-e-type=\"container\">\n\t\t<div class=\"elementor-element elementor-element-f6d29cf e-con-full e-flex e-con e-child\" data-id=\"f6d29cf\" data-element_type=\"container\" data-e-type=\"container\">\n\t\t\t\t<div class=\"elementor-element elementor-element-d1aff0a elementor-widget elementor-widget-patara-title\" data-id=\"d1aff0a\" data-element_type=\"widget\" data-e-type=\"widget\" data-widget_type=\"patara-title.default\">\n\t\t\t\t<div class=\"elementor-widget-container\">\n\t\t\t\t\t\t\t\n\t\t\n\t\t\t\t\t\t\t\n\t\t\t<h2 class=\"section-title black text-left\">Bedingungen f\u00fcr Buchungen und Stornierungen <\/h2>\t\t\t\t\n\t\t\t\n        \n\t\t\t\n        \t\t\t\t<\/div>\n\t\t\t\t<\/div>\n\t\t\t\t<\/div>\n\t\t<div class=\"elementor-element elementor-element-7517d8a e-con-full e-flex e-con e-child\" data-id=\"7517d8a\" data-element_type=\"container\" data-e-type=\"container\">\n\t\t\t\t<div class=\"elementor-element elementor-element-2215870 elementor-widget elementor-widget-patara-text\" data-id=\"2215870\" data-element_type=\"widget\" data-e-type=\"widget\" data-widget_type=\"patara-text.default\">\n\t\t\t\t<div class=\"elementor-widget-container\">\n\t\t\t\t\t\t\t\n\t\t<div class=\"section-text text-left black\"><p>Sehr geehrte G\u00e4ste,<br \/>Bitte lesen Sie die Buchungsbedingungen und Stornierungsbedingungen des Hotel Sant'Andrea aufmerksam durch.<\/p><\/div>\n\t\t\n\t\t\t\n        \t\t\t\t<\/div>\n\t\t\t\t<\/div>\n\t\t\t\t<div class=\"elementor-element elementor-element-f9018b2 elementor-widget elementor-widget-patara-title\" data-id=\"f9018b2\" data-element_type=\"widget\" data-e-type=\"widget\" data-widget_type=\"patara-title.default\">\n\t\t\t\t<div class=\"elementor-widget-container\">\n\t\t\t\t\t\t\t\n\t\t\t\t\n\t\t\t<h2 class=\"sec-title section-padding text-left\">\n\t\t\t\tBuchung\t\t    <\/h2>\n\t\t\t\t\t\t\t\t\t\n\t\t\t\t\t\t\n\t\t\t\t\n        \n\t\t\t\n        \t\t\t\t<\/div>\n\t\t\t\t<\/div>\n\t\t\t\t<div class=\"elementor-element elementor-element-e673498 elementor-widget elementor-widget-patara-text\" data-id=\"e673498\" data-element_type=\"widget\" data-e-type=\"widget\" data-widget_type=\"patara-text.default\">\n\t\t\t\t<div class=\"elementor-widget-container\">\n\t\t\t\t\t\t\t\n\t\t<div class=\"section-text text-left black\"><p>Jede Reservierung hat nach ihrer Best\u00e4tigung einen Vertragswert gem\u00e4\u00df den geltenden italienischen Vorschriften, der sowohl f\u00fcr den Buchenden als auch f\u00fcr den Hotelier verbindlich ist.<\/p><p>Sie k\u00f6nnen eine Anfrage zur Verf\u00fcgbarkeit senden und auf unsere Antwort warten.<\/p><p>Alternativ k\u00f6nnen Sie online buchen, indem Sie den Anweisungen auf unserer Website www.hotelsantandrea.com folgen.<\/p><p>Nach der Anfrage erhalten Sie ein (unverbindliches) Angebot mit den Buchungsmodalit\u00e4ten.<\/p><p>Die Reservierung wird erst nach unserer schriftlichen Mitteilung best\u00e4tigt, die den Gesamtpreis des Aufenthalts und nach der Zahlung der Anzahlung oder dem Versand einer Kreditkarte zur Garantie derselben, eventuelle Anzahlung innerhalb von 3 Tagen nach unserer Best\u00e4tigung.<\/p><p>Wenn die Zahlung nicht rechtzeitig erfolgt, ist die Reservierung als nichtig anzusehen.<\/p><p>Die Reservierung wird f\u00fcr das Hotel Sant'Andrea erst verbindlich, wenn eine Kopie des Zahlungsbelegs der best\u00e4tigenden Anzahlung oder der Daten der Kreditkarte, auf der die autorisierte Abholung vorgenommen wird, eingegangen ist.<\/p><p>Kopie der Zahlung per E-Mail (info@hotelsantandrea.com )<br \/>Zu diesem Zeitpunkt wird das Hotel dem Kunden eine Best\u00e4tigungs-E-Mail oder einen zusammenfassenden Gutschein zusenden, der beim Check-in vorzuweisen ist.<br \/>Die Best\u00e4tigung der Buchung bedeutet, dass Sie unsere Stornierungs- und Anzahlungsbedingungen akzeptieren.<\/p><p>Bitte \u00fcberpr\u00fcfen Sie die Richtigkeit der Best\u00e4tigungsdaten und teilen Sie uns etwaige Abweichungen so schnell wie m\u00f6glich mit.<\/p><p>Die Mitteilung muss sp\u00e4testens 4 Tage nach Erhalt eingehen. Wir \u00fcbernehmen keine Haftung f\u00fcr eventuelle Ungenauigkeiten nach Ablauf dieser Frist.<\/p><p>Bei der Ankunft ist es obligatorisch, ein Dokument zur Identifizierung f\u00fcr jede Person einschlie\u00dflich Minderj\u00e4hriger vorzulegen.<\/p><\/div>\n\t\t\n\t\t\t\n        \t\t\t\t<\/div>\n\t\t\t\t<\/div>\n\t\t\t\t<div class=\"elementor-element elementor-element-6caf07a elementor-widget elementor-widget-patara-title\" data-id=\"6caf07a\" data-element_type=\"widget\" data-e-type=\"widget\" data-widget_type=\"patara-title.default\">\n\t\t\t\t<div class=\"elementor-widget-container\">\n\t\t\t\t\t\t\t\n\t\t\t\t\n\t\t\t<h2 class=\"sec-title section-padding text-left\">\n\t\t\t\tBuchung \u00e4ndern\t\t    <\/h2>\n\t\t\t\t\t\t\t\t\t\n\t\t\t\t\t\t\n\t\t\t\t\n        \n\t\t\t\n        \t\t\t\t<\/div>\n\t\t\t\t<\/div>\n\t\t\t\t<div class=\"elementor-element elementor-element-b6cb51f elementor-widget elementor-widget-patara-text\" data-id=\"b6cb51f\" data-element_type=\"widget\" data-e-type=\"widget\" data-widget_type=\"patara-text.default\">\n\t\t\t\t<div class=\"elementor-widget-container\">\n\t\t\t\t\t\t\t\n\t\t<div class=\"section-text text-left black\"><p>Um eine \u00c4nderung der Buchung vorzunehmen, m\u00fcssen Sie sich an die Mitarbeiter der Rezeption wenden, die alles tun werden, um Ihre Anfrage zu bearbeiten.<br \/>Wir k\u00f6nnen jedoch nicht garantieren, dass diese Anfrage erf\u00fcllt wird.<\/p><p>Wenn die Buchung in einen Zeitraum verschoben wird, f\u00fcr den der Preis h\u00f6her ist als der gezahlte Betrag, muss der Kunde die Differenz bezahlen.<\/p><\/div>\n\t\t\n\t\t\t\n        \t\t\t\t<\/div>\n\t\t\t\t<\/div>\n\t\t\t\t<div class=\"elementor-element elementor-element-19dbd30 elementor-widget elementor-widget-patara-title\" data-id=\"19dbd30\" data-element_type=\"widget\" data-e-type=\"widget\" data-widget_type=\"patara-title.default\">\n\t\t\t\t<div class=\"elementor-widget-container\">\n\t\t\t\t\t\t\t\n\t\t\t\t\n\t\t\t<h2 class=\"sec-title section-padding text-left\">\n\t\t\t\tBezahlung\t\t    <\/h2>\n\t\t\t\t\t\t\t\t\t\n\t\t\t\t\t\t\n\t\t\t\t\n        \n\t\t\t\n        \t\t\t\t<\/div>\n\t\t\t\t<\/div>\n\t\t\t\t<div class=\"elementor-element elementor-element-a5721b6 elementor-widget elementor-widget-patara-text\" data-id=\"a5721b6\" data-element_type=\"widget\" data-e-type=\"widget\" data-widget_type=\"patara-text.default\">\n\t\t\t\t<div class=\"elementor-widget-container\">\n\t\t\t\t\t\t\t\n\t\t<div class=\"section-text text-left black\"><p>Es werden folgende Anforderungen gestellt:<br \/>die Zahlung einer Anzahlung sp\u00e4testens 3 Tage nach der Best\u00e4tigung der Buchung. Die Anzahlung betr\u00e4gt 20% des Aufenthaltspreises. Oder eine Kreditkartennummer (nicht vorausbezahlt) mit der Berechtigung zur Abholung des Betrags in H\u00f6he der Anzahlung (20%).<\/p><p>Im Falle der Nichteinholung dieser Informationen oder der Anzahlung zu den angegebenen Daten ist die Reservierung ung\u00fcltig. Gleiches gilt f\u00fcr den Restbetrag des Aufenthalts bei nicht erstattungsf\u00e4higen Preisen.<\/p><p><strong>Wie im Zivilgesetzbuch in Art. 1385 vorgesehen, wird nicht zur\u00fcckgegeben werden, wenn der Kunde storniert oder nicht erscheint, mit Ausnahme von Ausnahmen, die mit dem Kunden vereinbart wurden.<\/strong><\/p><h4>Akzeptierte Zahlungsmethoden:<\/h4><ul><li>Bargeld<\/li><li>Bank\u00fcberweisung<\/li><li>Kreditkarte, die Sie bezahlen<\/li><\/ul><p>Der Restbetrag muss beim Check-in bezahlt werden. Eventuelle Extras m\u00fcssen vor der Abreise bezahlt werden.<\/p><p>F\u00fcr \u00dcberweisungen geben wir folgende Angaben an:<\/p><p>Bank\u00fcberweisung Hotel Sant'Andrea<br \/>IBAN: IT65J0503470710000000182989<br \/>SWIFT: BAPPIT21T22<br \/>BPM Filiale Marciana Marina<\/p><p>Senden Sie eine Kopie der \u00dcberweisungsbest\u00e4tigung per E-Mail an: <a href=\"mailto:info@hotelsantandrea.com\">info@hotelsantandrea.com<\/a> mit dem Datum Ihrer Reservierung, Telefonnummer und E-Mail-Adresse, Sie erhalten eine Best\u00e4tigung.<\/p><h4>Vorauszahlung, \"nicht erstattungsf\u00e4hig\"<\/h4><p>Wenn dieser Sonderpreis gebucht wird, wird der gesamte Betrag von Ihrer Kreditkarte abgebucht oder bei der Buchung per Bank\u00fcberweisung angefordert.<br \/><br \/>Der gesamte Betrag ist in keinem Fall erstattungsf\u00e4hig.<\/p><\/div>\n\t\t\n\t\t\t\n        \t\t\t\t<\/div>\n\t\t\t\t<\/div>\n\t\t\t\t<div class=\"elementor-element elementor-element-9ebe33e elementor-widget elementor-widget-patara-title\" data-id=\"9ebe33e\" data-element_type=\"widget\" data-e-type=\"widget\" data-widget_type=\"patara-title.default\">\n\t\t\t\t<div class=\"elementor-widget-container\">\n\t\t\t\t\t\t\t\n\t\t\t\t\n\t\t\t<h2 class=\"sec-title section-padding text-left\">\n\t\t\t\tStornierungsbedingungen\t\t    <\/h2>\n\t\t\t\t\t\t\t\t\t\n\t\t\t\t\t\t\n\t\t\t\t\n        \n\t\t\t\n        \t\t\t\t<\/div>\n\t\t\t\t<\/div>\n\t\t\t\t<div class=\"elementor-element elementor-element-0ec5445 elementor-widget elementor-widget-patara-text\" data-id=\"0ec5445\" data-element_type=\"widget\" data-e-type=\"widget\" data-widget_type=\"patara-text.default\">\n\t\t\t\t<div class=\"elementor-widget-container\">\n\t\t\t\t\t\t\t\n\t\t<div class=\"section-text text-left black\"><p>Jede Stornierung einer Buchung muss schriftlich mitgeteilt werden. F\u00fcr die Stornierungsbedingungen bitte auf Ihre Buchungsbest\u00e4tigung verweisen.<\/p><p>Bei Stornierungen oder \u00c4nderungen bis zu 20 Tage vor dem geplanten Anreisedatum wird der gezahlte Betrag als Anzahlung einbehalten und es wird keine zus\u00e4tzliche Geb\u00fchr erhoben.<br \/>Bei Stornierungen oder \u00c4nderungen nach der oben genannten Frist wird die Anzahlung einbehalten und belastet (auf der Kreditkarte als Garantie angegeben), oder eine Zahlung als Entsch\u00e4digung f\u00fcr die Kosten von 20% des Aufenthalts f\u00fcr jedes stornierte Zimmer verlangt, Bei Stornierungen, die 7 Tage vor dem Check-in erfolgen, wird die geleistete Anzahlung einbehalten und 40% des gebuchten Gesamtbetrags als Entsch\u00e4digung berechnet oder verlangt.<\/p><p><strong>Diese Stornierungsbedingungen gelten nicht f\u00fcr den erm\u00e4\u00dfigten Preis \u201cnicht erstattungsf\u00e4hig\u201d.<\/strong><\/p><p>Das Hotel Sant'Andrea beh\u00e4lt sich das Recht vor, den gesamten geschuldeten Betrag im Falle einer Stornierung nach diesen Zeitr\u00e4umen zu gutschreiben.<\/p><p>Keine R\u00fcckerstattung an den Gast, der beschlie\u00dft, den bereits unternommenen Aufenthalt zu beenden und ist daher verpflichtet, den gesamten gebuchten Aufenthalt zu bezahlen.<\/p><\/div>\n\t\t\n\t\t\t\n        \t\t\t\t<\/div>\n\t\t\t\t<\/div>\n\t\t\t\t<div class=\"elementor-element elementor-element-6dd82b2 elementor-widget elementor-widget-patara-title\" data-id=\"6dd82b2\" data-element_type=\"widget\" data-e-type=\"widget\" data-widget_type=\"patara-title.default\">\n\t\t\t\t<div class=\"elementor-widget-container\">\n\t\t\t\t\t\t\t\n\t\t\t\t\n\t\t\t<h2 class=\"sec-title section-padding text-left\">\n\t\t\t\tNo Show: (No-Show)\t\t    <\/h2>\n\t\t\t\t\t\t\t\t\t\n\t\t\t\t\t\t\n\t\t\t\t\n        \n\t\t\t\n        \t\t\t\t<\/div>\n\t\t\t\t<\/div>\n\t\t\t\t<div class=\"elementor-element elementor-element-21481b3 elementor-widget elementor-widget-patara-text\" data-id=\"21481b3\" data-element_type=\"widget\" data-e-type=\"widget\" data-widget_type=\"patara-text.default\">\n\t\t\t\t<div class=\"elementor-widget-container\">\n\t\t\t\t\t\t\t\n\t\t<div class=\"section-text text-left black\">Im Falle einer Nichtanreise wird die Anzahlung einbehalten und der Restbetrag f\u00fcr den gesamten Aufenthalt abgebucht oder angefordert.<\/div>\n\t\t\n\t\t\t\n        \t\t\t\t<\/div>\n\t\t\t\t<\/div>\n\t\t\t\t<\/div>\n\t\t\t\t<\/div>\n\t\t\t\t\t<\/div>\n\t\t\t\t<\/div>\n\t\t\t\t<\/div>\n\t\t","protected":false},"excerpt":{"rendered":"<p>Allgemeine Bedingungen Reglement Bedingungen f\u00fcr Buchungen und Stornierungen Sehr geehrte G\u00e4ste,Bitte lesen Sie die Buchungsbedingungen und Stornierungsbedingungen des Hotel Sant&#8217;Andrea aufmerksam durch. Buchung Jede Reservierung hat nach ihrer Best\u00e4tigung einen Vertragswert gem\u00e4\u00df den geltenden italienischen Vorschriften, der sowohl f\u00fcr den Buchenden als auch f\u00fcr den Hotelier verbindlich ist. Sie k\u00f6nnen eine Anfrage zur Verf\u00fcgbarkeit senden und auf unsere Antwort warten.<\/p>\n","protected":false},"author":2,"featured_media":0,"parent":0,"menu_order":0,"comment_status":"closed","ping_status":"closed","template":"","meta":{"footnotes":"","_links_to":"","_links_to_target":""},"class_list":["post-4656","page","type-page","status-publish","hentry"],"meta_box":[],"_links":{"self":[{"href":"https:\/\/www.hotelsantandrea.com\/de\/wp-json\/wp\/v2\/pages\/4656","targetHints":{"allow":["GET"]}}],"collection":[{"href":"https:\/\/www.hotelsantandrea.com\/de\/wp-json\/wp\/v2\/pages"}],"about":[{"href":"https:\/\/www.hotelsantandrea.com\/de\/wp-json\/wp\/v2\/types\/page"}],"author":[{"embeddable":true,"href":"https:\/\/www.hotelsantandrea.com\/de\/wp-json\/wp\/v2\/users\/2"}],"replies":[{"embeddable":true,"href":"https:\/\/www.hotelsantandrea.com\/de\/wp-json\/wp\/v2\/comments?post=4656"}],"version-history":[{"count":5,"href":"https:\/\/www.hotelsantandrea.com\/de\/wp-json\/wp\/v2\/pages\/4656\/revisions"}],"predecessor-version":[{"id":5543,"href":"https:\/\/www.hotelsantandrea.com\/de\/wp-json\/wp\/v2\/pages\/4656\/revisions\/5543"}],"wp:attachment":[{"href":"https:\/\/www.hotelsantandrea.com\/de\/wp-json\/wp\/v2\/media?parent=4656"}],"curies":[{"name":"wp","href":"https:\/\/api.w.org\/{rel}","templated":true}]}}