{"id":4577,"date":"2025-12-16T12:58:09","date_gmt":"2025-12-16T11:58:09","guid":{"rendered":"http:\/\/santandrea.youelba.com\/come-arrivare-allelba\/"},"modified":"2026-03-06T09:24:24","modified_gmt":"2026-03-06T08:24:24","slug":"wie-man-elba-erreicht","status":"publish","type":"page","link":"https:\/\/www.hotelsantandrea.com\/de\/wie-man-elba-erreicht\/","title":{"rendered":"Wie man Elba erreicht"},"content":{"rendered":"\t\t<div data-elementor-type=\"wp-page\" data-elementor-id=\"4577\" class=\"elementor elementor-4577 elementor-3965\">\n\t\t\t\t<div class=\"elementor-element elementor-element-7382885b e-con-full e-flex e-con e-parent\" data-id=\"7382885b\" data-element_type=\"container\" data-e-type=\"container\" data-settings=\"{&quot;background_background&quot;:&quot;classic&quot;}\">\n\t\t\t\t<div class=\"elementor-element elementor-element-6de1e63e elementor-widget elementor-widget-patara-banner-image\" data-id=\"6de1e63e\" data-element_type=\"widget\" data-e-type=\"widget\" data-widget_type=\"patara-banner-image.default\">\n\t\t\t\t<div class=\"elementor-widget-container\">\n\t\t\t\t\t\t\t\n\t<!-- Header Banner -->\n\t<header class=\"header\">\n\n\t\t\t\t<div class=\"banner-header full-height valign bg-img bg-fixed text-center\" data-overlay-dark=\"2\" data-background=\"https:\/\/www.hotelsantandrea.com\/wp-content\/uploads\/2025\/12\/esterni-drone-12-h-sant-andrea.jpg\">\n\t\t\t\t\t\t\t\t\t\t\t\t<div class=\"container\">\n\t\t\t\t\t<div class=\"row\">\n\t\t\t\t\t\t<div class=\"col-md-12 offset-0\">\n\t\t\t\t\t\t\t<div class=\"caption\">\n\n\t\t\t\t\t\t\t\t\t\t\t\t\t\t\t\t\n\t\t\t\t\t\t\t\t\n\t\t\t\t\t\t\t\t\t\t\t\t\t\t\t\t<h4 class=\"pt-slider-title1-class\">Reiseinformationen<\/h4>\n\t\t\t\t\t\t\t\t\t\t\t\t\t\t\t\t\t\t\t\t\t\t\t\t<h1 class=\"pt-slider-title2-class\">Wie man die Insel Elba erreicht<\/h1>\n\t\t\t\t\t\t\t\t\t\t\t\t\t\t\t\t\t\t\t\t\t\t\t<\/div>\t\t\t\t\t\t\n\t\t\t\t\t\t<\/div>\t\t\t\t\t\t\n\t\t\t\t\t<\/div>\n\t\t\t\t<\/div>\n\t\t\t\t\t\t\t\t<!-- button scroll -->\n\t\t\t\t<a href=\"#contact\" data-scroll-nav=\"1\" class=\"mouse smoothscroll\">\n\t\t\t\t\t<span class=\"mouse-icon\">\n\t\t\t\t\t\t<span class=\"mouse-wheel\"><\/span>\n\t\t\t\t\t<\/span>\n\t\t\t\t<\/a>\t\n\t\t\t\t\t\t\t\t\t\n\t\t\t\t\t\t\n        <\/div>\t\t\t\n\t<\/header>\t\t\n\t\t\t\n    \t\t\t\t<\/div>\n\t\t\t\t<\/div>\n\t\t\t\t<\/div>\n\t\t<div class=\"elementor-element elementor-element-9334538 e-flex e-con-boxed e-con e-parent\" data-id=\"9334538\" data-element_type=\"container\" data-e-type=\"container\" id=\"contact\" data-settings=\"{&quot;background_background&quot;:&quot;classic&quot;}\">\n\t\t\t\t\t<div class=\"e-con-inner\">\n\t\t<div class=\"elementor-element elementor-element-2624878a e-con-full e-flex e-con e-child\" data-id=\"2624878a\" data-element_type=\"container\" data-e-type=\"container\">\n\t\t\t\t<div class=\"elementor-element elementor-element-2aac345e elementor-widget elementor-widget-patara-title\" data-id=\"2aac345e\" data-element_type=\"widget\" data-e-type=\"widget\" data-widget_type=\"patara-title.default\">\n\t\t\t\t<div class=\"elementor-widget-container\">\n\t\t\t\t\t\t\t\n\t\t\t\t\t\t\t\t<div class=\"sub-title border-bot-light\">\n\t\t\tF\u00e4hren<\/h4><\/div>\n\t\t\t\t\t\n\t\t\t\n        \t\t\t\t<\/div>\n\t\t\t\t<\/div>\n\t\t\t\t<\/div>\n\t\t<div class=\"elementor-element elementor-element-1808a932 e-con-full e-flex e-con e-child\" data-id=\"1808a932\" data-element_type=\"container\" data-e-type=\"container\">\n\t\t\t\t<div class=\"elementor-element elementor-element-175bdc2d elementor-widget elementor-widget-patara-title\" data-id=\"175bdc2d\" data-element_type=\"widget\" data-e-type=\"widget\" data-widget_type=\"patara-title.default\">\n\t\t\t\t<div class=\"elementor-widget-container\">\n\t\t\t\t\t\t\t\n\t\t\n\t\t\t\t\t\t\t\n\t\t\t<h4 class=\"section-title black text-left\">Wie man Elba erreicht<\/h4>\t\t\t\t\n\t\t\t<div class=\"section-text text-left black\"><p><p>Die Insel Elba ist \u00fcber den Hafen von Piombino Marittima erreichbar, von wo aus mehrere Reedereien komfortable F\u00e4hren mit t\u00e4glichen Verbindungen betreiben.<\/p><p>In etwa einer Stunde \u00dcberfahrt werden die 10 Kilometer zur\u00fcckgelegt, die die Insel vom Festland trennen, mit Ankunft in den H\u00e4fen von Portoferraio (dem wichtigsten), Cavo und Rio Marina. Alternativ gibt es eine schnelle Verbindung mit einem Tragfl\u00fcgelboot, das ausschlie\u00dflich f\u00fcr den Passagiertransport vorgesehen ist und Cavo und Portoferraio in etwa 15 bzw. 35 Minuten erreicht.<\/p><p>Die Preise der verschiedenen Gesellschaften sind vergleichbar und das Ticket kann direkt \u00fcber unser Online-Buchungssystem ohne Buchungsgeb\u00fchren erworben werden.<\/p><\/p><\/div>\n        \n\t\t\t\n        \t\t\t\t<\/div>\n\t\t\t\t<\/div>\n\t\t<div class=\"elementor-element elementor-element-d3b6608 e-con-full e-flex e-con e-child\" data-id=\"d3b6608\" data-element_type=\"container\" data-e-type=\"container\">\n\t\t<div class=\"elementor-element elementor-element-731dcd6 e-con-full e-flex e-con e-child\" data-id=\"731dcd6\" data-element_type=\"container\" data-e-type=\"container\">\n\t\t\t\t<div class=\"elementor-element elementor-element-1e81597 elementor-widget elementor-widget-patara-services-grid\" data-id=\"1e81597\" data-element_type=\"widget\" data-e-type=\"widget\" data-widget_type=\"patara-services-grid.default\">\n\t\t\t\t<div class=\"elementor-widget-container\">\n\t\t\t\t\t\t\t\n\t\t\t\t\n\n\t\t\t<div class=\"sec-services\">\t\n\t\t\t\t\t\t\t\t<div class=\"rooms3\">\t\t\n\t\t\t\t\t<div class=\"room-img\"> <img decoding=\"async\" src=\"https:\/\/www.hotelsantandrea.com\/wp-content\/uploads\/2025\/10\/traghettilines.jpg\" alt=\"\" class=\"w-100\"\/><\/div>\n\t\t\t\t\t\t\t\t\t\t<div class=\"room-header\">\n\t\t\t\t\t\t<h4 class=\"room-label\">Traghettilines<\/h4>\n\t\t\t\t\t<\/div>\t\n\t\t\t\t\t\t\t\t\t\t\t\t\t\n\t\t\t\t\t<div class=\"room-wrap\">\n\t\t\t\t\t\t<div class=\"room-cont\">\n\t\t\t\t\t\t\t\t\t\t\t\t\t\t<h4 class=\"room-title\"><a href=\"\/de\/faehren-zur-insel-elba\/traghettilines\/\" target=\"_self\" rel=\"noopener noreferrer\">Traghettilines<\/a><\/h4>\n\t\t\t\t\t\t\t\t\n\t\t\t\t\t\t\t\t\t\t\t\t\t\t<div class=\"section-text room-text\">Fahrpl\u00e4ne der F\u00e4hren und Rabatte f\u00fcr Toremar und Moby Lines mit einem speziellen Code, zus\u00e4tzlich zu den Standardangeboten von Blu Navy<\/div>\n\t\t\t\t\t\t\t\t\t\t\t    \n\t\t\t\t\t\t<\/div>\t\n\t\t\t\t\t\t\t\t\t\t\t\t<div class=\"room-actions\"><a href=\"\/de\/faehren-zur-insel-elba\/traghettilines\/\" target=\"_self\" rel=\"noopener noreferrer\" class=\"icon-btn\">\n\t\t\t\t\t\t\t\t\n\t\t\t\t\t\t\t\t<span class=\"ti-angle-right\"><\/span>\n\t\t\t\t\t\t\t\t\n\t\t\t\t\t\t<\/a><\/div>\n\t\t\t\t\t\t\t\t\t\t\t\t\t\n\t\t\t\t\t<\/div>\t\t\t\t\t\t\t\t\t\t\n\t\t\t\t<\/div>\t\t\t\t\t\n\t\t\t\t\t\t\t<\/div>\t\n\t\t\n\t\t\n\t\t\t\t\n        \t\t\t\t<\/div>\n\t\t\t\t<\/div>\n\t\t\t\t<\/div>\n\t\t<div class=\"elementor-element elementor-element-d168057 e-con-full e-flex e-con e-child\" data-id=\"d168057\" data-element_type=\"container\" data-e-type=\"container\">\n\t\t\t\t<div class=\"elementor-element elementor-element-6cc3c94 elementor-widget elementor-widget-patara-services-grid\" data-id=\"6cc3c94\" data-element_type=\"widget\" data-e-type=\"widget\" data-widget_type=\"patara-services-grid.default\">\n\t\t\t\t<div class=\"elementor-widget-container\">\n\t\t\t\t\t\t\t\n\t\t\t\t\n\n\t\t\t<div class=\"sec-services\">\t\n\t\t\t\t\t\t\t\t<div class=\"rooms3\">\t\t\n\t\t\t\t\t<div class=\"room-img\"> <img decoding=\"async\" src=\"https:\/\/www.hotelsantandrea.com\/wp-content\/uploads\/2025\/10\/blu-navy.jpg\" alt=\"\" class=\"w-100\"\/><\/div>\n\t\t\t\t\t\t\t\t\t\t<div class=\"room-header\">\n\t\t\t\t\t\t<h4 class=\"room-label\">Blu Navy<\/h4>\n\t\t\t\t\t<\/div>\t\n\t\t\t\t\t\t\t\t\t\t\t\t\t\n\t\t\t\t\t<div class=\"room-wrap\">\n\t\t\t\t\t\t<div class=\"room-cont\">\n\t\t\t\t\t\t\t\t\t\t\t\t\t\t<h4 class=\"room-title\"><a href=\"\/de\/faehren-zur-insel-elba\/blu-navy\/\" target=\"_self\" rel=\"noopener noreferrer\">Blu Navy<\/a><\/h4>\n\t\t\t\t\t\t\t\t\n\t\t\t\t\t\t\t\t\t\t\t\t\t\t<div class=\"section-text room-text\">Fahrpl\u00e4ne der F\u00e4hren und Rabatte f\u00fcr Blu Navy mit direktem Link und einem speziellen Code<\/div>\n\t\t\t\t\t\t\t\t\t\t\t    \n\t\t\t\t\t\t<\/div>\t\n\t\t\t\t\t\t\t\t\t\t\t\t<div class=\"room-actions\"><a href=\"\/de\/faehren-zur-insel-elba\/blu-navy\/\" target=\"_self\" rel=\"noopener noreferrer\" class=\"icon-btn\">\n\t\t\t\t\t\t\t\t\n\t\t\t\t\t\t\t\t<span class=\"ti-angle-right\"><\/span>\n\t\t\t\t\t\t\t\t\n\t\t\t\t\t\t<\/a><\/div>\n\t\t\t\t\t\t\t\t\t\t\t\t\t\n\t\t\t\t\t<\/div>\t\t\t\t\t\t\t\t\t\t\n\t\t\t\t<\/div>\t\t\t\t\t\n\t\t\t\t\t\t\t<\/div>\t\n\t\t\n\t\t\n\t\t\t\t\n        \t\t\t\t<\/div>\n\t\t\t\t<\/div>\n\t\t\t\t<\/div>\n\t\t\t\t<\/div>\n\t\t\t\t<\/div>\n\t\t\t\t\t<\/div>\n\t\t\t\t<\/div>\n\t\t<div class=\"elementor-element elementor-element-373862d e-flex e-con-boxed e-con e-parent\" data-id=\"373862d\" data-element_type=\"container\" data-e-type=\"container\" data-settings=\"{&quot;background_background&quot;:&quot;classic&quot;}\">\n\t\t\t\t\t<div class=\"e-con-inner\">\n\t\t\t\t<div class=\"elementor-element elementor-element-3755563 elementor-widget-divider--view-line elementor-widget elementor-widget-divider\" data-id=\"3755563\" data-element_type=\"widget\" data-e-type=\"widget\" data-widget_type=\"divider.default\">\n\t\t\t\t\t\t\t<div class=\"elementor-divider\">\n\t\t\t<span class=\"elementor-divider-separator\">\n\t\t\t\t\t\t<\/span>\n\t\t<\/div>\n\t\t\t\t\t\t<\/div>\n\t\t\t\t\t<\/div>\n\t\t\t\t<\/div>\n\t\t<div class=\"elementor-element elementor-element-e06a4a5 e-flex e-con-boxed e-con e-parent\" data-id=\"e06a4a5\" data-element_type=\"container\" data-e-type=\"container\" data-settings=\"{&quot;background_background&quot;:&quot;classic&quot;}\">\n\t\t\t\t\t<div class=\"e-con-inner\">\n\t\t<div class=\"elementor-element elementor-element-2c56b81 e-con-full e-flex e-con e-child\" data-id=\"2c56b81\" data-element_type=\"container\" data-e-type=\"container\">\n\t\t\t\t<div class=\"elementor-element elementor-element-5bdf732 elementor-widget elementor-widget-patara-title\" data-id=\"5bdf732\" data-element_type=\"widget\" data-e-type=\"widget\" data-widget_type=\"patara-title.default\">\n\t\t\t\t<div class=\"elementor-widget-container\">\n\t\t\t\t\t\t\t\n\t\t\t\t\t\t\t\t<div class=\"sub-title border-bot-light\">\n\t\t\tAnreise mit dem Auto<\/h4><\/div>\n\t\t\t\t\t\n\t\t\t\n        \t\t\t\t<\/div>\n\t\t\t\t<\/div>\n\t\t\t\t<\/div>\n\t\t<div class=\"elementor-element elementor-element-6884943 e-con-full e-flex e-con e-child\" data-id=\"6884943\" data-element_type=\"container\" data-e-type=\"container\">\n\t\t\t\t<div class=\"elementor-element elementor-element-32a1460 elementor-widget elementor-widget-patara-title\" data-id=\"32a1460\" data-element_type=\"widget\" data-e-type=\"widget\" data-widget_type=\"patara-title.default\">\n\t\t\t\t<div class=\"elementor-widget-container\">\n\t\t\t\t\t\t\t\n\t\t\n\t\t\t\t\t\t\t\n\t\t\t<h4 class=\"section-title black text-left\">Anreise nach Piombino aus dem Norden<\/h4>\t\t\t\t\n\t\t\t<div class=\"section-text text-left black\"><p><p>Von Mailand \u00fcber die Autobahn A1 fahren und bei Parma Ovest auf die A15 wechseln, um die Autobahn A12 Genova\u2013Livorno zu erreichen. Ausfahrt Rosignano, dann weiter auf der S.S. Aurelia bis Venturina\u2013Isola d\u2019Elba und von dort nach Piombino Marittima.<\/p><\/p><\/div>\n        \n\t\t\t\n        \t\t\t\t<\/div>\n\t\t\t\t<\/div>\n\t\t\t\t<div class=\"elementor-element elementor-element-6134d84 elementor-widget elementor-widget-patara-title\" data-id=\"6134d84\" data-element_type=\"widget\" data-e-type=\"widget\" data-widget_type=\"patara-title.default\">\n\t\t\t\t<div class=\"elementor-widget-container\">\n\t\t\t\t\t\t\t\n\t\t\n\t\t\t\t\t\t\t\n\t\t\t<h4 class=\"section-title black text-left\">Anreise nach Piombino aus dem Nordosten<\/h4>\t\t\t\t\n\t\t\t<div class=\"section-text text-left black\"><p><p>Autobahn A1 Bologna\u2013Firenze\u2013Pisa\u2013Livorno: Ausfahrt Rosignano, weiter auf der S.S. Aurelia bis Venturina\u2013Isola d\u2019Elba und von dort nach Piombino Marittima.<br \/>Alternativ die Schnellstra\u00dfe S.G.C. Firenze\u2013Pisa\u2013Livorno: Ausfahrt Firenze Scandicci und der S.S. bis Collesalvetti folgen, wieder auf die Autobahn bis Rosignano Marittima, anschlie\u00dfend die Schnellstra\u00dfe bis Venturina\u2013Isola d\u2019Elba und von dort nach Piombino Marittima.<\/p><\/p><\/div>\n        \n\t\t\t\n        \t\t\t\t<\/div>\n\t\t\t\t<\/div>\n\t\t\t\t<div class=\"elementor-element elementor-element-8b5e784 elementor-widget elementor-widget-patara-title\" data-id=\"8b5e784\" data-element_type=\"widget\" data-e-type=\"widget\" data-widget_type=\"patara-title.default\">\n\t\t\t\t<div class=\"elementor-widget-container\">\n\t\t\t\t\t\t\t\n\t\t\n\t\t\t\t\t\t\t\n\t\t\t<h4 class=\"section-title black text-left\">Anreise nach Piombino aus dem S\u00fcden<\/h4>\t\t\t\t\n\t\t\t<div class=\"section-text text-left black\"><p><p>Autobahn A12 Roma\u2013Grosseto, dann S.S. Aurelia Ausfahrt Venturina\u2013Isola d\u2019Elba und weiter nach Piombino Marittima.<\/p><\/p><\/div>\n        \n\t\t\t\n        \t\t\t\t<\/div>\n\t\t\t\t<\/div>\n\t\t\t\t<\/div>\n\t\t\t\t\t<\/div>\n\t\t\t\t<\/div>\n\t\t<div class=\"elementor-element elementor-element-5c3f545 e-flex e-con-boxed e-con e-parent\" data-id=\"5c3f545\" data-element_type=\"container\" data-e-type=\"container\" data-settings=\"{&quot;background_background&quot;:&quot;classic&quot;}\">\n\t\t\t\t\t<div class=\"e-con-inner\">\n\t\t\t\t<div class=\"elementor-element elementor-element-44ecc7a elementor-widget-divider--view-line elementor-widget elementor-widget-divider\" data-id=\"44ecc7a\" data-element_type=\"widget\" data-e-type=\"widget\" data-widget_type=\"divider.default\">\n\t\t\t\t\t\t\t<div class=\"elementor-divider\">\n\t\t\t<span class=\"elementor-divider-separator\">\n\t\t\t\t\t\t<\/span>\n\t\t<\/div>\n\t\t\t\t\t\t<\/div>\n\t\t\t\t\t<\/div>\n\t\t\t\t<\/div>\n\t\t<div class=\"elementor-element elementor-element-10b1944 e-flex e-con-boxed e-con e-parent\" data-id=\"10b1944\" data-element_type=\"container\" data-e-type=\"container\" data-settings=\"{&quot;background_background&quot;:&quot;classic&quot;}\">\n\t\t\t\t\t<div class=\"e-con-inner\">\n\t\t<div class=\"elementor-element elementor-element-eff35f3 e-con-full e-flex e-con e-child\" data-id=\"eff35f3\" data-element_type=\"container\" data-e-type=\"container\">\n\t\t\t\t<div class=\"elementor-element elementor-element-275de5b elementor-widget elementor-widget-patara-title\" data-id=\"275de5b\" data-element_type=\"widget\" data-e-type=\"widget\" data-widget_type=\"patara-title.default\">\n\t\t\t\t<div class=\"elementor-widget-container\">\n\t\t\t\t\t\t\t\n\t\t\t\t\t\t\t\t<div class=\"sub-title border-bot-light\">\n\t\t\tAnreise mit Bus, Flugzeug und Bahn<\/h4><\/div>\n\t\t\t\t\t\n\t\t\t\n        \t\t\t\t<\/div>\n\t\t\t\t<\/div>\n\t\t\t\t<\/div>\n\t\t<div class=\"elementor-element elementor-element-e689ea5 e-con-full e-flex e-con e-child\" data-id=\"e689ea5\" data-element_type=\"container\" data-e-type=\"container\">\n\t\t\t\t<div class=\"elementor-element elementor-element-eabef85 elementor-widget elementor-widget-patara-title\" data-id=\"eabef85\" data-element_type=\"widget\" data-e-type=\"widget\" data-widget_type=\"patara-title.default\">\n\t\t\t\t<div class=\"elementor-widget-container\">\n\t\t\t\t\t\t\t\n\t\t\n\t\t\t\t\t\t\t\n\t\t\t\t\t\t\t\n\t\t\t<div class=\"section-text text-left black\"><p><p>Die Insel Elba ist auch ohne Auto gut erreichbar \u2013 mit Bus, Zug oder Flugzeug \u2013 mit Verbindungen, die eine bequeme Anreise bis zum Hafen von Piombino Marittima oder direkt auf die Insel erm\u00f6glichen.<\/p><\/p><\/div>\n        \n\t\t\t\n        \t\t\t\t<\/div>\n\t\t\t\t<\/div>\n\t\t\t\t<div class=\"elementor-element elementor-element-20ece46 elementor-widget elementor-widget-patara-title\" data-id=\"20ece46\" data-element_type=\"widget\" data-e-type=\"widget\" data-widget_type=\"patara-title.default\">\n\t\t\t\t<div class=\"elementor-widget-container\">\n\t\t\t\t\t\t\t\n\t\t\n\t\t\t\t\t\t\t\n\t\t\t<h4 class=\"section-title black text-left\">Mit dem Bus<\/h4>\t\t\t\t\n\t\t\t<div class=\"section-text text-left black\"><p><p>Busverbindungen bestehen von verschiedenen italienischen St\u00e4dten nach Piombino Marittima, oft mit Zwischenstopps entlang der Strecke. In bestimmten Zeiten des Jahres, besonders im Sommer, gibt es direkte Verbindungen, die eine Ankunft im Hafen passend zu den F\u00e4hrabfahrten erleichtern.<br \/>F\u00fcr aktuelle Fahrpl\u00e4ne, Strecken und Buchungen empfiehlt es sich, die offiziellen Webseiten der Transportunternehmen zu konsultieren.<\/p><\/p><\/div>\n        \n\t\t\t\n        \t\t\t\t<\/div>\n\t\t\t\t<\/div>\n\t\t<div class=\"elementor-element elementor-element-3aa7528 e-con-full e-flex e-con e-child\" data-id=\"3aa7528\" data-element_type=\"container\" data-e-type=\"container\">\n\t\t\t\t<div class=\"elementor-element elementor-element-d981588 elementor-widget elementor-widget-patara-button\" data-id=\"d981588\" data-element_type=\"widget\" data-e-type=\"widget\" data-widget_type=\"patara-button.default\">\n\t\t\t\t<div class=\"elementor-widget-container\">\n\t\t\t\t\t\n\t\t<div class=\"float-center\">\n            <div class=\"sec-button butn-dark\"><a href=\"https:\/\/www.tiemmespa.it\/\" target=\"_blank\" rel=\"noopener noreferrer\"><span>Florenz \u2013 Elba<\/span><\/a><\/div>\t\t\n\t\t<\/div>\t\t\n\n        \t\t\t\t<\/div>\n\t\t\t\t<\/div>\n\t\t\t\t<div class=\"elementor-element elementor-element-a7ecd66 elementor-widget elementor-widget-patara-button\" data-id=\"a7ecd66\" data-element_type=\"widget\" data-e-type=\"widget\" data-widget_type=\"patara-button.default\">\n\t\t\t\t<div class=\"elementor-widget-container\">\n\t\t\t\t\t\n\t\t<div class=\"float-center\">\n            <div class=\"sec-button butn-dark\"><a href=\"https:\/\/www.tiemmespa.it\/\" target=\"_blank\" rel=\"noopener noreferrer\"><span>Poggibonsi - Siena - Elba<\/span><\/a><\/div>\t\t\n\t\t<\/div>\t\t\n\n        \t\t\t\t<\/div>\n\t\t\t\t<\/div>\n\t\t\t\t<\/div>\n\t\t<div class=\"elementor-element elementor-element-37af228 e-con-full e-flex e-con e-child\" data-id=\"37af228\" data-element_type=\"container\" data-e-type=\"container\">\n\t\t\t\t<div class=\"elementor-element elementor-element-0b1bf05 elementor-widget elementor-widget-patara-button\" data-id=\"0b1bf05\" data-element_type=\"widget\" data-e-type=\"widget\" data-widget_type=\"patara-button.default\">\n\t\t\t\t<div class=\"elementor-widget-container\">\n\t\t\t\t\t\n\t\t<div class=\"float-center\">\n            <div class=\"sec-button butn-dark\"><a href=\"https:\/\/www.arzillibus.com\/\" target=\"_blank\" rel=\"noopener noreferrer\"><span>Mailand \u2013 Elba<\/span><\/a><\/div>\t\t\n\t\t<\/div>\t\t\n\n        \t\t\t\t<\/div>\n\t\t\t\t<\/div>\n\t\t\t\t<div class=\"elementor-element elementor-element-f99e4a6 elementor-widget elementor-widget-patara-button\" data-id=\"f99e4a6\" data-element_type=\"widget\" data-e-type=\"widget\" data-widget_type=\"patara-button.default\">\n\t\t\t\t<div class=\"elementor-widget-container\">\n\t\t\t\t\t\n\t\t<div class=\"float-center\">\n            <div class=\"sec-button butn-dark\"><a href=\"https:\/\/autostradale.it\/\" target=\"_blank\" rel=\"noopener noreferrer\"><span>Mailand \u2013 Elba (Sommerverbindung)<\/span><\/a><\/div>\t\t\n\t\t<\/div>\t\t\n\n        \t\t\t\t<\/div>\n\t\t\t\t<\/div>\n\t\t\t\t<\/div>\n\t\t\t\t<div class=\"elementor-element elementor-element-1912622 elementor-widget elementor-widget-patara-title\" data-id=\"1912622\" data-element_type=\"widget\" data-e-type=\"widget\" data-widget_type=\"patara-title.default\">\n\t\t\t\t<div class=\"elementor-widget-container\">\n\t\t\t\t\t\t\t\n\t\t\n\t\t\t\t\t\t\t\n\t\t\t<h4 class=\"section-title black text-left\">Mit dem Zug<\/h4>\t\t\t\t\n\t\t\t<div class=\"section-text text-left black\"><p><p>Der Hafen von Piombino Marittima ist an das nationale Eisenbahnnetz angeschlossen. Der Bahnhof befindet sich in unmittelbarer N\u00e4he der Einschiffung f\u00fcr die Insel Elba, wodurch die Weiterreise \u00fcber das Meer sehr einfach ist.<\/p><p>Fahrpl\u00e4ne und Bahntickets k\u00f6nnen \u00fcber die offiziellen Kan\u00e4le des Bahnverkehrs eingesehen werden.<\/p><\/p><\/div>\n        \n\t\t\t\n        \t\t\t\t<\/div>\n\t\t\t\t<\/div>\n\t\t<div class=\"elementor-element elementor-element-21a22d3 e-con-full e-flex e-con e-child\" data-id=\"21a22d3\" data-element_type=\"container\" data-e-type=\"container\">\n\t\t\t\t<div class=\"elementor-element elementor-element-d27cfc1 elementor-widget elementor-widget-patara-button\" data-id=\"d27cfc1\" data-element_type=\"widget\" data-e-type=\"widget\" data-widget_type=\"patara-button.default\">\n\t\t\t\t<div class=\"elementor-widget-container\">\n\t\t\t\t\t\n\t\t<div class=\"float-center\">\n            <div class=\"sec-button butn-dark\"><a href=\"https:\/\/www.trenitalia.com\/de.html\" target=\"_blank\" rel=\"noopener noreferrer\"><span>Fahrpl\u00e4ne und Bahntickets<\/span><\/a><\/div>\t\t\n\t\t<\/div>\t\t\n\n        \t\t\t\t<\/div>\n\t\t\t\t<\/div>\n\t\t\t\t<\/div>\n\t\t\t\t<div class=\"elementor-element elementor-element-266ea5a elementor-widget elementor-widget-patara-title\" data-id=\"266ea5a\" data-element_type=\"widget\" data-e-type=\"widget\" data-widget_type=\"patara-title.default\">\n\t\t\t\t<div class=\"elementor-widget-container\">\n\t\t\t\t\t\t\t\n\t\t\n\t\t\t\t\t\t\t\n\t\t\t<h4 class=\"section-title black text-left\">Mit dem Flugzeug<\/h4>\t\t\t\t\n\t\t\t<div class=\"section-text text-left black\"><p><p>Die Insel Elba ist mit dem Festland und einigen europ\u00e4ischen St\u00e4dten per Flugzeug verbunden. Der Flughafen der Insel Elba befindet sich in La Pila, etwa 25 km von der Unterkunft entfernt.<\/p><\/p><\/div>\n        \n\t\t\t\n        \t\t\t\t<\/div>\n\t\t\t\t<\/div>\n\t\t<div class=\"elementor-element elementor-element-a85abd4 e-con-full e-flex e-con e-child\" data-id=\"a85abd4\" data-element_type=\"container\" data-e-type=\"container\">\n\t\t\t\t<div class=\"elementor-element elementor-element-8175b44 elementor-widget elementor-widget-patara-button\" data-id=\"8175b44\" data-element_type=\"widget\" data-e-type=\"widget\" data-widget_type=\"patara-button.default\">\n\t\t\t\t<div class=\"elementor-widget-container\">\n\t\t\t\t\t\n\t\t<div class=\"float-center\">\n            <div class=\"sec-button butn-dark\"><a href=\"https:\/\/www.elbaisland-airport.it\/\" target=\"_blank\" rel=\"noopener noreferrer\"><span>Flughafen der Insel Elba<\/span><\/a><\/div>\t\t\n\t\t<\/div>\t\t\n\n        \t\t\t\t<\/div>\n\t\t\t\t<\/div>\n\t\t\t\t<\/div>\n\t\t\t\t<\/div>\n\t\t\t\t\t<\/div>\n\t\t\t\t<\/div>\n\t\t\t\t<\/div>\n\t\t","protected":false},"excerpt":{"rendered":"<p>Reiseinformationen Wie man die Insel Elba erreicht F\u00e4hren Wie man Elba erreicht Die Insel Elba ist \u00fcber den Hafen von Piombino Marittima erreichbar, von wo aus mehrere Reedereien komfortable F\u00e4hren mit t\u00e4glichen Verbindungen betreiben. In etwa einer Stunde \u00dcberfahrt werden die 10 Kilometer zur\u00fcckgelegt, die die Insel vom Festland trennen, mit Ankunft in den H\u00e4fen von Portoferraio (dem wichtigsten), Cavo<\/p>\n","protected":false},"author":2,"featured_media":0,"parent":0,"menu_order":0,"comment_status":"closed","ping_status":"closed","template":"","meta":{"footnotes":"","_links_to":"","_links_to_target":""},"class_list":["post-4577","page","type-page","status-publish","hentry"],"meta_box":[],"_links":{"self":[{"href":"https:\/\/www.hotelsantandrea.com\/de\/wp-json\/wp\/v2\/pages\/4577","targetHints":{"allow":["GET"]}}],"collection":[{"href":"https:\/\/www.hotelsantandrea.com\/de\/wp-json\/wp\/v2\/pages"}],"about":[{"href":"https:\/\/www.hotelsantandrea.com\/de\/wp-json\/wp\/v2\/types\/page"}],"author":[{"embeddable":true,"href":"https:\/\/www.hotelsantandrea.com\/de\/wp-json\/wp\/v2\/users\/2"}],"replies":[{"embeddable":true,"href":"https:\/\/www.hotelsantandrea.com\/de\/wp-json\/wp\/v2\/comments?post=4577"}],"version-history":[{"count":5,"href":"https:\/\/www.hotelsantandrea.com\/de\/wp-json\/wp\/v2\/pages\/4577\/revisions"}],"predecessor-version":[{"id":6051,"href":"https:\/\/www.hotelsantandrea.com\/de\/wp-json\/wp\/v2\/pages\/4577\/revisions\/6051"}],"wp:attachment":[{"href":"https:\/\/www.hotelsantandrea.com\/de\/wp-json\/wp\/v2\/media?parent=4577"}],"curies":[{"name":"wp","href":"https:\/\/api.w.org\/{rel}","templated":true}]}}