{"id":4426,"date":"2025-12-02T12:11:50","date_gmt":"2025-12-02T11:11:50","guid":{"rendered":"http:\/\/santandrea.youelba.com\/attivita-nella-natura\/"},"modified":"2026-03-06T10:58:37","modified_gmt":"2026-03-06T09:58:37","slug":"aktivitaeten-in-der-natur","status":"publish","type":"page","link":"https:\/\/www.hotelsantandrea.com\/de\/aktivitaeten-in-der-natur\/","title":{"rendered":"Aktivit\u00e4ten in der Natur"},"content":{"rendered":"\t\t<div data-elementor-type=\"wp-page\" data-elementor-id=\"4426\" class=\"elementor elementor-4426 elementor-3386\">\n\t\t\t\t<div class=\"elementor-element elementor-element-db5600b e-con-full e-flex e-con e-parent\" data-id=\"db5600b\" data-element_type=\"container\" data-e-type=\"container\" data-settings=\"{&quot;background_background&quot;:&quot;classic&quot;}\">\n\t\t\t\t<div class=\"elementor-element elementor-element-82539b8 elementor-widget elementor-widget-patara-banner-image\" data-id=\"82539b8\" data-element_type=\"widget\" data-e-type=\"widget\" data-widget_type=\"patara-banner-image.default\">\n\t\t\t\t<div class=\"elementor-widget-container\">\n\t\t\t\t\t\t\t\n\t<!-- Header Banner -->\n\t<header class=\"header\">\n\n\t\t\t\t<div class=\"banner-header full-height valign bg-img bg-fixed text-center\" data-overlay-dark=\"3\" data-background=\"https:\/\/www.hotelsantandrea.com\/wp-content\/uploads\/2025\/12\/monte-perone.jpg\">\n\t\t\t\t\t\t\t\t\t\t\t\t<div class=\"container\">\n\t\t\t\t\t<div class=\"row\">\n\t\t\t\t\t\t<div class=\"col-md-12 offset-0\">\n\t\t\t\t\t\t\t<div class=\"caption\">\n\n\t\t\t\t\t\t\t\t\t\t\t\t\t\t\t\t\n\t\t\t\t\t\t\t\t\n\t\t\t\t\t\t\t\t\t\t\t\t\t\t\t\t<h4 class=\"pt-slider-title1-class\">Aktivit\u00e4ten in der natur<\/h4>\n\t\t\t\t\t\t\t\t\t\t\t\t\t\t\t\t\t\t\t\t\t\t\t\t<h1 class=\"pt-slider-title2-class\">Wandern und Spazierg\u00e4nge<\/h1>\n\t\t\t\t\t\t\t\t\t\t\t\t\t\t\t\t\t\t\t\t\t\t\t<\/div>\t\t\t\t\t\t\n\t\t\t\t\t\t<\/div>\t\t\t\t\t\t\n\t\t\t\t\t<\/div>\n\t\t\t\t<\/div>\n\t\t\t\t\t\t\t\t<!-- button scroll -->\n\t\t\t\t<a href=\"#contact\" data-scroll-nav=\"1\" class=\"mouse smoothscroll\">\n\t\t\t\t\t<span class=\"mouse-icon\">\n\t\t\t\t\t\t<span class=\"mouse-wheel\"><\/span>\n\t\t\t\t\t<\/span>\n\t\t\t\t<\/a>\t\n\t\t\t\t\t\t\t\t\t\n\t\t\t\t\t\t\n        <\/div>\t\t\t\n\t<\/header>\t\t\n\t\t\t\n    \t\t\t\t<\/div>\n\t\t\t\t<\/div>\n\t\t\t\t<\/div>\n\t\t<div class=\"elementor-element elementor-element-899a3a2 e-flex e-con-boxed e-con e-parent\" data-id=\"899a3a2\" data-element_type=\"container\" data-e-type=\"container\" id=\"spa\" data-settings=\"{&quot;background_background&quot;:&quot;classic&quot;}\">\n\t\t\t\t\t<div class=\"e-con-inner\">\n\t\t<div class=\"elementor-element elementor-element-064a9ce e-con-full e-flex e-con e-child\" data-id=\"064a9ce\" data-element_type=\"container\" data-e-type=\"container\">\n\t\t\t\t<div class=\"elementor-element elementor-element-6e5a690 elementor-widget elementor-widget-patara-title\" data-id=\"6e5a690\" data-element_type=\"widget\" data-e-type=\"widget\" data-widget_type=\"patara-title.default\">\n\t\t\t\t<div class=\"elementor-widget-container\">\n\t\t\t\t\t\t\t\n\t\t\n\t\t\t\t\t\t\t\n\t\t\t<h4 class=\"section-title black text-left\">Naturerlebnisse<\/h4>\t\t\t\t\n\t\t\t<div class=\"section-text text-left black\"><p><p>Hotel Sant\u2019Andrea liegt am Rande des Nationalparks Toskanischer Archipel, in einer der authentischsten und naturbelassensten Gegenden der Insel Elba. Wir befinden uns auf der Seite der Insel, die das Hauptnetz an Wanderwegen bietet \u2013 ein echtes Paradies f\u00fcr alle, die gerne in der Natur unterwegs sind.<\/p><p>Nur wenige Kilometer vom Hotel entfernt erhebt sich der h\u00f6chste Gipfel der Insel, der Monte Capanne, mit 1019 Metern: ein spektakul\u00e4rer Aussichtspunkt, von dem aus man den gesamten Archipel \u00fcberblicken kann und an klaren Tagen sogar Korsika sieht.<\/p><p>Die Umgebung erm\u00f6glicht es Ihnen, die gesamte Vielfalt der typischen Flora und Fauna der mediterranen Macchia zu bewundern: D\u00fcfte von aromatischen Kr\u00e4utern, intensive Farben, Steineichenw\u00e4lder, Erdbeerb\u00e4ume, Ginster, kleine S\u00e4ugetiere und eine gro\u00dfe Vielfalt an V\u00f6geln machen jeden Spaziergang zu einem authentischen und erfrischenden Erlebnis.<\/p><p>Um Ihre Wanderungen noch eindrucksvoller und unvergesslicher zu gestalten, arbeiten wir mit einer erfahrenen Natur- und Wanderf\u00fchrerin zusammen, die Ihnen die faszinierendsten Ecken der Insel zeigt, die Geschichte der Orte erz\u00e4hlt und Sie sicher auf den sch\u00f6nsten Wegen begleitet.<\/p><p>Ein idealer Ort f\u00fcr Naturliebhaber, Trekking-Fans und alle, die einen aktiven Urlaub in der freien Natur genie\u00dfen m\u00f6chten.<\/p><\/p><\/div>\n        \n\t\t\t\n        \t\t\t\t<\/div>\n\t\t\t\t<\/div>\n\t\t\t\t<\/div>\n\t\t\t\t<div class=\"elementor-element elementor-element-b724c46 elementor-widget elementor-widget-spacer\" data-id=\"b724c46\" data-element_type=\"widget\" data-e-type=\"widget\" data-widget_type=\"spacer.default\">\n\t\t\t\t\t\t\t<div class=\"elementor-spacer\">\n\t\t\t<div class=\"elementor-spacer-inner\"><\/div>\n\t\t<\/div>\n\t\t\t\t\t\t<\/div>\n\t\t<div class=\"elementor-element elementor-element-a9a2619 e-con-full e-flex e-con e-child\" data-id=\"a9a2619\" data-element_type=\"container\" data-e-type=\"container\">\n\t\t<div class=\"elementor-element elementor-element-79db418 e-con-full e-flex e-con e-child\" data-id=\"79db418\" data-element_type=\"container\" data-e-type=\"container\">\n\t\t\t\t<div class=\"elementor-element elementor-element-9fc4574 elementor-widget elementor-widget-patara-image\" data-id=\"9fc4574\" data-element_type=\"widget\" data-e-type=\"widget\" data-widget_type=\"patara-image.default\">\n\t\t\t\t<div class=\"elementor-widget-container\">\n\t\t\t\t\t\t\t\n\t\t\t\t\n\n\t\t\t<div class=\"sec-img\">\n\t\t\t\t\t\t\t\t\t\n\t\t\t\t <img decoding=\"async\" src=\"https:\/\/www.hotelsantandrea.com\/wp-content\/uploads\/2025\/12\/monte-capanne.jpg\" class=\"img-fluid\" alt=\"Vista panoramica dal Monte Capanne con scorcio su Marciana Marina\"> \n\t\t\t\t\t\n\t\t\t<\/div>\t\t\t\t\t\n\n\t    \t\t\t\n\t\t\n\t\t\t\n        \t\t\t\t<\/div>\n\t\t\t\t<\/div>\n\t\t\t\t<\/div>\n\t\t<div class=\"elementor-element elementor-element-e45c0a8 e-con-full e-flex e-con e-child\" data-id=\"e45c0a8\" data-element_type=\"container\" data-e-type=\"container\">\n\t\t\t\t<div class=\"elementor-element elementor-element-1a2e633 elementor-widget elementor-widget-patara-image\" data-id=\"1a2e633\" data-element_type=\"widget\" data-e-type=\"widget\" data-widget_type=\"patara-image.default\">\n\t\t\t\t<div class=\"elementor-widget-container\">\n\t\t\t\t\t\t\t\n\t\t\t\t\n\n\t\t\t<div class=\"sec-img\">\n\t\t\t\t\t\t\t\t\t\n\t\t\t\t <img decoding=\"async\" src=\"https:\/\/www.hotelsantandrea.com\/wp-content\/uploads\/2025\/12\/trekking-madonna-del-monte-laquila-1711-12.jpg\" class=\"img-fluid\" alt=\"Trekking Madonna del Monte\"> \n\t\t\t\t\t\n\t\t\t<\/div>\t\t\t\t\t\n\n\t    \t\t\t\n\t\t\n\t\t\t\n        \t\t\t\t<\/div>\n\t\t\t\t<\/div>\n\t\t\t\t<\/div>\n\t\t\t\t<\/div>\n\t\t\t\t\t<\/div>\n\t\t\t\t<\/div>\n\t\t<div class=\"elementor-element elementor-element-63013db e-flex e-con-boxed e-con e-parent\" data-id=\"63013db\" data-element_type=\"container\" data-e-type=\"container\" data-settings=\"{&quot;background_background&quot;:&quot;classic&quot;}\">\n\t\t\t\t\t<div class=\"e-con-inner\">\n\t\t<div class=\"elementor-element elementor-element-7a90772 e-con-full e-flex e-con e-child\" data-id=\"7a90772\" data-element_type=\"container\" data-e-type=\"container\">\n\t\t\t\t<div class=\"elementor-element elementor-element-d0c9f39 elementor-widget elementor-widget-image\" data-id=\"d0c9f39\" data-element_type=\"widget\" data-e-type=\"widget\" data-widget_type=\"image.default\">\n\t\t\t\t\t\t\t\t\t\t\t\t\t\t\t<img fetchpriority=\"high\" decoding=\"async\" width=\"440\" height=\"471\" src=\"https:\/\/www.hotelsantandrea.com\/wp-content\/uploads\/2025\/12\/logo-ina-trekking.png\" class=\"attachment-full size-full wp-image-4427\" alt=\"Logo Esplora l&#039;Elba con Ina - Guida Ambientale Escursionistica\" srcset=\"https:\/\/www.hotelsantandrea.com\/wp-content\/uploads\/2025\/12\/logo-ina-trekking.png 440w, https:\/\/www.hotelsantandrea.com\/wp-content\/uploads\/2025\/12\/logo-ina-trekking-280x300.png 280w\" sizes=\"(max-width: 440px) 100vw, 440px\" \/>\t\t\t\t\t\t\t\t\t\t\t\t\t\t\t<\/div>\n\t\t\t\t<\/div>\n\t\t<div class=\"elementor-element elementor-element-9d0c706 e-con-full e-flex e-con e-child\" data-id=\"9d0c706\" data-element_type=\"container\" data-e-type=\"container\" data-settings=\"{&quot;background_background&quot;:&quot;classic&quot;}\">\n\t\t\t\t<div class=\"elementor-element elementor-element-8655862 elementor-widget elementor-widget-patara-title\" data-id=\"8655862\" data-element_type=\"widget\" data-e-type=\"widget\" data-widget_type=\"patara-title.default\">\n\t\t\t\t<div class=\"elementor-widget-container\">\n\t\t\t\t\t\t\t\n\t\t\n\t\t\t<h3 class=\"section-subtitle black text-left\">Ihre zertifizierte Natur- und Wanderf\u00fchrerin<\/h3>\t\t\t\t\n\t\t\t<h4 class=\"section-title black text-left\">Entdecke Elba mit Ina<\/h4>\t\t\t\t\n\t\t\t<div class=\"section-text text-left black\"><p><p>Kommen Sie mit mir und entdecken Sie die authentischste Seite der Insel Elba,<br \/>mit unber\u00fchrter Natur, jahrhundertealter Geschichte und atemberaubenden Panoramen.<\/p><p>Meine Wander- und E-Bike-Touren f\u00fchren Sie nicht nur zu unerwarteten und \u00fcberraschenden Orten der Insel, sondern bieten auch ein bereicherndes Erlebnis, bei dem die Sch\u00f6nheit der Landschaften auf die Tiefe der lokalen Geschichte trifft.<\/p><p>Am Ende jeder Tour erwartet Sie eine kleine \u00dcberraschung: ein Aperitif mit Aussicht oder ein lokales Erlebnis, um besondere Momente mit Ihren Liebsten zu genie\u00dfen.<\/p><p>Begleiten Sie mich, um die Essenz der Insel Elba, dem wertvollsten Juwel des Toskanischen Archipels, voll zu erleben.<\/p><\/p><\/div>\n        \n\t\t\t\n        \t\t\t\t<\/div>\n\t\t\t\t<\/div>\n\t\t\t\t<\/div>\n\t\t\t\t\t<\/div>\n\t\t\t\t<\/div>\n\t\t<div class=\"elementor-element elementor-element-72b2f99 e-flex e-con-boxed e-con e-parent\" data-id=\"72b2f99\" data-element_type=\"container\" data-e-type=\"container\" data-settings=\"{&quot;background_background&quot;:&quot;classic&quot;}\">\n\t\t\t\t\t<div class=\"e-con-inner\">\n\t\t<div class=\"elementor-element elementor-element-d0e7965 e-con-full e-flex e-con e-child\" data-id=\"d0e7965\" data-element_type=\"container\" data-e-type=\"container\">\n\t\t<div class=\"elementor-element elementor-element-242caeb e-con-full e-flex e-con e-child\" data-id=\"242caeb\" data-element_type=\"container\" data-e-type=\"container\">\n\t\t\t\t<div class=\"elementor-element elementor-element-d19fbd4 elementor-widget elementor-widget-patara-pricing-list\" data-id=\"d19fbd4\" data-element_type=\"widget\" data-e-type=\"widget\" data-widget_type=\"patara-pricing-list.default\">\n\t\t\t\t<div class=\"elementor-widget-container\">\n\t\t\t\t\t\n\t\t<div class=\"sec-pricing\">\t\t\n\t\t\t<div class=\"pricing w-100\">\n\t\t\t\t<div class=\"con text-center\"> \n\t\t\t\t\t<span class=\"price\">\n\t\t\t\t\t\t\t\t\t\t\t\t\t\t\t\t\t\t\t\t<sub>F\u00fcr Anf\u00e4nger<\/sub>\n\t\t\t\t\t\t\t\t\t\t<\/span>\n\t\t\t\t\t\t\t\t\t\t<span class=\"title d-block\">Natur f\u00fcr Alle<\/span>\n\t\t\t\t\t\t\t\t\t\t<ul class=\"pricing-text mb-30\">\n\t\t\t\t\t    \t \n\t\t\t\t\t\t\t\t\t\t\t\t\t\t<li>\n\t\t\t\t\t\t\t\t\t\t\t\t\t\t\t\t\t\t\t\t\t\t\t\t\t\t\n\t\t\t\t\t\t\t\t\n\t\t\t\t\t\t\tF\u00fcr diejenigen, die die Aussicht lieben, aber eine weniger anspruchsvolle, schnellere und f\u00fcr Gro\u00df und Klein geeignete Tour bevorzugen.\t\t\t\t\t\t\t<\/li>\n\t\t\t\t\t\t\t\t\t\t\t\t\t\t\t\t\t\t<\/ul>\n\t\t\t\t\t\t\n\t\t\t\t<\/div>\n\t\t\t<\/div>\t\t\n\t\t<\/div>\t\t\n\n        \t\t\t\t<\/div>\n\t\t\t\t<\/div>\n\t\t\t\t<\/div>\n\t\t<div class=\"elementor-element elementor-element-25adee5 e-con-full e-flex e-con e-child\" data-id=\"25adee5\" data-element_type=\"container\" data-e-type=\"container\">\n\t\t\t\t<div class=\"elementor-element elementor-element-caed94b elementor-widget elementor-widget-patara-pricing-list\" data-id=\"caed94b\" data-element_type=\"widget\" data-e-type=\"widget\" data-widget_type=\"patara-pricing-list.default\">\n\t\t\t\t<div class=\"elementor-widget-container\">\n\t\t\t\t\t\n\t\t<div class=\"sec-pricing\">\t\t\n\t\t\t<div class=\"pricing w-100\">\n\t\t\t\t<div class=\"con text-center\"> \n\t\t\t\t\t<span class=\"price\">\n\t\t\t\t\t\t\t\t\t\t\t\t\t\t\t\t\t\t\t\t<sub>Mittlerer Schwierigkeitsgrad<\/sub>\n\t\t\t\t\t\t\t\t\t\t<\/span>\n\t\t\t\t\t\t\t\t\t\t<span class=\"title d-block\">Entdecken und Bewundern<\/span>\n\t\t\t\t\t\t\t\t\t\t<ul class=\"pricing-text mb-30\">\n\t\t\t\t\t    \t \n\t\t\t\t\t\t\t\t\t\t\t\t\t\t<li>\n\t\t\t\t\t\t\t\t\t\t\t\t\t\t\t\t\t\t\t\t\t\t\t\t\t\t\n\t\t\t\t\t\t\t\t\n\t\t\t\t\t\t\tEtwas l\u00e4nger, gedacht f\u00fcr Liebhaber historischer und landschaftlich sch\u00f6ner Wanderungen mit mittlerer Kondition.\t\t\t\t\t\t\t<\/li>\n\t\t\t\t\t\t\t\t\t\t\t\t\t\t\t\t\t\t<\/ul>\n\t\t\t\t\t\t\n\t\t\t\t<\/div>\n\t\t\t<\/div>\t\t\n\t\t<\/div>\t\t\n\n        \t\t\t\t<\/div>\n\t\t\t\t<\/div>\n\t\t\t\t<\/div>\n\t\t<div class=\"elementor-element elementor-element-589a895 e-con-full e-flex e-con e-child\" data-id=\"589a895\" data-element_type=\"container\" data-e-type=\"container\">\n\t\t\t\t<div class=\"elementor-element elementor-element-698af54 elementor-widget elementor-widget-patara-pricing-list\" data-id=\"698af54\" data-element_type=\"widget\" data-e-type=\"widget\" data-widget_type=\"patara-pricing-list.default\">\n\t\t\t\t<div class=\"elementor-widget-container\">\n\t\t\t\t\t\n\t\t<div class=\"sec-pricing\">\t\t\n\t\t\t<div class=\"pricing w-100\">\n\t\t\t\t<div class=\"con text-center\"> \n\t\t\t\t\t<span class=\"price\">\n\t\t\t\t\t\t\t\t\t\t\t\t\t\t\t\t\t\t\t\t<sub>Fortgeschrittene und abenteuerliche Route<\/sub>\n\t\t\t\t\t\t\t\t\t\t<\/span>\n\t\t\t\t\t\t\t\t\t\t<span class=\"title d-block\">Abenteuer f\u00fcr Experten<\/span>\n\t\t\t\t\t\t\t\t\t\t<ul class=\"pricing-text mb-30\">\n\t\t\t\t\t    \t \n\t\t\t\t\t\t\t\t\t\t\t\t\t\t<li>\n\t\t\t\t\t\t\t\t\t\t\t\t\t\t\t\t\t\t\t\t\t\t\t\t\t\t\n\t\t\t\t\t\t\t\t\n\t\t\t\t\t\t\tF\u00fcr die leidenschaftlichsten Wanderer, Experten und Liebhaber wahrer Erkundung, anspruchsvoll sowohl in Bezug auf H\u00f6henunterschiede als auch auf Distanz und Dauer.\t\t\t\t\t\t\t<\/li>\n\t\t\t\t\t\t\t\t\t\t\t\t\t\t\t\t\t\t<\/ul>\n\t\t\t\t\t\t\n\t\t\t\t<\/div>\n\t\t\t<\/div>\t\t\n\t\t<\/div>\t\t\n\n        \t\t\t\t<\/div>\n\t\t\t\t<\/div>\n\t\t\t\t<\/div>\n\t\t\t\t<\/div>\n\t\t\t\t\t<\/div>\n\t\t\t\t<\/div>\n\t\t\t\t<\/div>\n\t\t","protected":false},"excerpt":{"rendered":"<p>Aktivit\u00e4ten in der natur Wandern und Spazierg\u00e4nge Naturerlebnisse Hotel Sant\u2019Andrea liegt am Rande des Nationalparks Toskanischer Archipel, in einer der authentischsten und naturbelassensten Gegenden der Insel Elba. Wir befinden uns auf der Seite der Insel, die das Hauptnetz an Wanderwegen bietet \u2013 ein echtes Paradies f\u00fcr alle, die gerne in der Natur unterwegs sind. Nur wenige Kilometer vom Hotel entfernt<\/p>\n","protected":false},"author":2,"featured_media":0,"parent":0,"menu_order":0,"comment_status":"closed","ping_status":"closed","template":"","meta":{"footnotes":"","_links_to":"","_links_to_target":""},"class_list":["post-4426","page","type-page","status-publish","hentry"],"meta_box":[],"_links":{"self":[{"href":"https:\/\/www.hotelsantandrea.com\/de\/wp-json\/wp\/v2\/pages\/4426","targetHints":{"allow":["GET"]}}],"collection":[{"href":"https:\/\/www.hotelsantandrea.com\/de\/wp-json\/wp\/v2\/pages"}],"about":[{"href":"https:\/\/www.hotelsantandrea.com\/de\/wp-json\/wp\/v2\/types\/page"}],"author":[{"embeddable":true,"href":"https:\/\/www.hotelsantandrea.com\/de\/wp-json\/wp\/v2\/users\/2"}],"replies":[{"embeddable":true,"href":"https:\/\/www.hotelsantandrea.com\/de\/wp-json\/wp\/v2\/comments?post=4426"}],"version-history":[{"count":5,"href":"https:\/\/www.hotelsantandrea.com\/de\/wp-json\/wp\/v2\/pages\/4426\/revisions"}],"predecessor-version":[{"id":6115,"href":"https:\/\/www.hotelsantandrea.com\/de\/wp-json\/wp\/v2\/pages\/4426\/revisions\/6115"}],"wp:attachment":[{"href":"https:\/\/www.hotelsantandrea.com\/de\/wp-json\/wp\/v2\/media?parent=4426"}],"curies":[{"name":"wp","href":"https:\/\/api.w.org\/{rel}","templated":true}]}}